{"id":382,"date":"2026-03-23T09:46:29","date_gmt":"2026-03-23T12:46:29","guid":{"rendered":"https:\/\/eventos.ifg.edu.br\/jifgoias\/?page_id=382"},"modified":"2026-03-23T10:02:52","modified_gmt":"2026-03-23T13:02:52","slug":"edicao2024","status":"publish","type":"page","link":"https:\/\/eventos.ifg.edu.br\/jifgoias\/edicao2024\/","title":{"rendered":"JIF Goi\u00e1s 2024"},"content":{"rendered":"\n<h4 class=\"wp-block-heading has-text-align-center\">Etapa 1 &#8211; C\u00e2mpus Inhumas &#8211; de 15 a 17 de outubro de 2024<\/h4>\n\n\n\n<h4 class=\"wp-block-heading has-text-align-center\">Etapa 2 &#8211; C\u00e2mpus An\u00e1polis &#8211; de 28 a 30 de janeiro de 2025<\/h4>\n\n\n\n<div style=\"height:24px\" aria-hidden=\"true\" class=\"wp-block-spacer\"><\/div>\n\n\n\n<p>A 10\u00aa edi\u00e7\u00e3o do JIF Goi\u00e1s foi realizada em duas etapas, sendo a Etapa 1 no C\u00e2mpus Inhumas do IFG (outubro de 2024) e a Etapa 2 no C\u00e2mpus An\u00e1polis do IFG (janeiro de 2025).\u00a0<\/p>\n\n\n\n<hr class=\"wp-block-separator has-alpha-channel-opacity\"\/>\n\n\n\n<h3 class=\"wp-block-heading\">Modalidades do JIF Goi\u00e1s 2024<\/h3>\n\n\n\n<p>As disputas da segunda etapa dos jogos foram realizadas nas modalidades futsal, handebol, t\u00eanis de mesa e xadrez, nas categorias masculino e feminino.<\/p>\n\n\n\n<p><strong>JIF Goi\u00e1s 2024<\/strong><\/p>\n\n\n\n<figure class=\"wp-block-image size-full is-resized\"><img fetchpriority=\"high\" decoding=\"async\" width=\"1000\" height=\"500\" src=\"http:\/\/eventos.ifg.edu.br\/jifgoias\/wp-content\/uploads\/sites\/95\/2026\/03\/modalidades2024.jpg\" alt=\"\" class=\"wp-image-384\" style=\"width:750px;height:auto\" srcset=\"https:\/\/eventos.ifg.edu.br\/jifgoias\/wp-content\/uploads\/sites\/95\/2026\/03\/modalidades2024.jpg 1000w, https:\/\/eventos.ifg.edu.br\/jifgoias\/wp-content\/uploads\/sites\/95\/2026\/03\/modalidades2024-300x150.jpg 300w, https:\/\/eventos.ifg.edu.br\/jifgoias\/wp-content\/uploads\/sites\/95\/2026\/03\/modalidades2024-768x384.jpg 768w\" sizes=\"(max-width: 1000px) 100vw, 1000px\" \/><\/figure>\n\n\n\n<p><strong>As modalidades do JIF Goi\u00e1s 2024 foram:\u00a0<\/strong><\/p>\n\n\n\n<ul class=\"wp-block-list\">\n<li><strong>Voleibol masculino<\/strong>: Goi\u00e2nia, Senador Canedo, Itumbiara, Luzi\u00e2nia, Urua\u00e7u, Aparecida, Goi\u00e2nia Oeste, \u00c1guas Lindas, Valpara\u00edso, An\u00e1polis, Inhumas e Formosa.<\/li>\n\n\n\n<li><strong>Voleibol feminino:&nbsp;<\/strong>Goi\u00e2nia Oeste, Urua\u00e7u, Senador Canedo, Goi\u00e2nia, Valpara\u00edso, Luzi\u00e2nia, An\u00e1polis, Itumbiara, Goi\u00e1s, Aparecida, Inhumas e Formosa.<\/li>\n\n\n\n<li><strong>V\u00f4lei de praia masculino:<\/strong>&nbsp;Itumbiara, Goi\u00e2nia Oeste, \u00c1guas Lindas, Jata\u00ed, Urua\u00e7u, Inhumas, Senador Canedo e Luzi\u00e2nia.&nbsp;<\/li>\n\n\n\n<li><strong>V\u00f4lei de praia feminino:&nbsp;<\/strong>Urua\u00e7u, Itumbiara, \u00c1guas Lindas, Goi\u00e2nia Oeste, Jata\u00ed, Inhumas, Senador Canedo e Luzi\u00e2nia.&nbsp;<\/li>\n\n\n\n<li><strong>Basquete masculino:&nbsp;<\/strong>Goi\u00e2nia, Jata\u00ed, Inhumas e Goi\u00e1s.<\/li>\n\n\n\n<li><strong>Basquete feminino:&nbsp;<\/strong>Inhumas e Goi\u00e1s.<\/li>\n\n\n\n<li><strong>Atletismo:&nbsp;<\/strong>\u00c1guas Lindas,&nbsp;Inhumas, Goi\u00e2nia Oeste,&nbsp;Jata\u00ed,&nbsp;Itumbiara,&nbsp;Luzi\u00e2nia,&nbsp;Senador Canedo e&nbsp;Valpara\u00edso.<\/li>\n<\/ul>\n\n\n\n<div style=\"height:22px\" aria-hidden=\"true\" class=\"wp-block-spacer\"><\/div>\n\n\n\n<h3 class=\"wp-block-heading\">Programa\u00e7\u00e3o (Tabela de jogos)<\/h3>\n\n\n\n<figure class=\"wp-block-image size-large\"><img decoding=\"async\" width=\"1024\" height=\"639\" src=\"https:\/\/eventos.ifg.edu.br\/jifgoias\/wp-content\/uploads\/sites\/95\/2026\/03\/jif2024-etapa1-inhumas-1024x639.jpg\" alt=\"\" class=\"wp-image-385\" srcset=\"https:\/\/eventos.ifg.edu.br\/jifgoias\/wp-content\/uploads\/sites\/95\/2026\/03\/jif2024-etapa1-inhumas-1024x639.jpg 1024w, https:\/\/eventos.ifg.edu.br\/jifgoias\/wp-content\/uploads\/sites\/95\/2026\/03\/jif2024-etapa1-inhumas-300x187.jpg 300w, https:\/\/eventos.ifg.edu.br\/jifgoias\/wp-content\/uploads\/sites\/95\/2026\/03\/jif2024-etapa1-inhumas-768x479.jpg 768w, https:\/\/eventos.ifg.edu.br\/jifgoias\/wp-content\/uploads\/sites\/95\/2026\/03\/jif2024-etapa1-inhumas-1536x958.jpg 1536w, https:\/\/eventos.ifg.edu.br\/jifgoias\/wp-content\/uploads\/sites\/95\/2026\/03\/jif2024-etapa1-inhumas-2048x1277.jpg 2048w, https:\/\/eventos.ifg.edu.br\/jifgoias\/wp-content\/uploads\/sites\/95\/2026\/03\/jif2024-etapa1-inhumas-1920x1197.jpg 1920w\" sizes=\"(max-width: 1024px) 100vw, 1024px\" \/><\/figure>\n\n\n\n<p>Confira a programa\u00e7\u00e3o geral com as datas, hor\u00e1rios e c\u00e2mpus a competir nas\u00a0modalidades coletivas e as provas do atletismo.<\/p>\n\n\n\n<hr class=\"wp-block-separator has-alpha-channel-opacity\"\/>\n\n\n\n<h4 class=\"wp-block-heading\">Etapa 1:<\/h4>\n\n\n\n<p><strong><a href=\"https:\/\/www.ifg.edu.br\/attachments\/article\/159\/JIFGo2024-prog-etapa1-final.pdf\">Programa\u00e7\u00e3o &#8211; Tabela de jogos da Etapa 1<\/a><\/strong><\/p>\n\n\n\n<div style=\"height:44px\" aria-hidden=\"true\" class=\"wp-block-spacer\"><\/div>\n\n\n\n<h4 class=\"wp-block-heading\">Etapa 2:<\/h4>\n\n\n\n<p><strong><a href=\"https:\/\/www.ifg.edu.br\/attachments\/article\/159\/JIFGo2024-prog-etapa2-final.pdf\">Programa\u00e7\u00e3o &#8211; Tabela de jogos da Etapa 2<\/a><\/strong><\/p>\n\n\n\n<p><\/p>\n\n\n\n<div style=\"height:51px\" aria-hidden=\"true\" class=\"wp-block-spacer\"><\/div>\n\n\n\n<h3 class=\"wp-block-heading\">Boletins e Circulares<\/h3>\n\n\n\n<h4 class=\"wp-block-heading has-text-align-center\">Etapa 1:<\/h4>\n\n\n\n<p><strong>C<\/strong><strong>onfira os boletins t\u00e9cnicos e as circulares emitidas pela Comiss\u00e3o T\u00e9cnica:<\/strong><\/p>\n\n\n\n<p><a href=\"https:\/\/www.ifg.edu.br\/attachments\/article\/159\/BOLETIM%201%20-%20JIF%201%20ETAPA%202024.pdf\">Boletim T\u00e9cnico n\u00ba 01<\/a><\/p>\n\n\n\n<p><a href=\"https:\/\/www.ifg.edu.br\/attachments\/article\/159\/1%20Circular%20Jif%202024%2016%2010%20OK.pdf\">Circular n\u00ba 01 &#8211; 16\/10\/2024<\/a><\/p>\n\n\n\n<p><a href=\"https:\/\/www.ifg.edu.br\/attachments\/article\/159\/BOLETIM%202%201%20ETAPA%20JIF%2016%2010%202024.pdf\">Boletim T\u00e9cnico n\u00ba 02<\/a>&nbsp;<\/p>\n\n\n\n<p><a href=\"https:\/\/www.ifg.edu.br\/attachments\/article\/159\/Boletim%2003%20-%20Atletismo_17_10_24.pdf\">Boletim T\u00e9cnico n\u00ba 03&nbsp;&#8211; Atletismo<\/a><\/p>\n\n\n\n<p><a href=\"https:\/\/www.ifg.edu.br\/attachments\/article\/159\/Boletim%2004%20-%20JIF%201%20etapa%202024%20FINAL.pdf\">Boletim T\u00e9cnico n\u00ba 04 &#8211; Final<\/a><\/p>\n\n\n\n<h4 class=\"wp-block-heading has-text-align-center\">Etapa 2:<\/h4>\n\n\n\n<p><strong>Confira os boletins t\u00e9cnicos e as circulares emitidas pela Comiss\u00e3o T\u00e9cnica:<\/strong><\/p>\n\n\n\n<p><a href=\"https:\/\/www.ifg.edu.br\/attachments\/article\/159\/Boletim01.pdf\">Boletim T\u00e9cnico n\u00ba 01<\/a><\/p>\n\n\n\n<p><a href=\"https:\/\/www.ifg.edu.br\/attachments\/article\/159\/boletim02etapa2.pdf\">Boletim T\u00e9cnico n\u00ba 02<\/a><\/p>\n\n\n\n<p><a href=\"https:\/\/www.ifg.edu.br\/attachments\/article\/159\/boletim3etapa2.pdf\">Boletim T\u00e9cnico n\u00ba 03<\/a><\/p>\n\n\n\n<p><a href=\"https:\/\/www.ifg.edu.br\/attachments\/article\/159\/boletim04etapa2.pdf\">Boletim T\u00e9cnico n\u00ba 04<\/a><\/p>\n\n\n\n<p><a href=\"https:\/\/www.ifg.edu.br\/attachments\/article\/159\/boletim5etapa2-JIFGo2024-retificado.pdf\">Boletim T\u00e9cnico n\u00ba 05<\/a><\/p>\n\n\n\n<p><\/p>\n\n\n\n<div style=\"height:34px\" aria-hidden=\"true\" class=\"wp-block-spacer\"><\/div>\n\n\n\n<figure class=\"wp-block-image size-large\"><img decoding=\"async\" width=\"1024\" height=\"327\" src=\"http:\/\/eventos.ifg.edu.br\/jifgoias\/wp-content\/uploads\/sites\/95\/2026\/03\/JIF-GO-2024-banner-web-split2-1-1024x327.jpg\" alt=\"\" class=\"wp-image-386\" srcset=\"https:\/\/eventos.ifg.edu.br\/jifgoias\/wp-content\/uploads\/sites\/95\/2026\/03\/JIF-GO-2024-banner-web-split2-1-1024x327.jpg 1024w, https:\/\/eventos.ifg.edu.br\/jifgoias\/wp-content\/uploads\/sites\/95\/2026\/03\/JIF-GO-2024-banner-web-split2-1-300x96.jpg 300w, https:\/\/eventos.ifg.edu.br\/jifgoias\/wp-content\/uploads\/sites\/95\/2026\/03\/JIF-GO-2024-banner-web-split2-1-768x245.jpg 768w, https:\/\/eventos.ifg.edu.br\/jifgoias\/wp-content\/uploads\/sites\/95\/2026\/03\/JIF-GO-2024-banner-web-split2-1.jpg 1500w\" sizes=\"(max-width: 1024px) 100vw, 1024px\" \/><\/figure>\n\n\n\n<p><strong>\u00c1lbum de fotos do JIF Goi\u00e1s 2024<\/strong><\/p>\n\n\n\n<p><strong>Etapa 1:&nbsp;<a href=\"https:\/\/www.facebook.com\/media\/set\/?set=a.941409271358857\">https:\/\/www.facebook.com\/media\/set\/?set=a.941409271358857<\/a><\/strong><\/p>\n\n\n\n<p><strong>Etapa 2:&nbsp;<a href=\"https:\/\/www.facebook.com\/media\/set\/?set=a.1017336133766170\">https:\/\/www.facebook.com\/media\/set\/?set=a.1017336133766170<\/a><\/strong><\/p>\n\n\n\n<p><strong>Fotografias:&nbsp;<a href=\"https:\/\/www.instagram.com\/ifg_oficial\/\">https:\/\/www.instagram.com\/ifg_oficial\/<\/a>&nbsp;e&nbsp;<a href=\"https:\/\/www.facebook.com\/IFG.oficial\/\">https:\/\/www.facebook.com\/IFG.oficial\/<\/a>&nbsp;<\/strong><\/p>\n\n\n\n<p><strong>V\u00eddeos:<\/strong>&nbsp;<a href=\"https:\/\/www.youtube.com\/@ifgoficial\">https:\/\/www.youtube.com\/@ifgoficial<\/a>&nbsp;<\/p>\n\n\n\n<p><\/p>\n","protected":false},"excerpt":{"rendered":"<p>Etapa 1 &#8211; C\u00e2mpus Inhumas &#8211; de 15 a 17 de outubro de 2024 Etapa 2 &#8211; C\u00e2mpus An\u00e1polis &#8211; de 28 a 30 de janeiro de 2025 A 10\u00aa edi\u00e7\u00e3o do JIF Goi\u00e1s foi realizada em duas etapas, sendo a Etapa 1 no C\u00e2mpus Inhumas do IFG (outubro de 2024) e a Etapa 2 [&hellip;]<\/p>\n","protected":false},"author":134,"featured_media":383,"parent":0,"menu_order":0,"comment_status":"closed","ping_status":"closed","template":"","meta":{"ngg_post_thumbnail":0,"footnotes":""},"class_list":["post-382","page","type-page","status-publish","has-post-thumbnail","hentry"],"_links":{"self":[{"href":"https:\/\/eventos.ifg.edu.br\/jifgoias\/wp-json\/wp\/v2\/pages\/382"}],"collection":[{"href":"https:\/\/eventos.ifg.edu.br\/jifgoias\/wp-json\/wp\/v2\/pages"}],"about":[{"href":"https:\/\/eventos.ifg.edu.br\/jifgoias\/wp-json\/wp\/v2\/types\/page"}],"author":[{"embeddable":true,"href":"https:\/\/eventos.ifg.edu.br\/jifgoias\/wp-json\/wp\/v2\/users\/134"}],"replies":[{"embeddable":true,"href":"https:\/\/eventos.ifg.edu.br\/jifgoias\/wp-json\/wp\/v2\/comments?post=382"}],"version-history":[{"count":9,"href":"https:\/\/eventos.ifg.edu.br\/jifgoias\/wp-json\/wp\/v2\/pages\/382\/revisions"}],"predecessor-version":[{"id":399,"href":"https:\/\/eventos.ifg.edu.br\/jifgoias\/wp-json\/wp\/v2\/pages\/382\/revisions\/399"}],"wp:featuredmedia":[{"embeddable":true,"href":"https:\/\/eventos.ifg.edu.br\/jifgoias\/wp-json\/wp\/v2\/media\/383"}],"wp:attachment":[{"href":"https:\/\/eventos.ifg.edu.br\/jifgoias\/wp-json\/wp\/v2\/media?parent=382"}],"curies":[{"name":"wp","href":"https:\/\/api.w.org\/{rel}","templated":true}]}}