{"id":58,"date":"2023-11-08T11:16:02","date_gmt":"2023-11-08T14:16:02","guid":{"rendered":"http:\/\/eventos.ifg.edu.br\/jedi\/?page_id=58"},"modified":"2023-11-08T11:19:02","modified_gmt":"2023-11-08T14:19:02","slug":"paineis","status":"publish","type":"page","link":"https:\/\/eventos.ifg.edu.br\/jedi\/paineis\/","title":{"rendered":"Pain\u00e9is"},"content":{"rendered":"<h3>Painel de Seguran\u00e7a da Informa\u00e7\u00e3o<\/h3>\n<p><a href=\"https:\/\/eventos.ifg.edu.br\/jedi\/paineis\/painel-seguranca-da-informacao\/\">Clique para abrir<\/a><\/p>\n","protected":false},"excerpt":{"rendered":"<p>Painel de Seguran\u00e7a da Informa\u00e7\u00e3o Clique para abrir<\/p>\n","protected":false},"author":209,"featured_media":0,"parent":0,"menu_order":0,"comment_status":"closed","ping_status":"closed","template":"","meta":{"footnotes":""},"class_list":["post-58","page","type-page","status-publish","hentry"],"_links":{"self":[{"href":"https:\/\/eventos.ifg.edu.br\/jedi\/wp-json\/wp\/v2\/pages\/58"}],"collection":[{"href":"https:\/\/eventos.ifg.edu.br\/jedi\/wp-json\/wp\/v2\/pages"}],"about":[{"href":"https:\/\/eventos.ifg.edu.br\/jedi\/wp-json\/wp\/v2\/types\/page"}],"author":[{"embeddable":true,"href":"https:\/\/eventos.ifg.edu.br\/jedi\/wp-json\/wp\/v2\/users\/209"}],"replies":[{"embeddable":true,"href":"https:\/\/eventos.ifg.edu.br\/jedi\/wp-json\/wp\/v2\/comments?post=58"}],"version-history":[{"count":4,"href":"https:\/\/eventos.ifg.edu.br\/jedi\/wp-json\/wp\/v2\/pages\/58\/revisions"}],"predecessor-version":[{"id":64,"href":"https:\/\/eventos.ifg.edu.br\/jedi\/wp-json\/wp\/v2\/pages\/58\/revisions\/64"}],"wp:attachment":[{"href":"https:\/\/eventos.ifg.edu.br\/jedi\/wp-json\/wp\/v2\/media?parent=58"}],"curies":[{"name":"wp","href":"https:\/\/api.w.org\/{rel}","templated":true}]}}