{"id":2,"date":"2023-10-25T12:56:15","date_gmt":"2023-10-25T15:56:15","guid":{"rendered":"http:\/\/eventos.ifg.edu.br\/jedi\/?page_id=2"},"modified":"2023-11-07T11:21:36","modified_gmt":"2023-11-07T14:21:36","slug":"jedi2023","status":"publish","type":"page","link":"https:\/\/eventos.ifg.edu.br\/jedi\/","title":{"rendered":"I JEDI &#8211; 2023"},"content":{"rendered":"<p>I JEDI &#8211; 2023<\/p>\n<hr \/>\n<div style=\"width: 750px;\" class=\"wp-video\"><!--[if lt IE 9]><script>document.createElement('video');<\/script><![endif]-->\n<video class=\"wp-video-shortcode\" id=\"video-2-1\" width=\"750\" height=\"422\" preload=\"metadata\" controls=\"controls\"><source type=\"video\/mp4\" src=\"http:\/\/eventos.ifg.edu.br\/jedi\/wp-content\/uploads\/sites\/84\/2023\/10\/Avatar-1.mp4?_=1\" \/><a href=\"http:\/\/eventos.ifg.edu.br\/jedi\/wp-content\/uploads\/sites\/84\/2023\/10\/Avatar-1.mp4\">http:\/\/eventos.ifg.edu.br\/jedi\/wp-content\/uploads\/sites\/84\/2023\/10\/Avatar-1.mp4<\/a><\/video><\/div>\n<p>Aguarde link para inscri\u00e7\u00e3o<\/p>\n<p>Aguarde link para a programa\u00e7\u00e3o<\/p>\n","protected":false},"excerpt":{"rendered":"<p>I JEDI &#8211; 2023 Aguarde link para inscri\u00e7\u00e3o Aguarde link para a programa\u00e7\u00e3o<\/p>\n","protected":false},"author":209,"featured_media":0,"parent":0,"menu_order":0,"comment_status":"closed","ping_status":"open","template":"","meta":{"footnotes":""},"class_list":["post-2","page","type-page","status-publish","hentry"],"_links":{"self":[{"href":"https:\/\/eventos.ifg.edu.br\/jedi\/wp-json\/wp\/v2\/pages\/2"}],"collection":[{"href":"https:\/\/eventos.ifg.edu.br\/jedi\/wp-json\/wp\/v2\/pages"}],"about":[{"href":"https:\/\/eventos.ifg.edu.br\/jedi\/wp-json\/wp\/v2\/types\/page"}],"author":[{"embeddable":true,"href":"https:\/\/eventos.ifg.edu.br\/jedi\/wp-json\/wp\/v2\/users\/209"}],"replies":[{"embeddable":true,"href":"https:\/\/eventos.ifg.edu.br\/jedi\/wp-json\/wp\/v2\/comments?post=2"}],"version-history":[{"count":6,"href":"https:\/\/eventos.ifg.edu.br\/jedi\/wp-json\/wp\/v2\/pages\/2\/revisions"}],"predecessor-version":[{"id":56,"href":"https:\/\/eventos.ifg.edu.br\/jedi\/wp-json\/wp\/v2\/pages\/2\/revisions\/56"}],"wp:attachment":[{"href":"https:\/\/eventos.ifg.edu.br\/jedi\/wp-json\/wp\/v2\/media?parent=2"}],"curies":[{"name":"wp","href":"https:\/\/api.w.org\/{rel}","templated":true}]}}