{"id":73,"date":"2018-10-16T18:14:59","date_gmt":"2018-10-16T21:14:59","guid":{"rendered":"http:\/\/eventos.ifg.edu.br\/iv-seminario-nupefil\/?page_id=73"},"modified":"2018-10-16T18:15:11","modified_gmt":"2018-10-16T21:15:11","slug":"comissao-organizadora","status":"publish","type":"page","link":"https:\/\/eventos.ifg.edu.br\/iv-seminario-nupefil\/comissao-organizadora\/","title":{"rendered":"COMISS\u00c3O ORGANIZADORA"},"content":{"rendered":"<h5 style=\"text-align: center\"><span style=\"color: #993300\"><strong>COMISS\u00c3O ORGANIZADORA<\/strong><\/span><\/h5>\n<p>Prof. Diego A. Moraes Carvalho \u2013 IFG \u2013 C\u00e2mpus Goi\u00e2nia<\/p>\n<p>Profa. Marisa Alves Vento \u2013 IFG \u2013 C\u00e2mpus Aparecida de Goi\u00e2nia<\/p>\n<p>Profa. Patr\u00edcia de Oliveira Machado\u00a0 \u2013 IFG \u2013 C\u00e2mpus Luzi\u00e2nia<\/p>\n<p>Prof. Sandro Henrique Ribeiro \u2013 IFG \u2013 C\u00e2mpus Aparecida de Goi\u00e2nia<\/p>\n<p style=\"text-align: center\"><img fetchpriority=\"high\" decoding=\"async\" class=\"size-full wp-image-18 aligncenter\" src=\"http:\/\/eventos.ifg.edu.br\/iv-seminario-nupefil\/wp-content\/uploads\/sites\/45\/2018\/10\/cabe\u00e7alho-1395x230.png\" alt=\"cabe\u00e7alho 1395x230\" width=\"1395\" height=\"230\" \/><\/p>\n","protected":false},"excerpt":{"rendered":"<p>COMISS\u00c3O ORGANIZADORA Prof. Diego A. Moraes Carvalho \u2013 IFG \u2013 C\u00e2mpus Goi\u00e2nia Profa. Marisa Alves Vento \u2013 IFG \u2013 C\u00e2mpus Aparecida de Goi\u00e2nia Profa. Patr\u00edcia de Oliveira Machado\u00a0 \u2013 IFG \u2013 C\u00e2mpus Luzi\u00e2nia Prof. Sandro Henrique Ribeiro \u2013 IFG \u2013 C\u00e2mpus Aparecida de Goi\u00e2nia<\/p>\n","protected":false},"author":55,"featured_media":0,"parent":0,"menu_order":0,"comment_status":"closed","ping_status":"closed","template":"","meta":{"footnotes":""},"class_list":["post-73","page","type-page","status-publish","hentry"],"_links":{"self":[{"href":"https:\/\/eventos.ifg.edu.br\/iv-seminario-nupefil\/wp-json\/wp\/v2\/pages\/73"}],"collection":[{"href":"https:\/\/eventos.ifg.edu.br\/iv-seminario-nupefil\/wp-json\/wp\/v2\/pages"}],"about":[{"href":"https:\/\/eventos.ifg.edu.br\/iv-seminario-nupefil\/wp-json\/wp\/v2\/types\/page"}],"author":[{"embeddable":true,"href":"https:\/\/eventos.ifg.edu.br\/iv-seminario-nupefil\/wp-json\/wp\/v2\/users\/55"}],"replies":[{"embeddable":true,"href":"https:\/\/eventos.ifg.edu.br\/iv-seminario-nupefil\/wp-json\/wp\/v2\/comments?post=73"}],"version-history":[{"count":1,"href":"https:\/\/eventos.ifg.edu.br\/iv-seminario-nupefil\/wp-json\/wp\/v2\/pages\/73\/revisions"}],"predecessor-version":[{"id":74,"href":"https:\/\/eventos.ifg.edu.br\/iv-seminario-nupefil\/wp-json\/wp\/v2\/pages\/73\/revisions\/74"}],"wp:attachment":[{"href":"https:\/\/eventos.ifg.edu.br\/iv-seminario-nupefil\/wp-json\/wp\/v2\/media?parent=73"}],"curies":[{"name":"wp","href":"https:\/\/api.w.org\/{rel}","templated":true}]}}