{"id":67,"date":"2018-10-16T18:06:53","date_gmt":"2018-10-16T21:06:53","guid":{"rendered":"http:\/\/eventos.ifg.edu.br\/iv-seminario-nupefil\/?page_id=67"},"modified":"2018-11-01T08:59:29","modified_gmt":"2018-11-01T11:59:29","slug":"sessoes-de-comunicacao","status":"publish","type":"page","link":"https:\/\/eventos.ifg.edu.br\/iv-seminario-nupefil\/sessoes-de-comunicacao\/","title":{"rendered":"SESS\u00d5ES DE COMUNICA\u00c7\u00c3O"},"content":{"rendered":"<h4 class=\"m-6025054587057595936s18\" style=\"margin: 0cm 0cm 0.0001pt;text-indent: 26.25pt;background: white;text-align: center\"><span style=\"color: #993300\">Orienta\u00e7\u00f5es gerais:<\/span><\/h4>\n<p class=\"m-6025054587057595936s18\" style=\"margin: 0cm 0cm 0.0001pt;text-indent: 26.25pt;background: white;text-align: justify\"><span class=\"m-6025054587057595936bumpedfont15\"><span style=\"font-size: 13.5pt;color: #222222\">As inscri\u00e7\u00f5es\u00a0para o envio dos resumos encerraram-se em\u00a021\/10\/18.<span style=\"color: #000000\">\u00a0<\/span><\/span><\/span><\/p>\n<p class=\"m-6025054587057595936s18\" style=\"margin: 0cm 0cm 0.0001pt;text-indent: 26.25pt;background: white;text-align: justify\"><span class=\"m-6025054587057595936bumpedfont15\" style=\"color: #000000\"><span style=\"font-size: 13.5pt\">O<\/span><\/span><span class=\"m-6025054587057595936bumpedfont15\"><span style=\"font-size: 13.5pt;color: #222222\"><span style=\"color: #000000\">\u00a0tem<\/span>po destinado \u00e0 apresenta\u00e7\u00e3o\/comunica\u00e7\u00e3o de cada trabalho cient\u00edfico ser\u00e1 de trinta minutos (30 min), sendo\u00a0vinte minutos (20 min)\u00a0para exposi\u00e7\u00e3o e\u00a0dez minutos (10 min)\u00a0para debate.<\/span><\/span><\/p>\n<p class=\"m-6025054587057595936s18\" style=\"margin: 0cm 0cm 0.0001pt;text-indent: 26.25pt;background: white;text-align: justify\"><strong>Em todos os espa\u00e7os destinados \u00e0s comunica\u00e7\u00f5es ser\u00e3o disponibilizados projetor multim\u00eddia (data-show) e notebook, sendo que cada proponente dever\u00e1 ficar atento(a) ao tempo que foi destinado \u00e0 sua apresenta\u00e7\u00e3o, desta forma, sugere-se que cada um(a) chegue, no m\u00ednimo, 15 minutos antes do in\u00edcio das apresenta\u00e7\u00f5es, a fim de organizar os arquivos e demais demandas junto ao recurso \u00e1udio-visual.<\/strong><\/p>\n<p class=\"m-6025054587057595936s18\" style=\"margin: 0cm 0cm 0.0001pt;text-indent: 26.25pt;background: white;text-align: justify\">Cada proponente receber\u00e1 sua certifica\u00e7\u00e3o de apresenta\u00e7\u00e3o ap\u00f3s o encerramento da Sess\u00e3o, no entanto, sugerimos que cada participante se inscreva tamb\u00e9m na referida sess\u00e3o a que estiver inserido, junto \u00e0 Plataforma de Eventos, pois somente assim a certifica\u00e7\u00e3o do evento ter\u00e1 como computar a carga-hor\u00e1rio relativa a esta atividade. Para ter acesso \u00e0 Plataforma basta clicar na aba superior deste site, em &#8220;INSCRI\u00c7\u00d5ES e CERTIFICA\u00c7\u00d5ES&#8221;.<\/p>\n<p class=\"m-6025054587057595936s18\" style=\"margin: 0cm 0cm 0.0001pt;text-indent: 26.25pt;background: white;text-align: justify\">Desejamos que todos(as) tenham bons trabalhos e aproveitem o evento!<\/p>\n<p><strong>\u00a0<\/strong><\/p>\n<h2 style=\"text-align: center\"><strong>SESS\u00d5ES DE COMUNICA\u00c7\u00c3O:<\/strong><\/h2>\n<h4><span style=\"color: #993300\"><strong>Sess\u00e3o de Comunica\u00e7\u00e3o 1<\/strong><\/span><\/h4>\n<p><strong>Data: 06\/11\/18<\/strong><\/p>\n<p><strong>Local: Audit\u00f3rio Julieta Passos<\/strong><\/p>\n<p><strong>Hor\u00e1rio: 13:30 \u00e0s 16:00<\/strong><\/p>\n<p><strong>Coordena\u00e7\u00e3o: Patr\u00edcia Costa<\/strong><\/p>\n<p><strong>\u00a0<\/strong><\/p>\n<table style=\"height: 713px\" width=\"766\">\n<tbody>\n<tr>\n<td colspan=\"2\" width=\"262\"><strong>NOME<\/strong><\/td>\n<td width=\"319\"><strong>T\u00cdTULO<\/strong><\/td>\n<\/tr>\n<tr>\n<td width=\"54\">&nbsp;<\/p>\n<p>13:30<\/td>\n<td width=\"208\">Hamayana Silva Melo \u2013 IFG\/C\u00e2mpus Goi\u00e2nia<\/p>\n<p>Kamilla Christina Alves \u2013 IFG\/C\u00e2mpus Goi\u00e2nia<\/p>\n<p>Thales Weber da Silva \u2013 IFG\/C\u00e2mpus Goi\u00e2nia<\/td>\n<td width=\"319\"><em>Relato de experi\u00eancia: a pr\u00e1tica docente atrav\u00e9s do programa resid\u00eancia pedag\u00f3gica aplicada \u00e0 EJA <\/em><\/p>\n<p><em>\u00a0<\/em><\/td>\n<\/tr>\n<tr>\n<td width=\"54\">14:00<\/td>\n<td width=\"208\">Amanda Cristina \u2013 IFG\/ C\u00e2mpus Goi\u00e2nia<\/td>\n<td width=\"319\"><em>Uma perspectiva atrav\u00e9s de Adorno: para onde a educa\u00e7\u00e3o deve nos conduzir? <\/em><\/td>\n<\/tr>\n<tr>\n<td width=\"54\">14:30<\/td>\n<td width=\"208\">Jhonny Nunes da Cunha \u2013\u00a0 Prof. SEDUCE \/ GO<\/td>\n<td width=\"319\"><em>O papel da filosofia na escola de per\u00edodo integral <\/em><\/td>\n<\/tr>\n<tr>\n<td width=\"54\">15:00<\/td>\n<td width=\"208\">Marcos Rafael Andrade de Melo \u2013 IFG\/ C\u00e2mpus Goi\u00e2nia<\/td>\n<td width=\"319\"><em>Uma educa\u00e7\u00e3o cr\u00edtica para a forma\u00e7\u00e3o de sujeitos emancipados: uma leitura adorniana <\/em><\/td>\n<\/tr>\n<tr>\n<td width=\"54\">15:30<\/td>\n<td width=\"208\">Lays B\u00e1rbara Vieira \u2013 Profa. IFG\/C\u00e2mpus An\u00e1polis<\/p>\n<p>&nbsp;<\/td>\n<td width=\"319\"><em>Teoria cr\u00edtica e forma\u00e7\u00e3o humana <\/em><\/td>\n<\/tr>\n<\/tbody>\n<\/table>\n<p><strong>\u00a0<\/strong><\/p>\n<h4><span style=\"color: #993300\"><strong>Sess\u00e3o de Comunica\u00e7\u00e3o 2 <\/strong><\/span><\/h4>\n<p><strong>Data: 06\/11\/18<\/strong><\/p>\n<p><strong>Local: Audit\u00f3rio Djalma Maia<\/strong><\/p>\n<p><strong>Hor\u00e1rio: 13:30 \u00e0s 17:00<\/strong><\/p>\n<p><strong>Coordena\u00e7\u00e3o: Maria Eliane<\/strong><\/p>\n<p><strong>\u00a0<\/strong><\/p>\n<table>\n<tbody>\n<tr>\n<td colspan=\"2\" width=\"248\"><strong>NOME<\/strong><\/td>\n<td width=\"318\"><strong>T\u00cdTULO<\/strong><\/td>\n<\/tr>\n<tr>\n<td width=\"54\">&nbsp;<\/p>\n<p>13:30<\/td>\n<td width=\"194\">Karinne Sousa Neves \u2013 IFG\/ C\u00e2mpus Goi\u00e2nia<\/td>\n<td width=\"318\"><em>A microf\u00edsica do poder e o controle dos corpos segundo Foucault <\/em><\/td>\n<\/tr>\n<tr>\n<td width=\"54\">14:00<\/td>\n<td width=\"194\">Ana Paula Magalh\u00e3es- IFG\/C\u00e2mpus Goi\u00e2nia<\/td>\n<td width=\"318\"><em>Adorno e a Contraposi\u00e7\u00e3o ao Nazismo <\/em><\/td>\n<\/tr>\n<tr>\n<td width=\"54\">14:30<\/td>\n<td width=\"194\">Luciene Ara\u00fajo de Almeida<\/p>\n<p>Profa. IFG\\ Campus Goi\u00e2nia<\/td>\n<td width=\"318\"><em>\u201cMaria\u201d: quantas ainda precisar\u00e3o morrer?<\/em><\/p>\n<p><em>\u00a0<\/em><\/td>\n<\/tr>\n<tr>\n<td width=\"54\">15:00<\/td>\n<td width=\"194\">Leandro An\u00edbal Batista de Jesus &#8211; IFG\/C\u00e2mpus Goi\u00e2nia<\/p>\n<p>&nbsp;<\/td>\n<td width=\"318\"><em>\u00a0<\/em><\/p>\n<p><em>Vaidade das vaidades \u00e9 a verdade <\/em><\/p>\n<p><em>\u00a0<\/em><\/p>\n<p><em>\u00a0<\/em><\/td>\n<\/tr>\n<tr>\n<td width=\"54\">15:30<\/td>\n<td width=\"194\">Ana L\u00facia Duarte dos Santos \u2013 IFG\/ C\u00e2mpus Goi\u00e2nia<\/td>\n<td width=\"318\"><em>Dissemina\u00e7\u00e3o de \u00f3dio e a ind\u00fastria cultural, segundo Theodor Adorno <\/em><\/td>\n<\/tr>\n<tr>\n<td width=\"54\">16:00<\/td>\n<td width=\"194\">B\u00e1rbara Thamires Andrade Soares \u2013 UnB<\/td>\n<td width=\"318\"><em>O dizer da impot\u00eancia frente ao poder: um lugar para o outro ok<\/em><\/td>\n<\/tr>\n<tr>\n<td width=\"54\">16:30<\/td>\n<td width=\"194\">Bianca T\u00e2nia Mendon\u00e7a e Paula Adornelas \u2013 IFG\\Campus Goi\u00e2nia<\/td>\n<td width=\"318\"><em>A Perpetua\u00e7\u00e3o da Barb\u00e1rie: A Pr\u00e1tica do Bullying nas Escolas<\/em><\/td>\n<\/tr>\n<\/tbody>\n<\/table>\n<p><strong>\u00a0<\/strong><\/p>\n<h4><span style=\"color: #993300\"><strong>Sess\u00e3o de Comunica\u00e7\u00e3o 3<\/strong><\/span><\/h4>\n<p><strong>Data: 07\/11\/18<\/strong><\/p>\n<p><strong>Local: Audit\u00f3rio Julieta Passos<\/strong><\/p>\n<p><strong>Hor\u00e1rio: 13:30 \u00e0s 16:00<\/strong><\/p>\n<p><strong>Coordena\u00e7\u00e3o: Patr\u00edcia Machado<\/strong><\/p>\n<p><strong>\u00a0<\/strong><\/p>\n<table>\n<tbody>\n<tr>\n<td colspan=\"2\" width=\"278\"><strong>NOME<\/strong><\/td>\n<td width=\"303\"><strong>T\u00cdTULO<\/strong><\/td>\n<\/tr>\n<tr>\n<td width=\"54\">13:30<\/td>\n<td width=\"223\">Reginaldo dos Santos\\ \u00a0Samuel de\u00a0 Paula \u2013 IFG\/C\u00e2mpus Goi\u00e2nia<\/td>\n<td width=\"303\"><em>Suic\u00eddio, literatura e cinema: narrativas sobre quando a vida \u00e9 pass\u00edvel de interrup\u00e7\u00e3o <\/em><\/td>\n<\/tr>\n<tr>\n<td width=\"54\">14:00<\/td>\n<td width=\"223\">Andreza Mendes Bezerra Limeira \u2013 IFG\/C\u00e2mpus Luzi\u00e2nia<\/td>\n<td width=\"303\"><em>Eva e Virgem Maria: a ambiguidade no conceito de mulher na obra de Simone de Beauvoir <\/em><\/td>\n<\/tr>\n<tr>\n<td width=\"54\">14:30<\/td>\n<td width=\"223\">Juliana da Silva &#8211; IFG\/C\u00e2mpus Luzi\u00e2nia<\/td>\n<td width=\"303\"><em>O corpo feminino enquanto transcend\u00eancia: uma reflex\u00e3o a partir da obra \u201cO Segundo sexo\u201d de Simone de Beauvoir <\/em><\/td>\n<\/tr>\n<tr>\n<td width=\"54\">15:00<\/td>\n<td width=\"223\">Weslley Francisco de Oliveira &#8211; IFG\/C\u00e2mpus Luzi\u00e2nia<\/td>\n<td width=\"303\"><em>O absurdo e o suic\u00eddio nas obras de Albert Camus <\/em><\/td>\n<\/tr>\n<tr>\n<td width=\"54\">15:30<\/td>\n<td width=\"223\">Andressa Menezes IFG\/ C\u00e2mpus Luzi\u00e2nia<\/td>\n<td width=\"303\"><em>Erotismo e transgress\u00e3o nas obras de Ana\u00ees Nin <\/em><\/p>\n<p>&nbsp;<\/td>\n<\/tr>\n<\/tbody>\n<\/table>\n<p><strong>\u00a0<\/strong><\/p>\n<h4><span style=\"color: #993300\"><strong>Sess\u00e3o de Comunica\u00e7\u00e3o 4<\/strong><\/span><\/h4>\n<p><strong>Data: 07\/11<\/strong><\/p>\n<p><strong>Local: Audit\u00f3rio Djalma Maia<\/strong><\/p>\n<p><strong>Hor\u00e1rio: 13:30 \u00e0s 17:00<\/strong><\/p>\n<p><strong>Coordena\u00e7\u00e3o: Diego Moraes<\/strong><\/p>\n<p><strong>\u00a0<\/strong><\/p>\n<table>\n<tbody>\n<tr>\n<td colspan=\"2\" width=\"248\"><strong>NOME<\/strong><\/td>\n<td width=\"318\"><strong>T\u00cdTULO<\/strong><\/td>\n<\/tr>\n<tr>\n<td width=\"54\">&nbsp;<\/p>\n<p>13:30<\/td>\n<td width=\"194\">Nayara Costa<\/p>\n<p>Debora Dias Farias<\/p>\n<p>Raquel Sforni Mota &#8211; IFG\/C\u00e2mpus Goi\u00e2nia<\/td>\n<td width=\"318\"><em>O cinema como ferramenta did\u00e1tica na constru\u00e7\u00e3o da compet\u00eancia argumentativa.<\/em><\/td>\n<\/tr>\n<tr>\n<td width=\"54\">14:00<\/td>\n<td width=\"194\">Ra\u00edssa Camargo Vilhena Pereira \u2013 IFG\/C\u00e2mpus Goi\u00e2nia<\/td>\n<td width=\"318\"><em>An\u00e1lise da obra \u201cMadame Bovary\u201d de Gustave Flaubert, sob o prisma de Friedrich Nietzsche <\/em><\/td>\n<\/tr>\n<tr>\n<td width=\"54\">14:30<\/td>\n<td width=\"194\">Ulisses Ferreira Dias \u2013 IFG\/ C\u00e2mpus Goi\u00e2nia<\/td>\n<td width=\"318\"><em>O arrependimento em Nietzsche e Spinoza <\/em><\/td>\n<\/tr>\n<tr>\n<td width=\"54\">15:00<\/td>\n<td width=\"194\">Ana Cl\u00e1udia Alves &#8211; IFG\/C\u00e2mpus Goi\u00e2nia<\/td>\n<td width=\"318\"><em>Raz\u00e3o Instrumental e massifica\u00e7\u00e3o do saber no Brasil Contempor\u00e2neo: uma leitura adorniana <\/em><\/td>\n<\/tr>\n<tr>\n<td width=\"54\">15:30<\/td>\n<td width=\"194\">Luis Henrique Teixeira Raubustt &#8211; IFG- C\u00e2mpus Goi\u00e2nia<\/td>\n<td width=\"318\"><em>Massacre de Jonestown e a import\u00e2ncia de uma educa\u00e7\u00e3o emancipat\u00f3ria <\/em><\/td>\n<\/tr>\n<tr>\n<td width=\"54\">16:00<\/td>\n<td width=\"194\">Alice de Barros Gabriel<strong> &#8211; <\/strong><\/p>\n<p>Profa. IFG Campus \u00c1guas Lindas<\/td>\n<td width=\"318\"><em>Injusti\u00e7a epist\u00eamica e viol\u00eancia obst\u00e9trica <\/em><\/td>\n<\/tr>\n<tr>\n<td width=\"54\">16:30<\/td>\n<td width=\"194\">Izadora Hillary \/Sara Fernandes\/Thalita Rodrigues \u2013 IFG\/ C\u00e2mpus Urua\u00e7u<\/p>\n<p>&nbsp;<\/td>\n<td width=\"318\"><em>\u00a0<\/em><\/p>\n<p><em>Como ser o ser <\/em><\/td>\n<\/tr>\n<\/tbody>\n<\/table>\n<p><strong>\u00a0<\/strong><\/p>\n<h5><img decoding=\"async\" class=\"wp-image-19 aligncenter\" src=\"http:\/\/eventos.ifg.edu.br\/iv-seminario-nupefil\/wp-content\/uploads\/sites\/45\/2018\/10\/Imagem-pequena.png\" alt=\"Imagem pequena\" width=\"525\" height=\"87\" \/><\/h5>\n","protected":false},"excerpt":{"rendered":"<p>Orienta\u00e7\u00f5es gerais: As inscri\u00e7\u00f5es\u00a0para o envio dos resumos encerraram-se em\u00a021\/10\/18.\u00a0 O\u00a0tempo destinado \u00e0 apresenta\u00e7\u00e3o\/comunica\u00e7\u00e3o de cada trabalho cient\u00edfico ser\u00e1 de trinta minutos (30 min), sendo\u00a0vinte minutos (20 min)\u00a0para exposi\u00e7\u00e3o e\u00a0dez minutos (10 min)\u00a0para debate. Em todos os espa\u00e7os destinados \u00e0s comunica\u00e7\u00f5es ser\u00e3o disponibilizados projetor multim\u00eddia (data-show) e notebook, sendo que cada proponente dever\u00e1 ficar atento(a) &hellip; <a href=\"https:\/\/eventos.ifg.edu.br\/iv-seminario-nupefil\/sessoes-de-comunicacao\/\" class=\"more-link\">Continue lendo <span class=\"screen-reader-text\">SESS\u00d5ES DE COMUNICA\u00c7\u00c3O<\/span> <span class=\"meta-nav\">&rarr;<\/span><\/a><\/p>\n","protected":false},"author":55,"featured_media":0,"parent":0,"menu_order":0,"comment_status":"closed","ping_status":"closed","template":"","meta":{"footnotes":""},"class_list":["post-67","page","type-page","status-publish","hentry"],"_links":{"self":[{"href":"https:\/\/eventos.ifg.edu.br\/iv-seminario-nupefil\/wp-json\/wp\/v2\/pages\/67"}],"collection":[{"href":"https:\/\/eventos.ifg.edu.br\/iv-seminario-nupefil\/wp-json\/wp\/v2\/pages"}],"about":[{"href":"https:\/\/eventos.ifg.edu.br\/iv-seminario-nupefil\/wp-json\/wp\/v2\/types\/page"}],"author":[{"embeddable":true,"href":"https:\/\/eventos.ifg.edu.br\/iv-seminario-nupefil\/wp-json\/wp\/v2\/users\/55"}],"replies":[{"embeddable":true,"href":"https:\/\/eventos.ifg.edu.br\/iv-seminario-nupefil\/wp-json\/wp\/v2\/comments?post=67"}],"version-history":[{"count":7,"href":"https:\/\/eventos.ifg.edu.br\/iv-seminario-nupefil\/wp-json\/wp\/v2\/pages\/67\/revisions"}],"predecessor-version":[{"id":92,"href":"https:\/\/eventos.ifg.edu.br\/iv-seminario-nupefil\/wp-json\/wp\/v2\/pages\/67\/revisions\/92"}],"wp:attachment":[{"href":"https:\/\/eventos.ifg.edu.br\/iv-seminario-nupefil\/wp-json\/wp\/v2\/media?parent=67"}],"curies":[{"name":"wp","href":"https:\/\/api.w.org\/{rel}","templated":true}]}}