{"id":65,"date":"2018-10-16T17:52:14","date_gmt":"2018-10-16T20:52:14","guid":{"rendered":"http:\/\/eventos.ifg.edu.br\/iv-seminario-nupefil\/?page_id=65"},"modified":"2018-10-17T09:01:20","modified_gmt":"2018-10-17T12:01:20","slug":"programacao","status":"publish","type":"page","link":"https:\/\/eventos.ifg.edu.br\/iv-seminario-nupefil\/programacao\/","title":{"rendered":"PROGRAMA\u00c7\u00c3O"},"content":{"rendered":"<h4 style=\"text-align: center\"><span style=\"text-decoration: underline\"><span style=\"color: #993300\"><strong>Dia 06\/11\/2018<\/strong><\/span><\/span><\/h4>\n<h5 style=\"text-align: justify\"><span style=\"color: #993300\"><strong>Abertura<\/strong><\/span><\/h5>\n<p><strong>Hor\u00e1rio:<\/strong> 09:00<\/p>\n<p><strong>Local:<\/strong> Cinemateca<\/p>\n<h5><span style=\"color: #993300\"><strong>Confer\u00eancia<\/strong><\/span><\/h5>\n<p><strong>Tema:<\/strong> Freud no s\u00e9culo XXI: a impossibilidade de educar, governar e psicanalisar<\/p>\n<p><strong>Convidado:<\/strong> Altair Jos\u00e9 dos Santos (FE-UFG)<\/p>\n<p><strong>Hor\u00e1rio:<\/strong> 09:30 \u00e0s 12:00.<\/p>\n<p><strong>Local:<\/strong> Cinemateca<\/p>\n<p><strong>Mediador:<\/strong> Diego Moraes (IFG-Goi\u00e2nia)<\/p>\n<p>___________________________________________________________________________<\/p>\n<h5><span style=\"color: #993300\"><strong>Sess\u00f5es de Comunica\u00e7\u00e3o 1 e 2\u00a0<\/strong><\/span><\/h5>\n<p><strong>Hor\u00e1rio:<\/strong> 13:30 \u00e0s 16:00<\/p>\n<p><strong>Local<\/strong>: Julieta Passos e Djalma Maia, <span style=\"text-decoration: underline\">respectivamente<\/span>.<\/p>\n<p>___________________________________________________________________________<\/p>\n<h5><strong><span style=\"color: #993300\">MINICURSO 1<\/span><\/strong><\/h5>\n<p><strong>Hor\u00e1rio:<\/strong> 16:30 \u00e0s 18:30<\/p>\n<p><strong>T\u00edtulo:<\/strong> Georges Bataille: a celebra\u00e7\u00e3o do excesso<\/p>\n<p><strong>Facilitadora:<\/strong> Patr\u00edcia Machado (IFG \u2013 Luzi\u00e2nia)<\/p>\n<p><strong>Local:<\/strong> Miniaudit\u00f3rio<\/p>\n<p>___________________________________________________________________________<\/p>\n<h5><span style=\"color: #993300\"><strong>MINICURSO 2<\/strong><\/span><\/h5>\n<p><strong>Hor\u00e1rio:<\/strong> 16:30 \u00e0s 18:30<\/p>\n<p><strong>T\u00edtulo:<\/strong> Falando de crime: direito e viol\u00eancia em can\u00e7\u00f5es de rap<\/p>\n<p><strong>Facilitador:<\/strong> Thiago Cazarin (IFG-Senador Canedo)<\/p>\n<p><strong>Local:<\/strong> Cinemateca<\/p>\n<p>___________________________________________________________________________<\/p>\n<h4 style=\"text-align: center\"><span style=\"text-decoration: underline;color: #993300\">DIA 07\/11\/2018<\/span><\/h4>\n<h5><strong><span style=\"color: #993300\">Mesa de debate 1<\/span><\/strong><\/h5>\n<p><strong>Local:<\/strong> Cinemateca<\/p>\n<p><strong>Hor\u00e1rio<\/strong> &#8211; 08:30 \u00e0s 10:15<\/p>\n<p><strong>Tema:<\/strong> M\u00eddia e Sociedade na perspectiva da Ind\u00fastria Cultural<\/p>\n<p><strong>Facilitadores:<\/strong> Patr\u00edcia Costa (IFG-An\u00e1polis) e Sandro Henrique (IFG-Aparecida de Goi\u00e2nia)<\/p>\n<p><strong>Mediadora:<\/strong> Maria Eliane (IFG-Goi\u00e2nia)<\/p>\n<p>___________________________________________________________________________<\/p>\n<h5 style=\"text-align: justify\"><strong><span style=\"color: #993300\">Mesa de Debate 2<\/span><\/strong><\/h5>\n<p><strong>Local:<\/strong> Cinemateca<\/p>\n<p><strong>Hor\u00e1rio:<\/strong> 10:30 \u00e0s 12:00<\/p>\n<p><strong>Tema:<\/strong> Arte e Filosofia: entre apropria\u00e7\u00f5es est\u00e9ticas e conceitos.<\/p>\n<p><strong>Facilitadoras:<\/strong> Maria Eliane (IFG-Goi\u00e2nia) e Danielle Dumont (IFG \u2013 Goi\u00e2nia)<\/p>\n<p><strong>Mediador:<\/strong> Felipe Valoz (IFG-Goi\u00e2nia)<\/p>\n<p>___________________________________________________________________________<\/p>\n<h5><span style=\"color: #993300\">SESS\u00d5ES DE COMUNICA\u00c7\u00c3O 3 e 4<\/span><\/h5>\n<p><strong>Hor\u00e1rio:<\/strong> 13:30 \u00e0s 16:00<\/p>\n<p><strong>Local:<\/strong> Julieta Passos e Djalma Maia, <span style=\"text-decoration: underline\">respectivamente<\/span>.<\/p>\n<p>___________________________________________________________________________<\/p>\n<h5><span style=\"color: #993300\">OFICINA 1<\/span><\/h5>\n<p><strong>Hor\u00e1rio:<\/strong> 16:30 \u00e0s 18:30<\/p>\n<p><strong>T\u00edtulo:<\/strong> Po\u00e9ticas em arte: a constela\u00e7\u00e3o de imagens como processo de cria\u00e7\u00e3o.<\/p>\n<p><strong>Facilitadores:<\/strong> Wolnei Fernandes (EMAC-UFG) e Rosi Martins (EMAC-UFG).<\/p>\n<p><strong>Local:<\/strong> Julieta Passos<\/p>\n<p><strong>Coordenador:<\/strong> Felipe Valoz (IFG-Goi\u00e2nia)<\/p>\n<p>___________________________________________________________________________<\/p>\n<h5><span style=\"color: #993300\">OFICINA 2<\/span><\/h5>\n<p><strong>Hor\u00e1rio:<\/strong> 16:30 \u00e0s 18:30<\/p>\n<p><strong>T\u00edtulo:<\/strong> Conflu\u00eancias entre a Filosofia e o cinema \u2013 como utilizar a produ\u00e7\u00e3o audiovisual na sala de aula.<\/p>\n<p><strong>Facilitador:<\/strong> Eduardo Carli (IFG &#8211; An\u00e1polis)<\/p>\n<p><strong>Local:<\/strong> Cinemateca<\/p>\n<p>___________________________________________________________________________<\/p>\n<h4 style=\"text-align: center\"><span style=\"color: #993300\">DIA 08\/11\/2018<\/span><\/h4>\n<p><strong>F\u00d3RUM DOS PROFESSORES DE FILOSOFIA DO IFG<\/strong><\/p>\n<p><strong>Local:<\/strong> Cinemateca<\/p>\n<p><strong>Hor\u00e1rio:<\/strong> 09:00 \u00e0s 12:00<\/p>\n<p>___________________________________________________________________________<\/p>\n<p><img fetchpriority=\"high\" decoding=\"async\" class=\"aligncenter wp-image-81 size-full\" src=\"http:\/\/eventos.ifg.edu.br\/iv-seminario-nupefil\/wp-content\/uploads\/sites\/45\/2018\/10\/cabe\u00e7alho-922x152-pixels.jpg\" alt=\"cabe\u00e7alho - 922x152 pixels\" width=\"922\" height=\"152\" \/><\/p>\n","protected":false},"excerpt":{"rendered":"<p>Dia 06\/11\/2018 Abertura Hor\u00e1rio: 09:00 Local: Cinemateca Confer\u00eancia Tema: Freud no s\u00e9culo XXI: a impossibilidade de educar, governar e psicanalisar Convidado: Altair Jos\u00e9 dos Santos (FE-UFG) Hor\u00e1rio: 09:30 \u00e0s 12:00. Local: Cinemateca Mediador: Diego Moraes (IFG-Goi\u00e2nia) ___________________________________________________________________________ Sess\u00f5es de Comunica\u00e7\u00e3o 1 e 2\u00a0 Hor\u00e1rio: 13:30 \u00e0s 16:00 Local: Julieta Passos e Djalma Maia, respectivamente. ___________________________________________________________________________ &hellip; <a href=\"https:\/\/eventos.ifg.edu.br\/iv-seminario-nupefil\/programacao\/\" class=\"more-link\">Continue lendo <span class=\"screen-reader-text\">PROGRAMA\u00c7\u00c3O<\/span> <span class=\"meta-nav\">&rarr;<\/span><\/a><\/p>\n","protected":false},"author":55,"featured_media":0,"parent":0,"menu_order":0,"comment_status":"closed","ping_status":"closed","template":"","meta":{"footnotes":""},"class_list":["post-65","page","type-page","status-publish","hentry"],"_links":{"self":[{"href":"https:\/\/eventos.ifg.edu.br\/iv-seminario-nupefil\/wp-json\/wp\/v2\/pages\/65"}],"collection":[{"href":"https:\/\/eventos.ifg.edu.br\/iv-seminario-nupefil\/wp-json\/wp\/v2\/pages"}],"about":[{"href":"https:\/\/eventos.ifg.edu.br\/iv-seminario-nupefil\/wp-json\/wp\/v2\/types\/page"}],"author":[{"embeddable":true,"href":"https:\/\/eventos.ifg.edu.br\/iv-seminario-nupefil\/wp-json\/wp\/v2\/users\/55"}],"replies":[{"embeddable":true,"href":"https:\/\/eventos.ifg.edu.br\/iv-seminario-nupefil\/wp-json\/wp\/v2\/comments?post=65"}],"version-history":[{"count":3,"href":"https:\/\/eventos.ifg.edu.br\/iv-seminario-nupefil\/wp-json\/wp\/v2\/pages\/65\/revisions"}],"predecessor-version":[{"id":83,"href":"https:\/\/eventos.ifg.edu.br\/iv-seminario-nupefil\/wp-json\/wp\/v2\/pages\/65\/revisions\/83"}],"wp:attachment":[{"href":"https:\/\/eventos.ifg.edu.br\/iv-seminario-nupefil\/wp-json\/wp\/v2\/media?parent=65"}],"curies":[{"name":"wp","href":"https:\/\/api.w.org\/{rel}","templated":true}]}}