{"id":48,"date":"2018-10-16T16:43:55","date_gmt":"2018-10-16T19:43:55","guid":{"rendered":"http:\/\/eventos.ifg.edu.br\/iv-seminario-nupefil\/?page_id=48"},"modified":"2018-10-17T09:03:50","modified_gmt":"2018-10-17T12:03:50","slug":"apresentacao","status":"publish","type":"page","link":"https:\/\/eventos.ifg.edu.br\/iv-seminario-nupefil\/apresentacao\/","title":{"rendered":"APRESENTA\u00c7\u00c3O"},"content":{"rendered":"<p style=\"text-align: justify\">O <strong>NUPEFIL<\/strong> \u2013 N\u00facleo de Estudos e Pesquisas em Filosofia realizar\u00e1 no IFG\/Campus Goi\u00e2nia, nos dias 6 a 8 de novembro de 2018, o <em><strong>IV Semin\u00e1rio NUPEFIL e VIII Encontro de Filosofia<\/strong><\/em> com o tema <em>Filosofia e o drama pol\u00edtico da forma\u00e7\u00e3o humana<\/em>. Esta edi\u00e7\u00e3o abre-se \u00e0 perspectiva de refletir filosoficamente, e em conjunto com as humanidades, a problem\u00e1tica da forma\u00e7\u00e3o humana. Tal provoca\u00e7\u00e3o filos\u00f3fica se junta ao dilema da emancipa\u00e7\u00e3o e da liberdade de pensamento, num momento em que nos deparamos, local e globalmente, com posturas reacion\u00e1rias nos mais diversos \u00e2mbitos da atua\u00e7\u00e3o humana sob a justificativa da \u201cdemocracia\u201d e da \u201cliberdade de express\u00e3o\u201d. A atribui\u00e7\u00e3o de um novo sentido \u00e0 forma\u00e7\u00e3o nos leva, assim, ao drama pol\u00edtico da forma\u00e7\u00e3o humana, j\u00e1 que n\u00e3o se trata apenas de adaptar os sujeitos \u00e0 realidade, mas, sobretudo, de form\u00e1-los para a resist\u00eancia, o que implica numa forma\u00e7\u00e3o abrangente no sentido mais lato do termo e que reverbere a luta humana, tamb\u00e9m em \u00e2mbito pol\u00edtico, por uma melhor e mais digna ordem social, \u00e9tica, cultural, est\u00e9tica e existencial.<\/p>\n<p style=\"text-align: justify\"><img fetchpriority=\"high\" decoding=\"async\" class=\"size-full wp-image-18 aligncenter\" src=\"http:\/\/eventos.ifg.edu.br\/iv-seminario-nupefil\/wp-content\/uploads\/sites\/45\/2018\/10\/cabe\u00e7alho-1395x230.png\" alt=\"cabe\u00e7alho 1395x230\" width=\"1395\" height=\"230\" \/><\/p>\n<p>&nbsp;<\/p>\n","protected":false},"excerpt":{"rendered":"<p>O NUPEFIL \u2013 N\u00facleo de Estudos e Pesquisas em Filosofia realizar\u00e1 no IFG\/Campus Goi\u00e2nia, nos dias 6 a 8 de novembro de 2018, o IV Semin\u00e1rio NUPEFIL e VIII Encontro de Filosofia com o tema Filosofia e o drama pol\u00edtico da forma\u00e7\u00e3o humana. Esta edi\u00e7\u00e3o abre-se \u00e0 perspectiva de refletir filosoficamente, e em conjunto com &hellip; <a href=\"https:\/\/eventos.ifg.edu.br\/iv-seminario-nupefil\/apresentacao\/\" class=\"more-link\">Continue lendo <span class=\"screen-reader-text\">APRESENTA\u00c7\u00c3O<\/span> <span class=\"meta-nav\">&rarr;<\/span><\/a><\/p>\n","protected":false},"author":55,"featured_media":0,"parent":0,"menu_order":0,"comment_status":"closed","ping_status":"closed","template":"","meta":{"footnotes":""},"class_list":["post-48","page","type-page","status-publish","hentry"],"_links":{"self":[{"href":"https:\/\/eventos.ifg.edu.br\/iv-seminario-nupefil\/wp-json\/wp\/v2\/pages\/48"}],"collection":[{"href":"https:\/\/eventos.ifg.edu.br\/iv-seminario-nupefil\/wp-json\/wp\/v2\/pages"}],"about":[{"href":"https:\/\/eventos.ifg.edu.br\/iv-seminario-nupefil\/wp-json\/wp\/v2\/types\/page"}],"author":[{"embeddable":true,"href":"https:\/\/eventos.ifg.edu.br\/iv-seminario-nupefil\/wp-json\/wp\/v2\/users\/55"}],"replies":[{"embeddable":true,"href":"https:\/\/eventos.ifg.edu.br\/iv-seminario-nupefil\/wp-json\/wp\/v2\/comments?post=48"}],"version-history":[{"count":5,"href":"https:\/\/eventos.ifg.edu.br\/iv-seminario-nupefil\/wp-json\/wp\/v2\/pages\/48\/revisions"}],"predecessor-version":[{"id":85,"href":"https:\/\/eventos.ifg.edu.br\/iv-seminario-nupefil\/wp-json\/wp\/v2\/pages\/48\/revisions\/85"}],"wp:attachment":[{"href":"https:\/\/eventos.ifg.edu.br\/iv-seminario-nupefil\/wp-json\/wp\/v2\/media?parent=48"}],"curies":[{"name":"wp","href":"https:\/\/api.w.org\/{rel}","templated":true}]}}