{"id":45,"date":"2018-10-16T16:42:03","date_gmt":"2018-10-16T19:42:03","guid":{"rendered":"http:\/\/eventos.ifg.edu.br\/iv-seminario-nupefil\/?page_id=45"},"modified":"2018-11-01T08:54:52","modified_gmt":"2018-11-01T11:54:52","slug":"inscricoes","status":"publish","type":"page","link":"https:\/\/eventos.ifg.edu.br\/iv-seminario-nupefil\/inscricoes\/","title":{"rendered":"INSCRI\u00c7\u00d5ES e CERTIFICA\u00c7\u00d5ES"},"content":{"rendered":"<p style=\"text-align: justify\">As inscri\u00e7\u00f5es ser\u00e3o realizadas eletronicamente at\u00e9 o dia <strong>05 de Novembro de 2018<\/strong> e a certifica\u00e7\u00e3o se dar\u00e1 pelo mesmo sistema, no entanto, em coer\u00eancia com a\u00a0<span style=\"text-decoration: underline\">confirma\u00e7\u00e3o de frequ\u00eancia<\/span> nas atividades inscritas.<\/p>\n<p style=\"text-align: center\"><strong>Para realizar sua inscri\u00e7\u00e3o, clique no link abaixo:\u00a0<\/strong><\/p>\n<p style=\"text-align: justify\"><a href=\"https:\/\/sugep.ifg.edu.br\/eventos\/#\/publico\/eventos\/9b7ac6ca-8507-471f-843a-8d261dc11a88\/inscricao\">https:\/\/sugep.ifg.edu.br\/eventos\/#\/publico\/eventos\/9b7ac6ca-8507-471f-843a-8d261dc11a88\/inscricao<\/a><\/p>\n<p style=\"text-align: justify\"><img fetchpriority=\"high\" decoding=\"async\" class=\"size-full wp-image-18 aligncenter\" src=\"http:\/\/eventos.ifg.edu.br\/iv-seminario-nupefil\/wp-content\/uploads\/sites\/45\/2018\/10\/cabe\u00e7alho-1395x230.png\" alt=\"cabe\u00e7alho 1395x230\" width=\"1395\" height=\"230\" \/><\/p>\n","protected":false},"excerpt":{"rendered":"<p>As inscri\u00e7\u00f5es ser\u00e3o realizadas eletronicamente at\u00e9 o dia 05 de Novembro de 2018 e a certifica\u00e7\u00e3o se dar\u00e1 pelo mesmo sistema, no entanto, em coer\u00eancia com a\u00a0confirma\u00e7\u00e3o de frequ\u00eancia nas atividades inscritas. Para realizar sua inscri\u00e7\u00e3o, clique no link abaixo:\u00a0 https:\/\/sugep.ifg.edu.br\/eventos\/#\/publico\/eventos\/9b7ac6ca-8507-471f-843a-8d261dc11a88\/inscricao<\/p>\n","protected":false},"author":7,"featured_media":0,"parent":0,"menu_order":0,"comment_status":"closed","ping_status":"closed","template":"","meta":{"footnotes":""},"class_list":["post-45","page","type-page","status-publish","hentry"],"_links":{"self":[{"href":"https:\/\/eventos.ifg.edu.br\/iv-seminario-nupefil\/wp-json\/wp\/v2\/pages\/45"}],"collection":[{"href":"https:\/\/eventos.ifg.edu.br\/iv-seminario-nupefil\/wp-json\/wp\/v2\/pages"}],"about":[{"href":"https:\/\/eventos.ifg.edu.br\/iv-seminario-nupefil\/wp-json\/wp\/v2\/types\/page"}],"author":[{"embeddable":true,"href":"https:\/\/eventos.ifg.edu.br\/iv-seminario-nupefil\/wp-json\/wp\/v2\/users\/7"}],"replies":[{"embeddable":true,"href":"https:\/\/eventos.ifg.edu.br\/iv-seminario-nupefil\/wp-json\/wp\/v2\/comments?post=45"}],"version-history":[{"count":12,"href":"https:\/\/eventos.ifg.edu.br\/iv-seminario-nupefil\/wp-json\/wp\/v2\/pages\/45\/revisions"}],"predecessor-version":[{"id":79,"href":"https:\/\/eventos.ifg.edu.br\/iv-seminario-nupefil\/wp-json\/wp\/v2\/pages\/45\/revisions\/79"}],"wp:attachment":[{"href":"https:\/\/eventos.ifg.edu.br\/iv-seminario-nupefil\/wp-json\/wp\/v2\/media?parent=45"}],"curies":[{"name":"wp","href":"https:\/\/api.w.org\/{rel}","templated":true}]}}