{"id":60,"date":"2020-03-15T19:25:10","date_gmt":"2020-03-15T22:25:10","guid":{"rendered":"http:\/\/eventos.ifg.edu.br\/incomum\/?page_id=60"},"modified":"2020-04-13T16:44:18","modified_gmt":"2020-04-13T19:44:18","slug":"producao","status":"publish","type":"page","link":"https:\/\/eventos.ifg.edu.br\/incomum\/producao\/","title":{"rendered":"Produ\u00e7\u00e3o"},"content":{"rendered":"<p><strong>ARTIGOS<\/strong><\/p>\n<pre><strong>ARTES VISUAIS\r\n<a href=\"https:\/\/www.dropbox.com\/s\/l08p7cm3e47kg5r\/ana_rita_2015.pdf?dl=0\">Aprendizagem do conceito de composi\u00e7\u00e3o art\u00edstica para a leitura de imagens:\r\num experimento de ensino baseado na teoria de V. V. Davydov\r\n<\/a><\/strong>Ana Rita da Silva<\/pre>\n<pre><strong>ARTES VISUAIS\r\n<a href=\"http:\/\/Beatriz Aparecida Zanatta\">Apontamentos sobre o conceito de catarse em Vygotsky para o ensino de\r\nArte na Escola<\/a>\r\n<\/strong>Ana Rita da Silva;\u00a0Beatriz Aparecida Zanatta<\/pre>\n<pre><b>M\u00daSICA\r\n<a href=\"https:\/\/periodicos.ufmg.br\/index.php\/permusi\/article\/view\/5164\">Considera\u00e7\u00f5es hist\u00f3ricas, estruturais e caracter\u00edsticas sobre o\r\ninstrumento Sixxen, de Iannis Xenakis\r\n<\/a><\/b>Ronan Gil de Morais, Fernando Martins de Castro Chaib; Fabio Fonseca de Oliveira<b> <\/b><\/pre>\n<div>\n<div title=\"Page 1\">\n<pre title=\"Page 1\"><b>M\u00daSICA\r\n<a href=\"http:\/\/www.anppom.com.br\/revista\/index.php\/opus\/article\/view\/218\">M\u00faltiplas faces: surgimento, contextualiza\u00e7\u00e3o hist\u00f3rica e caracter\u00edsticas\r\nda percuss\u00e3o m\u00faltipla\u00a0\r\n<\/a><\/b>Ronan Gil de Morais; Carlos Stasi<\/pre>\n<\/div>\n<\/div>\n<pre><span style=\"color: #000000;font-family: arial, sans-serif\"><strong>M\u00daSICA\r\n<a href=\"http:\/\/www.revistas.usp.br\/revistamusica\/article\/view\/147530\">Sixxen e m\u00fasica eletroac\u00fastica: o di\u00e1logo entre instrumento microtonal e\r\naparatos eletroeletr\u00f4nicos no repert\u00f3rio p\u00f3s-Pl\u00e9iades<\/a><\/strong>\r\nRonan Gil de Morais; Lucas Davi de Ara\u00fajo<\/span>\r\n<\/pre>\n<div>\n<pre><span style=\"color: #000000;font-family: arial, sans-serif\"><strong>M\u00daSICA\r\n<a href=\"http:\/\/ijmpa.com\/journals\/ijmpa\/Vol_3_No_2_December_2015\/2.pdf\">Listening and Analysis of Mixed Electroacoustic Music as Tools for\r\nInterpretation\u2019s Construction<\/a><\/strong>\r\nRonan Gil de Morais<\/span><\/pre>\n<pre><span style=\"color: #000000;font-family: arial, sans-serif\"><strong>M\u00daSICA\r\n<a href=\"https:\/\/revistas.ufpr.br\/musica\/article\/view\/30145\">Vibra\u00e7\u00f5es brasileiras: repert\u00f3rio brasileiro para vibrafone solo<\/a><\/strong>\r\nRonan Gil de Morais<\/span><\/pre>\n<pre><strong>M\u00daSICA\r\n<a href=\"http:\/\/www.brajets.com\/index.php\/brajets\/article\/view\/261\/0\">The luthiery as a pedagogic proposal to teach music<\/a><\/strong>\r\nRonan Gil de Morais; Srilis Leonel Mour\u00e3o<\/pre>\n<\/div>\n<pre><strong>DAN\u00c7A\r\n<a href=\"https:\/\/www.dropbox.com\/s\/keitn13du4h1for\/rouse_2017.pdf?dl=0\">Tra\u00e7ando diferentes linhas para o bal\u00e9: perspectivas pol\u00edticas do movimento\r\ndo core\u00f3grafo William Forsythe (1949)<\/a><\/strong>\r\nRousejanny da Silva Ferreira<\/pre>\n<pre><strong>DAN\u00c7A\r\n<a href=\"https:\/\/periodicos.unifap.br\/index.php\/iaca\/article\/view\/5158\">Entre arquivos, autoridades e bilhetes<\/a><\/strong>\r\nRousejanny da Silva Ferreira<\/pre>\n<pre><strong>DAN\u00c7A\r\n<a href=\"http:\/\/periodicos.unespar.edu.br\/index.php\/revistacientifica\/article\/view\/2837\">A dan\u00e7a do Futuro<\/a><\/strong>\r\nRousejanny da Silva Ferreira<\/pre>\n<pre><strong>DAN\u00c7A\r\n<a href=\"http:\/\/seer.fundarte.rs.gov.br\/index.php\/RevistadaFundarte\/issue\/viewIssue\/15\/35\">Bal\u00e9 e hist\u00f3ria: uma an\u00e1lise da constru\u00e7\u00e3o historiogr\u00e1fica no Brasil<\/a><\/strong>\r\nRousejanny da Silva Ferreira<\/pre>\n<pre><strong>DAN\u00c7A\r\n<a href=\"http:\/\/seer.fundarte.rs.gov.br\/index.php\/RevistadaFundarte\/issue\/viewIssue\/6\/6\">A sistematiza\u00e7\u00e3o da dan\u00e7a nos preceitos art\u00edsticos de Plat\u00e3o<\/a><\/strong>\r\nRousejanny da Silva Ferreira<\/pre>\n<pre><strong>DAN\u00c7A\r\n<a href=\"https:\/\/www.dropbox.com\/s\/7gx5vl9zr5rxfm8\/rouse_2015.pdf?dl=0\">Por uma voz que seja dan\u00e7a: reflex\u00f5es sobre a oralidade no bal\u00e9 a partir do solo\r\nVeronique Doisneau<\/a><\/strong>\r\nRousejanny da Silva Ferreira; Michael Silva<\/pre>\n<pre><strong>DAN\u00c7A\r\n<a href=\"https:\/\/www.poisson.com.br\/livros\/educacao\/volume49\/Educacao_no_seculoXXI_vol49.pdf\">Sobre pesquisar, dan\u00e7ar e adolescer - Grupo Corpo Composto como\r\nexperi\u00eancia art\u00edstica no Ensino M\u00e9dio<\/a><\/strong>\r\nGiovana Consorte; Rousejanny da Silva Ferreira<\/pre>\n<pre><strong>ARTES VISUAIS\r\n<a href=\"https:\/\/www.dropbox.com\/s\/3p0b466un12qjf4\/materia_prima_c_capa.pdf?dl=0\">O desenho como ponte entre arte, art\u00edfices e of\u00edcios na educa\u00e7\u00e3o para\r\no trabalhodo s\u00e9culo XIX: di\u00e1logos Brasil-Portugal<\/a><\/strong>\r\nAlexandre Jos\u00e9 Guimar\u00e3es<\/pre>\n<pre><strong>ARTES VISUAIS\r\n<a href=\"https:\/\/www.dropbox.com\/s\/wz40rz6xpy43ee3\/alex_guim_2015.pdf?dl=0\">Dialogues between art and design<\/a><\/strong>\r\nAlexandre Jos\u00e9 Guimar\u00e3es<\/pre>\n<pre><strong>ARTES VISUAIS\r\n<a href=\"http:\/\/www.ijhssnet.com\/view.php?u=http:\/\/www.ijhssnet.com\/journals\/Vol_4_No_9_July_2014\/8.pdf\">Cartographic representations of teachers on the web<\/a><\/strong>\r\nAlexandre Guimar\u00e3es; Leda Guimar\u00e3es<\/pre>\n<pre><strong>ARTES VISUAIS\r\n<a href=\"http:\/\/seminarioculturavisual.enba.edu.uy\/archivos\/Acta2017-SeminarioCulturaVisual-Uruguay.pdf\">Avessos da doc\u00eancia em artes visuais: metodologias visuais de uma \r\npesquisa em ensino de arte<\/a><\/strong>\r\nAlexandre Jos\u00e9 Guimar\u00e3es<\/pre>\n<pre><strong>ARTES VISUAIS\r\n<a href=\"https:\/\/www.revistas.ufg.br\/index.php\/VISUAL\/article\/view\/18231\">Lugares e tr\u00e2nsitos de imagens na Licenciatura em Artes Visuais a dist\u00e2ncia<\/a><\/strong>\r\nAlexandre Jos\u00e9 Guimar\u00e3es<\/pre>\n<pre><strong>DAN\u00c7A\r\n<a href=\"https:\/\/www.dropbox.com\/s\/1e3o8ztgo32yuzw\/luciana_2017.pdf?dl=0\">Olhares pra Dan\u00e7a - hist\u00f3rias e afetos da dan\u00e7a c\u00eanica goianiense 1970-2000\r\n<\/a><\/strong>Luciana Gomes Ribeiro;\u00a0Val\u00e9ria Maria Chaves de Figueiredo<\/pre>\n<pre><strong>DAN\u00c7A\r\n<a href=\"http:\/\/lm.alb.org.br\/index.php\/lm\/article\/view\/312\">Tem mulher na brincadeira? Falas femininas, corpo e dan\u00e7a na tradi\u00e7\u00e3o do\r\nCavalo Marinho pernambucano<\/a><\/strong>\r\nTain\u00e1 Dias de Moraes Barreto<\/pre>\n<pre><strong>DAN\u00c7A\r\n<a href=\"https:\/\/docs.wixstatic.com\/ugd\/71a4c9_c9be379c4e21417599bb15f58acc963a.pdf#pdfjs.action=download\">Klaus Vianna e a pot\u00eancia da Teoria <em>Queer<\/em><\/a><\/strong>\r\nRoberto Rodrigues; Paulo Petronilio<\/pre>\n<pre><strong>DAN\u00c7A\r\n<a href=\"https:\/\/proceedings.science\/anda\/anda-2019\/papers\/a-construcao-de-saberes-em-danca-a-partir-das-experiencias-dos-atelies-de-criacao-em-danca--relatos-de-uma-trajetoria-do\">A constru\u00e7\u00e3o de saberes em dan\u00e7a a partir das experi\u00eancias dos Ateli\u00eas de Cria\u00e7\u00e3o\r\nem Dan\u00e7a: Relatos de uma trajet\u00f3ria docente na Licenciatura em Dan\u00e7a do\r\nIFG\/Campus Aparecida de Goi\u00e2nia<\/a><\/strong>\r\nRoberto Rodrigues<\/pre>\n","protected":false},"excerpt":{"rendered":"<p>ARTIGOS ARTES VISUAIS Aprendizagem do conceito de composi\u00e7\u00e3o art\u00edstica para a leitura de imagens: um experimento de ensino baseado na teoria de V. V. Davydov Ana Rita da Silva ARTES VISUAIS Apontamentos sobre o conceito de catarse em Vygotsky para o ensino de Arte na Escola Ana Rita da Silva;\u00a0Beatriz Aparecida Zanatta M\u00daSICA Considera\u00e7\u00f5es hist\u00f3ricas, &#8230; <a title=\"Produ\u00e7\u00e3o\" class=\"read-more\" href=\"https:\/\/eventos.ifg.edu.br\/incomum\/producao\/\" aria-label=\"Read more about Produ\u00e7\u00e3o\">Ler mais<\/a><\/p>\n","protected":false},"author":68,"featured_media":0,"parent":0,"menu_order":0,"comment_status":"closed","ping_status":"closed","template":"","meta":{"footnotes":""},"class_list":["post-60","page","type-page","status-publish"],"_links":{"self":[{"href":"https:\/\/eventos.ifg.edu.br\/incomum\/wp-json\/wp\/v2\/pages\/60"}],"collection":[{"href":"https:\/\/eventos.ifg.edu.br\/incomum\/wp-json\/wp\/v2\/pages"}],"about":[{"href":"https:\/\/eventos.ifg.edu.br\/incomum\/wp-json\/wp\/v2\/types\/page"}],"author":[{"embeddable":true,"href":"https:\/\/eventos.ifg.edu.br\/incomum\/wp-json\/wp\/v2\/users\/68"}],"replies":[{"embeddable":true,"href":"https:\/\/eventos.ifg.edu.br\/incomum\/wp-json\/wp\/v2\/comments?post=60"}],"version-history":[{"count":28,"href":"https:\/\/eventos.ifg.edu.br\/incomum\/wp-json\/wp\/v2\/pages\/60\/revisions"}],"predecessor-version":[{"id":177,"href":"https:\/\/eventos.ifg.edu.br\/incomum\/wp-json\/wp\/v2\/pages\/60\/revisions\/177"}],"wp:attachment":[{"href":"https:\/\/eventos.ifg.edu.br\/incomum\/wp-json\/wp\/v2\/media?parent=60"}],"curies":[{"name":"wp","href":"https:\/\/api.w.org\/{rel}","templated":true}]}}