{"id":31,"date":"2020-03-12T12:31:35","date_gmt":"2020-03-12T15:31:35","guid":{"rendered":"http:\/\/eventos.ifg.edu.br\/incomum\/?page_id=31"},"modified":"2020-04-13T19:39:39","modified_gmt":"2020-04-13T22:39:39","slug":"sobre","status":"publish","type":"page","link":"https:\/\/eventos.ifg.edu.br\/incomum\/sobre\/","title":{"rendered":"Sobre"},"content":{"rendered":"<p><a href=\"http:\/\/eventos.ifg.edu.br\/incomum\/wp-content\/uploads\/sites\/55\/2020\/03\/IMG_4573.jpg\"><img fetchpriority=\"high\" decoding=\"async\" class=\"alignnone size-full wp-image-38\" src=\"http:\/\/eventos.ifg.edu.br\/incomum\/wp-content\/uploads\/sites\/55\/2020\/03\/IMG_4573.jpg\" alt=\"IMG_4573\" width=\"1620\" height=\"1080\" \/><\/a><\/p>\n<p>O {in}comum\u00a0consolida-se atrav\u00e9s do di\u00e1logo entre os professores\/artistas\/pesquisadores em Artes (artes visuais, dan\u00e7a, m\u00fasica, teatro e audiovisual) do Instituto Federal de Goi\u00e1s, em seus v\u00e1rios <em>campi<\/em>, bem como entre atores de outras institui\u00e7\u00f5es p\u00fablicas de ensino &#8211; Universidade Federal de Goi\u00e1s &#8211; UFG e Universidade Federal do Amap\u00e1 &#8211; UNIFAP. Nossas atua\u00e7\u00f5es em n\u00edvel m\u00e9dio\/t\u00e9cnico, superior, na p\u00f3s-gradua\u00e7\u00e3o e extens\u00e3o, vem se desdobrando em artigos, reflex\u00f5es e relatos de experi\u00eancia, projetando o IFG em meios art\u00edsticos e cient\u00edficos atrav\u00e9s da participa\u00e7\u00e3o e publica\u00e7\u00e3o em eventos nacionais e internacionais. Tem como finalidade articular as produ\u00e7\u00f5es intercampus e interinstitucionais, promover a reflex\u00e3o e produ\u00e7\u00e3o de conhecimento em Artes e seu ensino com foco na profissionaliza\u00e7\u00e3o. Nesse sentido, entendemos a profissionaliza\u00e7\u00e3o\u00a0por duas inst\u00e2ncias principais: a) a profissionaliza\u00e7\u00e3o docente no \u00e2mbito do ensino, pesquisa e extens\u00e3o em arte; b) a profissionaliza\u00e7\u00e3o discente no \u00e2mbito da forma\u00e7\u00e3o art\u00edstica profissional no ensino regular, bem como nas a\u00e7\u00f5es de extens\u00e3o, em que escola e comunidade se contagiam.<\/p>\n<p style=\"text-align: left\">L\u00edder do Grupo:<br \/>\n<strong>Prof. Dr. Alexandre Guimar\u00e3es<\/strong><\/p>\n<p style=\"text-align: left\">Vice-l\u00edder:<br \/>\n<strong>Profa. Dra. Luciana Gomes Ribeiro<\/strong><\/p>\n<p><strong>incomum@ifg.edu.br<br \/>\nP\u00e1gina do grupo no\u00a0<a href=\"http:\/\/dgp.cnpq.br\/dgp\/espelhogrupo\/370535\">Diret\u00f3rio dos Grupos de Pesquisa no Brasil\/CNPq<\/a><br \/>\n<\/strong><\/p>\n<p><strong><a href=\"https:\/\/www.ifg.edu.br\/\">Instituto Federal de Goi\u00e1s &#8211; IFG<\/a><\/strong><br \/>\nCampus Aparecida de Goi\u00e2nia<br \/>\nAv. Universit\u00e1ria Vereador Vagner da Silva Ferreira, Quadra 1, Lote 1-A S\/N<br \/>\nParque Itatiaia, Aparecida de Goi\u00e2nia &#8211; GO, CEP: 74968-755<br \/>\n<a href=\"https:\/\/www.ifg.edu.br\/aparecida\">https:\/\/www.ifg.edu.br\/aparecida<\/a><\/p>\n<p>&nbsp;<\/p>\n<p><strong>Institui\u00e7\u00f5es Parceiras<\/strong><\/p>\n<p><a href=\"https:\/\/www.fav.ufg.br\">Faculdade de Artes Visuais &#8211;<\/a>\u00a0Universidade Federal de Goi\u00e1s<\/p>\n<p><a href=\"https:\/\/www2.unifap.br\/artes\/\">Licenciatura em Artes Visuais &#8211;<\/a>\u00a0Universidade Federal do Amap\u00e1<\/p>\n<p>&nbsp;<\/p>\n","protected":false},"excerpt":{"rendered":"<p>O {in}comum\u00a0consolida-se atrav\u00e9s do di\u00e1logo entre os professores\/artistas\/pesquisadores em Artes (artes visuais, dan\u00e7a, m\u00fasica, teatro e audiovisual) do Instituto Federal de Goi\u00e1s, em seus v\u00e1rios campi, bem como entre atores de outras institui\u00e7\u00f5es p\u00fablicas de ensino &#8211; Universidade Federal de Goi\u00e1s &#8211; UFG e Universidade Federal do Amap\u00e1 &#8211; UNIFAP. Nossas atua\u00e7\u00f5es em n\u00edvel m\u00e9dio\/t\u00e9cnico, &#8230; <a title=\"Sobre\" class=\"read-more\" href=\"https:\/\/eventos.ifg.edu.br\/incomum\/sobre\/\" aria-label=\"Read more about Sobre\">Ler mais<\/a><\/p>\n","protected":false},"author":68,"featured_media":0,"parent":0,"menu_order":0,"comment_status":"closed","ping_status":"closed","template":"","meta":{"footnotes":""},"class_list":["post-31","page","type-page","status-publish"],"_links":{"self":[{"href":"https:\/\/eventos.ifg.edu.br\/incomum\/wp-json\/wp\/v2\/pages\/31"}],"collection":[{"href":"https:\/\/eventos.ifg.edu.br\/incomum\/wp-json\/wp\/v2\/pages"}],"about":[{"href":"https:\/\/eventos.ifg.edu.br\/incomum\/wp-json\/wp\/v2\/types\/page"}],"author":[{"embeddable":true,"href":"https:\/\/eventos.ifg.edu.br\/incomum\/wp-json\/wp\/v2\/users\/68"}],"replies":[{"embeddable":true,"href":"https:\/\/eventos.ifg.edu.br\/incomum\/wp-json\/wp\/v2\/comments?post=31"}],"version-history":[{"count":12,"href":"https:\/\/eventos.ifg.edu.br\/incomum\/wp-json\/wp\/v2\/pages\/31\/revisions"}],"predecessor-version":[{"id":212,"href":"https:\/\/eventos.ifg.edu.br\/incomum\/wp-json\/wp\/v2\/pages\/31\/revisions\/212"}],"wp:attachment":[{"href":"https:\/\/eventos.ifg.edu.br\/incomum\/wp-json\/wp\/v2\/media?parent=31"}],"curies":[{"name":"wp","href":"https:\/\/api.w.org\/{rel}","templated":true}]}}