{"id":26,"date":"2020-03-12T11:58:16","date_gmt":"2020-03-12T14:58:16","guid":{"rendered":"http:\/\/eventos.ifg.edu.br\/incomum\/?page_id=26"},"modified":"2020-04-13T17:39:18","modified_gmt":"2020-04-13T20:39:18","slug":"seminario-de-pesquisa","status":"publish","type":"page","link":"https:\/\/eventos.ifg.edu.br\/incomum\/seminario-de-pesquisa\/","title":{"rendered":"Eventos"},"content":{"rendered":"<pre><strong>I {in}comum - 29 e 30 de agosto\/2019, Cidade de Goi\u00e1s<\/strong>\r\n<\/pre>\n<p>O I {in}comum &#8211; Semin\u00e1rio de Pesquisa em Arte, Educa\u00e7\u00e3o, Profissionaliza\u00e7\u00e3o e Comunidades aconteceu em agosto de 2019, no IFG &#8211; Campus Cidade de Goi\u00e1s, com o tema &#8220;A pesquisa em Arte em estados de crise. A primeira edi\u00e7\u00e3o do semin\u00e1rio foi coordenada pelo l\u00edder do {in}comum, Prof. Alexandre Guimar\u00e3es, com coordena\u00e7\u00e3o local, na Cidade de Goi\u00e1s,\u00a0da Profa. Ana Rita da Silva.<\/p>\n<p>[WRGF id=80]<\/p>\n<p>Acesse not\u00edcias do semin\u00e1rio no <a href=\"https:\/\/www.ifg.edu.br\/ultimas-noticias-campus-aparecida\/14674-ifg-promove-seminario-nacional-sobre-pesquisa-em-arte-em-estados-de-crise\">Portal do IFG.<\/a><\/p>\n<p>Acesse <a href=\"https:\/\/www.ifg.edu.br\/attachments\/article\/14674\/program_vertical.pdf\">aqui<\/a> a programa\u00e7\u00e3o do semin\u00e1rio.<\/p>\n<p>&nbsp;<\/p>\n<pre><strong>II {in}comum - 2020, data a definir<\/strong><\/pre>\n","protected":false},"excerpt":{"rendered":"<p>I {in}comum &#8211; 29 e 30 de agosto\/2019, Cidade de Goi\u00e1s O I {in}comum &#8211; Semin\u00e1rio de Pesquisa em Arte, Educa\u00e7\u00e3o, Profissionaliza\u00e7\u00e3o e Comunidades aconteceu em agosto de 2019, no IFG &#8211; Campus Cidade de Goi\u00e1s, com o tema &#8220;A pesquisa em Arte em estados de crise. A primeira edi\u00e7\u00e3o do semin\u00e1rio foi coordenada pelo &#8230; <a title=\"Eventos\" class=\"read-more\" href=\"https:\/\/eventos.ifg.edu.br\/incomum\/seminario-de-pesquisa\/\" aria-label=\"Read more about Eventos\">Ler mais<\/a><\/p>\n","protected":false},"author":68,"featured_media":0,"parent":0,"menu_order":0,"comment_status":"closed","ping_status":"closed","template":"","meta":{"footnotes":""},"class_list":["post-26","page","type-page","status-publish"],"_links":{"self":[{"href":"https:\/\/eventos.ifg.edu.br\/incomum\/wp-json\/wp\/v2\/pages\/26"}],"collection":[{"href":"https:\/\/eventos.ifg.edu.br\/incomum\/wp-json\/wp\/v2\/pages"}],"about":[{"href":"https:\/\/eventos.ifg.edu.br\/incomum\/wp-json\/wp\/v2\/types\/page"}],"author":[{"embeddable":true,"href":"https:\/\/eventos.ifg.edu.br\/incomum\/wp-json\/wp\/v2\/users\/68"}],"replies":[{"embeddable":true,"href":"https:\/\/eventos.ifg.edu.br\/incomum\/wp-json\/wp\/v2\/comments?post=26"}],"version-history":[{"count":17,"href":"https:\/\/eventos.ifg.edu.br\/incomum\/wp-json\/wp\/v2\/pages\/26\/revisions"}],"predecessor-version":[{"id":203,"href":"https:\/\/eventos.ifg.edu.br\/incomum\/wp-json\/wp\/v2\/pages\/26\/revisions\/203"}],"wp:attachment":[{"href":"https:\/\/eventos.ifg.edu.br\/incomum\/wp-json\/wp\/v2\/media?parent=26"}],"curies":[{"name":"wp","href":"https:\/\/api.w.org\/{rel}","templated":true}]}}