{"id":218,"date":"2022-09-27T19:16:38","date_gmt":"2022-09-27T22:16:38","guid":{"rendered":"http:\/\/eventos.ifg.edu.br\/incomum\/?page_id=218"},"modified":"2022-11-23T14:56:57","modified_gmt":"2022-11-23T17:56:57","slug":"coloquio-2022","status":"publish","type":"page","link":"https:\/\/eventos.ifg.edu.br\/incomum\/coloquio-2022\/","title":{"rendered":"Col\u00f3quio 2022"},"content":{"rendered":"<h6><\/h6>\n<p><a href=\"http:\/\/eventos.ifg.edu.br\/incomum\/wp-content\/uploads\/sites\/55\/2022\/09\/logo_inst-1.png\"><img fetchpriority=\"high\" decoding=\"async\" class=\"alignnone size-full wp-image-238\" src=\"http:\/\/eventos.ifg.edu.br\/incomum\/wp-content\/uploads\/sites\/55\/2022\/09\/logo_inst-1.png\" alt=\"logo_inst\" width=\"1569\" height=\"1000\" \/><\/a><\/p>\n<p>&nbsp;<\/p>\n<p>&nbsp;<\/p>\n<p><span style=\"color: #000000\"><strong>O Incomum Grupo de Pesquisa (IFG Campus Aparecida de Goi\u00e2nia) e o Grupo de Pesquisa em Arte e Audiovisual\u00a0 &#8211; GPA (IFG Campus Cidade de Goi\u00e1s) realizam, nos dias 24 e 25 de novembro de 2022,<\/strong><\/span><br \/>\n<span style=\"color: #000000\"><strong>o I\u00a0COL\u00d3QUIO DO GRUPO DE PESQUISA EM ARTES E AUDIOVISUAL &#8211; GPA\u00a0e o II COL\u00d3QUIO DO INCOMUM GRUPO DE PESQUISA, no Campus Cidade de Goi\u00e1s,\u00a0com a tem\u00e1tica Educa\u00e7\u00e3o, Mem\u00f3ria e Territ\u00f3rios.\u00a0<\/strong><\/span><\/p>\n<p><span style=\"color: #000000\">O evento\u00a0re\u00fane dois grupos de pesquisas na \u00e1rea de Artes e Audiovisual, ampara-se na ideia de lugares, com seus grupos e suas produ\u00e7\u00f5es de sentidos, de conhecimentos e, tamb\u00e9m, de servi\u00e7os, bens culturais e materiais. A imagem de sua identidade visual, de autoria do Prof. Alexandre Guimar\u00e3es, \u00e9 um desenho que representa um &#8220;cercado sem porteira&#8221;, o que estimula movimentos &#8211; entrada, sa\u00edda, perman\u00eancia &#8211; em territ\u00f3rios configurados por um povo, sua cultura, trabalho e arte. Convida a pensar os agrupamentos, as fronteiras, limites e barreiras. Remete, tamb\u00e9m, \u00e0 terra, ao campo e seu povo que planta, produz cultura e luta por suas identidades e representatividades sociais. Nesse campo delimitado, por\u00e9m convidativo ao fluxo de ideias que entram e saem, cria-se uma arena para o debate em Educa\u00e7\u00e3o, Mem\u00f3ria e Territ\u00f3rios, mediado pela investiga\u00e7\u00e3o, produ\u00e7\u00e3o e aprecia\u00e7\u00e3o em Arte e Audiovisual. <\/span><\/p>\n<p><strong>Financiamento:<br \/>\n<\/strong><span style=\"color: #000000\">Este evento \u00e9 financiado pela Funda\u00e7\u00e3o de Amparo \u00e0 Pesquisa do Estado de Goi\u00e1s &#8211; FAPEG, por meio da<br \/>\n<\/span><a href=\"http:\/\/www.fapeg.go.gov.br\/chamada-publica-no-06-2022-programa-de-auxilio-a-realizacao-de-eventos-cientificos-tecnologicos-e-de-inovacao\/\">CHAMADA P\u00daBLICA N\u00ba 06\/2022 \u2013 PROGRAMA DE AUX\u00cdLIO \u00c0 REALIZA\u00c7\u00c3O DE EVENTOS CIENT\u00cdFICOS, TECNOL\u00d3GICOS E DE INOVA\u00c7\u00c3O<\/a>.<\/p>\n<p><strong>Realiza\u00e7\u00e3o:<\/strong><br \/>\nGPA &#8211; Campus Cidade de Goi\u00e1s<br \/>\nINCOMUM\u00a0&#8211; Aparecida de Goi\u00e2nia<\/p>\n<hr \/>\n<h2><a href=\"http:\/\/eventos.ifg.edu.br\/incomum\/wp-content\/uploads\/sites\/55\/2022\/09\/banner_chamada_trabalhos-1.png\"><img decoding=\"async\" class=\"alignnone wp-image-251 aligncenter\" src=\"http:\/\/eventos.ifg.edu.br\/incomum\/wp-content\/uploads\/sites\/55\/2022\/09\/banner_chamada_trabalhos-1.png\" alt=\"banner_chamada_trabalhos\" width=\"608\" height=\"608\" \/><\/a><\/h2>\n<p>&nbsp;<\/p>\n<h2 style=\"text-align: left;padding-left: 150px\">CHAMADA DE TRABALHOS<\/h2>\n<p style=\"padding-left: 150px\"><strong>FORMATO DO EVENTO<\/strong><br \/>\nO evento acontecer\u00e1 de forma <strong>presencial<\/strong>, n\u00e3o sendo poss\u00edvel a participa\u00e7\u00e3o e\/ou<br \/>\napresenta\u00e7\u00e3o de trabalhos de forma remota.<\/p>\n<p style=\"padding-left: 150px\"><strong>LIMITE DE INSCRI\u00c7\u00c3O DE TRABALHOS<\/strong><br \/>\nCada participante poder\u00e1 inscrever 1 trabalho em cada modalidade<br \/>\n(comunica\u00e7\u00e3o oral e p\u00f4ster) e participar, em coautoria, de 1 trabalho em cada modalidade<\/p>\n<pre style=\"text-align: left;padding-left: 150px\"><a href=\"https:\/\/drive.google.com\/file\/d\/18u7LB4yvXgZ6e6Irii892biS6Gq4mbfV\/view?usp=sharing\">Acesse a chamada de trabalhos<\/a>\r\n\r\n<a href=\"https:\/\/docs.google.com\/document\/d\/1BBlYxFjVVlleINx43i_Gm0DCPBiiRtbJ\/edit?usp=sharing&amp;ouid=101713946976742043485&amp;rtpof=true&amp;sd=true\">Acesse o modelo para envio de RESUMO EXPANDIDO<\/a>\r\n\r\n<a href=\"https:\/\/docs.google.com\/document\/d\/1boAKb9oRnKYN3K-f23qLYTo0xefnWReD\/edit?usp=sharing&amp;ouid=101713946976742043485&amp;rtpof=true&amp;sd=true\">Acesse o modelo para envio do RESUMO SIMPLES<\/a>\r\n\r\n<a href=\"https:\/\/docs.google.com\/document\/d\/1njeXNtLzuHGbr7HOKjpMkNnl2AZzQAp7\/edit?usp=sharing&amp;ouid=101713946976742043485&amp;rtpof=true&amp;sd=true\">Acesse a ficha de inscri\u00e7\u00e3o\r\n\r\n<\/a>Trabalhos aprovados: 23\/11\/2022<\/pre>\n<h2 style=\"text-align: center\"><\/h2>\n<blockquote><p><strong>ORIENTA\u00c7\u00d5ES PARA AS APRESENTA\u00c7\u00d5ES DE COMUNICA\u00c7\u00d5ES ORAIS:<\/strong><\/p>\n<ol>\n<li>Os apresentadores-autores\u00a0devem estar presentes no in\u00edcio da Sess\u00e3o de Comunica\u00e7\u00e3o Oral e\u00a0devem ficar at\u00e9 o final. \u00c9 fundamental que todos\/as os\/as -apresentadores\/as dos trabalhos\u00a0 estejam presentes,\u00a0desde o in\u00edcio at\u00e9 o final da Sess\u00e3o, para que os debates sejam, efetivamente, espa\u00e7os privilegiados de reflex\u00e3o e de produ\u00e7\u00e3o de conhecimentos;<\/li>\n<li>Os\/as apresentadores\/as-autores\/as\u00a0devem observar o tempo de apresenta\u00e7\u00e3o dispon\u00edvel, <strong>que ser\u00e1 de 15 minutos<\/strong>. \u00c9 muito importante que\u00a0todos cumpram, com precis\u00e3o, esses tempo, pois assim haver\u00e1 um per\u00edodo adequado para o desenvolvimento dos debates, que ocorrer\u00e3o ao final de todas as apresenta\u00e7\u00f5es\u00a0de cada bloco;<\/li>\n<li>Para as apresenta\u00e7\u00f5es de comunica\u00e7\u00f5es orais\u00a0estar\u00e3o dispon\u00edveis computador e\u00a0datashow. Contudo, a Comiss\u00e3o Organizadora Local\u00a0orienta para que os arquivos das apresenta\u00e7\u00f5es sejam gravados e disponibilizadas no formato PDF. Isso \u00e9 necess\u00e1rio para que n\u00e3o ocorram problemas de incompatibilidade de softwares.\u00a0Os arquivos para as apresenta\u00e7\u00f5es\u00a0ser\u00e3o copiados para o computador dispon\u00edvel na sala da Sess\u00e3o, no ato da Comunica\u00e7\u00e3o Oral;<\/li>\n<li>\u00c9 muito importante que\u00a0os\/as autores\/as verifiquem se os nomes que constam na programa\u00e7\u00e3o est\u00e3o corretos e completos, porque s\u00e3o estes que ser\u00e3o utilizados para a confec\u00e7\u00e3o dos certificados. Em caso de problemas, pedimos que encaminhem mensagem para o e-mail da coordena\u00e7\u00e3o do evento.<\/li>\n<\/ol>\n<p>&nbsp;<\/p>\n<p><strong>ORIENTA\u00c7\u00d5ES PARA AS APRESENTA\u00c7\u00d5ES DE\u00a0P\u00d4STER:<\/strong><\/p>\n<ol>\n<li>Formato, material e conte\u00fado s\u00e3o livres, desde que sintetizem a pesquisa de forma objetiva;<\/li>\n<li>Dever\u00e1 conter o t\u00edtulo, autoria e resumo do trabalho;<\/li>\n<li>Poder\u00e1 conter imagens, gr\u00e1ficos, quadros, tabelas ou outros elementos livres;<\/li>\n<li>Pode ser feito de modo manual (sobre papel) ou impresso em lona, em qualquer formato;<\/li>\n<li>Sugere-se n\u00e3o ultrapassar 100 x 120 cm, devido \u00e0 base de fixa\u00e7\u00e3o.<\/li>\n<\/ol>\n<\/blockquote>\n<p>&nbsp;<\/p>\n<h2 style=\"text-align: center\"><strong>TRABALHOS APROVADOS<\/strong><\/h2>\n<p>&nbsp;<\/p>\n<p>As apresenta\u00e7\u00f5es dos trabalhos acad\u00eamicos ocorrer\u00e3o no dia 25\/11\/2022, a partir das 14h at\u00e9 18h, no bloco 5 do IFG &#8211; Campus Cidade Goi\u00e1s.<\/p>\n<p>&nbsp;<\/p>\n<p><strong>RESUMOS EXPANDIDOS<\/strong><br \/>\nAs apresenta\u00e7\u00f5es dos resumos expandidos ocorrer\u00e3o em dois momentos:<br \/>\n<strong>Entre 14h e 15h15min:<\/strong><br \/>\n1. A EDUCA\u00c7\u00c3O IND\u00cdGENA A PARTIR DAS POL\u00cdTICAS P\u00daBLICAS<br \/>\n2. A REPRESENTA\u00c7\u00c3O DA MULHER NEGRA NAS ARTES VISUAIS<br \/>\n3. DESVENDANDO MEM\u00d3RIAS: DAN\u00c7A DO VENTRE E TRANSNACIONALIZA\u00c7\u00c3O<br \/>\n4. ENTRE CASULOS E BORBOLETAS: ARTE, EXPERI\u00caNCIAS E NARRATIVAS NA EDUCA\u00c7\u00c3O DE JOVENS E ADULTOS<br \/>\n<strong>Intervalo de 15 min<\/strong><br \/>\n<strong>Entre 15h30min e 17h:<\/strong><br \/>\n1. HABITANDO O N\u00c3O LUGAR: FANZINES, INTERSECCIONALIDADE E ENSINO DE ARTE<br \/>\n2. MODOS DE OFUSCAR OS OLHOS: F(R)ICCIONANDO O IMAGIN\u00c1RIO<br \/>\n3. MUSICALIZA\u00c7\u00c3O NA EDUCA\u00c7\u00c3O INFANTIL: REFLEX\u00d5ES SOBRE A PR\u00c1TICA EDUCATIVA \u00c0 LUZ DA TEORIA ADORNIANA<br \/>\n4. PROCESSOS A\/R\/TOGR\u00c1FICOS EM TRAVESSIA: EXPERIMENTA\u00c7\u00d5ES DA PESQUISA<\/p>\n<p>&nbsp;<\/p>\n<p><strong>RESUMOS SIMPLES<\/strong><\/p>\n<p>Os banners dever\u00e3o ficar expostos entre 14h e 18h.<br \/>\nOs avaliadores passar\u00e3o em frente aos banners para avalia\u00e7\u00e3o das 17h at\u00e9 \u00e0s 18h.<\/p>\n<p>&nbsp;<\/p>\n<p>APROVADO &#8211; RESUMO SIMPLES &#8211; A CUCA QUE TE NINOU RESSIGNIFICA\u00c7\u00c3O DE DATAS COMEMORATIVAS<\/p>\n<p>APROVADO &#8211; RESUMO SIMPLES &#8211; ALFABETIZA\u00c7\u00c3O E AS CONTRIBUI\u00c7\u00d5ES DAS ARTES VISUAIS<\/p>\n<p>APROVADO &#8211; RESUMO SIMPLES &#8211; CONTRIBUI\u00c7\u00c3O DA EDUCA\u00c7\u00c3O SOM\u00c1TICA EM UMA FORMA\u00c7\u00c3O<\/p>\n<p>APROVADO &#8211; RESUMO SIMPLES &#8211; CORPO MULHER E MEM\u00d3RIA EM BUSCA DE UM PROCESSO PEDAG\u00d3GICO<\/p>\n<p>APROVADO &#8211; RESUMO SIMPLES &#8211; \u00c9 DE CASA \u2013 RELA\u00c7\u00d5ES ENTRE ARTE-CASA-MORADIA<\/p>\n<p>APROVADO &#8211; RESUMO SIMPLES &#8211; EST\u00c1GIO EM ARTES VISUAIS<\/p>\n<p>APROVADO &#8211; RESUMO SIMPLES &#8211; EXPERI\u00caNCIA EM ENSINO DE ARTES VISUAIS JANELAS QUE SE ABREM<\/p>\n<p>APROVADO &#8211; RESUMO SIMPLES &#8211; MEM\u00d3RIAS DOCENTES E PO\u00c9TICAS DO BORDADO DAN\u00c7ADO<\/p>\n<p>APROVADO &#8211; RESUMO SIMPLES &#8211; MEM\u00d3RIAS, AFETOS E DESEJOS REFLEX\u00d5ES SOBRE O ENSINO<\/p>\n<p>APROVADO &#8211; RESUMO SIMPLES &#8211; PIANO UMA PROPOSTA PEDAG\u00d3GICA DE UM PROJETO DE EXTENS\u00c3O<\/p>\n<p>APROVADO &#8211; RESUMO SIMPLES &#8211; PO\u00c9TICAS VISUAIS DI\u00c1LOGOS ENTRE ARTE, PLANTAS<\/p>\n<p>APROVADO &#8211; RESUMO SIMPLES &#8211; PO\u00c9TICAS VISUAIS E EXPERI\u00caNCIAS DE EST\u00c1GIO O ENSINO B\u00c1SICO E EJA<\/p>\n<p>&nbsp;<\/p>\n<p>&nbsp;<\/p>\n<p><a href=\"https:\/\/sugep.ifg.edu.br\/eventos\/#\/publico\/eventos\/6815a3cc-6e31-4b15-98a1-2319ccacb657\/inscricao\"><img decoding=\"async\" class=\"wp-image-375 aligncenter\" src=\"http:\/\/eventos.ifg.edu.br\/incomum\/wp-content\/uploads\/sites\/55\/2022\/09\/Inscreva-se.png\" alt=\"Inscreva-se\" width=\"431\" height=\"132\" \/><\/a><\/p>\n<p><strong>ATEN\u00c7\u00c3O!<\/strong><br \/>\nPara participar e garantir a emiss\u00e3o de sua certifica\u00e7\u00e3o, \u00e9\u00a0 necess\u00e1rio se <a href=\"https:\/\/sugep.ifg.edu.br\/eventos\/#\/publico\/eventos\/6815a3cc-6e31-4b15-98a1-2319ccacb657\/inscricao\">inscrever no evento<\/a>. Al\u00e9m da inscri\u00e7\u00e3o geral no evento, \u00e9 necess\u00e1rio se inscrever em cada atividade descrita na programa\u00e7\u00e3o, para garantir sua vaga e a certifica\u00e7\u00e3o de participa\u00e7\u00e3o, com a contagem de horas em atividades.<\/p>\n<p>&nbsp;<\/p>\n<h2 style=\"text-align: center\">P R O G R A M A \u00c7 \u00c3 O<\/h2>\n<p>&nbsp;<\/p>\n<h3><\/h3>\n<h3><span style=\"color: #ff0000\"><strong>1\u00ba Dia, 24\/11\/2022 (quinta-feira)<\/strong><\/span><\/h3>\n<table width=\"785\">\n<tbody>\n<tr>\n<td><strong>8 \u00e0s 12h\u00a0<\/strong><\/td>\n<td>Mini-curso de Vitrifica\u00e7\u00e3o Cer\u00e2mica com Girleide Maria Alves &#8211; Parte 1<\/td>\n<td>Rua S\u00e3o Sebasti\u00e3o, n. 3, Bairro Jo\u00e3o Francisco<br \/>\n(Ao fundo da rodovi\u00e1ria). Casa da Artes\u00e3 Lu\u00edza.<\/td>\n<\/tr>\n<tr>\n<td><strong>11 \u00e0s 12h<\/strong><\/td>\n<td>Apresenta\u00e7\u00e3o art\u00edstica: Grupo Corpo Composto, IFG &#8211; Campus Aparecida de Goi\u00e2nia<\/td>\n<td>Local: Campus Cidade de Goi\u00e1s &#8211;\u00a0<em>hall<\/em>\u00a0da sala dos professores<\/td>\n<\/tr>\n<tr>\n<td><strong>14 \u00e0s 15h30\u00a0<\/strong><\/td>\n<td>Reuni\u00e3o de grupo de pesquisa:<\/p>\n<p>Grupo em Arte, Educa\u00e7\u00e3o, Profissionaliza\u00e7\u00e3o e Comunidades &#8211; INCOMUM<\/td>\n<td>Local: Campus Cidade de Goi\u00e1s &#8211; sala de reuni\u00f5es<\/td>\n<\/tr>\n<tr>\n<td><strong>16 \u00e0s 17h30\u00a0<\/strong><\/td>\n<td>Reuni\u00e3o de grupo de pesquisa:<\/p>\n<p>Grupo de Pesquisa em Artes e Audiovisual &#8211; GPA<\/td>\n<td>Local: Campus Cidade de Goi\u00e1s &#8211; sala de reuni\u00f5es<\/td>\n<\/tr>\n<tr>\n<td><strong>19 \u00e0s 22h\u00a0<\/strong><\/td>\n<td>Apresenta\u00e7\u00e3o art\u00edstica:<\/p>\n<p><strong>O que daqui me chega<\/strong><br \/>\nCinara Santana<br \/>\ndiscente da Licenciatura em Dan\u00e7a<\/p>\n<h2><\/h2>\n<h2><strong>Mesa de abertura:<br \/>\nEduca\u00e7\u00e3o, Mem\u00f3ria e Territ\u00f3rios<\/strong><\/h2>\n<p>&nbsp;<\/p>\n<p><strong>Ema Pires<br \/>\n<\/strong>Professora Visitante, Universidade Federal de Goi\u00e1s, Brasil IHC.U\u00c9\/In2Past, Portugal<\/p>\n<p><strong>Marian Helen da Silva Gomes Rodrigues<br \/>\n<\/strong>Chefe do Parque Nacional da Serra do Pardo &#8211; ICMBio<\/p>\n<p><strong>Girleide Maria Alves de Oliveira<\/strong><br \/>\nRepresentante da Cer\u00e2mica Artesanal da Serra da Capivara<\/p>\n<p>Media\u00e7\u00e3o: Leda Guimar\u00e3es<br \/>\nProfessora do Programa de P\u00f3s-Gradua\u00e7\u00e3o em Arte e Cultura Visual e do PPG\u00a0Artes &#8211; Mestrado Profissional em Artes &#8211; PROFARTES\u00a0e membro do INCOMUM Grupo de Pesquisa<\/td>\n<td>Local: Audit\u00f3rio da Universidade Estadual de Goi\u00e1s &#8211; UEG<\/td>\n<\/tr>\n<\/tbody>\n<\/table>\n<p>&nbsp;<\/p>\n<h3><span style=\"color: #ff0000\"><strong>2\u00ba Dia, 25\/11\/2022 (sexta-feira)<\/strong><\/span><\/h3>\n<table width=\"785\">\n<tbody>\n<tr>\n<td rowspan=\"4\"><strong>8 \u00e0s 12h<\/strong><\/td>\n<td>Mini-curso de Vitrifica\u00e7\u00e3o Cer\u00e2mica com Girleide Maria Alves &#8211; Parte 2<\/td>\n<td>Rua S\u00e3o Sebasti\u00e3o, n. 3, Bairro Jo\u00e3o Francisco<br \/>\n(Ao fundo da rodovi\u00e1ria). Casa da Artes\u00e3 Lu\u00edza.<\/td>\n<\/tr>\n<tr>\n<td>Oficinas de Cer\u00e2mica &#8211; Mulheres Coralinas<\/td>\n<td>Local:<\/p>\n<p>Sede das Coralinas, no Setor Rio Vermelho<\/td>\n<\/tr>\n<tr>\n<td>(9h &#8211; 12h) Mini-curso Ventre Dan\u00e7ado, com Cinara Santana, discente da Licenciatura em Dan\u00e7a &#8211; Campus Aparecida de Goi\u00e2nia<\/td>\n<td>Campus Cidade de Goi\u00e1s &#8211; sal\u00e3o de eventos<\/td>\n<\/tr>\n<tr>\n<td>Mini-curso: Audiografia (fotografia e audiovisual)<br \/>\nVanessa Bohn<\/td>\n<td>Campus Cidade de Goi\u00e1s, Bloco 5, sala 501\/superior<\/td>\n<\/tr>\n<tr>\n<td><strong>14 \u00e0s 18h<\/strong><\/td>\n<td>Apresenta\u00e7\u00e3o de trabalhos acad\u00eamicos: comunica\u00e7\u00e3o oral e p\u00f4ster<\/td>\n<td>Local: Campus Cidade de Goi\u00e1s &#8211; Bloco 5<\/td>\n<\/tr>\n<tr>\n<td><strong>19h<\/strong><\/td>\n<td><strong>Corpo\u00e9tica<br \/>\n<\/strong>Interven\u00e7\u00e3o art\u00edstica da Licenciatura em Dan\u00e7a &#8211; Campus Aparecida de Goi\u00e2nia&nbsp;<\/p>\n<p>&nbsp;<\/p>\n<p><strong>Mesa de Encerramento<\/strong>:<br \/>\nPap\u00e9is institucionais, diante da produ\u00e7\u00e3o e organiza\u00e7\u00e3o no campo do artesanato, na cidade de Goi\u00e1s.<\/p>\n<p>&nbsp;<\/p>\n<p>&nbsp;<\/p>\n<p><strong>Girleide Maria Alves de Oliveira<\/strong><\/p>\n<p>&nbsp;<\/p>\n<p><strong>Marian Helen da Silva Gomes Rodrigues<\/strong><\/p>\n<p>&nbsp;<\/p>\n<p><strong>\u00c1dria Lopes Ferreira<\/strong>Media\u00e7\u00e3o: Samuel S\u00e1<\/td>\n<td>Local: Campus Cidade de Goi\u00e1s &#8211;\u00a0<em>hall<\/em>\u00a0da sala dos professores<\/p>\n<p>&nbsp;<\/td>\n<\/tr>\n<\/tbody>\n<\/table>\n<hr \/>\n<h6>Fotografia: <a href=\"https:\/\/www.curtamais.com.br\/goiania\/mais-antiga-cidade-de-goias-reune-charme-sabor-e-poesia-em-3-seculos-de-historia\">Curta Mais <img decoding=\"async\" src=\"https:\/\/www.curtamais.com.br\/uploads\/midias\/3613d9c944ec182b12abcc50dbcbb96d.jpg\" alt=\"Mais antiga Cidade de Goi\u00e1s re\u00fane charme, sabor e poesia em 3 s\u00e9culos de hist\u00f3ria - Curta Mais\" \/> <\/a><\/h6>\n<p>&nbsp;<\/p>\n<h2>CONHE\u00c7A A CIDADE DE GOI\u00c1S<\/h2>\n<p style=\"text-align: left\"><a href=\"https:\/\/youtu.be\/4tTECG1GrAM\">https:\/\/youtu.be\/4tTECG1GrAM<\/a><\/p>\n<p style=\"text-align: left\"><a href=\"https:\/\/youtu.be\/ftv64gfH0NM\">https:\/\/youtu.be\/ftv64gfH0NM<\/a><\/p>\n<p style=\"text-align: left\"><a href=\"https:\/\/youtu.be\/ZKWeYAA0F_0\">https:\/\/youtu.be\/ZKWeYAA0F_0<\/a><\/p>\n<p style=\"text-align: left\">Localize a Cidade de Goi\u00e1s no <a href=\"https:\/\/www.google.com\/maps\/d\/viewer?mid=1HCpRNcKZG1N1yY1eBPysjhT8bo8&amp;hl=en_US&amp;ll=-15.897942000000008%2C-50.15258799999999&amp;z=12\">Google Maps<\/a><\/p>\n<p style=\"text-align: left\">Aplicativo <em>Cidade de Goi\u00e1s:<\/em> <a href=\"https:\/\/apps.apple.com\/br\/app\/cidade-de-goi%C3%A1s\/id1544992654\">baixar<\/a><\/p>\n<p style=\"text-align: left\">[social_share style=&#8221;circle&#8221; align=&#8221;horizontal&#8221; heading_align=&#8221;inline&#8221; text=&#8221;&#8221; heading=&#8221;&#8221; facebook=&#8221;1&#8243; twitter=&#8221;1&#8243; google_plus=&#8221;0&#8243; linkedin=&#8221;0&#8243; pinterest=&#8221;0&#8243; link=&#8221;&#8221; \/]<\/p>\n","protected":false},"excerpt":{"rendered":"<p>&nbsp; &nbsp; O Incomum Grupo de Pesquisa (IFG Campus Aparecida de Goi\u00e2nia) e o Grupo de Pesquisa em Arte e Audiovisual\u00a0 &#8211; GPA (IFG Campus Cidade de Goi\u00e1s) realizam, nos dias 24 e 25 de novembro de 2022, o I\u00a0COL\u00d3QUIO DO GRUPO DE PESQUISA EM ARTES E AUDIOVISUAL &#8211; GPA\u00a0e o II COL\u00d3QUIO DO INCOMUM &#8230; <a title=\"Col\u00f3quio 2022\" class=\"read-more\" href=\"https:\/\/eventos.ifg.edu.br\/incomum\/coloquio-2022\/\" aria-label=\"Read more about Col\u00f3quio 2022\">Ler mais<\/a><\/p>\n","protected":false},"author":68,"featured_media":0,"parent":0,"menu_order":0,"comment_status":"closed","ping_status":"closed","template":"","meta":{"footnotes":""},"class_list":["post-218","page","type-page","status-publish"],"_links":{"self":[{"href":"https:\/\/eventos.ifg.edu.br\/incomum\/wp-json\/wp\/v2\/pages\/218"}],"collection":[{"href":"https:\/\/eventos.ifg.edu.br\/incomum\/wp-json\/wp\/v2\/pages"}],"about":[{"href":"https:\/\/eventos.ifg.edu.br\/incomum\/wp-json\/wp\/v2\/types\/page"}],"author":[{"embeddable":true,"href":"https:\/\/eventos.ifg.edu.br\/incomum\/wp-json\/wp\/v2\/users\/68"}],"replies":[{"embeddable":true,"href":"https:\/\/eventos.ifg.edu.br\/incomum\/wp-json\/wp\/v2\/comments?post=218"}],"version-history":[{"count":132,"href":"https:\/\/eventos.ifg.edu.br\/incomum\/wp-json\/wp\/v2\/pages\/218\/revisions"}],"predecessor-version":[{"id":398,"href":"https:\/\/eventos.ifg.edu.br\/incomum\/wp-json\/wp\/v2\/pages\/218\/revisions\/398"}],"wp:attachment":[{"href":"https:\/\/eventos.ifg.edu.br\/incomum\/wp-json\/wp\/v2\/media?parent=218"}],"curies":[{"name":"wp","href":"https:\/\/api.w.org\/{rel}","templated":true}]}}