{"id":2,"date":"2020-03-02T18:08:10","date_gmt":"2020-03-02T21:08:10","guid":{"rendered":"http:\/\/eventos.ifg.edu.br\/incomum\/?page_id=2"},"modified":"2022-11-17T11:49:54","modified_gmt":"2022-11-17T14:49:54","slug":"pagina-exemplo","status":"publish","type":"page","link":"https:\/\/eventos.ifg.edu.br\/incomum\/pagina-exemplo\/","title":{"rendered":"Pesquisadores"},"content":{"rendered":"<p>O <strong>{in}comum<\/strong>\u00a0agrupa pesquisadores do Instituto Federal de Goi\u00e1s &#8211; IFG, bem como da da Universidade Federal de Goi\u00e1s &#8211; UFG e da Universidade Federal do Amap\u00e1 &#8211; UNIFAP. Est\u00e1 sediado no IFG &#8211; Campus Aparecida de Goi\u00e2nia, com participa\u00e7\u00e3o de pesquisadores dos campus: An\u00e1polis, Cidade de Goi\u00e1s, Goi\u00e2nia e Inhumas.<\/p>\n<p>P\u00e1gina no CNPq:<br \/>\n<a href=\"http:\/\/dgp.cnpq.br\/dgp\/espelhogrupo\/370535\">Diret\u00f3rio dos Grupos de Pesquisa no Brasil<\/a><\/p>\n<p><a href=\"http:\/\/lattes.cnpq.br\/7394897517329183\"><br \/>\nProf. Dr. Alexandre Guimar\u00e3es\u00a0<\/a>\u00a0(L\u00edder do grupo de pesquisa)<\/p>\n<p><a href=\"http:\/\/lattes.cnpq.br\/6226484895876625\">Profa. Dra. Ana Rita da Silva<\/a><\/p>\n<p><a href=\"http:\/\/lattes.cnpq.br\/7522532445048102\">Profa. Me.\u00a0Elza Gabriela Godinho Miranda<\/a><\/p>\n<p><a href=\"http:\/\/lattes.cnpq.br\/6725045193659141\">Profa. Me.\u00a0Giovana Consorte de Souza<\/a><\/p>\n<p><a href=\"http:\/\/lattes.cnpq.br\/1491866271915819\">Profa. Dra.\u00a0Leda Maria de Barros Guimaraes<\/a><\/p>\n<p><a href=\"http:\/\/lattes.cnpq.br\/7440441225670402\">Profa. Dra.\u00a0Luciana Gomes Ribeiro<\/a>\u00a0(Vice-l\u00edder do grupo de pesquisa)<\/p>\n<p><a href=\"http:\/\/lattes.cnpq.br\/7404650663127050\">Profa. Dra.\u00a0M\u00f4nica Mitchell de Morais Braga<\/a><\/p>\n<p><a href=\"http:\/\/lattes.cnpq.br\/2901640426484813\">Prof. Me.\u00a0Paulo Reis Nunes<\/a><\/p>\n<p><a href=\"http:\/\/lattes.cnpq.br\/0721571482875890\">Prof. Me. Roberto Rodrigues<\/a><\/p>\n<p><a href=\"http:\/\/lattes.cnpq.br\/6172804939052936\">Prof. Me.\u00a0Ronan Gil de Morais<\/a><\/p>\n<p><a href=\"http:\/\/lattes.cnpq.br\/4255902574877162\">Profa. Me.\u00a0Rousejanny da Silva Ferreira<\/a><\/p>\n<p><a href=\"http:\/\/lattes.cnpq.br\/6038079327109593\">Profa. Dra.\u00a0Silvia Carla Marques Costa<\/a><\/p>\n<p><a href=\"http:\/\/lattes.cnpq.br\/7585666804574878\">Profa. Me.\u00a0Tain\u00e1 Dias de Moraes Barreto<\/a><\/p>\n<p><a href=\"http:\/\/lattes.cnpq.br\/3264985870511252\">Prof. Me.\u00a0Wagner Falc\u00e3o Carlos<\/a><\/p>\n","protected":false},"excerpt":{"rendered":"<p>O {in}comum\u00a0agrupa pesquisadores do Instituto Federal de Goi\u00e1s &#8211; IFG, bem como da da Universidade Federal de Goi\u00e1s &#8211; UFG e da Universidade Federal do Amap\u00e1 &#8211; UNIFAP. Est\u00e1 sediado no IFG &#8211; Campus Aparecida de Goi\u00e2nia, com participa\u00e7\u00e3o de pesquisadores dos campus: An\u00e1polis, Cidade de Goi\u00e1s, Goi\u00e2nia e Inhumas. P\u00e1gina no CNPq: Diret\u00f3rio dos &#8230; <a title=\"Pesquisadores\" class=\"read-more\" href=\"https:\/\/eventos.ifg.edu.br\/incomum\/pagina-exemplo\/\" aria-label=\"Read more about Pesquisadores\">Ler mais<\/a><\/p>\n","protected":false},"author":68,"featured_media":0,"parent":0,"menu_order":0,"comment_status":"closed","ping_status":"open","template":"","meta":{"footnotes":""},"class_list":["post-2","page","type-page","status-publish"],"_links":{"self":[{"href":"https:\/\/eventos.ifg.edu.br\/incomum\/wp-json\/wp\/v2\/pages\/2"}],"collection":[{"href":"https:\/\/eventos.ifg.edu.br\/incomum\/wp-json\/wp\/v2\/pages"}],"about":[{"href":"https:\/\/eventos.ifg.edu.br\/incomum\/wp-json\/wp\/v2\/types\/page"}],"author":[{"embeddable":true,"href":"https:\/\/eventos.ifg.edu.br\/incomum\/wp-json\/wp\/v2\/users\/68"}],"replies":[{"embeddable":true,"href":"https:\/\/eventos.ifg.edu.br\/incomum\/wp-json\/wp\/v2\/comments?post=2"}],"version-history":[{"count":13,"href":"https:\/\/eventos.ifg.edu.br\/incomum\/wp-json\/wp\/v2\/pages\/2\/revisions"}],"predecessor-version":[{"id":371,"href":"https:\/\/eventos.ifg.edu.br\/incomum\/wp-json\/wp\/v2\/pages\/2\/revisions\/371"}],"wp:attachment":[{"href":"https:\/\/eventos.ifg.edu.br\/incomum\/wp-json\/wp\/v2\/media?parent=2"}],"curies":[{"name":"wp","href":"https:\/\/api.w.org\/{rel}","templated":true}]}}