{"id":114,"date":"2020-03-15T22:26:13","date_gmt":"2020-03-16T01:26:13","guid":{"rendered":"http:\/\/eventos.ifg.edu.br\/incomum\/?page_id=114"},"modified":"2020-03-16T09:07:53","modified_gmt":"2020-03-16T12:07:53","slug":"revista","status":"publish","type":"page","link":"https:\/\/eventos.ifg.edu.br\/incomum\/revista\/","title":{"rendered":"Revista"},"content":{"rendered":"<p><a href=\"https:\/\/revistas.ifg.edu.br\/incomum\/index\"><img fetchpriority=\"high\" decoding=\"async\" class=\" wp-image-115 aligncenter\" src=\"http:\/\/eventos.ifg.edu.br\/incomum\/wp-content\/uploads\/sites\/55\/2020\/03\/logo.png\" alt=\"logo\" width=\"352\" height=\"212\" \/><\/a><\/p>\n<p>&nbsp;<\/p>\n<p>A\u00a0<strong><a href=\"https:\/\/revistas.ifg.edu.br\/incomum\/index\">incomum revista<\/a><\/strong>\u00a0\u00e9 um peri\u00f3dico do\u00a0<a href=\"http:\/\/eventos.ifg.edu.br\/incomum\/\">{in}comum grupo de pesquisa<\/a>\u00a0e dirige-se ao p\u00fablico da \u00e1rea de Artes e afins, tanto leitores quanto autores, em busca de manter uma plataforma de leitura livre, seja para a submiss\u00e3o de trabalhos ou para o acesso \u00e0 produ\u00e7\u00e3o pr\u00e1tica, reflexiva e aplicada em Arte, ao considerar os movimentos pol\u00edticos, sociais, culturais e econ\u00f4micos que operam diretamente nos processos da experimenta\u00e7\u00e3o, pesquisa e cria\u00e7\u00e3o art\u00edsticas.<\/p>\n<p>Convidamos artistas, estudantes, professores e pesquisadores da \u00e1rea de Artes e afins para a publica\u00e7\u00e3o de suas pesquisas, conclu\u00eddas ou em andamento, e qualificar os debates que atravessam quest\u00f5es da arte, educa\u00e7\u00e3o e profissionaliza\u00e7\u00e3o. A\u00a0<em>incomum revista<\/em>\u00a0recebe contribui\u00e7\u00f5es em fluxo cont\u00ednuo em artes visuais, dan\u00e7a, m\u00fasica, teatro, audiovisual e cultura.<\/p>\n","protected":false},"excerpt":{"rendered":"<p>&nbsp; A\u00a0incomum revista\u00a0\u00e9 um peri\u00f3dico do\u00a0{in}comum grupo de pesquisa\u00a0e dirige-se ao p\u00fablico da \u00e1rea de Artes e afins, tanto leitores quanto autores, em busca de manter uma plataforma de leitura livre, seja para a submiss\u00e3o de trabalhos ou para o acesso \u00e0 produ\u00e7\u00e3o pr\u00e1tica, reflexiva e aplicada em Arte, ao considerar os movimentos pol\u00edticos, sociais, &#8230; <a title=\"Revista\" class=\"read-more\" href=\"https:\/\/eventos.ifg.edu.br\/incomum\/revista\/\" aria-label=\"Read more about Revista\">Ler mais<\/a><\/p>\n","protected":false},"author":68,"featured_media":0,"parent":0,"menu_order":0,"comment_status":"closed","ping_status":"closed","template":"","meta":{"footnotes":""},"class_list":["post-114","page","type-page","status-publish"],"_links":{"self":[{"href":"https:\/\/eventos.ifg.edu.br\/incomum\/wp-json\/wp\/v2\/pages\/114"}],"collection":[{"href":"https:\/\/eventos.ifg.edu.br\/incomum\/wp-json\/wp\/v2\/pages"}],"about":[{"href":"https:\/\/eventos.ifg.edu.br\/incomum\/wp-json\/wp\/v2\/types\/page"}],"author":[{"embeddable":true,"href":"https:\/\/eventos.ifg.edu.br\/incomum\/wp-json\/wp\/v2\/users\/68"}],"replies":[{"embeddable":true,"href":"https:\/\/eventos.ifg.edu.br\/incomum\/wp-json\/wp\/v2\/comments?post=114"}],"version-history":[{"count":5,"href":"https:\/\/eventos.ifg.edu.br\/incomum\/wp-json\/wp\/v2\/pages\/114\/revisions"}],"predecessor-version":[{"id":144,"href":"https:\/\/eventos.ifg.edu.br\/incomum\/wp-json\/wp\/v2\/pages\/114\/revisions\/144"}],"wp:attachment":[{"href":"https:\/\/eventos.ifg.edu.br\/incomum\/wp-json\/wp\/v2\/media?parent=114"}],"curies":[{"name":"wp","href":"https:\/\/api.w.org\/{rel}","templated":true}]}}