{"id":45,"date":"2022-08-02T14:46:16","date_gmt":"2022-08-02T17:46:16","guid":{"rendered":"http:\/\/eventos.ifg.edu.br\/ifarraiauruacu\/?page_id=45"},"modified":"2022-08-03T11:03:57","modified_gmt":"2022-08-03T14:03:57","slug":"certificados","status":"publish","type":"page","link":"https:\/\/eventos.ifg.edu.br\/ifarraiauruacu\/edicao-atual\/ifarraia-2022\/certificados\/","title":{"rendered":"Certificados"},"content":{"rendered":"<p>A GEPPEX Urua\u00e7u informa que os certificados do IFArrai\u00e1 2022 est\u00e3o dispon\u00edveis no <a href=\"https:\/\/sugep.ifg.edu.br\/\">SUGEP<\/a>.<\/p>\n<p>Basta fazer login com seu usu\u00e1rio e senha para acessar.<\/p>\n<p>Quaisquer inconformidades, fazer entrar com contato conosco via e-mail (gepex.uruacu@ifg.edu.br) ou pelo telefone (62) 3357-8188.<\/p>\n","protected":false},"excerpt":{"rendered":"<p>A GEPPEX Urua\u00e7u informa que os certificados do IFArrai\u00e1 2022 est\u00e3o dispon\u00edveis no SUGEP. Basta fazer login com seu usu\u00e1rio e senha para acessar. Quaisquer inconformidades, fazer entrar com contato conosco via e-mail (gepex.uruacu@ifg.edu.br) ou pelo telefone (62) 3357-8188.<\/p>\n","protected":false},"author":178,"featured_media":162,"parent":25,"menu_order":2,"comment_status":"closed","ping_status":"closed","template":"","meta":{"ngg_post_thumbnail":0,"footnotes":""},"class_list":["post-45","page","type-page","status-publish","has-post-thumbnail","hentry"],"_links":{"self":[{"href":"https:\/\/eventos.ifg.edu.br\/ifarraiauruacu\/wp-json\/wp\/v2\/pages\/45"}],"collection":[{"href":"https:\/\/eventos.ifg.edu.br\/ifarraiauruacu\/wp-json\/wp\/v2\/pages"}],"about":[{"href":"https:\/\/eventos.ifg.edu.br\/ifarraiauruacu\/wp-json\/wp\/v2\/types\/page"}],"author":[{"embeddable":true,"href":"https:\/\/eventos.ifg.edu.br\/ifarraiauruacu\/wp-json\/wp\/v2\/users\/178"}],"replies":[{"embeddable":true,"href":"https:\/\/eventos.ifg.edu.br\/ifarraiauruacu\/wp-json\/wp\/v2\/comments?post=45"}],"version-history":[{"count":6,"href":"https:\/\/eventos.ifg.edu.br\/ifarraiauruacu\/wp-json\/wp\/v2\/pages\/45\/revisions"}],"predecessor-version":[{"id":299,"href":"https:\/\/eventos.ifg.edu.br\/ifarraiauruacu\/wp-json\/wp\/v2\/pages\/45\/revisions\/299"}],"up":[{"embeddable":true,"href":"https:\/\/eventos.ifg.edu.br\/ifarraiauruacu\/wp-json\/wp\/v2\/pages\/25"}],"wp:featuredmedia":[{"embeddable":true,"href":"https:\/\/eventos.ifg.edu.br\/ifarraiauruacu\/wp-json\/wp\/v2\/media\/162"}],"wp:attachment":[{"href":"https:\/\/eventos.ifg.edu.br\/ifarraiauruacu\/wp-json\/wp\/v2\/media?parent=45"}],"curies":[{"name":"wp","href":"https:\/\/api.w.org\/{rel}","templated":true}]}}