{"id":41,"date":"2022-08-02T14:45:36","date_gmt":"2022-08-02T17:45:36","guid":{"rendered":"http:\/\/eventos.ifg.edu.br\/ifarraiauruacu\/?page_id=41"},"modified":"2022-08-03T09:20:51","modified_gmt":"2022-08-03T12:20:51","slug":"comissao-organizadora","status":"publish","type":"page","link":"https:\/\/eventos.ifg.edu.br\/ifarraiauruacu\/edicao-atual\/ifarraia-2022\/comissao-organizadora\/","title":{"rendered":"Comiss\u00e3o Organizadora"},"content":{"rendered":"<p>Comiss\u00e3o Organizadora:<\/p>\n<ul>\n<li>Rodrigo do Nascimento Coelho &#8211; Presidente da Comiss\u00e3o<\/li>\n<li>Eloisa Aparecida da Silva \u00c1vila<\/li>\n<li>Eleusa Maria Le\u00e3o<\/li>\n<li>Gustavo Henrique Almeida Quirino<\/li>\n<li>Kristiane Munique Costa e Costa<\/li>\n<li>Loyanne Moreira dos Santos<\/li>\n<li>Luiz Rog\u00e9rio Barbosa Crispim<\/li>\n<li>Maria Helena Pereira Magalhaes<\/li>\n<li>Maur\u00edlio Humberto Rodrigues Miranda<\/li>\n<li>Nayara Joyse Silva Monteles<\/li>\n<li>Nilma Silv\u00e2nia Izarias<\/li>\n<li>Tatiana de Oliveira Zuppa Neto<\/li>\n<li>Wallace Pereira Sant&#8217;Ana<\/li>\n<\/ul>\n","protected":false},"excerpt":{"rendered":"<p>Comiss\u00e3o Organizadora: Rodrigo do Nascimento Coelho &#8211; Presidente da Comiss\u00e3o Eloisa Aparecida da Silva \u00c1vila Eleusa Maria Le\u00e3o Gustavo Henrique Almeida Quirino Kristiane Munique Costa e Costa Loyanne Moreira dos Santos Luiz Rog\u00e9rio Barbosa Crispim Maria Helena Pereira Magalhaes Maur\u00edlio Humberto Rodrigues Miranda Nayara Joyse Silva Monteles Nilma Silv\u00e2nia Izarias Tatiana de Oliveira Zuppa Neto <a class=\"more-link\" href=\"https:\/\/eventos.ifg.edu.br\/ifarraiauruacu\/edicao-atual\/ifarraia-2022\/comissao-organizadora\/\">&hellip; Continue lendo&hellip; &rarr;<\/a><\/p>\n","protected":false},"author":178,"featured_media":0,"parent":25,"menu_order":0,"comment_status":"closed","ping_status":"closed","template":"","meta":{"ngg_post_thumbnail":0,"footnotes":""},"class_list":["post-41","page","type-page","status-publish","hentry"],"_links":{"self":[{"href":"https:\/\/eventos.ifg.edu.br\/ifarraiauruacu\/wp-json\/wp\/v2\/pages\/41"}],"collection":[{"href":"https:\/\/eventos.ifg.edu.br\/ifarraiauruacu\/wp-json\/wp\/v2\/pages"}],"about":[{"href":"https:\/\/eventos.ifg.edu.br\/ifarraiauruacu\/wp-json\/wp\/v2\/types\/page"}],"author":[{"embeddable":true,"href":"https:\/\/eventos.ifg.edu.br\/ifarraiauruacu\/wp-json\/wp\/v2\/users\/178"}],"replies":[{"embeddable":true,"href":"https:\/\/eventos.ifg.edu.br\/ifarraiauruacu\/wp-json\/wp\/v2\/comments?post=41"}],"version-history":[{"count":2,"href":"https:\/\/eventos.ifg.edu.br\/ifarraiauruacu\/wp-json\/wp\/v2\/pages\/41\/revisions"}],"predecessor-version":[{"id":168,"href":"https:\/\/eventos.ifg.edu.br\/ifarraiauruacu\/wp-json\/wp\/v2\/pages\/41\/revisions\/168"}],"up":[{"embeddable":true,"href":"https:\/\/eventos.ifg.edu.br\/ifarraiauruacu\/wp-json\/wp\/v2\/pages\/25"}],"wp:attachment":[{"href":"https:\/\/eventos.ifg.edu.br\/ifarraiauruacu\/wp-json\/wp\/v2\/media?parent=41"}],"curies":[{"name":"wp","href":"https:\/\/api.w.org\/{rel}","templated":true}]}}