{"id":25,"date":"2022-08-02T14:24:19","date_gmt":"2022-08-02T17:24:19","guid":{"rendered":"http:\/\/eventos.ifg.edu.br\/ifarraiauruacu\/?page_id=25"},"modified":"2022-08-03T10:31:56","modified_gmt":"2022-08-03T13:31:56","slug":"ifarraia-2022","status":"publish","type":"page","link":"https:\/\/eventos.ifg.edu.br\/ifarraiauruacu\/edicao-atual\/ifarraia-2022\/","title":{"rendered":"IFArrai\u00e1 2022"},"content":{"rendered":"<p><img fetchpriority=\"high\" decoding=\"async\" class=\"alignnone size-full wp-image-267 aligncenter\" src=\"http:\/\/eventos.ifg.edu.br\/ifarraiauruacu\/wp-content\/uploads\/sites\/76\/2022\/08\/IFArraia-2022.png\" alt=\"IFArraia 2022\" width=\"600\" height=\"354\"><\/p>\n<p>Saiba mais sobre a festan\u00e7a navegando pelos submenus:<\/p>\n<ul>\n<li><a href=\"http:\/\/eventos.ifg.edu.br\/ifarraiauruacu\/edicao-atual\/ifarraia-2022\/comissao-organizadora\/\">Comiss\u00e3o Organizadora<\/a>;<\/li>\n<li><a href=\"http:\/\/eventos.ifg.edu.br\/ifarraiauruacu\/edicao-atual\/ifarraia-2022\/galeria-de-fotos\/\">Galeria de fotos<\/a>;<\/li>\n<li><a href=\"http:\/\/eventos.ifg.edu.br\/ifarraiauruacu\/edicao-atual\/ifarraia-2022\/certificados\/\">Certificados<\/a>;<\/li>\n<li><a href=\"http:\/\/eventos.ifg.edu.br\/ifarraiauruacu\/edicao-atual\/ifarraia-2022\/divulgacao\/\">Divulga\u00e7\u00e3o<\/a>.<\/li>\n<\/ul>\n","protected":false},"excerpt":{"rendered":"<p>Saiba mais sobre a festan\u00e7a navegando pelos submenus: Comiss\u00e3o Organizadora; Galeria de fotos; Certificados; Divulga\u00e7\u00e3o.<\/p>\n","protected":false},"author":178,"featured_media":158,"parent":178,"menu_order":0,"comment_status":"closed","ping_status":"closed","template":"","meta":{"ngg_post_thumbnail":0,"footnotes":""},"class_list":["post-25","page","type-page","status-publish","has-post-thumbnail","hentry"],"_links":{"self":[{"href":"https:\/\/eventos.ifg.edu.br\/ifarraiauruacu\/wp-json\/wp\/v2\/pages\/25"}],"collection":[{"href":"https:\/\/eventos.ifg.edu.br\/ifarraiauruacu\/wp-json\/wp\/v2\/pages"}],"about":[{"href":"https:\/\/eventos.ifg.edu.br\/ifarraiauruacu\/wp-json\/wp\/v2\/types\/page"}],"author":[{"embeddable":true,"href":"https:\/\/eventos.ifg.edu.br\/ifarraiauruacu\/wp-json\/wp\/v2\/users\/178"}],"replies":[{"embeddable":true,"href":"https:\/\/eventos.ifg.edu.br\/ifarraiauruacu\/wp-json\/wp\/v2\/comments?post=25"}],"version-history":[{"count":6,"href":"https:\/\/eventos.ifg.edu.br\/ifarraiauruacu\/wp-json\/wp\/v2\/pages\/25\/revisions"}],"predecessor-version":[{"id":269,"href":"https:\/\/eventos.ifg.edu.br\/ifarraiauruacu\/wp-json\/wp\/v2\/pages\/25\/revisions\/269"}],"up":[{"embeddable":true,"href":"https:\/\/eventos.ifg.edu.br\/ifarraiauruacu\/wp-json\/wp\/v2\/pages\/178"}],"wp:featuredmedia":[{"embeddable":true,"href":"https:\/\/eventos.ifg.edu.br\/ifarraiauruacu\/wp-json\/wp\/v2\/media\/158"}],"wp:attachment":[{"href":"https:\/\/eventos.ifg.edu.br\/ifarraiauruacu\/wp-json\/wp\/v2\/media?parent=25"}],"curies":[{"name":"wp","href":"https:\/\/api.w.org\/{rel}","templated":true}]}}