{"id":16,"date":"2022-08-02T14:17:53","date_gmt":"2022-08-02T17:17:53","guid":{"rendered":"http:\/\/eventos.ifg.edu.br\/ifarraiauruacu\/?page_id=16"},"modified":"2022-08-02T17:55:02","modified_gmt":"2022-08-02T20:55:02","slug":"edicao-anteriores","status":"publish","type":"page","link":"https:\/\/eventos.ifg.edu.br\/ifarraiauruacu\/edicao-anteriores\/","title":{"rendered":"Edi\u00e7\u00f5es anteriores"},"content":{"rendered":"<p>Em virtude da pandemia da Covid-19, n\u00e3o realizamos o IFArrai\u00e1 nos anos de 2020 e 2021.<\/p>\n<p>As demais edi\u00e7\u00f5es do evento foram:<\/p>\n<p><a href=\"http:\/\/eventos.ifg.edu.br\/ifarraiauruacu\/edicao-anteriores\/ifarraia-2019\/\">IX IFArrai\u00e1 (2019)<\/a><\/p>\n<p><a href=\"http:\/\/eventos.ifg.edu.br\/ifarraiauruacu\/edicao-anteriores\/ifarraia-2018\/\">VIII IFArrai\u00e1 (2018)<\/a><\/p>\n<p>VII IFarrai\u00e1 (2017)<\/p>\n<p>VI IFArrai\u00e1 (2016)<\/p>\n<p>V IFArrai\u00e1 (2015)<\/p>\n<p>IV IFArrai\u00e1 (2014)<\/p>\n<p>III IFArrai\u00e1 (2013)<\/p>\n<p>II IFArrai\u00e1 (2012)<\/p>\n<p>I IFArrai\u00e1 (2011)<\/p>\n","protected":false},"excerpt":{"rendered":"<p>Em virtude da pandemia da Covid-19, n\u00e3o realizamos o IFArrai\u00e1 nos anos de 2020 e 2021. As demais edi\u00e7\u00f5es do evento foram: IX IFArrai\u00e1 (2019) VIII IFArrai\u00e1 (2018) VII IFarrai\u00e1 (2017) VI IFArrai\u00e1 (2016) V IFArrai\u00e1 (2015) IV IFArrai\u00e1 (2014) III IFArrai\u00e1 (2013) II IFArrai\u00e1 (2012) I IFArrai\u00e1 (2011)<\/p>\n","protected":false},"author":178,"featured_media":164,"parent":0,"menu_order":0,"comment_status":"closed","ping_status":"closed","template":"","meta":{"ngg_post_thumbnail":0,"footnotes":""},"class_list":["post-16","page","type-page","status-publish","has-post-thumbnail","hentry"],"_links":{"self":[{"href":"https:\/\/eventos.ifg.edu.br\/ifarraiauruacu\/wp-json\/wp\/v2\/pages\/16"}],"collection":[{"href":"https:\/\/eventos.ifg.edu.br\/ifarraiauruacu\/wp-json\/wp\/v2\/pages"}],"about":[{"href":"https:\/\/eventos.ifg.edu.br\/ifarraiauruacu\/wp-json\/wp\/v2\/types\/page"}],"author":[{"embeddable":true,"href":"https:\/\/eventos.ifg.edu.br\/ifarraiauruacu\/wp-json\/wp\/v2\/users\/178"}],"replies":[{"embeddable":true,"href":"https:\/\/eventos.ifg.edu.br\/ifarraiauruacu\/wp-json\/wp\/v2\/comments?post=16"}],"version-history":[{"count":4,"href":"https:\/\/eventos.ifg.edu.br\/ifarraiauruacu\/wp-json\/wp\/v2\/pages\/16\/revisions"}],"predecessor-version":[{"id":174,"href":"https:\/\/eventos.ifg.edu.br\/ifarraiauruacu\/wp-json\/wp\/v2\/pages\/16\/revisions\/174"}],"wp:featuredmedia":[{"embeddable":true,"href":"https:\/\/eventos.ifg.edu.br\/ifarraiauruacu\/wp-json\/wp\/v2\/media\/164"}],"wp:attachment":[{"href":"https:\/\/eventos.ifg.edu.br\/ifarraiauruacu\/wp-json\/wp\/v2\/media?parent=16"}],"curies":[{"name":"wp","href":"https:\/\/api.w.org\/{rel}","templated":true}]}}