{"id":96,"date":"2022-03-15T10:52:25","date_gmt":"2022-03-15T13:52:25","guid":{"rendered":"http:\/\/eventos.ifg.edu.br\/gramsci\/?page_id=96"},"modified":"2022-03-16T13:37:54","modified_gmt":"2022-03-16T16:37:54","slug":"orientacoes-para-submissao-de-minicursos-para-o-iii-coloquio-internacional-antonio-gramsci","status":"publish","type":"page","link":"https:\/\/eventos.ifg.edu.br\/gramsci\/orientacoes-para-submissao-de-minicursos-para-o-iii-coloquio-internacional-antonio-gramsci\/","title":{"rendered":"ORIENTA\u00c7\u00d5ES PARA SUBMISS\u00c3O DE MINICURSOS PARA O III COL\u00d3QUIO INTERNACIONAL ANTONIO GRAMSCI"},"content":{"rendered":"<p><img fetchpriority=\"high\" decoding=\"async\" src=\"http:\/\/eventos.ifg.edu.br\/gramsci\/wp-content\/uploads\/sites\/71\/2022\/03\/154e83c9-b41e-4c04-a9c5-1de8aa84418b-1.jpg\" alt=\"154e83c9-b41e-4c04-a9c5-1de8aa84418b\" width=\"1134\" height=\"186\" class=\"alignnone size-full wp-image-79\" \/><br \/>\n1. As orienta\u00e7\u00f5es a seguir devem ser rigorosamente observadas quanto \u00e0 elabora\u00e7\u00e3o e<br \/>\nsubmiss\u00e3o das propostas de minicursos para o <strong>III COL\u00d3QUIO INTERNACIONAL<br \/>\nANTONIO GRAMSCI.<\/strong><\/p>\n<p>2. As propostas de minicursos dever\u00e3o ser elaboradas conforme estas orienta\u00e7\u00f5es,<br \/>\nseguindo o modelo dispon\u00edvel para download na p\u00e1gina eletr\u00f4nica do evento e submetidas<br \/>\npor meio da plataforma SUGEP.<\/p>\n<p>2.1 P\u00e1gina eletr\u00f4nica do evento:<br \/>\n<a href=\"http:\/\/eventos.ifg.edu.br\/gramsci\/\">https:\/\/eventos.ifg.edu.br\/gramsci\/<\/a><\/p>\n<p>2.2 Link para submiss\u00e3o das propostas de minicursos &#8211; Plataforma SUGEP:<a href=\"https:\/\/sugep.ifg.edu.br\/eventos\/#\/publico\/chamadaspublicas\/inscricao\/5551\">https:\/\/sugep.ifg.edu.br\/eventos\/#\/publico\/chamadaspublicas\/inscricao\/5551<\/a><\/p>\n<p><strong>3. Per\u00edodo para submiss\u00e3o das propostas de minicurso: 01\/02\/2022 a 31\/03\/2022.<\/strong><\/p>\n<p><strong>4. Inicialmente ser\u00e3o selecionadas 2 (duas) propostas de minicurso, podendo ser<br \/>\nampliado a depender das proposi\u00e7\u00f5es e do espa\u00e7o dispon\u00edvel.<\/strong><\/p>\n<p><strong>4.1 As atividades ocorrer\u00e3o em data, hor\u00e1rio e local que ser\u00e3o publicados,<br \/>\nposteriormente, na p\u00e1gina eletr\u00f4nica do evento.<\/strong><\/p>\n<p><strong>5. A rela\u00e7\u00e3o dos minicursos aprovados ser\u00e1 publicada na p\u00e1gina eletr\u00f4nica do<br \/>\nevento no dia 30\/05\/2022.<\/strong><\/p>\n<p>6. Os minicursos poder\u00e3o ser propostos por, no m\u00ednimo, duas e, no m\u00e1ximo, tr\u00eas pessoas<br \/>\n(doutoras\/es ou doutorandas\/os) que estejam desenvolvendo estudos na \u00e1rea do evento.<\/p>\n<p>6.1. Ser\u00e3o aceitas parcerias na coordena\u00e7\u00e3o do minicurso com alunas\/os de mestrado,<br \/>\ndesde que a\/o respons\u00e1vel principal seja doutor\/a ou doutoranda\/o.<\/p>\n<p>6.2. O crit\u00e9rio principal levar\u00e1 em conta a ader\u00eancia da proposta ao evento, portanto, as<br \/>\nproposi\u00e7\u00f5es devem dialogar com as tem\u00e1ticas do evento.<\/p>\n<p>6.3. A proposta de minicurso dever\u00e1 ser submetida na plataforma SUGEP no formato de<br \/>\narquivo .pfd e dever\u00e1 conter minimamente: nome completo do(s) proponente(s) com a<br \/>\nindica\u00e7\u00e3o das institui\u00e7\u00f5es e respectivos e-mails, t\u00edtulo; ementa (breve descri\u00e7\u00e3o do tema<br \/>\na ser tratado &#8211; m\u00e1ximo 10 linhas); principais t\u00f3picos do curso; bibliografia de refer\u00eancia,<br \/>\nindicando dois textos que ser\u00e3o disponibilizados on-line para leitura pr\u00e9via e curr\u00edculo<br \/>\ndo(s) proponente(s)<\/p>\n","protected":false},"excerpt":{"rendered":"<p>1. As orienta\u00e7\u00f5es a seguir devem ser rigorosamente observadas quanto \u00e0 elabora\u00e7\u00e3o e submiss\u00e3o das propostas de minicursos para o III COL\u00d3QUIO INTERNACIONAL ANTONIO GRAMSCI. 2. As propostas de minicursos dever\u00e3o ser elaboradas conforme estas orienta\u00e7\u00f5es, seguindo o modelo dispon\u00edvel para download na p\u00e1gina eletr\u00f4nica do evento e submetidas por meio da plataforma SUGEP. 2.1&hellip;<a href=\"https:\/\/eventos.ifg.edu.br\/gramsci\/orientacoes-para-submissao-de-minicursos-para-o-iii-coloquio-internacional-antonio-gramsci\/\">Leia mais <span class=\"screen-reader-text\">ORIENTA\u00c7\u00d5ES PARA SUBMISS\u00c3O DE MINICURSOS PARA O III COL\u00d3QUIO INTERNACIONAL ANTONIO GRAMSCI<\/span><\/a><\/p>\n","protected":false},"author":165,"featured_media":0,"parent":0,"menu_order":0,"comment_status":"closed","ping_status":"closed","template":"","meta":{"ngg_post_thumbnail":0,"footnotes":""},"class_list":["post-96","page","type-page","status-publish","hentry"],"_links":{"self":[{"href":"https:\/\/eventos.ifg.edu.br\/gramsci\/wp-json\/wp\/v2\/pages\/96"}],"collection":[{"href":"https:\/\/eventos.ifg.edu.br\/gramsci\/wp-json\/wp\/v2\/pages"}],"about":[{"href":"https:\/\/eventos.ifg.edu.br\/gramsci\/wp-json\/wp\/v2\/types\/page"}],"author":[{"embeddable":true,"href":"https:\/\/eventos.ifg.edu.br\/gramsci\/wp-json\/wp\/v2\/users\/165"}],"replies":[{"embeddable":true,"href":"https:\/\/eventos.ifg.edu.br\/gramsci\/wp-json\/wp\/v2\/comments?post=96"}],"version-history":[{"count":10,"href":"https:\/\/eventos.ifg.edu.br\/gramsci\/wp-json\/wp\/v2\/pages\/96\/revisions"}],"predecessor-version":[{"id":116,"href":"https:\/\/eventos.ifg.edu.br\/gramsci\/wp-json\/wp\/v2\/pages\/96\/revisions\/116"}],"wp:attachment":[{"href":"https:\/\/eventos.ifg.edu.br\/gramsci\/wp-json\/wp\/v2\/media?parent=96"}],"curies":[{"name":"wp","href":"https:\/\/api.w.org\/{rel}","templated":true}]}}