{"id":73,"date":"2022-03-14T20:54:31","date_gmt":"2022-03-14T23:54:31","guid":{"rendered":"http:\/\/eventos.ifg.edu.br\/gramsci\/?page_id=73"},"modified":"2022-07-11T11:59:31","modified_gmt":"2022-07-11T14:59:31","slug":"cromograma","status":"publish","type":"page","link":"https:\/\/eventos.ifg.edu.br\/gramsci\/cromograma\/","title":{"rendered":"CRONOGRAMA DE ATIVIDADES"},"content":{"rendered":"<p><img fetchpriority=\"high\" decoding=\"async\" src=\"http:\/\/eventos.ifg.edu.br\/gramsci\/wp-content\/uploads\/sites\/71\/2022\/03\/154e83c9-b41e-4c04-a9c5-1de8aa84418b-1.jpg\" alt=\"154e83c9-b41e-4c04-a9c5-1de8aa84418b\" width=\"1134\" height=\"186\" class=\"alignnone size-full wp-image-79\" \/><strong>CRONOGRAMA DE ATIVIDADES<\/strong><\/p>\n<p><strong>Segunda-Feira:<\/strong><\/p>\n<p><strong>Credenciamento<\/strong><br \/>\n<strong>Data: 29\/08\/2022<\/strong><br \/>\n<strong>Local: Sagu\u00e3o do IFG\/Campus Goi\u00e2nia.<\/strong><br \/>\nHor\u00e1rio:<br \/>\n&#8211; 10h00 \u00e0s 12h00 (matutino); e,<br \/>\n&#8211; 14h00 \u00e0s 17h00 (vespertino).<\/p>\n<p><strong>Apresenta\u00e7\u00e3o Musical: Grupo de Chorinho do IFG.<\/strong><br \/>\n<strong>Coordena\u00e7\u00e3o:<\/strong>Prof. Dr. Lamartine Tavares (IFG\/Campus Goi\u00e2nia)<br \/>\nHor\u00e1rio: 12H00 \u00e0s 13H00.<br \/>\nLocal: P\u00e1tio (IFG\/Campus Goi\u00e2nia)<\/p>\n<p><strong>Exibi\u00e7\u00e3o do Filme\/Document\u00e1rio:<\/strong> In the Great and Terrible World.<br \/>\n                                              Nel Mondo Grande e Terribile<br \/>\nDiretor(a): Daniele Maggioni; Laura Perini; e, Maria Grazia Perria<br \/>\nAno de Lan\u00e7amento: 2017<br \/>\nTempo: 01h18min.<\/p>\n<p>Data: 29\/08\/2022<br \/>\nLocal: Cinemateca (IFG\/Campus Goi\u00e2nia)<br \/>\nHor\u00e1rio: 15H00 \u00e0s 16H20min.<\/p>\n<p><strong>Cerim\u00f4nia de Abertura I:<\/strong> Apresenta\u00e7\u00e3o Musical<br \/>\n                          Chico Aafa &amp; Felipe Valoz (Voz &amp; Viol\u00e3o).<br \/>\n                          Mateus Costa (Cantor l\u00edrico \u2013 apresenta\u00e7\u00e3o da can\u00e7\u00e3o popular Bella Ciao) <\/p>\n<p>Data: 29\/08\/2022<br \/>\nLocal: Teatro (IFG\/Campus Goi\u00e2nia)<br \/>\nHor\u00e1rio: 18h00 \u2013 19H00<\/p>\n<p><strong>Cerim\u00f4nia de Abertura II: <\/strong>pronunciamento institucional e as boas-vindas aos participantes.<br \/>\nDra. Adriana Reis (Diretora do Campus)<br \/>\nDr. Gianni Fresu (Presidente IGS-Brasil).<br \/>\nDr. Marcelo Lira Silva (Coordena\u00e7\u00e3o).<\/p>\n<p>Data: 29\/08\/2022<br \/>\nLocal: Teatro (IFG\/Campus Goi\u00e2nia)<br \/>\nHor\u00e1rio: 19H00min \u00e0s 19H30min.<\/p>\n<p><strong>Mesa de Debates I:<\/strong> Quest\u00f5es Meridionais: Gramsci e a tradutibilidade na Am\u00e9rica Latina.<br \/>\n<strong>Debatedores:<\/strong><br \/>\nDra. Diana Fuentes (M\u00e9xico)<br \/>\nDr. Miguel Angel H. Zgaib (Colombia)<br \/>\nDr. Javier Balsa (Argentina)<br \/>\nDra. Luciana Aliaga (UFPB)<\/p>\n<p><strong>Coordena\u00e7\u00e3o:<\/strong> Dra. Deise Rosalio Silva (UFMG)<br \/>\nData: 29\/08\/2022<br \/>\nLocal: Teatro (IFG\/Campus Goi\u00e2nia)<br \/>\nHor\u00e1rio: 19h30min. \u00e0s 22h00<\/p>\n<p><strong>Ter\u00e7a-Feira:<\/strong><br \/>\n<strong>Mesa de Debates II:<\/strong> Filologia e Pol\u00edtica.<br \/>\n<strong>Debatedores:<\/strong><br \/>\n                       Dr. Alvaro Bianchi (UNICAMP)<br \/>\n                       Dra. Anita Schlesener (UTP)<br \/>\n                       Dr. Fabio Frosini (Universit\u00e0 degli Studi di Urbino)<\/p>\n<p><strong>Coordena\u00e7\u00e3o:<\/strong> Dr. Leandro Galastri (UNESP\/Mar\u00edlia)<br \/>\nData: 30\/08\/2022<br \/>\nLocal: Faculdade de Hist\u00f3ria (UFG\/Campus Samambaia).<br \/>\nHor\u00e1rio: 09H00 \u2013 12H00 (matutino).<\/p>\n<p><strong>Apresenta\u00e7\u00e3o Musical:<\/strong>Grupo de Viol\u00f5es do IFG<br \/>\nCoordena\u00e7\u00e3o: Prof. Dr. Gustavo Amui (IFG\/Campus Goi\u00e2nia)<br \/>\n                         Prof. Dr. Maur\u00edcio Mendon\u00e7a (IFG\/Campus Goi\u00e2nia)<br \/>\nHor\u00e1rio: 12H00 \u00e0s 13H00.<br \/>\nLocal: P\u00e1tio da Faculdade de Hist\u00f3ria (UFG\/Campus Samambaia).<\/p>\n<p><strong>Mesa de Debates III:<\/strong>Formas de domina\u00e7\u00e3o e hegemonia no Brasil contempor\u00e2neo.<br \/>\n<strong>Debatedores:<\/strong><br \/>\n                       Dr. David Maciel (UFG)<br \/>\n                       Dr. Lincoln Secco (USP)<br \/>\n                       Dra. Virginia Fontes (UFF)<\/p>\n<p><strong>Coordena\u00e7\u00e3o:<\/strong> Dr. Rodrigo Juruc\u00ea (UEG)<br \/>\nData: 30\/08\/2022<br \/>\nLocal: Faculdade de Hist\u00f3ria (UFG\/Campus Samambaia).<br \/>\nHor\u00e1rio: 14H00 \u2013 17H00 (vespertino).<\/p>\n<p><strong>Sess\u00e3o de Lan\u00e7amento de Livros\/Revistas:<\/strong><br \/>\nData: 30\/08\/2022<br \/>\nLocal: Faculdade de Hist\u00f3ria (UFG\/Campus Samambaia).<br \/>\nHor\u00e1rio: 18H00 \u2013 19H00<\/p>\n<p><strong>Minicurso I (Parte I):<\/strong><br \/>\nGramsci e a Educa\u00e7\u00e3o: A historicidade de seu pensamento na educa\u00e7\u00e3o brasileira dos anos 2000.<br \/>\n<strong>Atividade I<\/strong><br \/>\n<strong>Ministrante:<\/strong>Prof. Dra, Marise Ramos (UFF\/Fio Cruz)<br \/>\nData: 30\/08\/2022<br \/>\nLocal: virtual \u2013 providenciar equipamentos e sistemas de transmiss\u00e3o (transmiss\u00e3o virtual)<br \/>\nHor\u00e1rio: 19H00 \u2013 22H00<\/p>\n<p><strong>Minicurso II:<\/strong><br \/>\n<strong>Ci\u00eancia Experimental e Tradutibilidade:<\/strong> Objetividade e Ideologia Cient\u00edfica nos Cadernos do C\u00e1rcere.<br \/>\n<strong>Ministrante:<\/strong> Dra. Camilla Sclocco<br \/>\nData: 30\/08\/2022<br \/>\nLocal: Audit\u00f3rio Lauro Vasconcelos (UFG\/Campus Samambaia)<br \/>\nHor\u00e1rio: 19H00 \u2013 22H00<\/p>\n<p><strong>Minicurso III:<\/strong><br \/>\nOrganiza\u00e7\u00e3o Produtiva, Hegemonia e Modo de Vida.<br \/>\n<strong>Ministrante:<\/strong> Dr. Leandro Galastri (UNESP\/Campus Mar\u00edlia).<br \/>\nData: 30\/08\/2022<br \/>\nLocal: Mini-Audit\u00f3rio Luiz Pallacin (UFG\/Campus Samambaia)<br \/>\nHor\u00e1rio: 19H00 \u2013 22H00<\/p>\n<p><strong>Minicurso IV:<\/strong><br \/>\nVerdade, Ci\u00eancia e Filosofia da Pr\u00e1xis, em Tempos de Mis\u00e9ria do Saber.<br \/>\n<strong>Ministrantes:<\/strong> Dr. Rodrigo Lima Ribeiro Gomes<br \/>\n                     Me. Helton Messini da Costa<br \/>\n                     Me. Teresa Rocha Martins<br \/>\nData: 30\/08\/2022<br \/>\nLocal: Sala de Defesa do PPGH (UFG\/Campus Samambaia)<br \/>\nHor\u00e1rio: 19H00 \u2013 22H00<\/p>\n<p><strong>Minicurso V:<\/strong><br \/>\nConselhos de F\u00e1brica, Partido e Sindicato em Gramsci.<br \/>\n<strong>Ministrantes:<\/strong> Dra. Mar\u00edlia Gabriella Machado<br \/>\n                      Dr. Marcos Del Roio (UNESP\/Campus Mar\u00edlia).<br \/>\nData: 30\/08\/2022<br \/>\nLocal: Sala de Reuni\u00f5es do PPGH (UFG\/Campus Samambaia)<br \/>\nHor\u00e1rio: 19H00 \u2013 22H00<\/p>\n<p><strong>Exibi\u00e7\u00e3o do Filme\/Document\u00e1rio:<\/strong> In the Great and Terrible World.<br \/>\n                                              Nel Mondo Grande e Terribile<br \/>\nDiretor(a): Daniele Maggioni; Laura Perini; e, Maria Grazia Perria<br \/>\nAno de Lan\u00e7amento: 2017<br \/>\nTempo: 01h18min.<\/p>\n<p>Data: 30\/08\/2022<br \/>\nLocal: Faculdade de Hist\u00f3ria (UFG\/Campus Samambaia)<br \/>\nHor\u00e1rio: 19H00 \u00e0s 20H20min.<\/p>\n<p><strong>Quarta-feira:<\/strong><\/p>\n<p><strong>Mesa de Debates IV:<\/strong>Gramsci leitor de Marx.<br \/>\n<strong>Debatedores:<\/strong><br \/>\n                     Dr. Gianni Fresu (UFU)<br \/>\n                     Dra. Francesca Antonini (Lichtenberg-Kolleg) \u2013 modo virtual<br \/>\n                     Dr. Roberto Fineschi (Siena School for Liberal Arts)<br \/>\n                     Dr. Marcos Del Roio (UNESP\/Mar\u00edlia)<\/p>\n<p><strong>Coordena\u00e7\u00e3o:<\/strong> Dra. Luciana Aliaga (UFPB)<br \/>\nData: 31\/08\/2022<br \/>\nLocal: Faculdade de Educa\u00e7\u00e3o (UFG\/Setor Universit\u00e1rio)<br \/>\nHor\u00e1rio: 09H00 \u2013 12H00 (matutino).<\/p>\n<p><strong>Apresenta\u00e7\u00e3o Musical:<\/strong> Grupo de Chorinho do IFG.<br \/>\nCoordena\u00e7\u00e3o: Prof. Dr. Lamartine Tavares (IFG\/Campus Goi\u00e2nia)<br \/>\nHor\u00e1rio: 12H00 \u00e0s 13H00.<br \/>\nLocal: P\u00e1tio da Faculdade de Educa\u00e7\u00e3o (UFG\/Setor Universit\u00e1rio)<\/p>\n<p><strong>Sess\u00e3o de Comunica\u00e7\u00f5es<\/strong><br \/>\nData: 31\/08\/2022<br \/>\nLocal: Faculdade de Educa\u00e7\u00e3o (UFG\/Setor Universit\u00e1rio)<br \/>\nHor\u00e1rio: 14H00 \u2013 17H00 (vespertino)<\/p>\n<p><strong>Mesa de Debates V:<\/strong> Educa\u00e7\u00e3o e Cultura em tempos de subvers\u00e3o reacion\u00e1ria.<br \/>\n                      Dra. Deise Rosalio Silva (UFMG)<br \/>\n                      Dra. Maria Margarida Machado (UFG)<br \/>\n                      Dr. Rene Jos\u00e9 Trentin Silveira (UNICAMP)<\/p>\n<p><strong>Coordena\u00e7\u00e3o:<\/strong>Dr. Marcos Francisco Martins (UFSCar)<br \/>\nData: 31\/08\/2022<br \/>\nLocal: Faculdade de Educa\u00e7\u00e3o (UFG\/Setor Universit\u00e1rio)<br \/>\nHor\u00e1rio: 19H00 \u2013 22H00 (noturno)<\/p>\n<p><strong>Quinta-Feira:<\/strong><\/p>\n<p><strong>Mesa de Debates IV:<\/strong> Novas Edi\u00e7\u00f5es e tradu\u00e7\u00e3o dos Cadernos do C\u00e1rcere.<br \/>\n<strong>Debatedores:<\/strong><br \/>\n                      Dr. Giovanni Semeraro (UFF)<br \/>\n                      Dr. Guido Liguori (Universit\u00e0 della Calabria) \u2013 providenciar equipamentos e sistemas de <strong>transmiss\u00e3o (transmiss\u00e3o virtual)<\/strong><\/p>\n<p><strong>Coordena\u00e7\u00e3o:<\/strong> Dra. Ivete Simionatto (UFSC)<br \/>\nData: 01\/09\/2022<br \/>\nLocal: Teatro (IFG\/Campus Goi\u00e2nia)<br \/>\nHor\u00e1rio: 09H00 \u2013 12H00 (matutino)<\/p>\n<p><strong>Apresenta\u00e7\u00e3o Musical:<\/strong> Grupo de Viol\u00f5es do IFG<br \/>\n<strong>Coordena\u00e7\u00e3o:<\/strong>Prof. Dr. Gustavo Amui (IFG\/Campus Goi\u00e2nia)<br \/>\n                         Prof. Dr. Maur\u00edcio Mendon\u00e7a (IFG\/Campus Goi\u00e2nia)<br \/>\nHor\u00e1rio: 12H00 \u00e0s 13H00.<br \/>\nLocal: P\u00e1tio (IFG\/Campus Goi\u00e2nia).<\/p>\n<p><strong>Assembleia dos membros da IGS-Brasil<\/strong><br \/>\nData: 01\/09\/2022<br \/>\nLocal: Teatro (IFG\/Campus Goi\u00e2nia)<br \/>\nHor\u00e1rio: 14H00 \u2013 18H00 (vespertino)<\/p>\n<p><strong>Minicurso I (Parte II):<\/strong><br \/>\nGramsci e a Educa\u00e7\u00e3o: A historicidade de seu pensamento na educa\u00e7\u00e3o brasileira dos anos 2000.<br \/>\n<strong>Atividade II<\/strong><br \/>\n<strong>Ministrante:<\/strong> Prof. Dra, Marise Ramos (UFF\/Fio Cruz)<br \/>\nData: 01\/09\/2022<br \/>\nLocal: Audit\u00f3rio Demartin Bizerra (IFG\/Campus Goi\u00e2nia)<br \/>\nHor\u00e1rio: 09H00 \u2013 12H00<\/p>\n<p><strong>Mesas Coordenadas (Programa\u00e7\u00e3o Simult\u00e2nea):<\/strong><\/p>\n<p><strong>1. Pol\u00edticas Educacionais e Neoliberalismo-Flex\u00edvel: Educa\u00e7\u00e3o profissional e tecnol\u00f3gica <\/strong><\/p>\n<p><strong>Debatedores:<\/strong>Dr. Dante Moura (IFRN)<br \/>\n                        Dr. Marcelo Lira Silva (IFG\/Campus Goi\u00e2nia)<br \/>\n\t\tDra. Marise Ramos (UFF\/ Fio Cruz)\t\t<\/p>\n<p><strong>Coordena\u00e7\u00e3o:<\/strong> Mad\u2019Ana Desiree de Castro (IFG\/Campus Goi\u00e2nia)<br \/>\nData: 01\/09\/2022<br \/>\nLocal: Teatro (IFG\/Campus Goi\u00e2nia)<br \/>\nHor\u00e1rio: 19h00 \u2013 22h00 (noturno).<\/p>\n<p><strong>2. Direitas e religi\u00e3o <\/strong><br \/>\n<strong>Debatedores:<\/strong><br \/>\nDr. Jefferson Barbosa (UNESP\/Campus Mar\u00edlia)<br \/>\nDr. Marcos Vinicius Ribeiro (UEG\/ Campus Quirin\u00f3polis)<br \/>\nDr. Rodrigo Juruc\u00ea (UEG\/Campus Morrinhos)<br \/>\nDr. Jarbas Mauricio Gomes (IFA\/Campus Penedo)<\/p>\n<p><strong>Coordena\u00e7\u00e3o:<\/strong> Dr. Jefferson Barbosa (UNESP\/Campus Mar\u00edlia)<br \/>\nData: 01\/09\/2022<br \/>\nLocal: Audit\u00f3rio Demartin Bizerra (IFG\/Campus Goi\u00e2nia)<br \/>\nHor\u00e1rio: 19h00 \u2013 22h00 (noturno).<\/p>\n<p><strong>Sexta-feira:<\/strong><\/p>\n<p><strong>Mesa de Debates VII:<\/strong> Crise org\u00e2nica, pandemia e lutas sociais no s\u00e9culo XXI.<br \/>\n<strong>Debatedores:<\/strong><br \/>\n                      Dr. Douglas Cristian Ferrari (UFES)<br \/>\n                      Dr. Marcos Aur\u00e9lio (UFSC)<br \/>\n                      Dr. Mario Luiz Souza (UERJ)<\/p>\n<p><strong>Coordena\u00e7\u00e3o:<\/strong> Dr. Cezar Luiz De Mari (UFV)<br \/>\nData: 02\/09\/2022<br \/>\nLocal: Teatro (IFG\/Campus Goi\u00e2nia)<br \/>\nHor\u00e1rio: 09H00 \u2013 12H00 (matutino)<\/p>\n<p><strong>Apresenta\u00e7\u00e3o Musical:<\/strong> Grupo de Chorinho do IFG.<br \/>\n<strong>Coordena\u00e7\u00e3o:<\/strong>Prof. Dr. Lamartine Tavares (IFG\/Campus Goi\u00e2nia)<br \/>\nHor\u00e1rio: 12H00 \u00e0s 13H00.<br \/>\nLocal: P\u00e1tio (IFG\/Campus Goi\u00e2nia)<\/p>\n<p><strong>Sess\u00e3o de Comunica\u00e7\u00f5es<\/strong><br \/>\nData: 02\/09\/2022<br \/>\nLocal: IFG\/Campus Goi\u00e2nia.<br \/>\nHor\u00e1rio: 14H00 \u2013 18H00 (vespertino)<\/p>\n<p><strong>Mesa de Debates VIII:<\/strong>Legado e atualidade de Gramsci no Brasil.<br \/>\n<strong>Debatedores:<\/strong><br \/>\n                      Dr. Gianni Fresu (UFU)<br \/>\n                      Dra. Ivete Simionatto (UFSC)<br \/>\n                      Dr. Marcos Del Roio (UNESP)<br \/>\n<strong>Coordena\u00e7\u00e3o:<\/strong>Dra. Ana Lole (PUC-Rio)<br \/>\nData: 02\/09\/2022<br \/>\nLocal: Teatro (IFG\/Campus Goi\u00e2nia)<br \/>\nHor\u00e1rio: 19H00 \u2013 22H00 (noturno)<\/p>\n<p><strong>Festa de Encerramento\/Confraterniza\u00e7\u00e3o<\/strong><br \/>\nData: 02\/09\/2022<br \/>\nLocal: Sede do PCB (pr\u00f3ximo ao IFG\/Campus Goi\u00e2nia)<br \/>\nHor\u00e1rio: 22H00 (noturno)<\/p>\n<p><strong>SESS\u00d5ES DE COMUNICA\u00c7\u00d5ES \u2013 EIXOS TEM\u00c1TICOS<\/strong><\/p>\n<p><strong>GT \u2013 I: Educa\u00e7\u00e3o, Cultura e Negacionismo<\/strong><br \/>\nEmenta: Este grupo de trabalho se prop\u00f5e investigar, na perspectiva gramsciana, as rela\u00e7\u00f5es entre Educa\u00e7\u00e3o, Cultura e Negacionismo. A Ci\u00eancia, o m\u00e9todo e os processos formativos como pr\u00e1xis sofrem a eros\u00e3o da crise org\u00e2nica do capitalismo, embalados pela deteriora\u00e7\u00e3o da cultura produzida sob a perspectiva do medo, do \u00f3dio, de uma consci\u00eancia fragment\u00e1ria e da nega\u00e7\u00e3o das diferen\u00e7as. O dimensionamento dessas tend\u00eancias a partir da filosofia da pr\u00e1xis se torna uma necessidade para compreender e intervir diante desses processos de reifica\u00e7\u00e3o da personalidade humana.<\/p>\n<p><strong>GT \u2013 II: Mundo do Trabalho e Lutas Sociais<\/strong><br \/>\nEmenta: Ao longo dos s\u00e9culos observamos um esfor\u00e7o permanente das classes dominantes em manter o trabalho, trabalhadores e suas organiza\u00e7\u00f5es de lutas na subalternidade, com efeitos mais profundos nos pa\u00edses perif\u00e9ricos. Express\u00f5es atuais como uberiza\u00e7\u00e3o, trabalho remoto, subemprego, desocupa\u00e7\u00e3o, carteira verde-amarela, menos direitos, menos sindicatos, menos leis ambientais, produ\u00e7\u00e3o de commodities, s\u00e3o incorporados no campo do trabalho, reduzindo a autonomia dos trabalhadores nos espa\u00e7os urbano e do campo. Este grupo de trabalho buscar\u00e1 reunir as contribui\u00e7\u00f5es que analisem as condi\u00e7\u00f5es de subalterniza\u00e7\u00e3o dos trabalhadores e as lutas sociais subalternas a partir das categorias gramscianas.<\/p>\n<p><strong>GT \u2013 III: Estado, Pol\u00edticas e Autoritarismos<\/strong><br \/>\nEmenta: O desenvolvimento das for\u00e7as produtivas e seu alto grau de concentra\u00e7\u00e3o de capitais com a centralidade no mercado financeiro, tem feito avan\u00e7ar movimentos conservadores junto aos estados buscando consolidar o poder dos grupos dominantes. O autoritarismo institucionalizado nos estados vem se expressando sob formas neofascistas, neoconservadores, no desenvolvimento da extrema direita mundial, com a finalidade de avan\u00e7os nacionais e internacionais. Este grupo de trabalho busca tamb\u00e9m reunir an\u00e1lises dos estados e da sociedade civil latino-americanos e os processos de resist\u00eancias; a hegemonia, supremacia, dom\u00ednio e consensos ativos como categorias essenciais para compreender os mecanismos e as a\u00e7\u00f5es dos estados modernos;  as pol\u00edticas, organiza\u00e7\u00f5es sociais e lutas antiimperialistas; e a perspectiva do estado ampliado como forma da pol\u00edtica ser feita a partir e com os grupos subalternos. <\/p>\n<p><strong>GT \u2013 IV: Lutas contra opress\u00f5es e pela emancipa\u00e7\u00e3o humana <\/strong><br \/>\nEmenta: O s\u00e9culo XX n\u00e3o somente \u00e9 marcado por um conjunto de conflitos humanos em n\u00fameros que superam outros s\u00e9culos, mas tamb\u00e9m pela ascens\u00e3o de lutas de grupos que trazem novas perspectivas de pr\u00e1xis, diante da complexifica\u00e7\u00e3o das rela\u00e7\u00f5es sociais. As lutas das mulheres, ind\u00edgenas, negros, quilombolas, LGBTQIA+, e outras v\u00eam se desenvolvendo a partir das contradi\u00e7\u00f5es e das necessidades de processos que fa\u00e7am avan\u00e7ar n\u00e3o apenas os direitos individuais mas a consci\u00eancia emancipat\u00f3ria humana. Este grupo de trabalho busca reunir as contribui\u00e7\u00f5es que analisem essas lutas a partir das categorias gramscianas.<\/p>\n<p><strong>GT \u2013 V: Gramsci e os Marxismos<\/strong><br \/>\nEmenta: Este grupo de trabalho pretende discutir o pensamento gramsciano e suas interfaces com outras vertentes do marxismo. As contribui\u00e7\u00f5es poder\u00e3o somar no sentido da demonstra\u00e7\u00e3o da atualidade de Gramsci para as lutas atuais, quanto para a tradu\u00e7\u00e3o e interlocu\u00e7\u00e3o de seu pensamento diante das diferentes realidades e das vertentes marxistas; as influ\u00eancias de pensadores marxistas na obra de Gramsci; e a tradutibilidade de Gramsci, Marx e outros marxismos para a Am\u00e9rica Latina. <\/p>\n<p><strong>GT \u2013 VI: Socialismo e Revolu\u00e7\u00e3o <\/strong><br \/>\nEmenta: Este grupo de trabalho receber\u00e1 an\u00e1lises sobre as concep\u00e7\u00f5es gramscianas de socialismo e revolu\u00e7\u00e3o; sobre os movimentos pol\u00edticos, e as correntes ideol\u00f3gicas socialistas que colocam as teses do estado ampliado, permitindo a participa\u00e7\u00e3o integral dos cidad\u00e3os na constru\u00e7\u00e3o do comunismo; processos revolucion\u00e1rios como atos conscientes; ideologias e crise de hegemonia; a participa\u00e7\u00e3o e os instrumentos dos trabalhadores no processo de constru\u00e7\u00e3o do socialismo revolucion\u00e1rio; os conselhos de f\u00e1brica; transi\u00e7\u00e3o, revolu\u00e7\u00e3o e internacionalismo; partido, ideologia e coes\u00e3o de classe; revolu\u00e7\u00f5es passivas e a nega\u00e7\u00e3o da dire\u00e7\u00e3o aos subalternos na Am\u00e9rica Latina; e governos progressistas na Am\u00e9rica Latina.<\/p>\n<p><strong>GT \u2013 VII: Pol\u00edticas Educacionais, Curr\u00edculo e Forma\u00e7\u00e3o Integrada <\/strong><br \/>\nEmenta: Diante dos avan\u00e7os dos acordos comerciais dos blocos econ\u00f4micos, a educa\u00e7\u00e3o tem se constitu\u00eddo em um campo de servi\u00e7os, sob a qual incorre diversos interesses para a uniformiza\u00e7\u00e3o das pol\u00edticas e dos curr\u00edculos, com a finalidade de atender grupos corporativos e financeiros. Compreender e analisar as dimens\u00f5es da integralidade formativa, curricular e das pol\u00edticas educacionais a partir da perspectiva gramsciana \u00e9 o objetivo deste grupo de trabalho. As contribui\u00e7\u00f5es poder\u00e3o trazer aspectos das dimens\u00f5es te\u00f3ricas atuais refletindo sobre os diversos sistemas de educa\u00e7\u00e3o, bem como, experi\u00eancias com pol\u00edticas e curr\u00edculos integrais desenvolvidos em diversos espa\u00e7os sociais.<\/p>\n","protected":false},"excerpt":{"rendered":"<p>CRONOGRAMA DE ATIVIDADES Segunda-Feira: Credenciamento Data: 29\/08\/2022 Local: Sagu\u00e3o do IFG\/Campus Goi\u00e2nia. Hor\u00e1rio: &#8211; 10h00 \u00e0s 12h00 (matutino); e, &#8211; 14h00 \u00e0s 17h00 (vespertino). Apresenta\u00e7\u00e3o Musical: Grupo de Chorinho do IFG. Coordena\u00e7\u00e3o:Prof. Dr. Lamartine Tavares (IFG\/Campus Goi\u00e2nia) Hor\u00e1rio: 12H00 \u00e0s 13H00. Local: P\u00e1tio (IFG\/Campus Goi\u00e2nia) Exibi\u00e7\u00e3o do Filme\/Document\u00e1rio: In the Great and Terrible World. Nel&hellip;<a href=\"https:\/\/eventos.ifg.edu.br\/gramsci\/cromograma\/\">Leia mais <span class=\"screen-reader-text\">CRONOGRAMA DE ATIVIDADES<\/span><\/a><\/p>\n","protected":false},"author":158,"featured_media":0,"parent":0,"menu_order":0,"comment_status":"closed","ping_status":"closed","template":"","meta":{"ngg_post_thumbnail":0,"footnotes":""},"class_list":["post-73","page","type-page","status-publish","hentry"],"_links":{"self":[{"href":"https:\/\/eventos.ifg.edu.br\/gramsci\/wp-json\/wp\/v2\/pages\/73"}],"collection":[{"href":"https:\/\/eventos.ifg.edu.br\/gramsci\/wp-json\/wp\/v2\/pages"}],"about":[{"href":"https:\/\/eventos.ifg.edu.br\/gramsci\/wp-json\/wp\/v2\/types\/page"}],"author":[{"embeddable":true,"href":"https:\/\/eventos.ifg.edu.br\/gramsci\/wp-json\/wp\/v2\/users\/158"}],"replies":[{"embeddable":true,"href":"https:\/\/eventos.ifg.edu.br\/gramsci\/wp-json\/wp\/v2\/comments?post=73"}],"version-history":[{"count":47,"href":"https:\/\/eventos.ifg.edu.br\/gramsci\/wp-json\/wp\/v2\/pages\/73\/revisions"}],"predecessor-version":[{"id":414,"href":"https:\/\/eventos.ifg.edu.br\/gramsci\/wp-json\/wp\/v2\/pages\/73\/revisions\/414"}],"wp:attachment":[{"href":"https:\/\/eventos.ifg.edu.br\/gramsci\/wp-json\/wp\/v2\/media?parent=73"}],"curies":[{"name":"wp","href":"https:\/\/api.w.org\/{rel}","templated":true}]}}