{"id":616,"date":"2022-10-19T08:24:23","date_gmt":"2022-10-19T11:24:23","guid":{"rendered":"http:\/\/eventos.ifg.edu.br\/gramsci\/?page_id=616"},"modified":"2022-11-10T07:22:52","modified_gmt":"2022-11-10T10:22:52","slug":"comissoes","status":"publish","type":"page","link":"https:\/\/eventos.ifg.edu.br\/gramsci\/comissoes\/","title":{"rendered":"COORDENA\u00c7\u00c3O GERAL E COMISS\u00d5ES"},"content":{"rendered":"<p><img fetchpriority=\"high\" decoding=\"async\" class=\"alignnone size-full wp-image-30\" src=\"http:\/\/eventos.ifg.edu.br\/gramsci\/wp-content\/uploads\/sites\/71\/2022\/03\/154e83c9-b41e-4c04-a9c5-1de8aa84418b.jpg\" alt=\"154e83c9-b41e-4c04-a9c5-1de8aa84418b\" width=\"1134\" height=\"186\"><\/p>\n<p><strong>COORDENA\u00c7\u00c3O GERAL \u2013 ADMINISTRATIVO-ORGANIZATIVA E PEDAG\u00d3GICA<\/strong><br \/>\nProf. Dr. Marcelo Lira Silva<\/p>\n<p>&nbsp;<\/p>\n<div><strong>COMISS\u00c3O ORGANIZADORA NACIONAL<\/strong><\/div>\n<div>&nbsp;<\/div>\n<div>Ana Lole (PUC-Rio)<br \/>\nCezar Luiz De Mari (UFV\/MG)<br \/>\nDavid Maciel (UFG\/Campus Samambaia)<br \/>\nDeise Rosalio Silva (FAE\/UFMG)<br \/>\nGiovanni Fresu (UFU)<br \/>\nLuciana Aliaga (UFPB\/ Jo\u00e3o Pessoa)<br \/>\nMarcelo Lira Silva (IFG\/Campus Goi\u00e2nia)<br \/>\nMaria Margarida Machado (UFG\/Faculdade de Educa\u00e7\u00e3o)<br \/>\nMarcos Vinicius Ribeiro (UEG\/Campus Quirin\u00f3polis)<br \/>\nRodrigo Juruc\u00ea Mattos Gon\u00e7alves (UEG\/Campus Morrinhos)<\/div>\n<div>&nbsp;<\/div>\n<div>&nbsp;<\/div>\n<div>\n<div><strong>COMISS\u00c3O ORGANIZADORA LOCAL<\/strong><\/div>\n<div>&nbsp;<\/div>\n<div>David Maciel (UFG\/Faculdade de Hist\u00f3ria)<br \/>\nFernando Augusto Messias (IFG\/Campus Goi\u00e2nia)<br \/>\nGeraldo Coelho de Oliveira Junior (MEC)<br \/>\nMarcelo Lira Silva (IFG\/Campus Goi\u00e2nia)<br \/>\nMad Ana Desiree Ribeiro de Castro (IFG\/Campus Goi\u00e2nia)<br \/>\nMaria Margarida Machado (UFG\/Faculdade de Educa\u00e7\u00e3o)<\/div>\n<div>&nbsp;<\/div>\n<div>&nbsp;<\/div>\n<div><strong>COMISS\u00c3O CIENT\u00cdFICA<\/strong><\/div>\n<\/div>\n<div>\n<div>\n<div>\n<p>Ana Lole (PUC-Rio)<br \/>\nAna Said (UFU)<br \/>\nAnita Helena Schlesener (UFPR)<br \/>\nCamila Massaro de G\u00f3es (UNICAMP)<br \/>\nCarmem Sylvia Vidigal (USP)<br \/>\nCezar Luiz De Mari (UFV)<br \/>\nCl\u00e1udio Reis (UFGD)<br \/>\nDaniela Mussi (UFRJ)<br \/>\nDavid Maciel (UFG)<br \/>\nDeise Rosalio Silva (UFMG)<br \/>\nDouglas Christian Ferrari de Melo (UFES)<br \/>\nGiovanni Fresu (UFU)<br \/>\nGeraldo Coelho de Oliveira Junior (MEC)<br \/>\nIvete Simionatto (UFSC)<br \/>\nLeandro Galastri (UNESP\/Mar\u00edlia)<br \/>\nLuciana Aliaga (UFPB)<br \/>\nMarcelo Lira Silva (IFG\/Campus Goi\u00e2nia)<br \/>\nMarcia Jacomini (UNIFESP)<br \/>\nMarcos Aur\u00e9lio da Silva (UFSC)<br \/>\nMarcos Del Roio (UNESP\/Campus Mar\u00edlia)<br \/>\nMaria Ciavatta (UFF)<br \/>\nMaria Margarida Machado (UFG)<br \/>\nMaria Socorro Milit\u00e3o (UFU)<br \/>\nMarina Maciel Abreu (UFMA)<br \/>\nPercival Tavares (UFF)<br \/>\nRicardo Salles (UNIRIO)<br \/>\nRejane Cleide Medeiros de Almeida (UFT)<br \/>\nRodrigo Juruc\u00ea Mattos Gon\u00e7alves (UEG)<br \/>\nRodrigo Lima Ribeiro Gomes (UFF)<br \/>\nSabrina Miranda Areco (UEMS)<\/p>\n<p>&nbsp;<\/p>\n<\/div>\n<\/div>\n<div><strong>COMISS\u00c3O DE ATIVIDADES CULTURAIS<\/strong><\/div>\n<div>\n<p>Anderson Nogueira<br \/>\nDaniel Lacerda<br \/>\nDavi Gabriel Barbosa Ramos<br \/>\nDiogo Rodrigues Oliveira<br \/>\nFelipe Valoz<br \/>\nGustavo Ara\u00fajo Amui<br \/>\nLamartine Tavares<br \/>\nLiris Machado<br \/>\nLucas Barbosa dos Santos<br \/>\nLuiz Felipe Lima Duarte<br \/>\nMaria Luiza Barbosa dos Santos<br \/>\nMatheus Ferreira Grande de Paula<br \/>\nWygner Silva Amorim<\/p>\n<\/div>\n<div><strong>COMISS\u00c3O T\u00c9CNICO-OPERACIONAL<\/strong><\/div>\n<div>\n<p>Alliny Castro Silva<br \/>\nAna Maria Albuquerque<br \/>\nCa\u00edque Aiu\u00ea Esteves Gomes Oliveira<br \/>\nCl\u00e1udia Borges Costa<br \/>\nFernando Augusto Messias<br \/>\nHaney Soares Silva<br \/>\nJo\u00e3o Ant\u00f4nio Rocha<br \/>\nJosely Tonha de Souza<br \/>\nJuliana Cristina Soares Dutra<br \/>\nJ\u00falio Cesar Apolin\u00e1rio Maia<br \/>\nKeziane Fernandes de Oliveira<br \/>\nLeila Maria de Jesus Oliveira<br \/>\nMatheus Dalto\u00e9 Assis<br \/>\nP\u00edtias Alves Lobo<br \/>\nRicardo Gon\u00e7alves Pacheco<\/p>\n<\/div>\n<p>&nbsp;<\/p>\n<\/div>\n","protected":false},"excerpt":{"rendered":"<p>COORDENA\u00c7\u00c3O GERAL \u2013 ADMINISTRATIVO-ORGANIZATIVA E PEDAG\u00d3GICA Prof. Dr. Marcelo Lira Silva &nbsp; COMISS\u00c3O ORGANIZADORA NACIONAL &nbsp; Ana Lole (PUC-Rio) Cezar Luiz De Mari (UFV\/MG) David Maciel (UFG\/Campus Samambaia) Deise Rosalio Silva (FAE\/UFMG) Giovanni Fresu (UFU) Luciana Aliaga (UFPB\/ Jo\u00e3o Pessoa) Marcelo Lira Silva (IFG\/Campus Goi\u00e2nia) Maria Margarida Machado (UFG\/Faculdade de Educa\u00e7\u00e3o) Marcos Vinicius Ribeiro (UEG\/Campus&hellip;<a href=\"https:\/\/eventos.ifg.edu.br\/gramsci\/comissoes\/\">Leia mais <span class=\"screen-reader-text\">COORDENA\u00c7\u00c3O GERAL E COMISS\u00d5ES<\/span><\/a><\/p>\n","protected":false},"author":155,"featured_media":0,"parent":0,"menu_order":0,"comment_status":"closed","ping_status":"closed","template":"","meta":{"ngg_post_thumbnail":0,"footnotes":""},"class_list":["post-616","page","type-page","status-publish","hentry"],"_links":{"self":[{"href":"https:\/\/eventos.ifg.edu.br\/gramsci\/wp-json\/wp\/v2\/pages\/616"}],"collection":[{"href":"https:\/\/eventos.ifg.edu.br\/gramsci\/wp-json\/wp\/v2\/pages"}],"about":[{"href":"https:\/\/eventos.ifg.edu.br\/gramsci\/wp-json\/wp\/v2\/types\/page"}],"author":[{"embeddable":true,"href":"https:\/\/eventos.ifg.edu.br\/gramsci\/wp-json\/wp\/v2\/users\/155"}],"replies":[{"embeddable":true,"href":"https:\/\/eventos.ifg.edu.br\/gramsci\/wp-json\/wp\/v2\/comments?post=616"}],"version-history":[{"count":5,"href":"https:\/\/eventos.ifg.edu.br\/gramsci\/wp-json\/wp\/v2\/pages\/616\/revisions"}],"predecessor-version":[{"id":635,"href":"https:\/\/eventos.ifg.edu.br\/gramsci\/wp-json\/wp\/v2\/pages\/616\/revisions\/635"}],"wp:attachment":[{"href":"https:\/\/eventos.ifg.edu.br\/gramsci\/wp-json\/wp\/v2\/media?parent=616"}],"curies":[{"name":"wp","href":"https:\/\/api.w.org\/{rel}","templated":true}]}}