{"id":45,"date":"2022-03-09T17:10:02","date_gmt":"2022-03-09T20:10:02","guid":{"rendered":"http:\/\/eventos.ifg.edu.br\/gramsci\/?page_id=45"},"modified":"2022-07-11T11:36:13","modified_gmt":"2022-07-11T14:36:13","slug":"comissao-organizadora-nacional","status":"publish","type":"page","link":"https:\/\/eventos.ifg.edu.br\/gramsci\/comissao-organizadora-nacional\/","title":{"rendered":"COMISS\u00c3O ORGANIZADORA NACIONAL"},"content":{"rendered":"<p><img fetchpriority=\"high\" decoding=\"async\" src=\"http:\/\/eventos.ifg.edu.br\/gramsci\/wp-content\/uploads\/sites\/71\/2022\/03\/154e83c9-b41e-4c04-a9c5-1de8aa84418b-1.jpg\" alt=\"154e83c9-b41e-4c04-a9c5-1de8aa84418b\" width=\"1134\" height=\"186\" class=\"alignnone size-full wp-image-79\" \/><\/p>\n<div style=\"text-align:center\"><strong>COMISS\u00c3O ORGANIZADORA NACIONAL<\/strong><\/div>\n<div style=\"text-align:center\">\nAna Lole (PUC-Rio)<br \/>\nCezar Luiz De Mari (UFV\/MG)<br \/>\nDavid Maciel (UFG\/Campus Samambaia)<br \/>\nDeise Rosalio Silva (FAE\/UFMG)<br \/>\nGiovanni Fresu (UFU)<br \/>\nLuciana Aliaga (UFPB\/ Jo\u00e3o Pessoa)<br \/>\nMarcelo Lira Silva (IFG\/Campus Goi\u00e2nia)<br \/>\nMaria Margarida Machado (UFG\/Faculdade de Educa\u00e7\u00e3o)<br \/>\nMarcos Vinicius Ribeiro (UEG\/Campus Quirin\u00f3polis)<br \/>\nRodrigo Juruc\u00ea Mattos Gon\u00e7alves (UEG\/Campus Morrinhos)<\/p>\n<\/div>\n","protected":false},"excerpt":{"rendered":"<p>COMISS\u00c3O ORGANIZADORA NACIONAL Ana Lole (PUC-Rio) Cezar Luiz De Mari (UFV\/MG) David Maciel (UFG\/Campus Samambaia) Deise Rosalio Silva (FAE\/UFMG) Giovanni Fresu (UFU) Luciana Aliaga (UFPB\/ Jo\u00e3o Pessoa) Marcelo Lira Silva (IFG\/Campus Goi\u00e2nia) Maria Margarida Machado (UFG\/Faculdade de Educa\u00e7\u00e3o) Marcos Vinicius Ribeiro (UEG\/Campus Quirin\u00f3polis) Rodrigo Juruc\u00ea Mattos Gon\u00e7alves (UEG\/Campus Morrinhos)<\/p>\n","protected":false},"author":158,"featured_media":0,"parent":0,"menu_order":0,"comment_status":"closed","ping_status":"closed","template":"","meta":{"ngg_post_thumbnail":0,"footnotes":""},"class_list":["post-45","page","type-page","status-publish","hentry"],"_links":{"self":[{"href":"https:\/\/eventos.ifg.edu.br\/gramsci\/wp-json\/wp\/v2\/pages\/45"}],"collection":[{"href":"https:\/\/eventos.ifg.edu.br\/gramsci\/wp-json\/wp\/v2\/pages"}],"about":[{"href":"https:\/\/eventos.ifg.edu.br\/gramsci\/wp-json\/wp\/v2\/types\/page"}],"author":[{"embeddable":true,"href":"https:\/\/eventos.ifg.edu.br\/gramsci\/wp-json\/wp\/v2\/users\/158"}],"replies":[{"embeddable":true,"href":"https:\/\/eventos.ifg.edu.br\/gramsci\/wp-json\/wp\/v2\/comments?post=45"}],"version-history":[{"count":5,"href":"https:\/\/eventos.ifg.edu.br\/gramsci\/wp-json\/wp\/v2\/pages\/45\/revisions"}],"predecessor-version":[{"id":162,"href":"https:\/\/eventos.ifg.edu.br\/gramsci\/wp-json\/wp\/v2\/pages\/45\/revisions\/162"}],"wp:attachment":[{"href":"https:\/\/eventos.ifg.edu.br\/gramsci\/wp-json\/wp\/v2\/media?parent=45"}],"curies":[{"name":"wp","href":"https:\/\/api.w.org\/{rel}","templated":true}]}}