{"id":42,"date":"2022-03-09T17:03:20","date_gmt":"2022-03-09T20:03:20","guid":{"rendered":"http:\/\/eventos.ifg.edu.br\/gramsci\/?page_id=42"},"modified":"2022-07-12T10:48:25","modified_gmt":"2022-07-12T13:48:25","slug":"comissao-cientifica","status":"publish","type":"page","link":"https:\/\/eventos.ifg.edu.br\/gramsci\/comissao-cientifica\/","title":{"rendered":"COMISS\u00c3O CIENT\u00cdFICA"},"content":{"rendered":"<p><img fetchpriority=\"high\" decoding=\"async\" src=\"http:\/\/eventos.ifg.edu.br\/gramsci\/wp-content\/uploads\/sites\/71\/2022\/03\/154e83c9-b41e-4c04-a9c5-1de8aa84418b-1.jpg\" alt=\"154e83c9-b41e-4c04-a9c5-1de8aa84418b\" width=\"1134\" height=\"186\" class=\"alignnone size-full wp-image-79\" \/><\/p>\n<div style=\"text-align:center\"><strong>COMISS\u00c3O CIENT\u00cdFICA<\/strong><\/div>\n<div style=\"text-align:center\">\n<p>Ana Lole (PUC-Rio)<br \/>\nAna Said (UFU)<br \/>\nAnita Helena Schlesener (UFPR)<br \/>\nCamila Massaro de G\u00f3es (UNICAMP)<br \/>\nCarmem Sylvia Vidigal (USP)<br \/>\nCezar Luiz De Mari (UFV)<br \/>\nCl\u00e1udio Reis (UFGD)<br \/>\nDaniela Mussi (UFRJ)<br \/>\nDavid Maciel (UFG)<br \/>\nDeise Rosalio Silva (UFMG)<br \/>\nDouglas Christian Ferrari de Melo (UFES)<br \/>\nGiovanni Fresu (UFU)<br \/>\nGeraldo Coelho de Oliveira Junior (MEC)<br \/>\nIvete Simionatto (UFSC)<br \/>\nLeandro Galastri (UNESP\/Mar\u00edlia)<br \/>\nLuciana Aliaga (UFPB)<br \/>\nMarcelo Lira Silva (IFG\/Campus Goi\u00e2nia)<br \/>\nMarcia Jacomini (UNIFESP)<br \/>\nMarcos Aur\u00e9lio da Silva (UFSC)<br \/>\nMarcos Del Roio (UNESP\/Campus Mar\u00edlia)<br \/>\nMaria Ciavatta (UFF)<br \/>\nMaria Margarida Machado (UFG)<br \/>\nMaria Socorro Milit\u00e3o (UFU)<br \/>\nMarina Maciel Abreu (UFMA)<br \/>\nPercival Tavares (UFF)<br \/>\nRicardo Salles (UNIRIO)<br \/>\nRejane Cleide Medeiros de Almeida (UFT)<br \/>\nRodrigo Juruc\u00ea Mattos Gon\u00e7alves (UEG)<br \/>\nRodrigo Lima Ribeiro Gomes (UFF)<br \/>\nSabrina Miranda Areco (UEMS)<\/p>\n<\/div>\n","protected":false},"excerpt":{"rendered":"<p>COMISS\u00c3O CIENT\u00cdFICA Ana Lole (PUC-Rio) Ana Said (UFU) Anita Helena Schlesener (UFPR) Camila Massaro de G\u00f3es (UNICAMP) Carmem Sylvia Vidigal (USP) Cezar Luiz De Mari (UFV) Cl\u00e1udio Reis (UFGD) Daniela Mussi (UFRJ) David Maciel (UFG) Deise Rosalio Silva (UFMG) Douglas Christian Ferrari de Melo (UFES) Giovanni Fresu (UFU) Geraldo Coelho de Oliveira Junior (MEC) Ivete&hellip;<a href=\"https:\/\/eventos.ifg.edu.br\/gramsci\/comissao-cientifica\/\">Leia mais <span class=\"screen-reader-text\">COMISS\u00c3O CIENT\u00cdFICA<\/span><\/a><\/p>\n","protected":false},"author":158,"featured_media":0,"parent":0,"menu_order":0,"comment_status":"closed","ping_status":"closed","template":"","meta":{"ngg_post_thumbnail":0,"footnotes":""},"class_list":["post-42","page","type-page","status-publish","hentry"],"_links":{"self":[{"href":"https:\/\/eventos.ifg.edu.br\/gramsci\/wp-json\/wp\/v2\/pages\/42"}],"collection":[{"href":"https:\/\/eventos.ifg.edu.br\/gramsci\/wp-json\/wp\/v2\/pages"}],"about":[{"href":"https:\/\/eventos.ifg.edu.br\/gramsci\/wp-json\/wp\/v2\/types\/page"}],"author":[{"embeddable":true,"href":"https:\/\/eventos.ifg.edu.br\/gramsci\/wp-json\/wp\/v2\/users\/158"}],"replies":[{"embeddable":true,"href":"https:\/\/eventos.ifg.edu.br\/gramsci\/wp-json\/wp\/v2\/comments?post=42"}],"version-history":[{"count":10,"href":"https:\/\/eventos.ifg.edu.br\/gramsci\/wp-json\/wp\/v2\/pages\/42\/revisions"}],"predecessor-version":[{"id":596,"href":"https:\/\/eventos.ifg.edu.br\/gramsci\/wp-json\/wp\/v2\/pages\/42\/revisions\/596"}],"wp:attachment":[{"href":"https:\/\/eventos.ifg.edu.br\/gramsci\/wp-json\/wp\/v2\/media?parent=42"}],"curies":[{"name":"wp","href":"https:\/\/api.w.org\/{rel}","templated":true}]}}