{"id":415,"date":"2022-07-11T12:03:57","date_gmt":"2022-07-11T15:03:57","guid":{"rendered":"http:\/\/eventos.ifg.edu.br\/gramsci\/?page_id=415"},"modified":"2022-10-19T08:03:56","modified_gmt":"2022-10-19T11:03:56","slug":"selecao-de-propostas-para-os-grupos-de-trabalho-iii-coloquio-internacional-a-gramsci","status":"publish","type":"page","link":"https:\/\/eventos.ifg.edu.br\/gramsci\/selecao-de-propostas-para-os-grupos-de-trabalho-iii-coloquio-internacional-a-gramsci\/","title":{"rendered":"RESULTADO DA SELE\u00c7\u00c3O DE PROPOSTAS PARA OS GRUPOS DE TRABALHO III COL\u00d3QUIO INTERNACIONAL A. GRAMSCI"},"content":{"rendered":"<p><img fetchpriority=\"high\" decoding=\"async\" class=\"alignnone size-full wp-image-79\" src=\"http:\/\/eventos.ifg.edu.br\/gramsci\/wp-content\/uploads\/sites\/71\/2022\/03\/154e83c9-b41e-4c04-a9c5-1de8aa84418b-1.jpg\" alt=\"154e83c9-b41e-4c04-a9c5-1de8aa84418b\" width=\"1134\" height=\"186\"><\/p>\n<div style=\"text-align: center\"><strong>RESULTADO DA SELE\u00c7\u00c3O DE PROPOSTAS PARA OS GRUPOS DE TRABALHO III COL\u00d3QUIO INTERNACIONAL A. GRAMSCI<\/strong><\/div>\n<div style=\"text-align: center\">\n<p>&nbsp;<\/p>\n<p><strong>Confira o resultado da sele\u00e7\u00e3o de propostas para os grupos de trabalho III Col\u00f3quio Internacional Antonio Gramsci <\/strong><a href=\"http:\/\/eventos.ifg.edu.br\/gramsci\/selecao-de-propostas-para-os-grupos-de-trabalho-iii-coloquio-internacional-a-gramsci\/iii-coloquio-internacional-antonio-gramsci-igs-brasil-pdf\/\" rel=\"attachment wp-att-580\">III Col\u00f3quio Internacional Antonio Gramsci (IGS Brasil) &#8211; PDF<\/a><\/p>\n<\/div>\n","protected":false},"excerpt":{"rendered":"<p>RESULTADO DA SELE\u00c7\u00c3O DE PROPOSTAS PARA OS GRUPOS DE TRABALHO III COL\u00d3QUIO INTERNACIONAL A. GRAMSCI &nbsp; Confira o resultado da sele\u00e7\u00e3o de propostas para os grupos de trabalho III Col\u00f3quio Internacional Antonio Gramsci III Col\u00f3quio Internacional Antonio Gramsci (IGS Brasil) &#8211; PDF<\/p>\n","protected":false},"author":165,"featured_media":0,"parent":0,"menu_order":0,"comment_status":"closed","ping_status":"closed","template":"","meta":{"ngg_post_thumbnail":0,"footnotes":""},"class_list":["post-415","page","type-page","status-publish","hentry"],"_links":{"self":[{"href":"https:\/\/eventos.ifg.edu.br\/gramsci\/wp-json\/wp\/v2\/pages\/415"}],"collection":[{"href":"https:\/\/eventos.ifg.edu.br\/gramsci\/wp-json\/wp\/v2\/pages"}],"about":[{"href":"https:\/\/eventos.ifg.edu.br\/gramsci\/wp-json\/wp\/v2\/types\/page"}],"author":[{"embeddable":true,"href":"https:\/\/eventos.ifg.edu.br\/gramsci\/wp-json\/wp\/v2\/users\/165"}],"replies":[{"embeddable":true,"href":"https:\/\/eventos.ifg.edu.br\/gramsci\/wp-json\/wp\/v2\/comments?post=415"}],"version-history":[{"count":116,"href":"https:\/\/eventos.ifg.edu.br\/gramsci\/wp-json\/wp\/v2\/pages\/415\/revisions"}],"predecessor-version":[{"id":607,"href":"https:\/\/eventos.ifg.edu.br\/gramsci\/wp-json\/wp\/v2\/pages\/415\/revisions\/607"}],"wp:attachment":[{"href":"https:\/\/eventos.ifg.edu.br\/gramsci\/wp-json\/wp\/v2\/media?parent=415"}],"curies":[{"name":"wp","href":"https:\/\/api.w.org\/{rel}","templated":true}]}}