{"id":386,"date":"2022-06-09T11:07:19","date_gmt":"2022-06-09T14:07:19","guid":{"rendered":"http:\/\/eventos.ifg.edu.br\/gramsci\/?page_id=386"},"modified":"2022-06-09T11:07:19","modified_gmt":"2022-06-09T14:07:19","slug":"inscricoes","status":"publish","type":"page","link":"https:\/\/eventos.ifg.edu.br\/gramsci\/inscricoes\/","title":{"rendered":"INSCRI\u00c7\u00d5ES"},"content":{"rendered":"<p><span style=\"font-weight: 400\">Acesse o <\/span><a href=\"http:\/\/eventos.ifg.edu.br\/gramsci\/cromograma\/\"><span style=\"font-weight: 400\">Cronograma de Atividades<\/span><\/a><span style=\"font-weight: 400\"> do <\/span><span style=\"font-weight: 400\">III Col\u00f3quio Internacional Antonio Gramsci (IGS-BRASIL) e <\/span><a href=\"https:\/\/sugep.ifg.edu.br\/eventos\/#\/publico\/eventos\/1ad1d197-8212-455b-9948-a0ab5744cb97\/inscricao\"><span style=\"font-weight: 400\">fa\u00e7a sua inscri\u00e7\u00e3o<\/span><\/a><span style=\"font-weight: 400\"> no evento.&nbsp;<\/span><\/p>\n<p><strong>Para obter certificado de participa\u00e7\u00e3o, voc\u00ea precisa se inscrever em todas as atividades de seu interesse.&nbsp;<\/strong><\/p>\n<p><b>Orienta\u00e7\u00f5es para realizar a inscri\u00e7\u00e3o nas atividades (palestras, minicursos, mesas etc.)<\/b><\/p>\n<ol>\n<li><span style=\"font-weight: 400\">Acesse o link &lt;https:\/\/sugep.ifg.edu.br\/eventos\/#\/publico\/eventos\/1ad1d197-8212-455b-9948-a0ab5744cb97\/inscricao&gt;;<\/span><\/li>\n<li><span style=\"font-weight: 400\"> Preencha os dados e clique em \u201cGravar\u201d;<\/span><\/li>\n<li><span style=\"font-weight: 400\"> Feito isso, voc\u00ea receber\u00e1 um e-mail. Abra-o e clique no link &#8220;Clique aqui para confirmar sua inscri\u00e7\u00e3o&#8221;;<\/span><\/li>\n<li><span style=\"font-weight: 400\"> Ao fazer isso, ser\u00e3o abertas todas as atividades do evento. \u00c9 muito importante que voc\u00ea se inscreva em todas das quais pretende participar. Somente assim ser\u00e1 poss\u00edvel conferir a inscri\u00e7\u00e3o e emitir os certificados.<\/span><\/li>\n<\/ol>\n<p><span style=\"font-weight: 400\">Caso voc\u00ea use mais de um e-mail, memorize aquele usado no passo 1, pois qualquer informe do evento poder\u00e1 enviado para ele.<\/span><\/p>\n<p><b>Orienta\u00e7\u00f5es para editar as atividades selecionadas (por exemplo, cancelar inscri\u00e7\u00e3o, inscrever-se em nova atividade)<\/b><\/p>\n<ol>\n<li><span style=\"font-weight: 400\">Acesse o link https:\/\/sugep.ifg.edu.br\/;<\/span><\/li>\n<li><span style=\"font-weight: 400\"> Na parte superior da tela, clique em \u201cConectar-se\u201d;<\/span><\/li>\n<li><span style=\"font-weight: 400\"> Voc\u00ea precisar\u00e1 se lembrar do e-mail usado na etapa de inscri\u00e7\u00e3o inicial. Se for o seu primeiro acesso, clique em \u201cEsqueceu a senha?\u201d e siga as orienta\u00e7\u00f5es.<\/span><\/li>\n<li><span style=\"font-weight: 400\"> Ap\u00f3s conectar-se, voc\u00ea ter\u00e1 acesso ao seu ambiente de inscri\u00e7\u00e3o do evento e poder\u00e1 fazer as edi\u00e7\u00f5es.<\/span><\/li>\n<\/ol>\n<p><span style=\"font-weight: 400\">Em caso de d\u00favidas sobre como realizar a inscri\u00e7\u00e3o nas atividades ou edit\u00e1-las, entre em contato pelo e-mail gepex.goiania@ifg.edu.br<\/span><\/p>\n","protected":false},"excerpt":{"rendered":"<p>Acesse o Cronograma de Atividades do III Col\u00f3quio Internacional Antonio Gramsci (IGS-BRASIL) e fa\u00e7a sua inscri\u00e7\u00e3o no evento.&nbsp; Para obter certificado de participa\u00e7\u00e3o, voc\u00ea precisa se inscrever em todas as atividades de seu interesse.&nbsp; Orienta\u00e7\u00f5es para realizar a inscri\u00e7\u00e3o nas atividades (palestras, minicursos, mesas etc.) Acesse o link &lt;https:\/\/sugep.ifg.edu.br\/eventos\/#\/publico\/eventos\/1ad1d197-8212-455b-9948-a0ab5744cb97\/inscricao&gt;; Preencha os dados e clique em&hellip;<a href=\"https:\/\/eventos.ifg.edu.br\/gramsci\/inscricoes\/\">Leia mais <span class=\"screen-reader-text\">INSCRI\u00c7\u00d5ES<\/span><\/a><\/p>\n","protected":false},"author":159,"featured_media":0,"parent":0,"menu_order":0,"comment_status":"closed","ping_status":"closed","template":"","meta":{"ngg_post_thumbnail":0,"footnotes":""},"class_list":["post-386","page","type-page","status-publish","hentry"],"_links":{"self":[{"href":"https:\/\/eventos.ifg.edu.br\/gramsci\/wp-json\/wp\/v2\/pages\/386"}],"collection":[{"href":"https:\/\/eventos.ifg.edu.br\/gramsci\/wp-json\/wp\/v2\/pages"}],"about":[{"href":"https:\/\/eventos.ifg.edu.br\/gramsci\/wp-json\/wp\/v2\/types\/page"}],"author":[{"embeddable":true,"href":"https:\/\/eventos.ifg.edu.br\/gramsci\/wp-json\/wp\/v2\/users\/159"}],"replies":[{"embeddable":true,"href":"https:\/\/eventos.ifg.edu.br\/gramsci\/wp-json\/wp\/v2\/comments?post=386"}],"version-history":[{"count":1,"href":"https:\/\/eventos.ifg.edu.br\/gramsci\/wp-json\/wp\/v2\/pages\/386\/revisions"}],"predecessor-version":[{"id":389,"href":"https:\/\/eventos.ifg.edu.br\/gramsci\/wp-json\/wp\/v2\/pages\/386\/revisions\/389"}],"wp:attachment":[{"href":"https:\/\/eventos.ifg.edu.br\/gramsci\/wp-json\/wp\/v2\/media?parent=386"}],"curies":[{"name":"wp","href":"https:\/\/api.w.org\/{rel}","templated":true}]}}