{"id":331,"date":"2022-03-22T13:25:45","date_gmt":"2022-03-22T16:25:45","guid":{"rendered":"http:\/\/eventos.ifg.edu.br\/gramsci\/?page_id=331"},"modified":"2022-03-22T13:27:10","modified_gmt":"2022-03-22T16:27:10","slug":"dicas-de-hospedagem","status":"publish","type":"page","link":"https:\/\/eventos.ifg.edu.br\/gramsci\/dicas-de-hospedagem\/","title":{"rendered":"DICAS DE HOSPEDAGEM"},"content":{"rendered":"<p><img fetchpriority=\"high\" decoding=\"async\" src=\"http:\/\/eventos.ifg.edu.br\/gramsci\/wp-content\/uploads\/sites\/71\/2022\/03\/154e83c9-b41e-4c04-a9c5-1de8aa84418b-1.jpg\" alt=\"154e83c9-b41e-4c04-a9c5-1de8aa84418b\" width=\"1134\" height=\"186\" class=\"alignnone size-full wp-image-79\" \/><\/p>\n<p><strong>Segue abaixo algumas sugest\u00f5es de Hot\u00e9is pr\u00f3ximos aos locais do Col\u00f3quio*:<\/p>\n<p>Hotel\tEndere\u00e7o\tDist\u00e2ncia\tContato\tLink<\/strong><br \/>\nMega Moda Hotel\tAv. Contorno n\u00ba 1407\t650 m\t3267-6500<br \/>\n<a href=\"http:\/\/www.megamodahotel.com.br\">http:\/\/www.megamodahotel.com.br <\/a><\/p>\n<p>Garden Hotel\tAv. Goi\u00e1s n\u00ba 1291 St. Central\t1,1 km\t3224-2866<br \/>\n<a href=\"https:\/\/redeofthoteis.com.br\/rede\/\">https:\/\/redeofthoteis.com.br\/rede\/<\/a><\/p>\n<p>Umuarama Plaza Hotel\tRua 4, n\u00ba 492 St. Central\t1,1 Km\t3237-1500\t<a href=\"http:\/\/umuaramaplaza.com.br\">http:\/\/umuaramaplaza.com.br <\/a><\/p>\n<p>Mangabeiras Hotel\tAv. Contorno  n\u00ba 1952 St. Norte Ferrovi\u00e1rio\t1,3 Km\t98242-1779\t<a href=\"https:\/\/www.mangabeirashotelgo.com\">https:\/\/www.mangabeirashotelgo.com <\/a><\/p>\n<p>Hotel Serra de Goyaz\tAv. Parana\u00edba n\u00ba 1445 St. Central\t1,4km\t3224-2310\t<a href=\"http:\/\/www.serrasdegoyaz.com.br\">http:\/\/www.serrasdegoyaz.com.br <\/a><\/p>\n<p>Hotel Go Inn Esta\u00e7\u00e3o Goi\u00e2nia\tAv. Oeste Esta\u00e7\u00e3o Goi\u00e2nia, n\u00ba 2151\t2 km\t3621-3100\t <a href=\"https:\/\/www.trivago.com.br\/goiania-76605\/hotel\/go-inn-estacao-goiania-2672072\">https:\/\/www.trivago.com.br\/goiania-76605\/hotel\/go-inn-estacao-goiania-2672072<\/a><\/p>\n<p>Comfort Hotel Setor Aeroporto\tAv. Ismerino Soares de Carvalho n\u00ba 52 St. Aeroporto\t2 Km\t3878-1500\t <a href=\"https:\/\/www.reserveatlantica.com.br\/hotel\/comfort-hotel-goiania?utm_source=gmb&amp;utm_medium=organic&amp;utm_campaign=google-my-business\">https:\/\/www.reserveatlantica.com.br\/hotel\/comfort-hotel-goiania?utm_source=gmb&amp;utm_medium=organic&amp;utm_campaign=google-my-business<\/a><br \/>\nHotel Augustus Plaza Inn Goiania\tAv. A,  n\u00ba Araguaia\t1,5 Km\t3216-6666<br \/>\n<a href=\"https:\/\/www.plazainn.com.br\/hoteis\/plaza-inn-augustus\">https:\/\/www.plazainn.com.br\/hoteis\/plaza-inn-augustus<\/a><\/p>\n<p>Oft San Conrado Hotel\tRua 3, n\u00ba 652 St. Central\t2,5 Km\t4005-3400\t<a href=\"http:\/\/www.redeofthoteis.com.br\">http:\/\/www.redeofthoteis.com.br <\/a><\/p>\n<p>*As sugest\u00f5es s\u00e3o baseadas na proximidade com o IFG\/Campus Goi\u00e2nia. N\u00e3o nos responsabilizamos pelas informa\u00e7\u00f5es e servi\u00e7os prestados pelos mesmos.<\/p>\n","protected":false},"excerpt":{"rendered":"<p>Segue abaixo algumas sugest\u00f5es de Hot\u00e9is pr\u00f3ximos aos locais do Col\u00f3quio*: Hotel Endere\u00e7o Dist\u00e2ncia Contato Link Mega Moda Hotel Av. Contorno n\u00ba 1407 650 m 3267-6500 http:\/\/www.megamodahotel.com.br Garden Hotel Av. Goi\u00e1s n\u00ba 1291 St. Central 1,1 km 3224-2866 https:\/\/redeofthoteis.com.br\/rede\/ Umuarama Plaza Hotel Rua 4, n\u00ba 492 St. Central 1,1 Km 3237-1500 http:\/\/umuaramaplaza.com.br Mangabeiras Hotel Av.&hellip;<a href=\"https:\/\/eventos.ifg.edu.br\/gramsci\/dicas-de-hospedagem\/\">Leia mais <span class=\"screen-reader-text\">DICAS DE HOSPEDAGEM<\/span><\/a><\/p>\n","protected":false},"author":165,"featured_media":0,"parent":0,"menu_order":0,"comment_status":"closed","ping_status":"closed","template":"","meta":{"ngg_post_thumbnail":0,"footnotes":""},"class_list":["post-331","page","type-page","status-publish","hentry"],"_links":{"self":[{"href":"https:\/\/eventos.ifg.edu.br\/gramsci\/wp-json\/wp\/v2\/pages\/331"}],"collection":[{"href":"https:\/\/eventos.ifg.edu.br\/gramsci\/wp-json\/wp\/v2\/pages"}],"about":[{"href":"https:\/\/eventos.ifg.edu.br\/gramsci\/wp-json\/wp\/v2\/types\/page"}],"author":[{"embeddable":true,"href":"https:\/\/eventos.ifg.edu.br\/gramsci\/wp-json\/wp\/v2\/users\/165"}],"replies":[{"embeddable":true,"href":"https:\/\/eventos.ifg.edu.br\/gramsci\/wp-json\/wp\/v2\/comments?post=331"}],"version-history":[{"count":3,"href":"https:\/\/eventos.ifg.edu.br\/gramsci\/wp-json\/wp\/v2\/pages\/331\/revisions"}],"predecessor-version":[{"id":336,"href":"https:\/\/eventos.ifg.edu.br\/gramsci\/wp-json\/wp\/v2\/pages\/331\/revisions\/336"}],"wp:attachment":[{"href":"https:\/\/eventos.ifg.edu.br\/gramsci\/wp-json\/wp\/v2\/media?parent=331"}],"curies":[{"name":"wp","href":"https:\/\/api.w.org\/{rel}","templated":true}]}}