{"id":101,"date":"2022-03-15T10:57:37","date_gmt":"2022-03-15T13:57:37","guid":{"rendered":"http:\/\/eventos.ifg.edu.br\/gramsci\/?page_id=101"},"modified":"2022-03-16T13:39:33","modified_gmt":"2022-03-16T16:39:33","slug":"orientacoes-para-elaboracao-do-trabalho-cientifico","status":"publish","type":"page","link":"https:\/\/eventos.ifg.edu.br\/gramsci\/orientacoes-para-elaboracao-do-trabalho-cientifico\/","title":{"rendered":"ORIENTA\u00c7\u00d5ES PARA ELABORA\u00c7\u00c3O DO TRABALHO CIENT\u00cdFICO"},"content":{"rendered":"<p><img fetchpriority=\"high\" decoding=\"async\" src=\"http:\/\/eventos.ifg.edu.br\/gramsci\/wp-content\/uploads\/sites\/71\/2022\/03\/154e83c9-b41e-4c04-a9c5-1de8aa84418b-1.jpg\" alt=\"154e83c9-b41e-4c04-a9c5-1de8aa84418b\" width=\"1134\" height=\"186\" class=\"alignnone size-full wp-image-79\" \/><strong>ORIENTA\u00c7\u00d5ES PARA ELABORA\u00c7\u00c3O DO TRABALHO<br \/>\nCIENT\u00cdFICO<\/strong><\/p>\n<p><strong>T\u00cdTULO DO TRABALHO<\/strong><\/p>\n<p>Nome do Autor1- Nome da Institui\u00e7\u00e3o &#8211; e-mail2@provedor.com.br<br \/>\nNome do Autor2 &#8211; Nome da Institui\u00e7\u00e3o &#8211; e-mail2@provedor.com.br<br \/>\nNome do Autor3 &#8211; Nome da Institui\u00e7\u00e3o &#8211; e-mail2@provedor.com.br<br \/>\nNome do Autor4 &#8211; Nome da Institui\u00e7\u00e3o &#8211; e-mail2@provedor.com.br<br \/>\nNome do Autor5 -Nome da Institui\u00e7\u00e3o &#8211; e-mail2@provedor.com.br<\/p>\n<p><strong>Agencia Financiadora<\/strong><\/p>\n<p>Eixo Tem\u00e1tico: (Indicar um dos Eixos Tem\u00e1ticos que est\u00e3o na p\u00e1gina do evento)<\/p>\n<p><strong>RESUMO<\/strong><\/p>\n<p>O resumo \u00e9 um texto conciso de no m\u00e1ximo 10 linhas, em um \u00fanico par\u00e1grafo; com<br \/>\nlinguagem objetiva, evitando retirar frases inteiras do texto original, sem cita\u00e7\u00f5es diretas<br \/>\nou indiretas e de s\u00edmbolos, escrito em fonte Arial 12, espa\u00e7amento simples entre linhas.<br \/>\nO texto do resumo dever\u00e1 obedecer a disposi\u00e7\u00e3o e sequ\u00eancia dositens: introdu\u00e7\u00e3o,<br \/>\nmetodologia, resultados e discuss\u00e3o e considera\u00e7\u00f5es finais. Ap\u00f3s o resumo d\u00e1-se um<br \/>\nespa\u00e7o simples entre as linhas o qual seguem-se 3 palavras- chave, as quais devem ter<br \/>\nrela\u00e7\u00e3o com os principais temas abordados no trabalho, de forma que sejam uma s\u00edntese<br \/>\ndas principais ideias desenvolvidas na pesquisa ou relato de experi\u00eancia, utilizadas para<br \/>\npermitir sua identifica\u00e7\u00e3o, separadas por v\u00edrgula.<br \/>\nPalavras-Chave: Palavra 1, Palavra 2, Palavra 3.<\/p>\n<p><strong>1. INTRODU\u00c7\u00c3O<\/strong><\/p>\n<p>Este documento de amostra \u00e9 dirigido aos autores que participam da submiss\u00e3o<br \/>\nde seus trabalhos para apresenta\u00e7\u00e3o no evento. Ele contempla as normas b\u00e1sicas de<br \/>\najuda \u00e0 prepara\u00e7\u00e3o do resumo expandido para sua submiss\u00e3o.<\/p>\n<p>Ele est\u00e1 formatado de acordo com as instru\u00e7\u00f5es da Chamada P\u00fablica para<br \/>\nsubmiss\u00e3o de trabalhos cient\u00edficos no III Col\u00f3quio Internacional Antonio Gramsci.<br \/>\nA fonte Times New Roman 12, espa\u00e7amento 1,5 (exceto nas cita\u00e7\u00f5es com mais<br \/>\nde 3 linhas, onde dever\u00e1 ser utilizada fonte Times New Roman 10, espa\u00e7o simples, com<br \/>\nrecuo de 4 cm a partir da margem esquerda), o alinhamento ser\u00e1 justificado, com<br \/>\ninser\u00e7\u00e3o de n\u00famero de p\u00e1ginas no lado direito superior, a configura\u00e7\u00e3o da p\u00e1gina dever\u00e1<br \/>\nseguir: 3 cm de margem superior, 2,5 cm de margem inferior, 3 cm de margem esquerda,<br \/>\n2,5 cm de margem direita.<\/p>\n<p><strong>2. METODOLOGIA<\/strong><\/p>\n<p>O texto dever\u00e1 ter uma extens\u00e3o de no m\u00e1ximo 3 (tr\u00eas) laudas para o resumo<br \/>\nexpandido e 15 (quinze) laudas para o trabalho completo, incluindo as refer\u00eancias.<\/p>\n<p><strong>2.1. RESULTADOS E DISCUSS\u00c3O<\/strong><\/p>\n<p>As cita\u00e7\u00f5es de autores de outros trabalhos no corpo principal do textodever\u00e1<br \/>\nseguir a NBR 10.520. As chamadas pelo sobrenome do autor,pela institui\u00e7\u00e3o<br \/>\nrespons\u00e1vel out\u00edtuloinclu\u00eddo na senten\u00e7a devem ser em letras min\u00fasculas, cominiciais<br \/>\nmai\u00fasculas, conforme explicam Wertsch e Stone. Quando o sobrenome estiver entre<br \/>\npar\u00eanteses, devem ser em letras mai\u00fasculas (WERTSCH; STONE, 1985).<br \/>\nCita\u00e7\u00f5es diretas no texto devem trazer Sobrenome do autor, data da publica\u00e7\u00e3o<br \/>\ne n\u00famero de p\u00e1gina. Por exemplo: na afirma\u00e7\u00e3o de Oliveira (2011, p.130)ou Wertsch e<br \/>\nStone (1985, p. 162).<br \/>\nAl\u00e9m disso, cita\u00e7\u00f5es diretas de at\u00e9 tr\u00eas linhas devem estar contidas entre aspas<br \/>\nduplas. Exemplo: segundo Oliveira (2011, p. 81): \u201cEmbora o ser humano desempenhe<br \/>\npapeis desde o nascimento e ao longo de sua vida, e assim o jogo de papeis n\u00e3o pode ser<br \/>\nreduzido ao jogo de fazer de conta (&#8230;)\u201d.<\/p>\n<p>Por sua vez, as cita\u00e7\u00f5es diretas no texto, com mais de tr\u00eas linhas devem ser<br \/>\ndestacadas com recuo de 4 cm da margem esquerda, com letra tamanho 10 alinhamento<br \/>\njustificado e sem as aspas. Exemplo:<br \/>\nA teleconfer\u00eancia permite ao indiv\u00edduo participar de um encontro nacionalou<br \/>\nregional sema necessidade de deixar seu local de origem. Tipos comuns de<br \/>\nteleconfer\u00eancias incluem o uso da televis\u00e3o, telefone e computador.Atrav\u00e9s de<br \/>\n\u00e1udio-confer\u00eancia, utilizando a companhia local de telefone, um sinal de<br \/>\n\u00e1udio pode ser emitido em um sal\u00e3o de qualquer dimens\u00e3o. (NICHOLS, 1993,<br \/>\np.181).<br \/>\nA identifica\u00e7\u00e3o completa de tais refer\u00eancias, incluindo os autores, t\u00edtulo, local<br \/>\nonde foram publicadas e os dados espec\u00edficos da publica\u00e7\u00e3o (n\u00fameros de p\u00e1gina, data de<br \/>\npublica\u00e7\u00e3o) deve ser listada no final do trabalho, em ordem alfab\u00e9tica, de acordo com a<br \/>\nNBR 6023.<br \/>\nO texto n\u00e3o deve apresentar notas de rodap\u00e9.<\/p>\n<p><strong>3. CONSIDERA\u00c7\u00d5ES FINAIS<\/strong><\/p>\n<p>Os trabalhos se dividem em duas modalidades: resumo extendido (apresenta\u00e7\u00e3o<br \/>\nem p\u00f4ster) e Trabalho Completo (apresenta\u00e7\u00e3o em comunica\u00e7\u00e3o oral).<br \/>\nOs trabalhos cient\u00edficos, para as duas modalidades, dever\u00e3o ser submetidos, via<br \/>\nSUGEP<a href=\"https:\/\/sugep.ifg.edu.br\/eventos\/#\/publico\/chamadaspublicas\/inscricao\/5550\"> https:\/\/sugep.ifg.edu.br\/eventos\/#\/publico\/chamadaspublicas\/inscricao\/5550<\/a><\/p>\n<p><strong>4. REFER\u00caNCIAS<\/strong><\/p>\n<p>SOBRENOME, Nome. T\u00edtulo do livro: subt\u00edtulo, quando houver.1.ed. Cidade:<br \/>\nEditora, Ano.<br \/>\nSOBRENOME, Nome1; SOBRENOME, Nome2; SOBRENOME, Nome3. T\u00edtulo do<br \/>\nlivro: subt\u00edtulo, quando houver.1.ed. Cidade: Editora, Ano.<br \/>\nSOBRENOME, Nome. T\u00edtulo do cap\u00edtulo. In: SOBRENOME, Nome. T\u00edtulo do livro:<br \/>\nsubt\u00edtulo, quando houver.1.ed. Cidade: Editora, Ano.<br \/>\nSOBRENOME, Nome. T\u00edtulo do artigo. T\u00edtulo do peri\u00f3dico, v.1, n.1, p.0-0, Ano.<br \/>\nSOBRENOME, Nome. T\u00edtulo da Tese. Ano. N\u00famero de folhas. Tese (Doutorado<br \/>\nem&#8230;) \u2013 Nome da Institui\u00e7\u00e3o, Nome da Universidade, Localidade.<\/p>\n<p>SOBRENOME, Nome. T\u00edtulo do documento eletr\u00f4nico. Ano (quando houver).<br \/>\nDispon\u00edvel em: . Acesso em: ddmmm. aaaa<\/p>\n","protected":false},"excerpt":{"rendered":"<p>ORIENTA\u00c7\u00d5ES PARA ELABORA\u00c7\u00c3O DO TRABALHO CIENT\u00cdFICO T\u00cdTULO DO TRABALHO Nome do Autor1- Nome da Institui\u00e7\u00e3o &#8211; e-mail2@provedor.com.br Nome do Autor2 &#8211; Nome da Institui\u00e7\u00e3o &#8211; e-mail2@provedor.com.br Nome do Autor3 &#8211; Nome da Institui\u00e7\u00e3o &#8211; e-mail2@provedor.com.br Nome do Autor4 &#8211; Nome da Institui\u00e7\u00e3o &#8211; e-mail2@provedor.com.br Nome do Autor5 -Nome da Institui\u00e7\u00e3o &#8211; e-mail2@provedor.com.br Agencia Financiadora Eixo&hellip;<a href=\"https:\/\/eventos.ifg.edu.br\/gramsci\/orientacoes-para-elaboracao-do-trabalho-cientifico\/\">Leia mais <span class=\"screen-reader-text\">ORIENTA\u00c7\u00d5ES PARA ELABORA\u00c7\u00c3O DO TRABALHO CIENT\u00cdFICO<\/span><\/a><\/p>\n","protected":false},"author":165,"featured_media":0,"parent":0,"menu_order":0,"comment_status":"closed","ping_status":"closed","template":"","meta":{"ngg_post_thumbnail":0,"footnotes":""},"class_list":["post-101","page","type-page","status-publish","hentry"],"_links":{"self":[{"href":"https:\/\/eventos.ifg.edu.br\/gramsci\/wp-json\/wp\/v2\/pages\/101"}],"collection":[{"href":"https:\/\/eventos.ifg.edu.br\/gramsci\/wp-json\/wp\/v2\/pages"}],"about":[{"href":"https:\/\/eventos.ifg.edu.br\/gramsci\/wp-json\/wp\/v2\/types\/page"}],"author":[{"embeddable":true,"href":"https:\/\/eventos.ifg.edu.br\/gramsci\/wp-json\/wp\/v2\/users\/165"}],"replies":[{"embeddable":true,"href":"https:\/\/eventos.ifg.edu.br\/gramsci\/wp-json\/wp\/v2\/comments?post=101"}],"version-history":[{"count":15,"href":"https:\/\/eventos.ifg.edu.br\/gramsci\/wp-json\/wp\/v2\/pages\/101\/revisions"}],"predecessor-version":[{"id":322,"href":"https:\/\/eventos.ifg.edu.br\/gramsci\/wp-json\/wp\/v2\/pages\/101\/revisions\/322"}],"wp:attachment":[{"href":"https:\/\/eventos.ifg.edu.br\/gramsci\/wp-json\/wp\/v2\/media?parent=101"}],"curies":[{"name":"wp","href":"https:\/\/api.w.org\/{rel}","templated":true}]}}