{"id":67,"date":"2018-09-06T08:34:44","date_gmt":"2018-09-06T11:34:44","guid":{"rendered":"http:\/\/eventos.ifg.edu.br\/fontes-renovaveis\/?page_id=67"},"modified":"2018-09-17T16:03:25","modified_gmt":"2018-09-17T19:03:25","slug":"comissao","status":"publish","type":"page","link":"https:\/\/eventos.ifg.edu.br\/fontes-renovaveis\/comissao\/","title":{"rendered":"Comiss\u00e3o"},"content":{"rendered":"<p><span style=\"color: #000000\"><strong>Coordena\u00e7\u00e3o Geral:<\/strong><\/span><br \/>\n<span style=\"color: #000000\">Prof. Dr. <a style=\"color: #000000\" href=\"http:\/\/lattes.cnpq.br\/5830020907756198\">Sergio Batista da Silva<\/a><\/span><\/p>\n<p><span style=\"color: #000000\"><strong>Comiss\u00e3o Organizadora:<\/strong><\/span><br \/>\n<span style=\"color: #000000\">Prof. Dr. <a style=\"color: #000000\" href=\"http:\/\/lattes.cnpq.br\/5830020907756198\">Sergio Batista da Silva<\/a> &#8211; Coordenador<\/span><br \/>\n<span style=\"color: #000000\">Prof. Dr. <a style=\"color: #000000\" href=\"http:\/\/buscatextual.cnpq.br\/buscatextual\/visualizacv.do?metodo=apresentar&amp;id=K4758931D3\">Ol\u00edvio Carlos Nascimento Souto &nbsp;<\/a><\/span><br \/>\n<span style=\"color: #000000\">Prof. Dr. Ghunter Paulo Viajante<\/span><br \/>\n<span style=\"color: #000000\">Prof. MSc. Willian Martins Le\u00e3o<\/span><br \/>\n<span style=\"color: #000000\">Prof. Dr. Bruno Gabriel Gustavo Leonardo Zambolini Vicente<\/span><br \/>\n<span style=\"color: #000000\">Prof. Dr. Marcelo Escobar de Oliveira<\/span><br \/>\n<span style=\"color: #000000\">Prof\u00aa. Dra. <a style=\"color: #000000\" href=\"http:\/\/buscatextual.cnpq.br\/buscatextual\/visualizacv.do?metodo=apresentar&amp;id=K4732434P2\">Raquel Aparecida Souza <\/a><\/span><br \/>\n<span style=\"color: #000000\">Prof\u00aa Dra.&nbsp;Blyeny Hatalita Pereira Alves<\/span><\/p>\n<p><span style=\"color: #000000\"><strong>Comiss\u00e3o Cient\u00edfica:<\/strong><\/span><br \/>\n<span style=\"color: #000000\">Prof. Dr. <a style=\"color: #000000\" href=\"http:\/\/buscatextual.cnpq.br\/buscatextual\/visualizacv.do?metodo=apresentar&amp;id=K4758931D3\">Ol\u00edvio Carlos Nascimento Souto &#8211; <\/a>&nbsp;IFG campus Itumbiara &#8211; Coordenador<\/span><br \/>\n<span style=\"color: #000000\">Prof, Dr. Rui Vagner Rodrigues Da Silva \u2013 IFG campus Itumbiara<\/span><br \/>\n<span style=\"color: #000000\">Prof. Dr. Adeon Cecilio Pinto&nbsp; &#8211;&nbsp; UNIVASF<\/span><br \/>\n<span style=\"color: #000000\">Prof. Dr. Alcy Monteiro J\u00fanior \u2013 UFT<\/span><br \/>\n<span style=\"color: #000000\">Prof. Dr. Andr\u00e9 Luiz Silva Pereira \u2013 IFG campus Jata\u00ed<\/span><br \/>\n<span style=\"color: #000000\">Prof. Dr. Augusto C\u00e9sar dos Santos &#8211; IFTO<\/span><br \/>\n<span style=\"color: #000000\">Prof. Dr. Bruno Gabriel Gustavo Leonardo Zambolini Vicente &#8211; IFG campus Itumbiara<\/span><br \/>\n<span style=\"color: #000000\">Prof. Dr. Carlos Augusto Guimar\u00e3es Medeiros \u2013 PUC-GO<\/span><br \/>\n<span style=\"color: #000000\">Prof. Dr. Daniel Neves Micha \u2013 CEFET-RJ<\/span><br \/>\n<span style=\"color: #000000\">Prof. Dr. Elder Domingues \u2013 IFG Goi\u00e2nia<\/span><br \/>\n<span style=\"color: #000000\">Prof. Dr. Eric Nery Chaves \u2013 IFG campus Itumbiara<\/span><br \/>\n<span style=\"color: #000000\">Prof. Dr. Fernando Nunes Belchior \u2013 UFG<\/span><br \/>\n<span style=\"color: #000000\">Prof. Dr. Ghunter Paulo Viajante \u2013 IFG campus Itumbiara<\/span><br \/>\n<span style=\"color: #000000\">Prof. Dr. Jos\u00e9 Ant\u00f4nio Lambert \u2013 IFG campus Jata\u00ed<\/span><br \/>\n<span style=\"color: #000000\">Prof. Dr. Jose Luis Domingos \u2013 IFG Goi\u00e2nia<\/span><br \/>\n<span style=\"color: #000000\">Prof. Dr. Marcelo Escobar de Oliveira \u2013 IFG campus Itumbiara<\/span><br \/>\n<span style=\"color: #000000\">Prof. Dr. Marcos Ant\u00f4nio Arantes De Freitas \u2013 IFG campus Itumbiara<\/span><br \/>\n<span style=\"color: #000000\">Prof. Dr. Roberlam Gon\u00e7alvez De Mendon\u00e7a \u2013 IFG campus Itumbiara<\/span><br \/>\n<span style=\"color: #000000\">Prof. Dr. <a style=\"color: #000000\" href=\"http:\/\/lattes.cnpq.br\/5830020907756198\">Sergio Batista da Silva<\/a> \u2013 IFG campus Itumbiara<\/span><br \/>\n<span style=\"color: #000000\">Prof. Dr. Victor Regis Bernadelli \u2013 IFG campus Itumbiara<\/span><br \/>\n<span style=\"color: #000000\">Prof. MSc. Willian Martins Le\u00e3o \u2013 IFG campus Itumbiara<\/span><br \/>\n<span style=\"color: #000000\">Prof\u00aa. Dra. <a style=\"color: #000000\" href=\"http:\/\/buscatextual.cnpq.br\/buscatextual\/visualizacv.do?metodo=apresentar&amp;id=K4732434P2\">Raquel Aparecida Souza &#8211; <\/a>&nbsp;IFG campus Itumbiara<\/span><\/p>\n<p><span style=\"color: #000000\"><strong>Equipe T\u00e9cnica:<\/strong><\/span><br \/>\n<span style=\"color: #000000\">Fabiano L\u00facio Peres (T\u00e9cnico &#8211; IFG -Itumbiara)<\/span><br \/>\n<span style=\"color: #000000\">Brunna Santos de Souza (Jornalista IFG -Itumbiara)<\/span><br \/>\n<span style=\"color: #000000\">MSc. <a style=\"color: #000000\" href=\"http:\/\/lattes.cnpq.br\/2590045000872129\">Leonardo Garcia Marques<\/a> (TI &#8211; IFG -Itumbiara)<\/span><br \/>\n<span style=\"color: #000000\">MSc. <a style=\"color: #000000\" href=\"http:\/\/lattes.cnpq.br\/5914993780549014\">Gesmar de Paulo Santos J\u00fanior<\/a> (TI &#8211; IFG &#8211; Itumbiara)<\/span><br \/>\n<span style=\"color: #000000\">Diogo (Aluno &#8211; IFG\/NupSol\/Itumbiara)<\/span><br \/>\n<span style=\"color: #000000\">Carlos Alberto (Aluno &#8211; IFG\/ NupSol \/Itumbiara)<\/span><br \/>\n<span style=\"color: #000000\">Welberth Henrique Alves Marques (Bolsista PIBITI-CNPq&nbsp; IFG\/ NupSol\/Itumbiara)<\/span><br \/>\n<span style=\"color: #000000\">H\u00e9rica Carolinne Campos Cardoso (Aluno &#8211; IFG\/ NupSol \/Itumbiara)<\/span><\/p>\n<p><img decoding=\"async\" src=\"http:\/\/eventos.ifg.edu.br\/fontes-renovaveis\/wp-content\/uploads\/sites\/35\/2018\/04\/footer_2018.png\" alt=\"footer\"><\/p>\n","protected":false},"excerpt":{"rendered":"<p>Coordena\u00e7\u00e3o Geral: Prof. Dr. Sergio Batista da Silva Comiss\u00e3o Organizadora: Prof. Dr. Sergio Batista da Silva &#8211; Coordenador Prof. Dr. Ol\u00edvio Carlos Nascimento Souto &nbsp; Prof. Dr. Ghunter Paulo Viajante Prof. MSc. Willian Martins Le\u00e3o Prof. Dr. Bruno Gabriel Gustavo Leonardo Zambolini Vicente Prof. Dr. Marcelo Escobar de Oliveira Prof\u00aa. Dra. Raquel Aparecida Souza Prof\u00aa [&hellip;]<\/p>\n","protected":false},"author":23,"featured_media":0,"parent":0,"menu_order":0,"comment_status":"closed","ping_status":"closed","template":"","meta":{"ngg_post_thumbnail":0,"footnotes":""},"class_list":["post-67","page","type-page","status-publish","hentry"],"_links":{"self":[{"href":"https:\/\/eventos.ifg.edu.br\/fontes-renovaveis\/wp-json\/wp\/v2\/pages\/67"}],"collection":[{"href":"https:\/\/eventos.ifg.edu.br\/fontes-renovaveis\/wp-json\/wp\/v2\/pages"}],"about":[{"href":"https:\/\/eventos.ifg.edu.br\/fontes-renovaveis\/wp-json\/wp\/v2\/types\/page"}],"author":[{"embeddable":true,"href":"https:\/\/eventos.ifg.edu.br\/fontes-renovaveis\/wp-json\/wp\/v2\/users\/23"}],"replies":[{"embeddable":true,"href":"https:\/\/eventos.ifg.edu.br\/fontes-renovaveis\/wp-json\/wp\/v2\/comments?post=67"}],"version-history":[{"count":9,"href":"https:\/\/eventos.ifg.edu.br\/fontes-renovaveis\/wp-json\/wp\/v2\/pages\/67\/revisions"}],"predecessor-version":[{"id":204,"href":"https:\/\/eventos.ifg.edu.br\/fontes-renovaveis\/wp-json\/wp\/v2\/pages\/67\/revisions\/204"}],"wp:attachment":[{"href":"https:\/\/eventos.ifg.edu.br\/fontes-renovaveis\/wp-json\/wp\/v2\/media?parent=67"}],"curies":[{"name":"wp","href":"https:\/\/api.w.org\/{rel}","templated":true}]}}