{"id":62,"date":"2018-09-06T08:31:46","date_gmt":"2018-09-06T11:31:46","guid":{"rendered":"http:\/\/eventos.ifg.edu.br\/fontes-renovaveis\/?page_id=62"},"modified":"2018-11-12T10:47:49","modified_gmt":"2018-11-12T12:47:49","slug":"submissao-de-trabalhos","status":"publish","type":"page","link":"https:\/\/eventos.ifg.edu.br\/fontes-renovaveis\/submissao-de-trabalhos\/","title":{"rendered":"Submiss\u00e3o de Trabalhos"},"content":{"rendered":"<h3>A Comiss\u00e3o Organizadora do evento do IFG Campus Itumbiara tem a honra de convidar toda a comunidade acad\u00eamica, estudantes de gradua\u00e7\u00e3o e de p\u00f3s-gradua\u00e7\u00e3o, pesquisadores em geral e profissionais das \u00e1reas tem\u00e1ticas do Congresso, a submeterem artigos cient\u00edficos e tecnol\u00f3gicos na \u00e1rea de Fontes Renov\u00e1veis de Energia.<\/h3>\n<h3>Todos os trabalhos submetidos ser\u00e3o avaliados pela comiss\u00e3o cient\u00edfica e os trabalhos aprovados ser\u00e3o publicados em Anais do evento. Os melhores trabalhos ser\u00e3o selecionados para serem publicados no livro do evento, o qual contar\u00e1 com apoio financeiro da FAPEG.<\/h3>\n<p>A forma de apresenta\u00e7\u00e3o dos trabalhos ser\u00e1 em Comunica\u00e7\u00e3o Oral e o modelo para submiss\u00e3o dos textos encontra-se dispon\u00edvel neste link:<\/p>\n<p><a href=\"http:\/\/eventos.ifg.edu.br\/fontes-renovaveis\/wp-content\/uploads\/sites\/35\/2018\/09\/Template-Artigo-IFG-2018.docx\">TEMPLATE \u2013 ARTIGO COMPLETO<\/a><\/p>\n<p><a href=\"http:\/\/eventos.ifg.edu.br\/fontes-renovaveis\/wp-content\/uploads\/sites\/35\/2018\/09\/Template-I-CCFRE-IFG.pptx\">Template para apresenta\u00e7\u00e3o (Office 2007 a 2016 de extens\u00e3o &#8220;.PPTX&#8221;)<\/a><\/p>\n<p><a href=\"http:\/\/eventos.ifg.edu.br\/fontes-renovaveis\/wp-content\/uploads\/sites\/35\/2018\/09\/Template-I-CCFRE-IFG-97-2003.ppt\">Template para apresenta\u00e7\u00e3o (Office 97 a 2003 de extens\u00e3o &#8220;.PPT&#8221;)<\/a><\/p>\n<p>\u00c9 de responsabilidade dos autores a n\u00e3o ocorr\u00eancia de pl\u00e1gio.<\/p>\n<p>Cronograma para submiss\u00e3o de trabalhos:<\/p>\n<table border=\"0\" width=\"100%\" cellspacing=\"0\" cellpadding=\"0\" align=\"center\" bgcolor=\"#dddddd\">\n<tbody>\n<tr>\n<td>In\u00edcio da Submiss\u00e3o dos trabalhos completos<\/td>\n<td>17\/09\/2018<\/td>\n<\/tr>\n<tr>\n<td>\u00daltimo dia para submiss\u00e3o de trabalhos<\/td>\n<td>24\/10\/2018<\/td>\n<\/tr>\n<tr>\n<td>Resultado da avalia\u00e7\u00e3o dos trabalhos<\/td>\n<td>25\/10\/2018<\/td>\n<\/tr>\n<tr>\n<td>\u00daltimo dia para submeter as corre\u00e7\u00f5es exigidas<\/td>\n<td>31\/10\/2018<\/td>\n<\/tr>\n<tr>\n<td>Divulga\u00e7\u00e3o do aceite definitivo<\/td>\n<td>05\/11\/2018<\/td>\n<\/tr>\n<tr>\n<td>Prazo para inscri\u00e7\u00e3o dos autores<\/td>\n<td>18\/11\/2018<\/td>\n<\/tr>\n<\/tbody>\n<\/table>\n<p>&nbsp;<\/p>\n<p>ATEN\u00c7\u00c3O: o texto original dever\u00e1 ser enviado em dois arquivos: um contendo autoria e outro sem autoria e informa\u00e7\u00f5es que identifiquem o(s) autor(es). Os dois arquivos devem ser salvos e enviados em formato PDF.<\/p>\n<p><a href=\"http:\/\/goo.gl\/uzmQVb\">Link para Submiss\u00e3o<\/a><\/p>\n<p>Recomenda\u00e7\u00f5es:<\/p>\n<p style=\"padding-left: 30px\">&#8211; Os artigos que n\u00e3o estiverem de acordo com o template ser\u00e3o reencaminhado aos autores para as devidas corre\u00e7\u00f5es, respeitados os prazos vigentes. N\u00e3o ser\u00e3o aceitos os artigos que n\u00e3o retornarem \u00e0 Comiss\u00e3o Organizadora em tempo h\u00e1bil.<\/p>\n<p style=\"padding-left: 30px\">&#8211; A qualidade gr\u00e1fica dos artigos deve ser a melhor poss\u00edvel, mas especial cuidado deve ser tomado com as dimens\u00f5es dos arquivos resultantes. Recomenda-se um tamanho final de arquivo inferior a 2.000 kbytes e n\u00e3o ser\u00e3o aceitos trabalhos com tamanho superior a 10.000 kbytes. A fim de se obter uma redu\u00e7\u00e3o de arquivos que utilizam imagens, recomenda-se utiliz\u00e1-las no formato JPEG (extens\u00e3o .jpg) visando obter-se o menor tamanho poss\u00edvel do arquivo a ser enviado. Deve-se executar o tratamento das imagens antes de anex\u00e1-las ao trabalho. Para convers\u00e3o de formato de imagens de BMP ou outros para JPG, existem v\u00e1rios softwares que podem ser encontrados em \u201csites\u201d de downloads, como o Superdownloads http:\/\/www.superdownloads.com.br.<\/p>\n<p style=\"padding-left: 30px\">&#8211; Em nossos testes para defini\u00e7\u00e3o do tamanho ideal de arquivos, utilizamos o software IRFANVIEW. Este software \u00e9 de uso gratuito e pode ser encontrado para download no seguinte endere\u00e7o de Internet http:\/\/www.irfanview.com. A sua utiliza\u00e7\u00e3o \u00e9 muito simples, bastando abrir a imagem no formato original e atrav\u00e9s da op\u00e7\u00e3o \u201cSave as\u201d do menu \u201cFile\u201d escolher o formato JPG na caixa \u201cSave as type\u201d e clicar no bot\u00e3o \u201cSave\u201d. Se a imagem gerada ainda estiver muito grande, poder\u00e1 ser utilizado o comando \u201cResize\/Resample\u201d no menu \u201cImage\u201d e dentro das op\u00e7\u00f5es apresentadas tentar utilizar um tamanho padr\u00e3o de imagem como por exemplo 640&#215;480 Pixels.<\/p>\n<p><img decoding=\"async\" src=\"http:\/\/eventos.ifg.edu.br\/fontes-renovaveis\/wp-content\/uploads\/sites\/35\/2018\/04\/footer_2018.png\" alt=\"footer\"><\/p>\n","protected":false},"excerpt":{"rendered":"<p>A Comiss\u00e3o Organizadora do evento do IFG Campus Itumbiara tem a honra de convidar toda a comunidade acad\u00eamica, estudantes de gradua\u00e7\u00e3o e de p\u00f3s-gradua\u00e7\u00e3o, pesquisadores em geral e profissionais das \u00e1reas tem\u00e1ticas do Congresso, a submeterem artigos cient\u00edficos e tecnol\u00f3gicos na \u00e1rea de Fontes Renov\u00e1veis de Energia. Todos os trabalhos submetidos ser\u00e3o avaliados pela comiss\u00e3o [&hellip;]<\/p>\n","protected":false},"author":23,"featured_media":0,"parent":0,"menu_order":0,"comment_status":"closed","ping_status":"closed","template":"","meta":{"ngg_post_thumbnail":0,"footnotes":""},"class_list":["post-62","page","type-page","status-publish","hentry"],"_links":{"self":[{"href":"https:\/\/eventos.ifg.edu.br\/fontes-renovaveis\/wp-json\/wp\/v2\/pages\/62"}],"collection":[{"href":"https:\/\/eventos.ifg.edu.br\/fontes-renovaveis\/wp-json\/wp\/v2\/pages"}],"about":[{"href":"https:\/\/eventos.ifg.edu.br\/fontes-renovaveis\/wp-json\/wp\/v2\/types\/page"}],"author":[{"embeddable":true,"href":"https:\/\/eventos.ifg.edu.br\/fontes-renovaveis\/wp-json\/wp\/v2\/users\/23"}],"replies":[{"embeddable":true,"href":"https:\/\/eventos.ifg.edu.br\/fontes-renovaveis\/wp-json\/wp\/v2\/comments?post=62"}],"version-history":[{"count":38,"href":"https:\/\/eventos.ifg.edu.br\/fontes-renovaveis\/wp-json\/wp\/v2\/pages\/62\/revisions"}],"predecessor-version":[{"id":223,"href":"https:\/\/eventos.ifg.edu.br\/fontes-renovaveis\/wp-json\/wp\/v2\/pages\/62\/revisions\/223"}],"wp:attachment":[{"href":"https:\/\/eventos.ifg.edu.br\/fontes-renovaveis\/wp-json\/wp\/v2\/media?parent=62"}],"curies":[{"name":"wp","href":"https:\/\/api.w.org\/{rel}","templated":true}]}}