{"id":56,"date":"2018-09-05T17:34:56","date_gmt":"2018-09-05T20:34:56","guid":{"rendered":"http:\/\/eventos.ifg.edu.br\/fontes-renovaveis\/?page_id=56"},"modified":"2018-09-13T12:00:53","modified_gmt":"2018-09-13T15:00:53","slug":"fale-conosco","status":"publish","type":"page","link":"https:\/\/eventos.ifg.edu.br\/fontes-renovaveis\/fale-conosco\/","title":{"rendered":"Fale Conosco"},"content":{"rendered":"<p style=\"text-align: center\"><strong>Informa\u00e7\u00f5es para contato<\/strong><br \/>\nE-mail:\u00a0<a href=\"mailto:pos.fontes@ifg.edu.br\">pos.fontes@ifg.edu.br<\/a><br \/>\nTelefone:\u00a0(64) 2103-5650<br \/>\nInstituto Federal de Goi\u00e1s &#8211; Campus Itumbiara<br \/>\nAv. Furnas &#8211; 55 Bairro Village Imperial<br \/>\nItumbiara \u2013 GO<br \/>\nCEP: 75524-245<\/p>\n<table>\n<tbody>\n<tr>\n<td width=\"168\"><strong>Prof. Sergio B. Silva<\/strong><br \/>\n\u260e (64) 2103-5650<br \/>\n<a href=\"mailto:sergio.eng@gmail.com\">sergio.eng@gmail.com<\/a><br \/>\n<strong>Coord. P\u00f3s-Gradua\u00e7\u00e3o<\/strong><\/td>\n<td width=\"174\"><strong>Olivio C. N. Souto<\/strong><br \/>\n\u260e (64) 2103-5650<br \/>\n<a href=\"mailto:olivio.souto@gmail.com\">olivio.souto@gmail.com<\/a><br \/>\n<strong>Lider do NupSOL<\/strong><\/td>\n<td width=\"162\"><strong>Rui Vagner<\/strong><br \/>\n\u260e (64) 2103-5650<br \/>\n<a href=\"mailto:rui.vagner@gmail.com\">rui.vagner@gmail.com<\/a><br \/>\n<strong>Lider do NupMaq<\/strong><\/td>\n<td width=\"203\"><strong>Marcelo Escobar<\/strong><br \/>\n\u260e (64) 2103-5600<br \/>\n<a href=\"mailto:m.escobar.oliveira@gmail.com\">m.escobar.oliveira@gmail.com<\/a><br \/>\n<strong>Lider do NuPSE<\/strong><\/td>\n<\/tr>\n<\/tbody>\n<\/table>\n<p><img decoding=\"async\" src=\"http:\/\/eventos.ifg.edu.br\/fontes-renovaveis\/wp-content\/uploads\/sites\/35\/2018\/04\/footer_2018.png\" alt=\"footer\" \/><\/p>\n","protected":false},"excerpt":{"rendered":"<p>Informa\u00e7\u00f5es para contato E-mail:\u00a0pos.fontes@ifg.edu.br Telefone:\u00a0(64) 2103-5650 Instituto Federal de Goi\u00e1s &#8211; Campus Itumbiara Av. Furnas &#8211; 55 Bairro Village Imperial Itumbiara \u2013 GO CEP: 75524-245 Prof. Sergio B. Silva \u260e (64) 2103-5650 sergio.eng@gmail.com Coord. P\u00f3s-Gradua\u00e7\u00e3o Olivio C. N. Souto \u260e (64) 2103-5650 olivio.souto@gmail.com Lider do NupSOL Rui Vagner \u260e (64) 2103-5650 rui.vagner@gmail.com Lider do NupMaq [&hellip;]<\/p>\n","protected":false},"author":23,"featured_media":0,"parent":0,"menu_order":0,"comment_status":"closed","ping_status":"closed","template":"","meta":{"ngg_post_thumbnail":0,"footnotes":""},"class_list":["post-56","page","type-page","status-publish","hentry"],"_links":{"self":[{"href":"https:\/\/eventos.ifg.edu.br\/fontes-renovaveis\/wp-json\/wp\/v2\/pages\/56"}],"collection":[{"href":"https:\/\/eventos.ifg.edu.br\/fontes-renovaveis\/wp-json\/wp\/v2\/pages"}],"about":[{"href":"https:\/\/eventos.ifg.edu.br\/fontes-renovaveis\/wp-json\/wp\/v2\/types\/page"}],"author":[{"embeddable":true,"href":"https:\/\/eventos.ifg.edu.br\/fontes-renovaveis\/wp-json\/wp\/v2\/users\/23"}],"replies":[{"embeddable":true,"href":"https:\/\/eventos.ifg.edu.br\/fontes-renovaveis\/wp-json\/wp\/v2\/comments?post=56"}],"version-history":[{"count":7,"href":"https:\/\/eventos.ifg.edu.br\/fontes-renovaveis\/wp-json\/wp\/v2\/pages\/56\/revisions"}],"predecessor-version":[{"id":193,"href":"https:\/\/eventos.ifg.edu.br\/fontes-renovaveis\/wp-json\/wp\/v2\/pages\/56\/revisions\/193"}],"wp:attachment":[{"href":"https:\/\/eventos.ifg.edu.br\/fontes-renovaveis\/wp-json\/wp\/v2\/media?parent=56"}],"curies":[{"name":"wp","href":"https:\/\/api.w.org\/{rel}","templated":true}]}}