{"id":42,"date":"2018-09-05T17:25:01","date_gmt":"2018-09-05T20:25:01","guid":{"rendered":"http:\/\/eventos.ifg.edu.br\/fontes-renovaveis\/?page_id=42"},"modified":"2018-10-20T08:43:14","modified_gmt":"2018-10-20T11:43:14","slug":"inscricoes","status":"publish","type":"page","link":"https:\/\/eventos.ifg.edu.br\/fontes-renovaveis\/inscricoes\/","title":{"rendered":"Inscri\u00e7\u00f5es"},"content":{"rendered":"<p style=\"text-align: center\"><strong>Per\u00edodo das inscri\u00e7\u00f5es:<\/strong><\/p>\n<p style=\"text-align: center\">As inscri\u00e7\u00f5es de participa\u00e7\u00e3o no evento podem ser realizadas pelo site at\u00e9 o dia <strong>18<\/strong><strong> de outubro<\/strong> de 2018.<\/p>\n<p style=\"text-align: center\">&nbsp;As inscri\u00e7\u00f5es para submiss\u00e3o de trabalhos podem ser realizadas pelo site at\u00e9 o dia <strong>24 de outubro<\/strong> de 2018.<\/p>\n<p style=\"text-align: center\">N\u00e3o haver\u00e1 cobran\u00e7a de taxa de inscri\u00e7\u00e3o.<\/p>\n<p style=\"text-align: center\"><strong>Local de inscri\u00e7\u00e3o<\/strong><\/p>\n<p style=\"text-align: center\"><a href=\"https:\/\/sugep.ifg.edu.br\/eventos\/#\/publico\/eventos\/d9f8147f-35a1-45e3-8dcc-f6ecde948e5a\/inscricao\">Clique aqui para se inscrever<\/a><\/p>\n<p>&nbsp;<\/p>\n<p style=\"text-align: center\">Para informa\u00e7\u00f5es adicionais, acesse o link <a href=\"http:\/\/eventos.ifg.edu.br\/fontes-renovaveis\/fale-conosco\/\"><u>FALE CONOSCO<\/u><\/a> e entre em contato com a comiss\u00e3o organizadora.<\/p>\n<p><img decoding=\"async\" src=\"http:\/\/eventos.ifg.edu.br\/fontes-renovaveis\/wp-content\/uploads\/sites\/35\/2018\/04\/footer_2018.png\" alt=\"footer\"><\/p>\n","protected":false},"excerpt":{"rendered":"<p>Per\u00edodo das inscri\u00e7\u00f5es: As inscri\u00e7\u00f5es de participa\u00e7\u00e3o no evento podem ser realizadas pelo site at\u00e9 o dia 18 de outubro de 2018. &nbsp;As inscri\u00e7\u00f5es para submiss\u00e3o de trabalhos podem ser realizadas pelo site at\u00e9 o dia 24 de outubro de 2018. N\u00e3o haver\u00e1 cobran\u00e7a de taxa de inscri\u00e7\u00e3o. Local de inscri\u00e7\u00e3o Clique aqui para se [&hellip;]<\/p>\n","protected":false},"author":23,"featured_media":0,"parent":0,"menu_order":0,"comment_status":"closed","ping_status":"closed","template":"","meta":{"ngg_post_thumbnail":0,"footnotes":""},"class_list":["post-42","page","type-page","status-publish","hentry"],"_links":{"self":[{"href":"https:\/\/eventos.ifg.edu.br\/fontes-renovaveis\/wp-json\/wp\/v2\/pages\/42"}],"collection":[{"href":"https:\/\/eventos.ifg.edu.br\/fontes-renovaveis\/wp-json\/wp\/v2\/pages"}],"about":[{"href":"https:\/\/eventos.ifg.edu.br\/fontes-renovaveis\/wp-json\/wp\/v2\/types\/page"}],"author":[{"embeddable":true,"href":"https:\/\/eventos.ifg.edu.br\/fontes-renovaveis\/wp-json\/wp\/v2\/users\/23"}],"replies":[{"embeddable":true,"href":"https:\/\/eventos.ifg.edu.br\/fontes-renovaveis\/wp-json\/wp\/v2\/comments?post=42"}],"version-history":[{"count":12,"href":"https:\/\/eventos.ifg.edu.br\/fontes-renovaveis\/wp-json\/wp\/v2\/pages\/42\/revisions"}],"predecessor-version":[{"id":209,"href":"https:\/\/eventos.ifg.edu.br\/fontes-renovaveis\/wp-json\/wp\/v2\/pages\/42\/revisions\/209"}],"wp:attachment":[{"href":"https:\/\/eventos.ifg.edu.br\/fontes-renovaveis\/wp-json\/wp\/v2\/media?parent=42"}],"curies":[{"name":"wp","href":"https:\/\/api.w.org\/{rel}","templated":true}]}}