{"id":7,"date":"2017-03-12T23:47:07","date_gmt":"2017-03-13T02:47:07","guid":{"rendered":"http:\/\/eventos.ifg.edu.br\/flisol2017luziania\/?page_id=7"},"modified":"2017-03-13T10:54:43","modified_gmt":"2017-03-13T13:54:43","slug":"flisol","status":"publish","type":"page","link":"https:\/\/eventos.ifg.edu.br\/flisol2017luziania\/flisol\/","title":{"rendered":"Flisol"},"content":{"rendered":"<h1 style=\"text-align: center\"><strong>Flisol, o que \u00e9 ?<\/strong><\/h1>\n<p>&nbsp;<\/p>\n<p style=\"text-align: justify\">O\u00a0Festival Latino Americano de Instala\u00e7\u00e3o de Software Livre\u00a0\u00e9 um festival anual de instala\u00e7\u00e3o de software livre,\u00a0gratuito e aberto a toda a comunidade, realizado desde 2005 em diversos pa\u00edses da Am\u00e9rica Latina, inclusive no Brasil. O evento tem o prop\u00f3sito de promover o uso de softwares livres e a integra\u00e7\u00e3o de comunidades de usu\u00e1rios em todos os pa\u00edses da Am\u00e9rica Latina. Ele ocorrer\u00e1 no dia 8 de Abril de 2017.<\/p>\n<p style=\"text-align: justify\">O FLISOL busca estreitar e ampliar o contato de usu\u00e1rios de computadores com o mundo do Software Livre. O evento permite que as pessoas conhe\u00e7am outros usu\u00e1rios e desenvolvedores, troquem d\u00favidas e sugest\u00f5es. O objetivo maior \u00e9 promover um interc\u00e2mbio de conhecimentos bastante sadio e aumentar a colabora\u00e7\u00e3o entre os participantes do evento.<\/p>\n<p style=\"text-align: justify\">Participe dos\u00a0mini-cursos\u00a0e\u00a0palestras\u00a0e inicie a sua jornada no mundo Livre. Estamos programando uma s\u00e9rie de atividades para a realiza\u00e7\u00e3o do Flisol em Luzi\u00e2nia-GO. Estas atividades envolvem a prepara\u00e7\u00e3o do material, divulga\u00e7\u00e3o e organiza\u00e7\u00e3o das equipes para o installfest e para as palestras.<\/p>\n<h3 class=\"title\" style=\"text-align: justify\">Como participar?<\/h3>\n<p style=\"text-align: justify\">Voc\u00ea pode participar de tr\u00eas formas:<\/p>\n<ul style=\"text-align: justify\">\n<li><strong>Como\u00a0PALESTRANTE,\u00a0INSTRUTOR de MINI-CURSOS\u00a0do evento.<\/strong> Neste caso basta enviar uma PROPOSTA DE TRABALHO de palestra ou mini-curso. Se tiver alguma d\u00favida entre em contato conosco pelo e-mail do COORDENADOR GERAL do evento ernane.martins@ifg.edu.br\u00a0com o assunto: \u201cCHAMADA DE TRABALHO \u2013 FLISOL-LUZIANIA 2017\u201d.<\/li>\n<li><strong>Como\u00a0USU\u00c1RIO\u00a0para assistir e participar das atividades, palestras e mini-cursos.<\/strong> Fa\u00e7a sua inscri\u00e7\u00e3o para o evento acessando a p\u00e1gina de INSCRI\u00c7\u00c3O DO FLISOL-LUZIANIA-GO 2017 .\u00a0http:\/\/sugep.ifg.edu.br\/eventos\/administracao\/inscricoes.html?q12we34rt56yu78io90p=aivq66PsGzM=<\/li>\n<li><strong>Como\u00a0PATROCINADOR\u00a0(quer seja pessoa f\u00edsica ou empresa) ou como\u00a0participante da ORGANIZA\u00c7\u00c3O DO EVENTO.<\/strong>\u00a0Entre em contato conosco pelo e-mail do COORDENADOR GERAL do evento ernane.martins@ifg.edu.br<\/li>\n<\/ul>\n<p style=\"text-align: justify\">A participa\u00e7\u00e3o no FLISOL 2017 em Luzi\u00e2nia \u00e9 totalmente gratuita e ser\u00e1 certificada. Para participar basta se dirigir at\u00e9 o local do evento (IFG) no dia 8 de Abril, a partir das 07h at\u00e9 as 18h. Se desejar, com seu computador para instalarmos software livre durante todo o dia do evento.<\/p>\n<p style=\"text-align: justify\">Se n\u00e3o quiser levar seu computador para instalar software livre, mesmo assim poder\u00e1 participar assistindo a palestras, mini-cursos e interagindo com outros visitantes e usu\u00e1rios de software livre.<\/p>\n<p style=\"text-align: justify\">Traga sua fam\u00edlia e amigos tanto para conhecer melhor a respeito do software livre quanto para trocar experi\u00eancias do mundo livre, seja voc\u00ea um usu\u00e1rio com qualquer n\u00edvel de conhecimento.<\/p>\n","protected":false},"excerpt":{"rendered":"<p>Flisol, o que \u00e9 ? &nbsp; O\u00a0Festival Latino Americano de Instala\u00e7\u00e3o de Software Livre\u00a0\u00e9 um festival anual de instala\u00e7\u00e3o de software livre,\u00a0gratuito e aberto a toda a comunidade, realizado desde 2005 em diversos pa\u00edses da Am\u00e9rica Latina, inclusive no Brasil. O evento tem o prop\u00f3sito de promover o uso de softwares livres e a integra\u00e7\u00e3o [&hellip;]<\/p>\n","protected":false},"author":13,"featured_media":0,"parent":0,"menu_order":0,"comment_status":"closed","ping_status":"closed","template":"","meta":{"ngg_post_thumbnail":0,"footnotes":""},"class_list":["post-7","page","type-page","status-publish","hentry"],"_links":{"self":[{"href":"https:\/\/eventos.ifg.edu.br\/flisol2017luziania\/wp-json\/wp\/v2\/pages\/7"}],"collection":[{"href":"https:\/\/eventos.ifg.edu.br\/flisol2017luziania\/wp-json\/wp\/v2\/pages"}],"about":[{"href":"https:\/\/eventos.ifg.edu.br\/flisol2017luziania\/wp-json\/wp\/v2\/types\/page"}],"author":[{"embeddable":true,"href":"https:\/\/eventos.ifg.edu.br\/flisol2017luziania\/wp-json\/wp\/v2\/users\/13"}],"replies":[{"embeddable":true,"href":"https:\/\/eventos.ifg.edu.br\/flisol2017luziania\/wp-json\/wp\/v2\/comments?post=7"}],"version-history":[{"count":7,"href":"https:\/\/eventos.ifg.edu.br\/flisol2017luziania\/wp-json\/wp\/v2\/pages\/7\/revisions"}],"predecessor-version":[{"id":91,"href":"https:\/\/eventos.ifg.edu.br\/flisol2017luziania\/wp-json\/wp\/v2\/pages\/7\/revisions\/91"}],"wp:attachment":[{"href":"https:\/\/eventos.ifg.edu.br\/flisol2017luziania\/wp-json\/wp\/v2\/media?parent=7"}],"curies":[{"name":"wp","href":"https:\/\/api.w.org\/{rel}","templated":true}]}}