{"id":24,"date":"2017-03-13T00:39:57","date_gmt":"2017-03-13T03:39:57","guid":{"rendered":"http:\/\/eventos.ifg.edu.br\/flisol2017luziania\/?page_id=24"},"modified":"2017-03-22T16:34:09","modified_gmt":"2017-03-22T19:34:09","slug":"organizacao","status":"publish","type":"page","link":"https:\/\/eventos.ifg.edu.br\/flisol2017luziania\/organizacao\/","title":{"rendered":"Organiza\u00e7\u00e3o"},"content":{"rendered":"<h1 style=\"text-align: center\"><strong>Comiss\u00e3o Organizadora<\/strong><\/h1>\n<p>&nbsp;<\/p>\n<p style=\"text-align: center\"><strong>Coordena\u00e7\u00e3o Geral<\/strong><\/p>\n<p style=\"text-align: center\">Ernane Rosa Martins e Wendell Bento Geraldes<\/p>\n<p style=\"text-align: center\"><strong>Coordena\u00e7\u00e3o de publicidade e divulga\u00e7\u00e3o<\/strong><\/p>\n<p style=\"text-align: center\">Jo\u00e3o\u00a0Paulo Oliveira Gon\u00e7alves e Alissa Hanna Macedo Felix<\/p>\n<p style=\"text-align: center\"><strong>Coordena\u00e7\u00e3o de Tem\u00e1rio<\/strong><\/p>\n<p style=\"text-align: center\">Samuel Sousa Pereira e Davy Queiros Viana<\/p>\n<p style=\"text-align: center\"><strong>Coordena\u00e7\u00e3o de Infra-Estrutura<\/strong><\/p>\n<p style=\"text-align: center\">Paulo Victor Vilela Curado e\u00a0Gabriel de Oliveira Silva<\/p>\n<p style=\"text-align: center\"><strong>Secretaria Geral<\/strong><\/p>\n<p style=\"text-align: center\">Giovana Vitoria Oliveira de Carvalho e Laina de Luna Esp\u00edndola<\/p>\n","protected":false},"excerpt":{"rendered":"<p>Comiss\u00e3o Organizadora &nbsp; Coordena\u00e7\u00e3o Geral Ernane Rosa Martins e Wendell Bento Geraldes Coordena\u00e7\u00e3o de publicidade e divulga\u00e7\u00e3o Jo\u00e3o\u00a0Paulo Oliveira Gon\u00e7alves e Alissa Hanna Macedo Felix Coordena\u00e7\u00e3o de Tem\u00e1rio Samuel Sousa Pereira e Davy Queiros Viana Coordena\u00e7\u00e3o de Infra-Estrutura Paulo Victor Vilela Curado e\u00a0Gabriel de Oliveira Silva Secretaria Geral Giovana Vitoria Oliveira de Carvalho e Laina [&hellip;]<\/p>\n","protected":false},"author":13,"featured_media":0,"parent":0,"menu_order":0,"comment_status":"closed","ping_status":"closed","template":"","meta":{"ngg_post_thumbnail":0,"footnotes":""},"class_list":["post-24","page","type-page","status-publish","hentry"],"_links":{"self":[{"href":"https:\/\/eventos.ifg.edu.br\/flisol2017luziania\/wp-json\/wp\/v2\/pages\/24"}],"collection":[{"href":"https:\/\/eventos.ifg.edu.br\/flisol2017luziania\/wp-json\/wp\/v2\/pages"}],"about":[{"href":"https:\/\/eventos.ifg.edu.br\/flisol2017luziania\/wp-json\/wp\/v2\/types\/page"}],"author":[{"embeddable":true,"href":"https:\/\/eventos.ifg.edu.br\/flisol2017luziania\/wp-json\/wp\/v2\/users\/13"}],"replies":[{"embeddable":true,"href":"https:\/\/eventos.ifg.edu.br\/flisol2017luziania\/wp-json\/wp\/v2\/comments?post=24"}],"version-history":[{"count":8,"href":"https:\/\/eventos.ifg.edu.br\/flisol2017luziania\/wp-json\/wp\/v2\/pages\/24\/revisions"}],"predecessor-version":[{"id":120,"href":"https:\/\/eventos.ifg.edu.br\/flisol2017luziania\/wp-json\/wp\/v2\/pages\/24\/revisions\/120"}],"wp:attachment":[{"href":"https:\/\/eventos.ifg.edu.br\/flisol2017luziania\/wp-json\/wp\/v2\/media?parent=24"}],"curies":[{"name":"wp","href":"https:\/\/api.w.org\/{rel}","templated":true}]}}