{"id":11,"date":"2017-03-12T23:52:29","date_gmt":"2017-03-13T02:52:29","guid":{"rendered":"http:\/\/eventos.ifg.edu.br\/flisol2017luziania\/?page_id=11"},"modified":"2017-03-13T11:01:01","modified_gmt":"2017-03-13T14:01:01","slug":"installfest","status":"publish","type":"page","link":"https:\/\/eventos.ifg.edu.br\/flisol2017luziania\/installfest\/","title":{"rendered":"InstallFest"},"content":{"rendered":"<h1 style=\"text-align: center\"><strong>InstallFest<\/strong><\/h1>\n<p>&nbsp;<\/p>\n<p style=\"text-align: justify\">Um <strong>Installfest<\/strong> \u00e9 uma atividade em que as pessoas se re\u00fanem para realizar instala\u00e7\u00f5es em massa de sistemas operacionais de computador ou software livre, principalmente o sistema operacional Linux e outros softwares de c\u00f3digo aberto.<\/p>\n<p style=\"text-align: justify\">Com esta finalidade, diversas comunidades locais de software livre (em cada pa\u00eds, em cada cidade\/localidade), organizam simultaneamente eventos em que se instala gratuitamente e totalmente legal, software livre nos computadores levados pelos participantes, onde iniciantes trazem seus computadores, e usu\u00e1rios experientes os auxiliam a instalar e configurar o sistema. Muitas vezes CDs contendo alguma distribui\u00e7\u00e3o de Linux e informativos s\u00e3o distribu\u00eddos gratuitamente aos participantes. Este tipo de evento recebe bem todo n\u00edvel de conhecimento, de iniciantes a usu\u00e1rios avan\u00e7ados.<\/p>\n<p style=\"text-align: justify\">O Install Fest prioriza n\u00e3o s\u00f3 a instala\u00e7\u00e3o de Distribui\u00e7\u00f5es de GNU\/Linux, mas tamb\u00e9m a instala\u00e7\u00e3o de Software Livres em geral, mesmo em plataforma propriet\u00e1ria, de forma que o usu\u00e1rio possa ter a\u00ed o seu primeiro contato com a filosofia do Software Livre e no futuro possa fazer a op\u00e7\u00e3o consciente por um Sistema Operacional Livre. A instala\u00e7\u00e3o pode ser feita de forma assistida, ou seja, voc\u00ea mesmo poder\u00e1 fazer a instala\u00e7\u00e3o do Sistema na sua m\u00e1quina apenas com a supervis\u00e3o de algu\u00e9m com mais pr\u00e1tica. Al\u00e9m da Instala\u00e7\u00e3o propriamente dita haver\u00e1 distribui\u00e7\u00e3o de CDs e DVDs de distribui\u00e7\u00f5es GNU\/Linux<\/p>\n","protected":false},"excerpt":{"rendered":"<p>InstallFest &nbsp; Um Installfest \u00e9 uma atividade em que as pessoas se re\u00fanem para realizar instala\u00e7\u00f5es em massa de sistemas operacionais de computador ou software livre, principalmente o sistema operacional Linux e outros softwares de c\u00f3digo aberto. Com esta finalidade, diversas comunidades locais de software livre (em cada pa\u00eds, em cada cidade\/localidade), organizam simultaneamente eventos [&hellip;]<\/p>\n","protected":false},"author":13,"featured_media":0,"parent":0,"menu_order":0,"comment_status":"closed","ping_status":"closed","template":"","meta":{"ngg_post_thumbnail":0,"footnotes":""},"class_list":["post-11","page","type-page","status-publish","hentry"],"_links":{"self":[{"href":"https:\/\/eventos.ifg.edu.br\/flisol2017luziania\/wp-json\/wp\/v2\/pages\/11"}],"collection":[{"href":"https:\/\/eventos.ifg.edu.br\/flisol2017luziania\/wp-json\/wp\/v2\/pages"}],"about":[{"href":"https:\/\/eventos.ifg.edu.br\/flisol2017luziania\/wp-json\/wp\/v2\/types\/page"}],"author":[{"embeddable":true,"href":"https:\/\/eventos.ifg.edu.br\/flisol2017luziania\/wp-json\/wp\/v2\/users\/13"}],"replies":[{"embeddable":true,"href":"https:\/\/eventos.ifg.edu.br\/flisol2017luziania\/wp-json\/wp\/v2\/comments?post=11"}],"version-history":[{"count":6,"href":"https:\/\/eventos.ifg.edu.br\/flisol2017luziania\/wp-json\/wp\/v2\/pages\/11\/revisions"}],"predecessor-version":[{"id":94,"href":"https:\/\/eventos.ifg.edu.br\/flisol2017luziania\/wp-json\/wp\/v2\/pages\/11\/revisions\/94"}],"wp:attachment":[{"href":"https:\/\/eventos.ifg.edu.br\/flisol2017luziania\/wp-json\/wp\/v2\/media?parent=11"}],"curies":[{"name":"wp","href":"https:\/\/api.w.org\/{rel}","templated":true}]}}