{"id":31,"date":"2021-05-11T18:31:53","date_gmt":"2021-05-11T21:31:53","guid":{"rendered":"http:\/\/eventos.ifg.edu.br\/festival2021\/?page_id=31"},"modified":"2021-05-11T18:33:41","modified_gmt":"2021-05-11T21:33:41","slug":"historia","status":"publish","type":"page","link":"https:\/\/eventos.ifg.edu.br\/festival2021\/historia\/","title":{"rendered":"Hist\u00f3ria do Festival de Artes de Goi\u00e1s &#8211; Uma realiza\u00e7\u00e3o do IFG"},"content":{"rendered":"\r\n\r\nO Festival de Artes de Goi\u00e1s foi criado em 1998 em homenagem aos 90 anos de Institui\u00e7\u00e3o da antiga Escola T\u00e9cnica Federal de Goi\u00e1s, criada como Escola de Aprendizes e Art\u00edfices pelo presidente Nilo Pe\u00e7anha em 1909, na antiga capital do Estado, a Cidade de Goi\u00e1s, e hoje reestruturada como Instituto Federal de Educa\u00e7\u00e3o, Ci\u00eancia e Tecnologia de Goi\u00e1s (IFG). A escolha da cidade para sediar o Festival deveu-se \u00e0 identifica\u00e7\u00e3o hist\u00f3rica com a origem do IFG e tamb\u00e9m como celebra\u00e7\u00e3o do principal s\u00edtio hist\u00f3rico e cultural do estado, reconhecido como Patrim\u00f4nio da Humanidade pela UNESCO em 2001.\r\n\r\n\r\n\r\n\r\n\r\n<figure class=\"wp-block-image\"><img decoding=\"async\" class=\"wp-image-165\" src=\"http:\/\/eventos.ifg.edu.br\/festival2016\/wp-content\/uploads\/sites\/10\/2016\/09\/12219485_1191450454216572_6000396736776954128_n.jpg__1000x800_q80_subsampling-2_upscale.jpg\" alt=\"12219485_1191450454216572_6000396736776954128_n.jpg__1000x800_q80_subsampling-2_upscale\" \/><\/figure>\r\n\r\n\r\n\r\nIniciado como projeto de extens\u00e3o, o primeiro Festival de Artes de Goi\u00e1s teve como principal idealizador o professor do C\u00e2mpus Goi\u00e2nia Reginaldo Jos\u00e9 Saddi, m\u00fasico e diretor de teatro, falecido em setembro de 2014. O Festival contou at\u00e9 hoje com treze edi\u00e7\u00f5es, realizadas de 1998 a 2014, sendo at\u00e9 2003 (IV edi\u00e7\u00e3o) sediado na Cidade de Goi\u00e1s.\r\n\r\n\r\n\r\n\r\n\r\n<figure class=\"wp-block-image\"><img decoding=\"async\" class=\"wp-image-166\" src=\"http:\/\/eventos.ifg.edu.br\/festival2016\/wp-content\/uploads\/sites\/10\/2016\/09\/12239593_1193261794035438_3827789447995663161_n.jpg__1000x800_q80_subsampling-2_upscale.jpg\" alt=\"12239593_1193261794035438_3827789447995663161_n.jpg__1000x800_q80_subsampling-2_upscale\" \/><\/figure>\r\n\r\n\r\n\r\nEm 2004, o Festival foi transferido para Goi\u00e2nia e passou a ser realizado bienalmente, nas depend\u00eancias do IFG \u2013 C\u00e2mpus Goi\u00e2nia, buscando envolver a comunidade interna e a popula\u00e7\u00e3o goianiense, al\u00e9m de afirmar o di\u00e1logo no \u00e2mbito da tradi\u00e7\u00e3o, da academia e da insurg\u00eancia no contexto local e nacional.\r\n\r\n\r\n\r\n\r\n\r\nA partir do ano de 2010, com a amplia\u00e7\u00e3o da Institui\u00e7\u00e3o, iniciou-se a proposta de efetivar as a\u00e7\u00f5es do Festival em todos os c\u00e2mpus do IFG, nos munic\u00edpios de An\u00e1polis, Formosa, Inhumas, Itumbiara, Jata\u00ed, Luzi\u00e2nia e Urua\u00e7u. No novo formato, o Festival de Artes de Goi\u00e1s assumiria o perfil de um evento institucional, com abrang\u00eancia e envolvimento de todas as unidades do IFG. O evento voltaria a ser realizado anualmente, sendo bienalmente no C\u00e2mpus Goi\u00e2nia nos anos pares, e, nos anos \u00edmpares intercaladamente nos demais c\u00e2mpus, de acordo com a formata\u00e7\u00e3o a ser criada pelo corpo dirigente da Institui\u00e7\u00e3o. No entanto, em 2011, o evento que seria realizado no IFG \u2013 C\u00e2mpus An\u00e1polis foi cancelado devido \u00e0 Greve Nacional dos Servidores da Educa\u00e7\u00e3o ocorrida naquele ano. O mesmo aconteceu em 2012, quando retornaria \u00e0 antiga capital goiana, sendo retomado apenas em 2013, ap\u00f3s 3 anos, em sua XI edi\u00e7\u00e3o numa forma de reencontro com a Cidade de Goi\u00e1s, ber\u00e7o de sua cria\u00e7\u00e3o.\r\n\r\n\r\n\r\n\r\n\r\nEm 2017, ocorreu a \u00faltima edi\u00e7\u00e3o presencial do Festival, sediada pelo c\u00e2mpus Itumbiara com o tema <em>P\u00f4!\u00c9tica.<\/em> <em><strong>Visite o site. <\/strong><\/em>\r\n\r\n\r\n\r\n\r\n\r\nVeja imagens, desenhos, ilustra\u00e7\u00f5es e projetos gr\u00e1ficos de\u00a0edi\u00e7\u00f5es anteriores.\r\n\r\n\r\n\r\n\r\n\r\n<img fetchpriority=\"high\" decoding=\"async\" src=\"http:\/\/eventos.ifg.edu.br\/festival2017\/wp-content\/uploads\/sites\/10\/2017\/10\/goda.jpg\" alt=\"goda\" width=\"910\" height=\"475\" \/>\r\nX Festival de Artes de Goi\u00e1s. Ilustra\u00e7\u00e3o: Rodrigo God\u00e1. (2008)\r\n\r\n\r\n\r\n\r\n\r\n<img decoding=\"async\" src=\"http:\/\/eventos.ifg.edu.br\/festival2017\/wp-content\/uploads\/sites\/10\/2017\/10\/reencontros-1.jpg\" alt=\"reencontros\" width=\"1398\" height=\"1076\" \/>XI Festival de Artes de Goi\u00e1s \u2013\u00a0<em>Criar (re)encontros<\/em>. Cria\u00e7\u00e3o: Prof. Alexandre Guimar\u00e3es. (2013)\r\n\r\n\r\n\r\n\r\n\r\n<img decoding=\"async\" src=\"http:\/\/eventos.ifg.edu.br\/festival2017\/wp-content\/uploads\/sites\/10\/2017\/10\/enredes-1.jpg\" alt=\"enredes\" width=\"1129\" height=\"837\" \/>\r\nXII Festival de Artes de Goi\u00e1s \u2013\u00a0<em>Enredos em redes.\u00a0<\/em>Cria\u00e7\u00e3o: Prof. Alexandre Guimar\u00e3es. (2014)\r\n\r\n\r\n\r\n\r\n\r\n<img loading=\"lazy\" decoding=\"async\" src=\"http:\/\/eventos.ifg.edu.br\/festival2017\/wp-content\/uploads\/sites\/10\/2017\/10\/corpo_indecente-1.jpg\" alt=\"corpo_indecente\" width=\"1552\" height=\"1272\" \/>\r\nXIII Festival de Artes de Goi\u00e1s.\u00a0<em>Corpo (in)decente<\/em>. Cria\u00e7\u00e3o: Prof. Alexandre Guimar\u00e3es. (2015)\r\n\r\n\r\n\r\n\r\n\r\n<blockquote class=\"wp-embedded-content\" data-secret=\"9H9FS8fHsY\"><a href=\"https:\/\/eventos.ifg.edu.br\/festival2017\/o-festival\/\">O festival<\/a><\/blockquote><iframe class=\"wp-embedded-content\" sandbox=\"allow-scripts\" security=\"restricted\" style=\"position: absolute; visibility: hidden;\" title=\"&#8220;O festival&#8221; &#8212; XIV Festival de Artes de Goi\u00e1s - C\u00e2mpus Itumbiara\" src=\"https:\/\/eventos.ifg.edu.br\/festival2017\/o-festival\/embed\/#?secret=jYEdy9OGAm#?secret=9H9FS8fHsY\" data-secret=\"9H9FS8fHsY\" width=\"540\" height=\"304\" frameborder=\"0\" marginwidth=\"0\" marginheight=\"0\" scrolling=\"no\"><\/iframe>\r\n\r\n","protected":false},"excerpt":{"rendered":"<p>O Festival de Artes de Goi\u00e1s foi criado em 1998 em homenagem aos 90 anos de Institui\u00e7\u00e3o da antiga Escola T\u00e9cnica Federal de Goi\u00e1s, criada como Escola de Aprendizes e Art\u00edfices pelo presidente Nilo Pe\u00e7anha em 1909, na antiga capital <a class=\"more-link\" href=\"https:\/\/eventos.ifg.edu.br\/festival2021\/historia\/\">Leia mais&#8230; &raquo;<\/a><\/p>\n","protected":false},"author":141,"featured_media":35,"parent":0,"menu_order":0,"comment_status":"closed","ping_status":"closed","template":"","meta":{"footnotes":""},"class_list":["post-31","page","type-page","status-publish","has-post-thumbnail","hentry"],"_links":{"self":[{"href":"https:\/\/eventos.ifg.edu.br\/festival2021\/wp-json\/wp\/v2\/pages\/31"}],"collection":[{"href":"https:\/\/eventos.ifg.edu.br\/festival2021\/wp-json\/wp\/v2\/pages"}],"about":[{"href":"https:\/\/eventos.ifg.edu.br\/festival2021\/wp-json\/wp\/v2\/types\/page"}],"author":[{"embeddable":true,"href":"https:\/\/eventos.ifg.edu.br\/festival2021\/wp-json\/wp\/v2\/users\/141"}],"replies":[{"embeddable":true,"href":"https:\/\/eventos.ifg.edu.br\/festival2021\/wp-json\/wp\/v2\/comments?post=31"}],"version-history":[{"count":1,"href":"https:\/\/eventos.ifg.edu.br\/festival2021\/wp-json\/wp\/v2\/pages\/31\/revisions"}],"predecessor-version":[{"id":33,"href":"https:\/\/eventos.ifg.edu.br\/festival2021\/wp-json\/wp\/v2\/pages\/31\/revisions\/33"}],"wp:featuredmedia":[{"embeddable":true,"href":"https:\/\/eventos.ifg.edu.br\/festival2021\/wp-json\/wp\/v2\/media\/35"}],"wp:attachment":[{"href":"https:\/\/eventos.ifg.edu.br\/festival2021\/wp-json\/wp\/v2\/media?parent=31"}],"curies":[{"name":"wp","href":"https:\/\/api.w.org\/{rel}","templated":true}]}}