{"id":2,"date":"2021-05-11T16:12:33","date_gmt":"2021-05-11T19:12:33","guid":{"rendered":"http:\/\/eventos.ifg.edu.br\/festival2021\/?page_id=2"},"modified":"2021-05-18T12:28:56","modified_gmt":"2021-05-18T15:28:56","slug":"programacaocompleta","status":"publish","type":"page","link":"https:\/\/eventos.ifg.edu.br\/festival2021\/programacaocompleta\/","title":{"rendered":"Programa\u00e7\u00e3o Completa"},"content":{"rendered":"<p><strong>Data do evento<\/strong>: 18 a 20 de maio de 2021.<br \/>\n<strong>Data de inscri\u00e7\u00e3o<\/strong>: 11 a 20\/05\/2021<br \/>\n<strong>Link para inscri\u00e7\u00e3o<\/strong>:\u00a0<a href=\"https:\/\/sugep.ifg.edu.br\/eventos\/#\/publico\/eventos\/2ab2a7ca-a067-41ce-a6e5-b4dfc4352945\/inscricao\">https:\/\/sugep.ifg.edu.br\/eventos\/#\/publico\/eventos\/2ab2a7ca-a067-41ce-a6e5-b4dfc4352945\/inscricao<br \/>\n<\/a><strong>P\u00fablico-alvo<\/strong>: Servidores, estudantes e comunidade externa.<br \/>\n<strong>Objetivos<\/strong>: realizar um ciclo de forma\u00e7\u00e3o, difus\u00e3o de experi\u00eancias, pr\u00e1ticas art\u00edsticas e pedag\u00f3gicas e promover uma reflex\u00e3o cr\u00edtica sobre temas contempor\u00e2neos a partir da express\u00e3o da cultura e da arte.<br \/>\n<strong>Ferramentas digitais<\/strong>: Canal IFG Comunidade; Google Meet; RNP.<\/p>\n<p><strong>PROGRAMA\u00c7\u00c3O<\/strong><\/p>\n<h1 style=\"text-align: center\"><u><strong>DATA: TER\u00c7A, 18\/05\/2021<\/strong><\/u><\/h1>\n<p><strong>9h \u2013 Mostra Inspirar-te + Arrisque-se (Sess\u00e3o1)<\/strong><\/p>\n<p><img fetchpriority=\"high\" decoding=\"async\" class=\"alignnone size-full wp-image-80\" src=\"http:\/\/eventos.ifg.edu.br\/festival2021\/wp-content\/uploads\/sites\/67\/2021\/05\/Thumbnail-PARTE-6-Mesa-1.png\" alt=\"Thumbnail----PARTE-6-Mesa-1\" width=\"1280\" height=\"720\" \/><\/p>\n<h2><strong>10h \u00e0s 11h20 \u2013 <a href=\"https:\/\/youtu.be\/cx1whwqgJA4\" target=\"_blank\"><del><\/del>Mesa de debate: Edital InspirArte [CLICK PARA ABRIR NO YOUTUBE]<\/a><\/strong><\/h2>\n<ul>\n<li>Pr\u00f3 Reitor de Extens\u00e3o do IFG \u2013 Prof. Daniel Silva Barbosa<\/li>\n<li>Fernanda Pimenta (atriz &#8211; comunidade externa)<\/li>\n<li>C\u00e9sar Rodriguez (estudante de Cinema &#8211; IFG Goi\u00e1s)<\/li>\n<li>Alana Ferreira (estudante de Cinema &#8211; IFG Goi\u00e1s)<\/li>\n<li>\u00a0Giovana Consorte (professora de Dan\u00e7a &#8211; IFG Aparecida de Goi\u00e2nia)<\/li>\n<li>Mediador: Prof. Constantino Isidoro Filho (IFG \u2013 C\u00e2mpus Goi\u00e2nia Oeste)<\/li>\n<\/ul>\n<p><strong>11h30 \u2013 Encontro dos Professores de Arte do IFG\u00a0<\/strong>(atividade restrita aos Professores de Artes do IFG)<\/p>\n<p><strong>14h \u00e0s 16h \u2013 Oficinas com professores da Rede IF<\/strong><\/p>\n<ol>\n<li><strong>Catando e Contando Hist\u00f3rias \u2013\u00a0<\/strong>Oficina de conta\u00e7\u00e3o de hist\u00f3rias. O objetivo \u00e9 proporcionar ao participante a leitura e interpreta\u00e7\u00e3o de hist\u00f3rias e poesias. Conhecer textos po\u00e9ticos em contextos diversos para interpreta\u00e7\u00e3o e cria\u00e7\u00e3o de hist\u00f3rias atrav\u00e9s de personagens presentes na literatura e na oralidade de nossas culturas; criar novas hist\u00f3rias e poesias para transmiss\u00e3o criativa de nossa cultura.\u00a0<strong>Proponente<\/strong>: Prof.: Gleuter Alves Guimar\u00e3es (Instituto Federal do Tocantins, C\u00e2mpus Avan\u00e7ado Formoso do Araguaia).<\/li>\n<li><strong>Mobgrafia \u2013 um olhar pelo celular \u2013\u00a0<\/strong>A proposta desta oficina \u00e9 fazer uma breve introdu\u00e7\u00e3o das t\u00e9cnicas b\u00e1sicas de fotografia com celular, como: foco, composi\u00e7\u00e3o, ilumina\u00e7\u00e3o, enquadramento e edi\u00e7\u00e3o.\u00a0<strong>Proponente:<\/strong>\u00a0Profa.: Rafaela Chivalski de Oliveira (Instituto Federal de Mato Grosso do Sul)<\/li>\n<li><strong>Territ\u00f3rios compartilhados \u2013\u00a0<\/strong>Os participantes ser\u00e3o provocados a buscar imagens a partir de um dispositivo (fotografia e v\u00eddeos curtos do territ\u00f3rio onde est\u00e3o vivendo) Ser\u00e3o realizados exerc\u00edcios imag\u00e9ticos simb\u00f3licos de cada territ\u00f3rio apresentado pelos participantes e compartilhados via compartilhamento de tela. Por fim faremos uma performance coletiva para encerrar.\u00a0<strong>Proponente:<\/strong>\u00a0Profa.: Katyuscia Sosnowsk (Instituto Federal do Paran\u00e1, C\u00e2mpus Coronel Vivida).<\/li>\n<li><strong>A tradi\u00e7\u00e3o popular nas m\u00fasicas de abertura das telenovelas: caminhos para an\u00e1lises \u2013\u00a0<\/strong>A oficina prop\u00f5e um momento em que os participantes possam discutir e refletir sobre a forma como as identidades s\u00e3o apresentadas nas m\u00eddias. Focamos nos aspectos identit\u00e1rios que est\u00e3o fora dos centros pol\u00edticos e econ\u00f4micos do pa\u00eds. Buscamos apresentar formas e caminhos para fazer an\u00e1lises de vinhetas de forma que possa extrair de uma produ\u00e7\u00e3o televisivas informa\u00e7\u00f5es que nos mostre at\u00e9 que ponto o produto final traz uma cria\u00e7\u00e3o po\u00e9tica e at\u00e9 que ponto ela apresenta o que \u00e9 reflexo de uma realidade vivida. Teremos o estudo de dois casos permeados por debate e a pr\u00f3pria pr\u00e1tica dos participantes em rela\u00e7\u00e3o a an\u00e1lise.\u00a0<strong>Proponente<\/strong>: Prof.: Paulo S\u00e9rgio Sousa Costa\u00a0<strong>(Instituto Federal Mato Grosso, C\u00e2mpus Avan\u00e7ado Sinop).<\/strong><\/li>\n<\/ol>\n<p><strong>16h25 \u2013 \u201cBoas-vindas\u201d \u2013\u00a0<\/strong>Pr\u00f3 Reitor de Extens\u00e3o do IFG \u2013 Prof. Daniel Silva Barbosa<\/p>\n<p><img decoding=\"async\" class=\"alignnone size-full wp-image-81\" src=\"http:\/\/eventos.ifg.edu.br\/festival2021\/wp-content\/uploads\/sites\/67\/2021\/05\/Thumbnail-PARTE-2-1.png\" alt=\"Thumbnail----PARTE-2\" width=\"1280\" height=\"720\" \/><\/p>\n<h2><a href=\"https:\/\/youtu.be\/cx1whwqgJA4\" target=\"_blank\"><strong>16h30 \u00e0s 17h30 \u2013 Confer\u00eancia: \u201dC\u00e2ndido Portinari: um homem, um tempo, uma na\u00e7\u00e3o\u201d<\/strong><\/a><\/h2>\n<ul>\n<li>Professor e escritor Jo\u00e3o Candido Portinari<\/li>\n<li>Mediadora: Profa. Elza Gabriela Godinho Miranda (IFG \u2013 C\u00e2mpus An\u00e1polis)<\/li>\n<\/ul>\n<p><strong>19h \u2013 Solenidade de Abertura<\/strong><\/p>\n<ul>\n<li><strong>Rela\u00e7\u00f5es publica IFG (mestre de cerim\u00f4nia) \u2013\u00a0<\/strong>Brisa Sousa Almeida Naves<\/li>\n<li><strong>Reitor \u2013\u00a0<\/strong>Prof. Jeronimo Rodrigues da Silva<\/li>\n<li><strong>Pr\u00f3-Reitor de Extens\u00e3o \u2013\u00a0<\/strong>Prof. Daniel Silva Barbosa<\/li>\n<li><strong>Representante da Comiss\u00e3o Organizadora Executiva do Festival de Artes \u2013\u00a0<\/strong>Prof. Ab\u00edlio de Jesus Carrascal<\/li>\n<\/ul>\n<p><strong>19h30 \u2013 Apresenta\u00e7\u00e3o Art\u00edstico Cultural<\/strong>\u00a0\u2013 Tenor Hudson Ayres e o\u00a0Pianista F\u00e1bio Leite<\/p>\n<p><strong>21h \u2013 Apresenta\u00e7\u00e3o Art\u00edstico Cultural ao vivo<\/strong>\u00a0\u2013 Chico C\u00e9sar<br \/>\nParticipa\u00e7\u00e3o como VJ: Prof. Ab\u00edlio Carrascal \u2013 IFG<\/p>\n<h2 style=\"text-align: center\"><a href=\"https:\/\/www.youtube.com\/watch?v=JqtWINpnQwM\" target=\"_blank\"><strong>ACESSAR LINK<\/strong><\/a>\u00a0&#8211; CHICO C\u00c9SAR (LIVE)<\/h2>\n<p><img decoding=\"async\" class=\"alignnone size-full wp-image-85\" src=\"http:\/\/eventos.ifg.edu.br\/festival2021\/wp-content\/uploads\/sites\/67\/2021\/05\/Thumbnail-PARTE-4.png\" alt=\"Thumbnail----PARTE-4\" width=\"1280\" height=\"720\" \/><\/p>\n<p><u><strong>DATA: QUARTA, 19\/05\/2021<\/strong><\/u><\/p>\n<p><strong>8h30 \u2013 Mostra Inspirar-te + Arrisque-se (Sess\u00e3o2)<\/strong><\/p>\n<p><img loading=\"lazy\" decoding=\"async\" class=\"alignnone size-full wp-image-83\" src=\"http:\/\/eventos.ifg.edu.br\/festival2021\/wp-content\/uploads\/sites\/67\/2021\/05\/Thumbnail-PARTE-6-Mesa-2.png\" alt=\"Thumbnail----PARTE-6-Mesa-2\" width=\"1280\" height=\"720\" \/><\/p>\n<h1><a href=\"https:\/\/youtu.be\/6Dn46B54kf4\" target=\"_blank\"><strong>9h \u00e0s 11h \u2013 Mesa de debate: Arte \u2013 Decolonialidade, G\u00eanero e Ativismo<\/strong><\/a><\/h1>\n<ul>\n<li>L\u00edder ind\u00edgena e ambientalista \u2013 Ailton Krenak<\/li>\n<li>Jornalista \u2013 Profa. Rosane da Silva Borges<\/li>\n<li>Mediadora: Profa. Luciana Bigolin Martini (IFG \u2013 C\u00e2mpus Jata\u00ed)<\/li>\n<\/ul>\n<p><strong>14h \u00e0s 16h \u2013 Oficinas com professores da Rede IF<\/strong><\/p>\n<ol>\n<li><strong>Audiodrama: a radionovela na era do podcast \u2013\u00a0<\/strong>No passado, as narrativas seriadas no r\u00e1dio, chamadas de radionovelas, marcaram \u00e9poca. Atualmente, a dramaturgia em \u00e1udio, ou audiodrama, tem ganhado espa\u00e7o nas plataformas digitais. Esta oficina tem por objetivo introduzir a linguagem do audiodrama, apresentando princ\u00edpios da atua\u00e7\u00e3o (ou leitura) radiof\u00f4nica, cria\u00e7\u00e3o de personagens, an\u00e1lise dramat\u00fargica, narra\u00e7\u00e3o e introdu\u00e7\u00e3o de efeitos e trilha sonora. Proponente: Prof.: Eduardo Machado (Instituto Federal \u2026<\/li>\n<li><strong>Botando \u00f3leo nas engrenagens. Bora fazer Teatro virtual! \u2013\u00a0<\/strong>A oficina busca retomar a atividade teatral dos estudantes com jogos, improvisa\u00e7\u00f5es e apresenta\u00e7\u00e3o de cenas. Para isso utilizaremos diversas plataformas online para buscar formas de movimentar o corpo, criar rela\u00e7\u00f5es entre os participantes da oficina, ensaiar e apresentar cenas de improvisa\u00e7\u00e3o, colocando \u00f3leo na ferrugem criada pelo corpo parado durante a pandemia e refletir sobre as possibilidades de fazer teatro de online.\u00a0<strong>Proponente<\/strong>: Prof.: Jefferson Ara\u00fajo Moraes (Instituto Federal do Paran\u00e1, C\u00e2mpus Pinhais)<\/li>\n<li><strong>Cuidados com a voz \u2013\u00a0<\/strong>Objetivo \u00e9 conhecer o que \u00e9 voz, fala e suas diferen\u00e7as. Aprender como a fala \u00e9 produzida, sua import\u00e2ncia no trabalho, os sintomas e as consequ\u00eancias de seu mau uso e, em especial, os cuidados necess\u00e1rios para a preven\u00e7\u00e3o da sa\u00fade vocal.\u00a0<strong>Proponente:\u00a0<\/strong>Prof.: Yuri Ogaya de Assump\u00e7\u00e3o (Instituto Federal de Cuiab\u00e1, C\u00e2mpus Bela Vista).<\/li>\n<li><strong>Improvisa\u00e7\u00f5es: Dan\u00e7a e M\u00fasica<\/strong>\u00a0\u2013 A oficina prop\u00f5e um estudo sobre improvisa\u00e7\u00e3o em dan\u00e7a explorando as rela\u00e7\u00f5es entre dan\u00e7a e m\u00fasica, a partir do m\u00e9todo did\u00e1tico Estruturas Sonoras de Rolf Gelewski. A oficina abordar\u00e1 alguns conte\u00fados como pulsa\u00e7\u00e3o, frases musicais, estrutura musical, movimentos parciais, totais, isolados e sequenciados. Esta oficina j\u00e1 foi ministrada em Festivais de Arte e como professora convidada da gradua\u00e7\u00e3o e p\u00f3s-gradua\u00e7\u00e3o na Unicamp.\u00a0<strong>Proponente<\/strong>: Profa.: Juliana Cunha Passos (Instituto Federal de Bras\u00edlia, C\u00e2mpus Bras\u00edlia).<\/li>\n<li><strong>T\u00e9cnica Vocal<\/strong>\u00a0\u2013 Esta oficina \u00e9 direcionada a cantores que tem como objetivo adquirir no\u00e7\u00f5es b\u00e1sicas de t\u00e9cnicas e estilos de canto popular e erudito, mais especificamente, MPB, Rock, Sertanejo, \u00d3pera, M\u00fasica de C\u00e2mara e Goespel<strong>. Proponente:\u00a0<\/strong>Profa.: Rita de C\u00e1ssia Mendon\u00e7a (Instituto Federal de Bras\u00edlia).<\/li>\n<\/ol>\n<p><strong>19h \u00e0s 20h30 \u2013 Mostra Inspirar-te + Arrisque-se (Sess\u00e3o3)<\/strong><\/p>\n<p><strong>21h \u2013 Apresenta\u00e7\u00e3o Art\u00edstico\/Cultural \u2013 Dan\u00e7a<\/strong>\u00a0ao vivo<\/p>\n<p>Dan\u00e7a-teatro \u201cPlay \u2013 Deseja jogar?\u201d de Diego Gon\u00e7alves Cordeiro<\/p>\n<hr \/>\n<h1 style=\"text-align: center\"><u><strong>DATA: QUINTA, 20\/05\/2021<\/strong><\/u><\/h1>\n<p><strong>8h30 \u2013 Mostra Inspirar-te + Arrisque-se (Sess\u00e3o 4)<\/strong><\/p>\n<p><img loading=\"lazy\" decoding=\"async\" class=\"alignnone size-full wp-image-88\" src=\"http:\/\/eventos.ifg.edu.br\/festival2021\/wp-content\/uploads\/sites\/67\/2021\/05\/Thumbnail-PARTE-6-Mesa-3.png\" alt=\"Thumbnail----PARTE-6-Mesa-3\" width=\"1280\" height=\"720\" \/><\/p>\n<p><strong>9h \u00e0s 11h \u2013 Mesa de debate: Arte \u2013 Ensino, Pesquisa e Extens\u00e3o<\/strong><\/p>\n<ul>\n<li>Pesquisa: Profa. Maria de Lourdes Macena de Souza (IFCE)<\/li>\n<\/ul>\n<ul>\n<li>Ensino: Profa. Luciana Gomes Ribeiro (IFG \u2013 C\u00e2mpus Aparecida de Goi\u00e2nia)<\/li>\n<\/ul>\n<ul>\n<li>Extens\u00e3o: Profa. Cl\u00e1udia Schreiner (IFRS)<\/li>\n<\/ul>\n<ul>\n<li>Mediadora: Profa. Monica Mitchell de Morais Braga (Reitoria)<\/li>\n<\/ul>\n<p><strong>11h15 \u2013 Plen\u00e1ria \u2013 Carta das Artes no IFG\u00a0<\/strong>(atividade restrita aos Professores de Artes e estudantes do IFG)<\/p>\n<ul>\n<li>Mediador: Prof. Constantino Isidoro Filho (IFG \u2013 C\u00e2mpus Goi\u00e2nia Oeste)<\/li>\n<\/ul>\n<p><strong>14h \u00e0s 17h- Mostra do Edital InspirArte e do Edital Arrisque-se ( Sess\u00f5es 5 e 6)<\/strong><\/p>\n<p><strong>19h \u00e0s 20h30 \u2013 Mostra do Edital InspirArte e do Edital Arrisque-se ( Sess\u00e3o 7)<\/strong><\/p>\n<h2><a href=\"https:\/\/youtu.be\/ckgLTzG1BMw\" target=\"_blank\"><strong>21h \u2013 Apresenta\u00e7\u00e3o Art\u00edstico\/Cultural \u2013 Teatro ao vivo.\u00a0<\/strong>Teatro Carmin do RN \u2013 espet\u00e1culo: A Frasqueira de Jacy.<\/a><\/h2>\n<p><img loading=\"lazy\" decoding=\"async\" class=\"alignnone size-full wp-image-87\" src=\"http:\/\/eventos.ifg.edu.br\/festival2021\/wp-content\/uploads\/sites\/67\/2021\/05\/Thumbnail-PARTE-7.png\" alt=\"Thumbnail----PARTE-7\" width=\"1280\" height=\"720\" \/><\/p>\n<p style=\"text-align: center\"><a href=\"https:\/\/youtu.be\/ckgLTzG1BMw\" target=\"_blank\">ASSISTA NESTE LINK &#8211; ESTA PE\u00c7A S\u00d3 ESTAR\u00c1 DISPON\u00cdVEL POR 7 DIAS AP\u00d3S SUA ESTR\u00c9IA EM 20 DE MAIO<\/a><\/p>\n","protected":false},"excerpt":{"rendered":"<p>Data do evento: 18 a 20 de maio de 2021. Data de inscri\u00e7\u00e3o: 11 a 20\/05\/2021 Link para inscri\u00e7\u00e3o:\u00a0https:\/\/sugep.ifg.edu.br\/eventos\/#\/publico\/eventos\/2ab2a7ca-a067-41ce-a6e5-b4dfc4352945\/inscricao P\u00fablico-alvo: Servidores, estudantes e comunidade externa. Objetivos: realizar um ciclo de forma\u00e7\u00e3o, difus\u00e3o de experi\u00eancias, pr\u00e1ticas art\u00edsticas e pedag\u00f3gicas e promover <a class=\"more-link\" href=\"https:\/\/eventos.ifg.edu.br\/festival2021\/programacaocompleta\/\">Leia mais&#8230; &raquo;<\/a><\/p>\n","protected":false},"author":141,"featured_media":43,"parent":0,"menu_order":1,"comment_status":"open","ping_status":"closed","template":"","meta":{"footnotes":""},"class_list":["post-2","page","type-page","status-publish","has-post-thumbnail","hentry"],"_links":{"self":[{"href":"https:\/\/eventos.ifg.edu.br\/festival2021\/wp-json\/wp\/v2\/pages\/2"}],"collection":[{"href":"https:\/\/eventos.ifg.edu.br\/festival2021\/wp-json\/wp\/v2\/pages"}],"about":[{"href":"https:\/\/eventos.ifg.edu.br\/festival2021\/wp-json\/wp\/v2\/types\/page"}],"author":[{"embeddable":true,"href":"https:\/\/eventos.ifg.edu.br\/festival2021\/wp-json\/wp\/v2\/users\/141"}],"replies":[{"embeddable":true,"href":"https:\/\/eventos.ifg.edu.br\/festival2021\/wp-json\/wp\/v2\/comments?post=2"}],"version-history":[{"count":9,"href":"https:\/\/eventos.ifg.edu.br\/festival2021\/wp-json\/wp\/v2\/pages\/2\/revisions"}],"predecessor-version":[{"id":142,"href":"https:\/\/eventos.ifg.edu.br\/festival2021\/wp-json\/wp\/v2\/pages\/2\/revisions\/142"}],"wp:featuredmedia":[{"embeddable":true,"href":"https:\/\/eventos.ifg.edu.br\/festival2021\/wp-json\/wp\/v2\/media\/43"}],"wp:attachment":[{"href":"https:\/\/eventos.ifg.edu.br\/festival2021\/wp-json\/wp\/v2\/media?parent=2"}],"curies":[{"name":"wp","href":"https:\/\/api.w.org\/{rel}","templated":true}]}}