{"id":69,"date":"2017-09-27T11:46:04","date_gmt":"2017-09-27T14:46:04","guid":{"rendered":"http:\/\/eventos.ifg.edu.br\/festival2016\/?page_id=69"},"modified":"2017-11-01T10:22:09","modified_gmt":"2017-11-01T12:22:09","slug":"encontro-de-professores","status":"publish","type":"page","link":"https:\/\/eventos.ifg.edu.br\/festival2017\/encontro-de-professores\/","title":{"rendered":"Encontro de professores"},"content":{"rendered":"<h5><strong>Clique <a href=\"https:\/\/sugep.ifg.edu.br\/eventos\/#\/eventos\/inscricao\/934b7d61-2fd6-4ea8-8025-c214d9747e36\" target=\"_blank\">aqui<\/a> para acessar o sistema\u00a0e acompanhar suas inscri\u00e7\u00f5es.<\/strong><\/h5>\n<p><a href=\"http:\/\/eventos.ifg.edu.br\/festival2017\/wp-content\/uploads\/sites\/10\/2017\/09\/trabalhos_aprovados.pdf\" rel=\"attachment wp-att-324\"><img fetchpriority=\"high\" decoding=\"async\" class=\"alignnone wp-image-324\" src=\"http:\/\/eventos.ifg.edu.br\/festival2017\/wp-content\/uploads\/sites\/10\/2017\/09\/trabalhos_aprovados.jpg\" alt=\"trabalhos_aprovados\" width=\"946\" height=\"546\" \/><\/a><\/p>\n<p><strong>RESULTADO DOS TRABALHOS APROVADOS:\u00a0<a href=\"http:\/\/eventos.ifg.edu.br\/festival2017\/encontro-de-professores\/trabalhos_aprovados\/\" rel=\"attachment wp-att-319\">Trabalhos Aprovados<\/a><\/strong><\/p>\n<p>Programa\u00e7\u00e3o do encontro:<\/p>\n<p><a href=\"http:\/\/eventos.ifg.edu.br\/festival2017\/wp-content\/uploads\/sites\/10\/2016\/09\/prog_enc_prof_if.jpg\"><img decoding=\"async\" class=\"alignnone wp-image-419\" src=\"http:\/\/eventos.ifg.edu.br\/festival2017\/wp-content\/uploads\/sites\/10\/2016\/09\/prog_enc_prof_if.jpg\" alt=\"prog_enc_prof_if\" width=\"906\" height=\"1212\" \/><\/a><\/p>\n<p><a href=\"https:\/\/sugep.ifg.edu.br\/eventos\/administracao\/inscricaochamadapublica.html?lkfuthgnbfarqsloznxksoppfhdsncmmkfhjgudjrigkklfjdheydfjfjgkpoqywuetafzvxnhsgdtrfemnchfvjfuryterwgdj=1900\" target=\"_blank\"><img decoding=\"async\" class=\"wp-image-73 aligncenter\" src=\"http:\/\/eventos.ifg.edu.br\/festival2016\/wp-content\/uploads\/sites\/10\/2017\/09\/professores.png\" alt=\"professores\" width=\"363\" height=\"364\" \/><\/a><\/p>\n<p style=\"text-align: left\">Professores de Arte dos Institutos Federais e das demais institui\u00e7\u00f5es da Rede Federal de Educa\u00e7\u00e3o Profissional, Cient\u00edfica e Tecnol\u00f3gica poder\u00e3o inscrever seus trabalhos para o II Encontro de Professores de Arte da Rede Federal, que ser\u00e1 realizado dentro do XIV Festival de Artes de Goi\u00e1s e ser\u00e1 organizado pelo Instituto Federal de Goi\u00e1s (IFG).<\/p>\n<p><strong>A submiss\u00e3o dos trabalhos dos docentes de Arte pode ser feita at\u00e9 dia\u00a09 de outubro.<\/strong><\/p>\n<p>O evento contar\u00e1 com uma mesa de abertura no dia 8, pela manh\u00e3, e grupos tem\u00e1ticos (GTs) no dia 9, pela manh\u00e3 (dentro do Festival). No dia 10 acontecer\u00e3o tr\u00eas simp\u00f3sios (Ensino, Pesquisa e Extens\u00e3o) pela manh\u00e3 e uma plen\u00e1ria pela tarde, na qual ser\u00e1 constru\u00eddo um documento que d\u00ea visualidade \u00e0s quest\u00f5es levantadas, discutidas e encaminhadas pelos participantes.<\/p>\n<p>Os docentes poder\u00e3o inscrever trabalhos acad\u00eamicos referentes \u00e0s tem\u00e1ticas dos simp\u00f3sios:\u00a0<em>\u00c9tica e Po\u00e9tica de Resist\u00eancia: o Ensino de Arte na Rede Federal de Educa\u00e7\u00e3o Profissional, Cient\u00edfica e Tecnol\u00f3gica; \u00c9tica e Po\u00e9tica de Resist\u00eancia: a Pesquisa em Arte na Rede Federal de Educa\u00e7\u00e3o Profissional e \u00c9tica e Po\u00e9tica de Resist\u00eancia: a Extens\u00e3o em Arte na Rede Federal de Educa\u00e7\u00e3o Profissional<\/em>.<\/p>\n<p>N\u00e3o haver\u00e1 apresenta\u00e7\u00e3o dos artigos do simp\u00f3sio, apenas sua publica\u00e7\u00e3o em anais. As discuss\u00f5es pol\u00edticas dos simp\u00f3sios ser\u00e3o conduzidas por coordenadores espec\u00edficos que integram a comiss\u00e3o organizadora e cient\u00edfica do II Encontro. Os coordenadores dos simp\u00f3sios ir\u00e3o explanar sobre os trabalhos apresentados e encaminhar as discuss\u00f5es para serem levadas na plen\u00e1ria final.<\/p>\n<p>Os docentes de Arte, al\u00e9m de se inscreverem para o encontro, poder\u00e3o tamb\u00e9m fazer a inscri\u00e7\u00e3o e participar dos GTs e oficinas (per\u00edodo da tarde).<\/p>\n<p>A primeira edi\u00e7\u00e3o do Encontro de Professores de Arte dos Institutos Federais foi realizada em 2016, por iniciativa do Instituto Federal de S\u00e3o Paulo e reuniu 82 docentes de 20 estados do pa\u00eds. Foram apresentados 46 trabalhos. Para essa segunda edi\u00e7\u00e3o, al\u00e9m de recursos do IFG, o evento conta tamb\u00e9m com a parceira do Minist\u00e9rio da Cultura (MinC).<\/p>\n<p><img loading=\"lazy\" decoding=\"async\" class=\"alignnone size-full wp-image-291\" src=\"http:\/\/eventos.ifg.edu.br\/festival2017\/wp-content\/uploads\/sites\/10\/2017\/10\/20164259147812enaeif_4.jpg\" alt=\"20164259147812enaeif_4\" width=\"669\" height=\"400\" \/><br \/>\nProfessores de Arte dos Institutos Federais, em S\u00e3o Paulo, no ano passado.<\/p>\n<p><strong>OBS: As\u00a0<\/strong><a href=\"http:\/\/www.ifg.edu.br\/attachments\/article\/155\/NORMAS%20GTs%20-%20XIV%20FESTIVAL%20DE%20ARTES%20DE%20GOIAS.pdf\"><strong>normas para publica\u00e7\u00e3o<\/strong><\/a><strong>\u00a0dos simp\u00f3sios s\u00e3o as mesmas dos Grupos de Trabalhos (GTs) do Festival, que tamb\u00e9m est\u00e3o com inscri\u00e7\u00f5es abertas.<\/strong><\/p>\n<p><strong>Simp\u00f3sio 1<\/strong>: <strong>\u00c9tica e Po\u00e9tica de Resist\u00eancia: o ensino de Arte na Rede Federal de Educa\u00e7\u00e3o Profissional, Cient\u00edfica e Tecnol\u00f3gica;<\/strong><\/p>\n<p>Tendo como premissa os desafios e dificuldades existentes para se garantir a inser\u00e7\u00e3o e implanta\u00e7\u00e3o de cursos e disciplinas de Arte na Educa\u00e7\u00e3o Profissional, Cient\u00edfica e Tecnol\u00f3gica e compreendendo o curr\u00edculo como territ\u00f3rio de disputa, o objetivo deste simp\u00f3sio \u00e9 debater o ensino e a presen\u00e7a significativa da Arte nas diversas modalidades de ensino da Rede Federal de Educa\u00e7\u00e3o Profissional. Para tanto, busca-se, dentre outras, responder \u00e0s seguintes quest\u00f5es: Como a \u00e1rea de conhecimento da Arte est\u00e1 inserida e vem sendo desenvolvida na Rede Federal? Quais os conte\u00fados e caminhos percorridos pela disciplina Arte nos cursos t\u00e9cnicos integrados ao Ensino M\u00e9dio, subsequente, PROEJA, Ensino Superior e P\u00f3s-Gradua\u00e7\u00e3o? Quais licenciaturas, bacharelados e cursos de p\u00f3s-gradua\u00e7\u00e3o vinculados ao campo da Arte e\/ou que mobilizem conhecimentos relacionados \u00e0s diversas modalidades art\u00edsticas s\u00e3o ofertados pela Rede?<\/p>\n<p><strong>Simp\u00f3sio 2: \u00c9tica e Po\u00e9tica de Resist\u00eancia: a pesquisa em Arte na Rede Federal de Educa\u00e7\u00e3o Profissional<\/strong><\/p>\n<p>Esse simp\u00f3sio objetiva abordar as atividades de pesquisa em Arte realizadas no \u00e2mbito da Rede Federal de Educa\u00e7\u00e3o Profissional, Cient\u00edfica e Tecnol\u00f3gica de cunho investigativo, art\u00edstico e social. Desta forma, o interesse desse simp\u00f3sio se direciona \u00e0s concep\u00e7\u00f5es, tem\u00e1ticas, abordagens te\u00f3ricas, metodologias, desdobramentos inter e transdisciplinares, formas de fomento, atua\u00e7\u00e3o de grupos de pesquisa e realiza\u00e7\u00e3o de parcerias p\u00fablicas e\/ou p\u00fablico-privadas relacionadas \u00e0 pesquisa em Arte na Rede Federal, visando compreender, ampliar a mesma, bem como incentivar o envolvimento de professores de Arte para esse fim. Pretende tamb\u00e9m discutir pesquisas que promovam a dignidade humana, a igualdade de g\u00eanero, o respeito entre os povos ind\u00edgenas e grupos raciais, \u00e9tnicos, religiosos, educa\u00e7\u00e3o especial.<\/p>\n<p><strong>Simp\u00f3sio 3: \u00c9tica e Po\u00e9tica de Resist\u00eancia: a extens\u00e3o em Arte na Rede Federal de Educa\u00e7\u00e3o Profissional;\u00a0<\/strong><\/p>\n<p><strong>\u00a0<\/strong>Esse simp\u00f3sio objetiva abordar as atividades de extens\u00e3o em Arte realizadas no \u00e2mbito da Rede Federal de Educa\u00e7\u00e3o Profissional, Cient\u00edfica e Tecnol\u00f3gica. A proposta deste espa\u00e7o de escuta e debate ser\u00e1 tratar das potencialidades e desafios dos projetos de extens\u00e3o em arte. Al\u00e9m disso, visa contribuir na forma\u00e7\u00e3o de recursos humanos em Arte, provocando os professores a envolverem os estudantes e comunidade local em atividades cient\u00edficas e art\u00edstico culturais, discutindo as possibilidades de ampliar o processo educativo, cient\u00edfico e cultural. Quais resist\u00eancias art\u00edsticas, culturais e po\u00e9ticas podem ser constru\u00eddas que envolvam a comunidade interna e externa da rede federal? O espa\u00e7o ser\u00e1 de troca de saberes e relatos que tratem dos temas citados com vistas a promover o respeito, a consci\u00eancia cidad\u00e3 democr\u00e1tica, aberta ao contradit\u00f3rio, que reduza as viol\u00eancias e auxilie na constru\u00e7\u00e3o de uma cultura de paz.<\/p>\n<p>&nbsp;<\/p>\n<p><strong>COMISS\u00c3O ORGANIZADORA E CIENT\u00cdFICA<\/strong><\/p>\n<p><strong>Simp\u00f3sio Ensino:<\/strong><\/p>\n<p>Andrezza Campos Moretti &#8211; IFSP<br \/>\nEdson Rodrigo Borges &#8211; UFG<br \/>\nJefferson Ara\u00fajo Moraes &#8211; IFPR<br \/>\nK\u00eania Faria Brant &#8211; IFMG<br \/>\nRita de C\u00e1ssia Mendon\u00e7a &#8211; IFB<br \/>\nLuciana Gomes Ribeiro &#8211; IFG<\/p>\n<p>&nbsp;<\/p>\n<p><strong>Simp\u00f3sio Pesquisa:<\/strong><\/p>\n<p>Alexandre Jos\u00e9 Guimar\u00e3es &#8211; IFG<br \/>\nArtur Fabiano Ara\u00fajo de Albuquerque &#8211; IFRN<br \/>\nJupter Martins de Abreu Junior &#8211; IFRJ<br \/>\nLuciana Lima Batista &#8211; IFSP<br \/>\nCristiane Herres Terraza &#8211; IFB<br \/>\nEur\u00edpedes Norberta da Silva &#8211; IFMT<br \/>\nEverton Ribeiro &#8211; IFPR<\/p>\n<p>&nbsp;<\/p>\n<p><strong>Simp\u00f3sio Extens\u00e3o:<br \/>\n<\/strong><\/p>\n<p>Maria Jos\u00e9 Oliveira &#8211; IFAL<br \/>\nKaty\u00fascia Sosnowski &#8211; IFPR<br \/>\nLuis Antonio Braga Vieira Junior &#8211; IFPA<br \/>\nEduardo Machado dos Santos &#8211; IFMT<br \/>\nM\u00f4nica Mitchell de Morais Braga &#8211; IFG<\/p>\n<p><strong>Clique <a href=\"https:\/\/sugep.ifg.edu.br\/eventos\/#\/eventos\/inscricao\/934b7d61-2fd6-4ea8-8025-c214d9747e36\" target=\"_blank\">aqui<\/a> para acessar o sistema para envio de trabalhos e inscri\u00e7\u00f5es:<\/strong><\/p>\n","protected":false},"excerpt":{"rendered":"<p>Clique aqui para acessar o sistema\u00a0e acompanhar suas inscri\u00e7\u00f5es. RESULTADO DOS TRABALHOS APROVADOS:\u00a0Trabalhos Aprovados Programa\u00e7\u00e3o do encontro: Professores de Arte dos Institutos Federais e das demais institui\u00e7\u00f5es da Rede Federal de Educa\u00e7\u00e3o Profissional, Cient\u00edfica e Tecnol\u00f3gica poder\u00e3o inscrever seus trabalhos <a class=\"more-link\" href=\"https:\/\/eventos.ifg.edu.br\/festival2017\/encontro-de-professores\/\">Leia mais&#8230; &raquo;<\/a><\/p>\n","protected":false},"author":68,"featured_media":0,"parent":0,"menu_order":0,"comment_status":"closed","ping_status":"closed","template":"","meta":{"ngg_post_thumbnail":0,"footnotes":""},"class_list":["post-69","page","type-page","status-publish","hentry"],"_links":{"self":[{"href":"https:\/\/eventos.ifg.edu.br\/festival2017\/wp-json\/wp\/v2\/pages\/69"}],"collection":[{"href":"https:\/\/eventos.ifg.edu.br\/festival2017\/wp-json\/wp\/v2\/pages"}],"about":[{"href":"https:\/\/eventos.ifg.edu.br\/festival2017\/wp-json\/wp\/v2\/types\/page"}],"author":[{"embeddable":true,"href":"https:\/\/eventos.ifg.edu.br\/festival2017\/wp-json\/wp\/v2\/users\/68"}],"replies":[{"embeddable":true,"href":"https:\/\/eventos.ifg.edu.br\/festival2017\/wp-json\/wp\/v2\/comments?post=69"}],"version-history":[{"count":30,"href":"https:\/\/eventos.ifg.edu.br\/festival2017\/wp-json\/wp\/v2\/pages\/69\/revisions"}],"predecessor-version":[{"id":437,"href":"https:\/\/eventos.ifg.edu.br\/festival2017\/wp-json\/wp\/v2\/pages\/69\/revisions\/437"}],"wp:attachment":[{"href":"https:\/\/eventos.ifg.edu.br\/festival2017\/wp-json\/wp\/v2\/media?parent=69"}],"curies":[{"name":"wp","href":"https:\/\/api.w.org\/{rel}","templated":true}]}}