{"id":30,"date":"2016-09-29T02:51:03","date_gmt":"2016-09-29T05:51:03","guid":{"rendered":"http:\/\/eventos.ifg.edu.br\/festival2016\/?page_id=30"},"modified":"2017-10-07T15:49:09","modified_gmt":"2017-10-07T18:49:09","slug":"contato","status":"publish","type":"page","link":"https:\/\/eventos.ifg.edu.br\/festival2017\/contato\/","title":{"rendered":"Contato"},"content":{"rendered":"<p style=\"text-align: left\"><img fetchpriority=\"high\" decoding=\"async\" class=\"alignnone size-full wp-image-158\" src=\"http:\/\/eventos.ifg.edu.br\/festival2016\/wp-content\/uploads\/sites\/10\/2016\/09\/2017-01-20.jpg\" alt=\"2017-01-20\" width=\"1200\" height=\"900\" \/><\/p>\n<p style=\"text-align: left\">O XIV Festival de Artes de Goi\u00e1s e o II Encontro de Professores de Arte dos Institutos Federais de Goi\u00e1s acontecem na cidade de Itumbiara-GO, no campus do IFG, bem como em outras localidades do munic\u00edpio.<\/p>\n<p><img decoding=\"async\" class=\"alignnone wp-image-137 aligncenter\" src=\"http:\/\/eventos.ifg.edu.br\/festival2016\/wp-content\/uploads\/sites\/10\/2016\/09\/logo-ifg-vertical-itumbiara.png\" alt=\"logo-ifg-vertical-itumbiara\" width=\"117\" height=\"165\" \/><\/p>\n<p style=\"text-align: center\">Acesse o mapa\u00a0<a href=\"https:\/\/www.google.com.br\/search?tbm=lcl&amp;q=ifg+itumbiara&amp;oq=ifg+itumbiara&amp;gs_l=psy-ab.3..35i39k1j0j0i22i30k1l2.32520.34334.0.37017.13.11.0.0.0.0.276.1695.0j4j4.8.0.dummy_maps_web_fallback...0...1.1.64.psy-ab..5.8.1694...0i20i263k1.0.7w2lQEWBKDM#rlfi=hd:;si:3250770651366560496;mv:!1m3!1d215.00465312706567!2d-49.213020799999995!3d-18.435235!2m3!1f0!2f0!3f0!3m2!1i1325!2i698!4f13.1\" target=\"_blank\">aqui.<\/a><\/p>\n<p>&nbsp;<\/p>\n<p>&nbsp;<\/p>\n<p><strong>INFORMA\u00c7\u00d5ES<\/strong>:\u00a0<a href=\"mailto:corpoindecente@gmail.com\">poeticageral@gmail.com<\/a><\/p>\n<p><strong>PR\u00d3-REITORIA DE EXTENS\u00c3O &#8211; PROEX<\/strong><\/p>\n<p>Telefone:\u00a0(62) 3240-7750<\/p>\n<p>E-mail:\u00a0proex@ifg.edu.br<\/p>\n<p>Endere\u00e7o: Rua T-46, esquina com a Rua R-17, n\u00famero 166, Setor Oeste (anexo da Reitoria)<\/p>\n<p>CEP: 74125-200. Goi\u00e2nia-GO.<\/p>\n<p>&nbsp;<\/p>\n","protected":false},"excerpt":{"rendered":"<p>O XIV Festival de Artes de Goi\u00e1s e o II Encontro de Professores de Arte dos Institutos Federais de Goi\u00e1s acontecem na cidade de Itumbiara-GO, no campus do IFG, bem como em outras localidades do munic\u00edpio. Acesse o mapa\u00a0aqui. &nbsp; <a class=\"more-link\" href=\"https:\/\/eventos.ifg.edu.br\/festival2017\/contato\/\">Leia mais&#8230; &raquo;<\/a><\/p>\n","protected":false},"author":68,"featured_media":0,"parent":0,"menu_order":0,"comment_status":"closed","ping_status":"closed","template":"","meta":{"ngg_post_thumbnail":0,"footnotes":""},"class_list":["post-30","page","type-page","status-publish","hentry"],"_links":{"self":[{"href":"https:\/\/eventos.ifg.edu.br\/festival2017\/wp-json\/wp\/v2\/pages\/30"}],"collection":[{"href":"https:\/\/eventos.ifg.edu.br\/festival2017\/wp-json\/wp\/v2\/pages"}],"about":[{"href":"https:\/\/eventos.ifg.edu.br\/festival2017\/wp-json\/wp\/v2\/types\/page"}],"author":[{"embeddable":true,"href":"https:\/\/eventos.ifg.edu.br\/festival2017\/wp-json\/wp\/v2\/users\/68"}],"replies":[{"embeddable":true,"href":"https:\/\/eventos.ifg.edu.br\/festival2017\/wp-json\/wp\/v2\/comments?post=30"}],"version-history":[{"count":8,"href":"https:\/\/eventos.ifg.edu.br\/festival2017\/wp-json\/wp\/v2\/pages\/30\/revisions"}],"predecessor-version":[{"id":222,"href":"https:\/\/eventos.ifg.edu.br\/festival2017\/wp-json\/wp\/v2\/pages\/30\/revisions\/222"}],"wp:attachment":[{"href":"https:\/\/eventos.ifg.edu.br\/festival2017\/wp-json\/wp\/v2\/media?parent=30"}],"curies":[{"name":"wp","href":"https:\/\/api.w.org\/{rel}","templated":true}]}}