{"id":296,"date":"2017-10-11T00:20:10","date_gmt":"2017-10-11T03:20:10","guid":{"rendered":"http:\/\/eventos.ifg.edu.br\/festival2017\/?page_id=296"},"modified":"2017-10-11T00:49:46","modified_gmt":"2017-10-11T03:49:46","slug":"painel-de-imagens","status":"publish","type":"page","link":"https:\/\/eventos.ifg.edu.br\/festival2017\/painel-de-imagens\/","title":{"rendered":"Imagens"},"content":{"rendered":"<p>Veja imagens, desenhos, ilustra\u00e7\u00f5es e projetos gr\u00e1ficos de\u00a0edi\u00e7\u00f5es anteriores.<\/p>\n<p><img fetchpriority=\"high\" decoding=\"async\" class=\"alignnone size-full wp-image-303\" src=\"http:\/\/eventos.ifg.edu.br\/festival2017\/wp-content\/uploads\/sites\/10\/2017\/10\/goda.jpg\" alt=\"goda\" width=\"910\" height=\"475\" \/><br \/>\nX Festival de Artes de Goi\u00e1s. Ilustra\u00e7\u00e3o: Rodrigo God\u00e1. (2008)<\/p>\n<p>&nbsp;<\/p>\n<p><img decoding=\"async\" class=\"alignnone size-full wp-image-298\" src=\"http:\/\/eventos.ifg.edu.br\/festival2017\/wp-content\/uploads\/sites\/10\/2017\/10\/reencontros-1.jpg\" alt=\"reencontros\" width=\"1398\" height=\"1076\" \/>XI Festival de Artes de Goi\u00e1s &#8211; <em>Criar (re)encontros<\/em>. Cria\u00e7\u00e3o: Prof. Alexandre Guimar\u00e3es. (2013)<\/p>\n<p>&nbsp;<\/p>\n<p><img decoding=\"async\" class=\"alignnone size-full wp-image-301\" src=\"http:\/\/eventos.ifg.edu.br\/festival2017\/wp-content\/uploads\/sites\/10\/2017\/10\/enredes-1.jpg\" alt=\"enredes\" width=\"1129\" height=\"837\" \/><br \/>\nXII Festival de Artes de Goi\u00e1s &#8211; <em>Enredos em redes.\u00a0<\/em>Cria\u00e7\u00e3o: Prof. Alexandre Guimar\u00e3es. (2014)<\/p>\n<p>&nbsp;<\/p>\n<p><img loading=\"lazy\" decoding=\"async\" class=\"alignnone size-full wp-image-302\" src=\"http:\/\/eventos.ifg.edu.br\/festival2017\/wp-content\/uploads\/sites\/10\/2017\/10\/corpo_indecente-1.jpg\" alt=\"corpo_indecente\" width=\"1552\" height=\"1272\" \/><br \/>\nXIII Festival de Artes de Goi\u00e1s. <em>Corpo (in)decente<\/em>. Cria\u00e7\u00e3o: Prof. Alexandre Guimar\u00e3es. (2015)<\/p>\n<p>&nbsp;<\/p>\n","protected":false},"excerpt":{"rendered":"<p>Veja imagens, desenhos, ilustra\u00e7\u00f5es e projetos gr\u00e1ficos de\u00a0edi\u00e7\u00f5es anteriores. X Festival de Artes de Goi\u00e1s. Ilustra\u00e7\u00e3o: Rodrigo God\u00e1. (2008) &nbsp; XI Festival de Artes de Goi\u00e1s &#8211; Criar (re)encontros. Cria\u00e7\u00e3o: Prof. Alexandre Guimar\u00e3es. (2013) &nbsp; XII Festival de Artes de <a class=\"more-link\" href=\"https:\/\/eventos.ifg.edu.br\/festival2017\/painel-de-imagens\/\">Leia mais&#8230; &raquo;<\/a><\/p>\n","protected":false},"author":68,"featured_media":0,"parent":0,"menu_order":0,"comment_status":"closed","ping_status":"closed","template":"","meta":{"ngg_post_thumbnail":0,"footnotes":""},"class_list":["post-296","page","type-page","status-publish","hentry"],"_links":{"self":[{"href":"https:\/\/eventos.ifg.edu.br\/festival2017\/wp-json\/wp\/v2\/pages\/296"}],"collection":[{"href":"https:\/\/eventos.ifg.edu.br\/festival2017\/wp-json\/wp\/v2\/pages"}],"about":[{"href":"https:\/\/eventos.ifg.edu.br\/festival2017\/wp-json\/wp\/v2\/types\/page"}],"author":[{"embeddable":true,"href":"https:\/\/eventos.ifg.edu.br\/festival2017\/wp-json\/wp\/v2\/users\/68"}],"replies":[{"embeddable":true,"href":"https:\/\/eventos.ifg.edu.br\/festival2017\/wp-json\/wp\/v2\/comments?post=296"}],"version-history":[{"count":5,"href":"https:\/\/eventos.ifg.edu.br\/festival2017\/wp-json\/wp\/v2\/pages\/296\/revisions"}],"predecessor-version":[{"id":316,"href":"https:\/\/eventos.ifg.edu.br\/festival2017\/wp-json\/wp\/v2\/pages\/296\/revisions\/316"}],"wp:attachment":[{"href":"https:\/\/eventos.ifg.edu.br\/festival2017\/wp-json\/wp\/v2\/media?parent=296"}],"curies":[{"name":"wp","href":"https:\/\/api.w.org\/{rel}","templated":true}]}}