{"id":22,"date":"2016-09-29T02:50:19","date_gmt":"2016-09-29T05:50:19","guid":{"rendered":"http:\/\/eventos.ifg.edu.br\/festival2016\/?page_id=22"},"modified":"2017-10-30T20:10:35","modified_gmt":"2017-10-30T22:10:35","slug":"programacao","status":"publish","type":"page","link":"https:\/\/eventos.ifg.edu.br\/festival2017\/programacao\/","title":{"rendered":"Programa\u00e7\u00e3o"},"content":{"rendered":"<article id=\"post-261\" class=\"post-261 post type-post status-publish format-standard hentry category-sem-categoria\">\n<div class=\"entry-container\">\n<div class=\"entry-content\">\n<p><img fetchpriority=\"high\" decoding=\"async\" class=\"alignnone size-full wp-image-278 alignleft\" src=\"http:\/\/eventos.ifg.edu.br\/festival2017\/wp-content\/uploads\/sites\/10\/2017\/10\/comunicacao-a-uma-academia-teatro.jpeg\" alt=\"comunicacao-a-uma-academia-teatro\" width=\"826\" height=\"448\" \/><br \/>\nJuliana Galdino em\u00a0<em>Comunica\u00e7\u00e3o a uma Academia\u00a0<\/em>(divulga\u00e7\u00e3o).<\/p>\n<p>A coordena\u00e7\u00e3o do XIV Festival de Artes de Goi\u00e1s divulga uma pr\u00e9via da programa\u00e7\u00e3o do 2017, que acontece de <strong>7 a 10 de novembro<\/strong>, em Itumbiara (GO). S\u00e3o mais de 120 atra\u00e7\u00f5es, de v\u00e1rios campis de Goi\u00e1s e do Brasil. Artes visuais, dan\u00e7a, m\u00fasica, teatro, audiovisual e o II Encontro dos Professores de Arte dos Institutos Federais movimentam a cidade durante os quatro dias de evento.\u00a0 Confira e participe.<\/p>\n<h4>Acesse a <a href=\"http:\/\/eventos.ifg.edu.br\/festival2017\/wp-content\/uploads\/sites\/10\/2016\/09\/programacao_atualizada.pdf\">programacao_atualizada<\/a><\/h4>\n<h5>Programa\u00e7\u00e3o do II Encontro de Professores de Arte dos Institutos Federais:<\/h5>\n<p><a href=\"http:\/\/eventos.ifg.edu.br\/festival2017\/wp-content\/uploads\/sites\/10\/2016\/09\/prog_enc_prof_if.jpg\"><img decoding=\"async\" class=\"alignnone  wp-image-419\" src=\"http:\/\/eventos.ifg.edu.br\/festival2017\/wp-content\/uploads\/sites\/10\/2016\/09\/prog_enc_prof_if.jpg\" alt=\"prog_enc_prof_if\" width=\"664\" height=\"889\" \/><\/a><\/p>\n<\/div>\n<footer class=\"entry-footer\"><\/footer>\n<\/div>\n<\/article>\n<nav class=\"navigation post-navigation\">\n<h2 class=\"screen-reader-text\">Navega\u00e7\u00e3o de Post<\/h2>\n<div class=\"nav-links\">\n<div class=\"nav-previous\"><a href=\"http:\/\/eventos.ifg.edu.br\/festival2017\/etica-e-poetica-de-resistencia-e-o-tema-do-ii-encontro-de-professores\/\" rel=\"prev\"><span class=\"meta-nav\">\u2190 Anterior<\/span><span class=\"screen-reader-text\">Post anterior:<\/span><span class=\"post-title\">\u00c9tica e Po\u00e9tica de Resist\u00eancia \u00e9 o tema do II Encontro de Professores<\/span><\/a><\/div>\n<\/div>\n<\/nav>\n<div id=\"comments\" class=\"comments-area\"><\/div>\n","protected":false},"excerpt":{"rendered":"<p>Juliana Galdino em\u00a0Comunica\u00e7\u00e3o a uma Academia\u00a0(divulga\u00e7\u00e3o). A coordena\u00e7\u00e3o do XIV Festival de Artes de Goi\u00e1s divulga uma pr\u00e9via da programa\u00e7\u00e3o do 2017, que acontece de 7 a 10 de novembro, em Itumbiara (GO). S\u00e3o mais de 120 atra\u00e7\u00f5es, de v\u00e1rios <a class=\"more-link\" href=\"https:\/\/eventos.ifg.edu.br\/festival2017\/programacao\/\">Leia mais&#8230; &raquo;<\/a><\/p>\n","protected":false},"author":68,"featured_media":0,"parent":0,"menu_order":0,"comment_status":"closed","ping_status":"closed","template":"","meta":{"ngg_post_thumbnail":0,"footnotes":""},"class_list":["post-22","page","type-page","status-publish","hentry"],"_links":{"self":[{"href":"https:\/\/eventos.ifg.edu.br\/festival2017\/wp-json\/wp\/v2\/pages\/22"}],"collection":[{"href":"https:\/\/eventos.ifg.edu.br\/festival2017\/wp-json\/wp\/v2\/pages"}],"about":[{"href":"https:\/\/eventos.ifg.edu.br\/festival2017\/wp-json\/wp\/v2\/types\/page"}],"author":[{"embeddable":true,"href":"https:\/\/eventos.ifg.edu.br\/festival2017\/wp-json\/wp\/v2\/users\/68"}],"replies":[{"embeddable":true,"href":"https:\/\/eventos.ifg.edu.br\/festival2017\/wp-json\/wp\/v2\/comments?post=22"}],"version-history":[{"count":12,"href":"https:\/\/eventos.ifg.edu.br\/festival2017\/wp-json\/wp\/v2\/pages\/22\/revisions"}],"predecessor-version":[{"id":420,"href":"https:\/\/eventos.ifg.edu.br\/festival2017\/wp-json\/wp\/v2\/pages\/22\/revisions\/420"}],"wp:attachment":[{"href":"https:\/\/eventos.ifg.edu.br\/festival2017\/wp-json\/wp\/v2\/media?parent=22"}],"curies":[{"name":"wp","href":"https:\/\/api.w.org\/{rel}","templated":true}]}}