{"id":25,"date":"2018-06-08T15:58:09","date_gmt":"2018-06-08T18:58:09","guid":{"rendered":"http:\/\/eventos.ifg.edu.br\/feptec\/?page_id=25"},"modified":"2018-06-11T12:00:49","modified_gmt":"2018-06-11T15:00:49","slug":"contato","status":"publish","type":"page","link":"https:\/\/eventos.ifg.edu.br\/feptec\/contato\/","title":{"rendered":"Contato"},"content":{"rendered":"<p>Sobre o\u00a0F\u00f3rum de Educa\u00e7\u00e3o Profissional e Tecnologica -FEPTEC 2018 entre em contato por telefone, e-mail ou pessoalmente.<\/p>\n<p>Telefones: (61) 3622-9708 (Eventos)<br \/>\nE-mail: <a href=\"mailto:gabinete.luziania@ifg.edu.br\">IFG Campus Luziania<\/a>\u00a0, <a href=\"mailto:eventos.luziania@ifg.edu.br\">Eventos\u00a0Campus Luzi\u00e2nia\u00a0<\/a><a href=\"http:\/\/ccs.luziania@ifg.edu.br\"><br \/>\n<\/a>Endere\u00e7o: Rua S\u00e3o Bartolomeu, s\/n Vila Esperan\u00e7a CEP: 72811-580 &#8211; Luzi\u00e2nia-GO<\/p>\n","protected":false},"excerpt":{"rendered":"<p>Sobre o\u00a0F\u00f3rum de Educa\u00e7\u00e3o Profissional e Tecnologica -FEPTEC 2018 entre em contato por telefone, e-mail ou pessoalmente. Telefones: (61) 3622-9708 (Eventos) E-mail: IFG Campus Luziania\u00a0, Eventos\u00a0Campus Luzi\u00e2nia\u00a0 Endere\u00e7o: Rua S\u00e3o Bartolomeu, s\/n Vila Esperan\u00e7a CEP: 72811-580 &#8211; Luzi\u00e2nia-GO<\/p>\n","protected":false},"author":87,"featured_media":0,"parent":0,"menu_order":0,"comment_status":"closed","ping_status":"closed","template":"","meta":{"ngg_post_thumbnail":0,"footnotes":""},"class_list":["post-25","page","type-page","status-publish","hentry"],"_links":{"self":[{"href":"https:\/\/eventos.ifg.edu.br\/feptec\/wp-json\/wp\/v2\/pages\/25"}],"collection":[{"href":"https:\/\/eventos.ifg.edu.br\/feptec\/wp-json\/wp\/v2\/pages"}],"about":[{"href":"https:\/\/eventos.ifg.edu.br\/feptec\/wp-json\/wp\/v2\/types\/page"}],"author":[{"embeddable":true,"href":"https:\/\/eventos.ifg.edu.br\/feptec\/wp-json\/wp\/v2\/users\/87"}],"replies":[{"embeddable":true,"href":"https:\/\/eventos.ifg.edu.br\/feptec\/wp-json\/wp\/v2\/comments?post=25"}],"version-history":[{"count":3,"href":"https:\/\/eventos.ifg.edu.br\/feptec\/wp-json\/wp\/v2\/pages\/25\/revisions"}],"predecessor-version":[{"id":58,"href":"https:\/\/eventos.ifg.edu.br\/feptec\/wp-json\/wp\/v2\/pages\/25\/revisions\/58"}],"wp:attachment":[{"href":"https:\/\/eventos.ifg.edu.br\/feptec\/wp-json\/wp\/v2\/media?parent=25"}],"curies":[{"name":"wp","href":"https:\/\/api.w.org\/{rel}","templated":true}]}}