{"id":21,"date":"2018-06-08T15:59:58","date_gmt":"2018-06-08T18:59:58","guid":{"rendered":"http:\/\/eventos.ifg.edu.br\/feptec\/?page_id=21"},"modified":"2018-06-08T15:59:58","modified_gmt":"2018-06-08T18:59:58","slug":"local-do-evento","status":"publish","type":"page","link":"https:\/\/eventos.ifg.edu.br\/feptec\/local-do-evento\/","title":{"rendered":"Local do Evento"},"content":{"rendered":"<p>[intergeo id=&#8221;EzM&#8221;][\/intergeo]<\/p>\n<p>&nbsp;<\/p>\n<p>Instituto Federal de Goi\u00e1s &#8211; C\u00e2mpus Luzi\u00e2nia<br \/>\nRua S\u00e3o Bartolomeu s\/n, Vila Esperan\u00e7a<br \/>\nTelefone: (61) 3622-9700<\/p>\n<p>&nbsp;<\/p>\n<p>&nbsp;<\/p>\n","protected":false},"excerpt":{"rendered":"<p>[intergeo id=&#8221;EzM&#8221;][\/intergeo] &nbsp; Instituto Federal de Goi\u00e1s &#8211; C\u00e2mpus Luzi\u00e2nia Rua S\u00e3o Bartolomeu s\/n, Vila Esperan\u00e7a Telefone: (61) 3622-9700 &nbsp; &nbsp;<\/p>\n","protected":false},"author":87,"featured_media":0,"parent":0,"menu_order":0,"comment_status":"closed","ping_status":"closed","template":"","meta":{"ngg_post_thumbnail":0,"footnotes":""},"class_list":["post-21","page","type-page","status-publish","hentry"],"_links":{"self":[{"href":"https:\/\/eventos.ifg.edu.br\/feptec\/wp-json\/wp\/v2\/pages\/21"}],"collection":[{"href":"https:\/\/eventos.ifg.edu.br\/feptec\/wp-json\/wp\/v2\/pages"}],"about":[{"href":"https:\/\/eventos.ifg.edu.br\/feptec\/wp-json\/wp\/v2\/types\/page"}],"author":[{"embeddable":true,"href":"https:\/\/eventos.ifg.edu.br\/feptec\/wp-json\/wp\/v2\/users\/87"}],"replies":[{"embeddable":true,"href":"https:\/\/eventos.ifg.edu.br\/feptec\/wp-json\/wp\/v2\/comments?post=21"}],"version-history":[{"count":2,"href":"https:\/\/eventos.ifg.edu.br\/feptec\/wp-json\/wp\/v2\/pages\/21\/revisions"}],"predecessor-version":[{"id":39,"href":"https:\/\/eventos.ifg.edu.br\/feptec\/wp-json\/wp\/v2\/pages\/21\/revisions\/39"}],"wp:attachment":[{"href":"https:\/\/eventos.ifg.edu.br\/feptec\/wp-json\/wp\/v2\/media?parent=21"}],"curies":[{"name":"wp","href":"https:\/\/api.w.org\/{rel}","templated":true}]}}