{"id":19,"date":"2018-06-08T15:57:52","date_gmt":"2018-06-08T18:57:52","guid":{"rendered":"http:\/\/eventos.ifg.edu.br\/feptec\/?page_id=19"},"modified":"2018-06-08T15:57:52","modified_gmt":"2018-06-08T18:57:52","slug":"organizacao","status":"publish","type":"page","link":"https:\/\/eventos.ifg.edu.br\/feptec\/organizacao\/","title":{"rendered":"Organiza\u00e7\u00e3o"},"content":{"rendered":"<p align=\"justify\">O F\u00f3rum de Educa\u00e7\u00e3o Profissional e Tecnol\u00f3gica de 2018 \u00e9 um evento organizado pela Coordena\u00e7\u00e3o de Comunica\u00e7\u00e3o e Eventos juntamente com a Ger\u00eancia de Pesquisa, P\u00f3s-Gradua\u00e7\u00e3o e Extens\u00e3o com o apoio da comunidade acad\u00eamica do C\u00e2mpus Luzi\u00e2nia.<\/p>\n<p><strong>Coordenadores da Comiss\u00e3o Organizadora<\/strong><\/p>\n<p><strong>Coordena\u00e7\u00e3o de Comiss\u00e3o de Recep\u00e7\u00e3o e Log\u00edstica<br \/>\n<\/strong>Rafael Henrique de sousa Meireles<\/p>\n<p><strong>Coordena\u00e7\u00e3o de Hospedagem e Alimenta\u00e7\u00e3o<\/strong><\/p>\n<p><strong>Coordena\u00e7\u00e3o de Infraestrutura e Transporte<br \/>\n<\/strong>Artur Meira Duate<\/p>\n<p><strong>Coordena\u00e7\u00e3o de Programa\u00e7\u00e3o e Feira Cultural<br \/>\n<\/strong>Tiago Hoerlle<\/p>\n<p><strong>Coordena\u00e7\u00e3o de Secretaria e Credenciamento<br \/>\n<\/strong>Robson Barbosa Souza<\/p>\n<p><strong>Coordena\u00e7\u00e3o de Comunica\u00e7\u00e3o<br \/>\n<\/strong>Francyelle Maria Rocha<\/p>\n<p><strong>Coordena\u00e7\u00e3o de Tecnologia da Informa\u00e7\u00e3o<br \/>\n<\/strong>Alcir Souza Leite<\/p>\n","protected":false},"excerpt":{"rendered":"<p>O F\u00f3rum de Educa\u00e7\u00e3o Profissional e Tecnol\u00f3gica de 2018 \u00e9 um evento organizado pela Coordena\u00e7\u00e3o de Comunica\u00e7\u00e3o e Eventos juntamente com a Ger\u00eancia de Pesquisa, P\u00f3s-Gradua\u00e7\u00e3o e Extens\u00e3o com o apoio da comunidade acad\u00eamica do C\u00e2mpus Luzi\u00e2nia. Coordenadores da Comiss\u00e3o Organizadora Coordena\u00e7\u00e3o de Comiss\u00e3o de Recep\u00e7\u00e3o e Log\u00edstica Rafael Henrique de sousa Meireles Coordena\u00e7\u00e3o de [&hellip;]<\/p>\n","protected":false},"author":87,"featured_media":0,"parent":0,"menu_order":0,"comment_status":"closed","ping_status":"closed","template":"","meta":{"ngg_post_thumbnail":0,"footnotes":""},"class_list":["post-19","page","type-page","status-publish","hentry"],"_links":{"self":[{"href":"https:\/\/eventos.ifg.edu.br\/feptec\/wp-json\/wp\/v2\/pages\/19"}],"collection":[{"href":"https:\/\/eventos.ifg.edu.br\/feptec\/wp-json\/wp\/v2\/pages"}],"about":[{"href":"https:\/\/eventos.ifg.edu.br\/feptec\/wp-json\/wp\/v2\/types\/page"}],"author":[{"embeddable":true,"href":"https:\/\/eventos.ifg.edu.br\/feptec\/wp-json\/wp\/v2\/users\/87"}],"replies":[{"embeddable":true,"href":"https:\/\/eventos.ifg.edu.br\/feptec\/wp-json\/wp\/v2\/comments?post=19"}],"version-history":[{"count":2,"href":"https:\/\/eventos.ifg.edu.br\/feptec\/wp-json\/wp\/v2\/pages\/19\/revisions"}],"predecessor-version":[{"id":38,"href":"https:\/\/eventos.ifg.edu.br\/feptec\/wp-json\/wp\/v2\/pages\/19\/revisions\/38"}],"wp:attachment":[{"href":"https:\/\/eventos.ifg.edu.br\/feptec\/wp-json\/wp\/v2\/media?parent=19"}],"curies":[{"name":"wp","href":"https:\/\/api.w.org\/{rel}","templated":true}]}}