{"id":15,"date":"2018-06-08T15:58:27","date_gmt":"2018-06-08T18:58:27","guid":{"rendered":"http:\/\/eventos.ifg.edu.br\/feptec\/?page_id=15"},"modified":"2018-06-11T15:12:07","modified_gmt":"2018-06-11T18:12:07","slug":"inscricao","status":"publish","type":"page","link":"https:\/\/eventos.ifg.edu.br\/feptec\/inscricao\/","title":{"rendered":"Inscri\u00e7\u00e3o"},"content":{"rendered":"<p>Inscri\u00e7\u00f5es prorrogadas\u00a0at\u00e9 o dia 18 de Junho de 2018.<br \/>\nClique <a href=\"https:\/\/sugep.ifg.edu.br\/eventos\/#\/publico\/eventos\/3dad5388-f36e-45fe-9c4d-401c4b03f008\/inscricao\" target=\"_blank\">aqui<\/a> para realizar sua inscri\u00e7\u00e3o.<\/p>\n<p>&nbsp;<\/p>\n<p>Inscri\u00e7\u00f5es para submiss\u00e3o de pain\u00e9is prorrogadas at\u00e9 o dia 18 de Junho de 2018 .<br \/>\nClique <a href=\"https:\/\/sugep.ifg.edu.br\/eventos\/#\/publico\/chamadaspublicas\/inscricao\/2800\">aqui <\/a>para realizar submiss\u00e3o<\/p>\n<p>&nbsp;<\/p>\n<p>Usu\u00e1rios que n\u00e3o conseguirem realizar o cadastro devem procurar a Coordena\u00e7\u00e3o de Administra\u00e7\u00e3o de TI &#8211; Sala T204 &#8211; Telefone: (61)3622-9723. Servidor Robson.<\/p>\n","protected":false},"excerpt":{"rendered":"<p>Inscri\u00e7\u00f5es prorrogadas\u00a0at\u00e9 o dia 18 de Junho de 2018. Clique aqui para realizar sua inscri\u00e7\u00e3o. &nbsp; Inscri\u00e7\u00f5es para submiss\u00e3o de pain\u00e9is prorrogadas at\u00e9 o dia 18 de Junho de 2018 . Clique aqui para realizar submiss\u00e3o &nbsp; Usu\u00e1rios que n\u00e3o conseguirem realizar o cadastro devem procurar a Coordena\u00e7\u00e3o de Administra\u00e7\u00e3o de TI &#8211; Sala T204 [&hellip;]<\/p>\n","protected":false},"author":87,"featured_media":0,"parent":0,"menu_order":0,"comment_status":"closed","ping_status":"closed","template":"","meta":{"ngg_post_thumbnail":0,"footnotes":""},"class_list":["post-15","page","type-page","status-publish","hentry"],"_links":{"self":[{"href":"https:\/\/eventos.ifg.edu.br\/feptec\/wp-json\/wp\/v2\/pages\/15"}],"collection":[{"href":"https:\/\/eventos.ifg.edu.br\/feptec\/wp-json\/wp\/v2\/pages"}],"about":[{"href":"https:\/\/eventos.ifg.edu.br\/feptec\/wp-json\/wp\/v2\/types\/page"}],"author":[{"embeddable":true,"href":"https:\/\/eventos.ifg.edu.br\/feptec\/wp-json\/wp\/v2\/users\/87"}],"replies":[{"embeddable":true,"href":"https:\/\/eventos.ifg.edu.br\/feptec\/wp-json\/wp\/v2\/comments?post=15"}],"version-history":[{"count":5,"href":"https:\/\/eventos.ifg.edu.br\/feptec\/wp-json\/wp\/v2\/pages\/15\/revisions"}],"predecessor-version":[{"id":63,"href":"https:\/\/eventos.ifg.edu.br\/feptec\/wp-json\/wp\/v2\/pages\/15\/revisions\/63"}],"wp:attachment":[{"href":"https:\/\/eventos.ifg.edu.br\/feptec\/wp-json\/wp\/v2\/media?parent=15"}],"curies":[{"name":"wp","href":"https:\/\/api.w.org\/{rel}","templated":true}]}}