{"id":10,"date":"2018-06-08T15:06:53","date_gmt":"2018-06-08T18:06:53","guid":{"rendered":"http:\/\/eventos.ifg.edu.br\/feptec\/?page_id=10"},"modified":"2018-06-11T10:43:11","modified_gmt":"2018-06-11T13:43:11","slug":"apresentacao","status":"publish","type":"page","link":"https:\/\/eventos.ifg.edu.br\/feptec\/apresentacao\/","title":{"rendered":"Apresenta\u00e7\u00e3o"},"content":{"rendered":"<h1><\/h1>\n<p style=\"text-align: justify\">O Campus Luzi\u00e2nia do Instituto Federal de Educa\u00e7\u00e3o, Ci\u00eancia e Tecnologia de Goi\u00e1s (IFG) atua na forma\u00e7\u00e3o dos cidad\u00e3os, com educa\u00e7\u00e3o p\u00fablica, gratuita e de qualidade. Localizado na Regi\u00e3o de Desenvolvimento Integrado do Distrito Federal e Entorno (RIDE), o campus faz parte do Programa de Expans\u00e3o da Rede Federal de Educa\u00e7\u00e3o Profissional, Cient\u00edfica e Tecnol\u00f3gica (Lei N\u00ba 11.892, de 29 de dezembro de 2008).<\/p>\n<p style=\"text-align: justify\">Com atua\u00e7\u00e3o nos eixos tecnol\u00f3gicos de Controle e Processos Industriais, Infraestrutura e Informa\u00e7\u00e3o e Comunica\u00e7\u00e3o, o campus oferta os cursos t\u00e9cnicos integrados ao ensino m\u00e9dio em tempo integral em Edifica\u00e7\u00f5es, Inform\u00e1tica para Internet e Qu\u00edmica; o curso t\u00e9cnico integrado ao ensino m\u00e9dio na modalidade de Educa\u00e7\u00e3o para Jovens e Adultos (EJA) em Manuten\u00e7\u00e3o e Suporte em Inform\u00e1tica; e os cursos superiores de Licenciatura em Qu\u00edmica e Bacharelado em Sistemas de Informa\u00e7\u00e3o.<\/p>\n<h1 style=\"text-align: justify\"><strong><img fetchpriority=\"high\" decoding=\"async\" class=\"alignnone size-full wp-image-27\" src=\"http:\/\/eventos.ifg.edu.br\/feptec\/wp-content\/uploads\/sites\/41\/2018\/06\/apres1.png\" alt=\"apres1\" width=\"855\" height=\"570\" \/><\/strong><\/h1>\n<h1 style=\"text-align: justify\"><strong>Evento<\/strong><\/h1>\n<ul>\n<li style=\"text-align: justify\">O FEPTEC \u00e9 um F\u00f3rum de Educa\u00e7\u00e3o Profissional e Tecnol\u00f3gica que ser\u00e1 realizado anualmente em um dos campus do IFG. Em 2018 ser\u00e1 realizado no campus de Luzi\u00e2nia, no per\u00edodo de 19 \u00e0 20 de junho.<\/li>\n<li style=\"text-align: justify\">O F\u00f3rum tem natureza multidisciplinar e integra as principais \u00e1reas de conhecimento, difundindo assim a produ\u00e7\u00e3o cient\u00edfica, tecnol\u00f3gica e art\u00edstica do Instituto.<\/li>\n<\/ul>\n<p style=\"text-align: justify\">O FEPTEC do IFG \u00e9 um evento que re\u00fane, em um s\u00f3 local, tudo o que o Instituto Federal t\u00eam de melhor.<\/p>\n<p style=\"text-align: justify\">Durante tr\u00eas dias, a Rede do IFG estar\u00e1 totalmente conectada com outras institui\u00e7\u00f5es, com a comunidade e o mundo do trabalho. Todos os eventos s\u00e3o abertos, gratuitos e t\u00eam como proposta integrar estudantes, profissionais, institui\u00e7\u00f5es de ensino, empres\u00e1rios e a comunidade em geral.<\/p>\n<ul>\n<li>Oficinas<\/li>\n<li>Mostras<\/li>\n<li>Workshops<\/li>\n<li>Rodas de Conversas<\/li>\n<li>Prot\u00f3tipos de produtos<\/li>\n<li>Arte<\/li>\n<li>Cultura<\/li>\n<li>Desafios<\/li>\n<li>Palestras<\/li>\n<li>Competi\u00e7\u00f5es<\/li>\n<li>Feiras<\/li>\n<li>Exposi\u00e7\u00f5es<\/li>\n<li>Resultados de pesquisas<\/li>\n<li>E muito mais&#8230;<\/li>\n<\/ul>\n<p style=\"text-align: justify\">Seguindo a execu\u00e7\u00e3o do CONECTA IF Nacional (evento inspirador), o FEPTEC contar\u00e1 com 17 eventos que acontecer\u00e3o simultaneamente, explorando as mais diversas \u00e1reas de atua\u00e7\u00e3o do Instituto Federal de Goi\u00e1s.<\/p>\n<p style=\"text-align: justify\"><img decoding=\"async\" class=\"alignnone size-full wp-image-28\" src=\"http:\/\/eventos.ifg.edu.br\/feptec\/wp-content\/uploads\/sites\/41\/2018\/06\/ap2.jpg\" alt=\"ap2\" width=\"955\" height=\"387\" \/><\/p>\n<p style=\"text-align: justify\">O Campus Luzi\u00e2nia est\u00e1 situado em um terreno de 34.984,94 m2 de \u00e1rea total, com \u00e1rea constru\u00edda de 25.636,06 m2, no bairro Vila Esperan\u00e7a. Com uma estrutura f\u00edsica nova e moderna que prioriza a acessibilidade, a unidade conta com:<\/p>\n<ul>\n<li style=\"text-align: justify\">18 salas de aulas<\/li>\n<li style=\"text-align: justify\">12 laborat\u00f3rios (das \u00e1reas de Inform\u00e1tica, Qu\u00edmica, F\u00edsica, Edifica\u00e7\u00f5es e Biologia)<\/li>\n<li style=\"text-align: justify\">Biblioteca com cerca de 2 mil acervos<\/li>\n<\/ul>\n<p style=\"text-align: justify\">Seguindo a execu\u00e7\u00e3o do CONECTA IF Nacional (evento inspirador), o FEPTEC contar\u00e1 com 17 eventos que acontecer\u00e3o simultaneamente, explorando as mais diversas \u00e1reas de atua\u00e7\u00e3o do Instituto Federal de Goi\u00e1s.<\/p>\n<p style=\"text-align: justify\"><img decoding=\"async\" class=\"alignnone size-full wp-image-32\" src=\"http:\/\/eventos.ifg.edu.br\/feptec\/wp-content\/uploads\/sites\/41\/2018\/06\/ap3.jpg\" alt=\"ap3\" width=\"457\" height=\"306\" \/><\/p>\n<p style=\"text-align: justify\">O Campus Luzi\u00e2nia est\u00e1 situado em um terreno de 34.984,94 m2 de \u00e1rea total, com \u00e1rea constru\u00edda de 25.636,06 m2, no bairro Vila Esperan\u00e7a. Com uma estrutura f\u00edsica nova e moderna que prioriza a acessibilidade, a unidade conta com:<\/p>\n<ul>\n<li style=\"text-align: justify\">18 salas de aulas<\/li>\n<li style=\"text-align: justify\">12 laborat\u00f3rios (das \u00e1reas de Inform\u00e1tica, Qu\u00edmica, F\u00edsica, Edifica\u00e7\u00f5es e Biologia)<\/li>\n<li style=\"text-align: justify\">Biblioteca com cerca de 2 mil acervos<\/li>\n<li style=\"text-align: justify\">Ateli\u00ea de Artes<\/li>\n<li style=\"text-align: justify\">Audit\u00f3rio para 336 pessoas<\/li>\n<li style=\"text-align: justify\">Sala multim\u00eddia<\/li>\n<li style=\"text-align: justify\">Refeit\u00f3rio<\/li>\n<li style=\"text-align: justify\">Quadra poliesportiva<\/li>\n<li style=\"text-align: justify\">Campo society<\/li>\n<li style=\"text-align: justify\">Academia<\/li>\n<li style=\"text-align: justify\">Amplo espa\u00e7o de conviv\u00eancia<\/li>\n<\/ul>\n<p>&nbsp;<\/p>\n<p>[intergeo id=&#8221;EzM&#8221;][\/intergeo]<\/p>\n<p>&nbsp;<\/p>\n<p>O evento contar\u00e1 com a participa\u00e7\u00e3o comunidade interna do IFG e da comunidade local, e a expectativa \u00e9 da participa\u00e7\u00e3o de mais de 10 mil pessoas.<\/p>\n<p>&nbsp;<\/p>\n","protected":false},"excerpt":{"rendered":"<p>O Campus Luzi\u00e2nia do Instituto Federal de Educa\u00e7\u00e3o, Ci\u00eancia e Tecnologia de Goi\u00e1s (IFG) atua na forma\u00e7\u00e3o dos cidad\u00e3os, com educa\u00e7\u00e3o p\u00fablica, gratuita e de qualidade. Localizado na Regi\u00e3o de Desenvolvimento Integrado do Distrito Federal e Entorno (RIDE), o campus faz parte do Programa de Expans\u00e3o da Rede Federal de Educa\u00e7\u00e3o Profissional, Cient\u00edfica e Tecnol\u00f3gica [&hellip;]<\/p>\n","protected":false},"author":87,"featured_media":0,"parent":0,"menu_order":0,"comment_status":"closed","ping_status":"closed","template":"","meta":{"ngg_post_thumbnail":0,"footnotes":""},"class_list":["post-10","page","type-page","status-publish","hentry"],"_links":{"self":[{"href":"https:\/\/eventos.ifg.edu.br\/feptec\/wp-json\/wp\/v2\/pages\/10"}],"collection":[{"href":"https:\/\/eventos.ifg.edu.br\/feptec\/wp-json\/wp\/v2\/pages"}],"about":[{"href":"https:\/\/eventos.ifg.edu.br\/feptec\/wp-json\/wp\/v2\/types\/page"}],"author":[{"embeddable":true,"href":"https:\/\/eventos.ifg.edu.br\/feptec\/wp-json\/wp\/v2\/users\/87"}],"replies":[{"embeddable":true,"href":"https:\/\/eventos.ifg.edu.br\/feptec\/wp-json\/wp\/v2\/comments?post=10"}],"version-history":[{"count":5,"href":"https:\/\/eventos.ifg.edu.br\/feptec\/wp-json\/wp\/v2\/pages\/10\/revisions"}],"predecessor-version":[{"id":54,"href":"https:\/\/eventos.ifg.edu.br\/feptec\/wp-json\/wp\/v2\/pages\/10\/revisions\/54"}],"wp:attachment":[{"href":"https:\/\/eventos.ifg.edu.br\/feptec\/wp-json\/wp\/v2\/media?parent=10"}],"curies":[{"name":"wp","href":"https:\/\/api.w.org\/{rel}","templated":true}]}}