{"id":904,"date":"2024-10-30T10:49:05","date_gmt":"2024-10-30T13:49:05","guid":{"rendered":"https:\/\/eventos.ifg.edu.br\/eventosmatematica\/?page_id=904"},"modified":"2025-09-19T09:08:24","modified_gmt":"2025-09-19T12:08:24","slug":"egressos","status":"publish","type":"page","link":"https:\/\/eventos.ifg.edu.br\/eventosmatematica\/comat\/coordenacao-da-especializacao-em-matematica\/egressos\/","title":{"rendered":"Egressos Especializa\u00e7\u00e3o em Matem\u00e1tica"},"content":{"rendered":"\n<figure class=\"wp-block-table\"><table class=\"has-fixed-layout\"><thead><tr><th>Especialista em Matem\u00e1tica<\/th><th>N\u00famero da Defesa<\/th><th>Nome do Orientador<\/th><\/tr><\/thead><tbody><tr><td>Mailine Martins Moraes<\/td><td>Defesa n\u00ba 01<\/td><td>Profa. Aline Mota de Mesquita Assis<\/td><\/tr><tr><td>Igor Maciel Resende de Oliveira<\/td><td>Defesa n\u00ba 02<\/td><td>Profa. Aline Mota de Mesquita Assis<\/td><\/tr><tr><td>Robson Medrado de Oliveira<\/td><td>Defesa n\u00ba 03<\/td><td>Prof. Jos\u00e9 Eder Salvador de Vasconcelos<\/td><\/tr><tr><td>Naygno Barbosa Noia<\/td><td>Defesa n\u00ba 04<\/td><td>Profa. Karoline Victor Fernandes<\/td><\/tr><tr><td>Tulio Luis Pereira<\/td><td>Defesa n\u00ba 05<\/td><td>Prof. Fl\u00e1vio Morais de Miranda<\/td><\/tr><tr><td>Tauan de Sousa Barbosa<\/td><td>Defesa n\u00ba 06<\/td><td>Prof. Jos\u00e9 Eder Salvador de Vasconcelos<\/td><\/tr><tr><td>Elizete Malaquias Nunes Pereira<\/td><td>Defesa n\u00ba 07<\/td><td>Prof. Uender Barbosa de Souza<\/td><\/tr><tr><td>Myrian Cristina Sousa Pacheco<\/td><td>Defesa n\u00ba 08<\/td><td>Profa. Ana Cristina Gomes de Jesus<\/td><\/tr><tr><td>Marcos Gomes da Silva<\/td><td>Defesa n\u00ba 09<\/td><td>Profa. Karoline Victor Fernandes<\/td><\/tr><tr><td>Amanda Felix Oliveira<\/td><td>Defesa n\u00ba 10<\/td><td>Prof. Uender Barbosa de Souza<\/td><\/tr><tr><td>Greg\u00f3rio Pereira de Queiroz Neto<\/td><td>Defesa n\u00ba 11<\/td><td>Prof. Kelvin Rodrigues Couto<\/td><\/tr><tr><td>Jos\u00e9 Carlos Neres Moreira<\/td><td>Defesa n\u00ba 12<\/td><td>Profa. Simone Ariomar de Souza<\/td><\/tr><tr><td>Eduardo Bernardes<\/td><td>Defesa n\u00ba 13<\/td><td>Profa. Simone Ariomar de Souza<\/td><\/tr><tr><td>Manoel Lima Cordeiro<\/td><td>Defesa n\u00ba 14<\/td><td>Prof. Jo\u00e3o Lopes Cardoso Filho<\/td><\/tr><tr><td>Victor Giovanni Pina de Mello<\/td><td>Defesa n\u00ba 15<\/td><td>Prof. Hugo Leonardo da Silva Belis\u00e1rio<\/td><\/tr><tr><td>Rayanne Auxiliadora de Oliveira Matos<\/td><td>Defesa n\u00ba 16<\/td><td>Prof. Julio C\u00e9sar Saavedra V\u00e1squez<\/td><\/tr><tr><td>Emival Miguel de Santana<\/td><td>Defesa n\u00ba 17<\/td><td>Profa. Ana Cristina Gomes de Jesus<\/td><\/tr><tr><td>Andr\u00e9 Gustavo de Carvalho Rosa<\/td><td>Defesa n\u00ba 18<\/td><td>Profa. Regina C\u00e9lia Bueno da Fonseca<\/td><\/tr><tr><td>Michele Mariane de Oliveira Barros<\/td><td>Defesa n\u00ba 19<\/td><td>Profa. Regina C\u00e9lia Bueno da Fonseca<\/td><\/tr><tr><td>Pablo Einstein Rodrigues<\/td><td>Defesa n\u00ba 20<\/td><td>Prof. Ricardo da Silva Santos<\/td><\/tr><tr><td>Heronilza Silva Lima<\/td><td>Defesa n\u00ba 21<\/td><td>Prof. M\u00e1rcio Dias de Lima<\/td><\/tr><tr><td>Andr\u00e9 Luis Oliveira Araujo<\/td><td>Defesa n\u00ba 22<\/td><td>Prof. Jo\u00e3o Lopes Cardoso Filho<\/td><\/tr><tr><td>Donizeth Henrique Aleluia Vieira<\/td><td>Defesa n\u00ba 23<\/td><td>Prof. M\u00e1rcio Dias de Lima<\/td><\/tr><tr><td>Clebes Ribeiro de Oliveira<\/td><td>Defesa n\u00ba 24<\/td><td>Prof. Julio C\u00e9sar Saavedra V\u00e1squez<\/td><\/tr><tr><td>Lara de Queiroz Ramos<\/td><td>Defesa n\u00ba 25<\/td><td>Profa. Karoline Victor Fernandes<\/td><\/tr><tr><td>Victor Matheus Oliveira de Andrade<\/td><td>Defesa n\u00ba 26<\/td><td>Profa. Regina C\u00e9lia Bueno da Fonseca<\/td><\/tr><tr><td>Wesley Rodrigues Niz<\/td><td>Defesa n\u00ba 27<\/td><td>Prof. Jos\u00e9 Elmo de Menezes<\/td><\/tr><tr><td>Josielly Pereira do Alves Rocha<\/td><td>Defesa n\u00ba 28<\/td><td>Prof. Jos\u00e9 Eder Salvador de Vasconcelos<\/td><\/tr><tr><td>Leonardo Rodrigues Miranda<\/td><td>Defesa n\u00ba 29<\/td><td>Prof. Thiago Vedovatto<\/td><\/tr><tr><td>Gabriel Costa Vieira Arantes<br><\/td><td>Defesa n\u00ba 30<br><\/td><td>Prof. Jo\u00e3o Lopes Cardoso Filho<\/td><\/tr><tr><td>Jordanna Ribeiro Oliveira<\/td><td>Defesa n\u00ba 31<\/td><td>Prof. Nilton Cezar Ferreira<\/td><\/tr><tr><td>Maria do Carmo Linhares de Carvalho<\/td><td>Defesa n\u00ba 32<\/td><td>Profa. Elaine Altino Freire Leite<\/td><\/tr><tr><td>Iolina Pereira Duarte<\/td><td>Defesa n\u00ba 33<\/td><td>Prof. Jo\u00e3o Lopes Cardoso Filho<\/td><\/tr><tr><td>Jo\u00e3o Paulo de Melo Martins<\/td><td>Defesa n\u00ba 34<\/td><td>Profa. Regina C\u00e9lia Bueno da Fonseca<\/td><\/tr><tr><td>Frederico Vaz Lemes Cardoso<\/td><td>Defesa n\u00ba 35<\/td><td>Prof. Thiago Vedovatto<\/td><\/tr><tr><td>Natalia Arantes Andrade<\/td><td>Defesa n\u00ba 36<\/td><td>Prof\u00aa. Karoline Victor Fernandes<\/td><\/tr><\/tbody><\/table><\/figure>\n\n\n \n  \n  <title>Quantidade de defesas por orientador(a)<\/title>\n  <!-- Chart.js via CDN -->\n  \n  \n    body{font-family: system-ui, -apple-system, Segoe UI, Roboto, Arial, sans-serif; margin:24px;}\n    .wrap{max-width:1100px; margin:auto;}\n    canvas{max-height:560px;}\n  \n\n\n  <div class=\"wrap\">\n    <h2>Quantidade de defesas por orientador(a)<\/h2>\n    \n  <\/div>\n\n  \n    \/\/ Dados agregados (contagem por orientador[a])\n    const labels = [\n      &#8220;Profa. Regina C\u00e9lia Bueno da Fonseca&#8221;,\n      &#8220;Prof. Jo\u00e3o Lopes Cardoso Filho&#8221;,\n      &#8220;Profa. Karoline Victor Fernandes&#8221;,\n      &#8220;Prof. Jos\u00e9 Eder Salvador de Vasconcelos&#8221;,\n      &#8220;Profa. Simone Ariomar de Souza&#8221;,\n      &#8220;Profa. Aline Mota de Mesquita Assis&#8221;,\n      &#8220;Prof. Julio C\u00e9sar Saavedra V\u00e1squez&#8221;,\n      &#8220;Prof. M\u00e1rcio Dias de Lima&#8221;,\n      &#8220;Profa. Ana Cristina Gomes de Jesus&#8221;,\n      &#8220;Prof. Thiago Vedovatto&#8221;,\n      &#8220;Prof. Uender Barbosa de Souza&#8221;,\n      &#8220;Profa. Elaine Altino Freire Leite&#8221;,\n      &#8220;Prof. Fl\u00e1vio Morais de Miranda&#8221;,\n      &#8220;Prof. Hugo Leonardo da Silva Belis\u00e1rio&#8221;,\n      &#8220;Prof. Nilton Cezar Ferreira&#8221;,\n      &#8220;Prof. Kelvin Rodrigues Couto&#8221;,\n      &#8220;Prof. Jos\u00e9 Elmo de Menezes&#8221;,\n      &#8220;Prof. Ricardo da Silva Santos&#8221;\n    ];\n\n    const values = [\n      4, \/\/ Regina C\u00e9lia Bueno da Fonseca\n      4, \/\/ Jo\u00e3o Lopes Cardoso Filho\n      4, \/\/ Karoline Victor Fernandes\n      3, \/\/ Jos\u00e9 Eder Salvador de Vasconcelos\n      2, \/\/ Simone Ariomar de Souza\n      2, \/\/ Aline Mota de Mesquita Assis\n      2, \/\/ Julio C\u00e9sar Saavedra V\u00e1squez\n      2, \/\/ M\u00e1rcio Dias de Lima\n      2, \/\/ Ana Cristina Gomes de Jesus\n      2, \/\/ Thiago Vedovatto\n      2, \/\/ Uender Barbosa de Souza\n      1, \/\/ Elaine Altino Freire Leite\n      1, \/\/ Fl\u00e1vio Morais de Miranda\n      1, \/\/ Hugo Leonardo da Silva Belis\u00e1rio\n      1, \/\/ Nilton Cezar Ferreira\n      1, \/\/ Kelvin Rodrigues Couto\n      1, \/\/ Jos\u00e9 Elmo de Menezes\n      1  \/\/ Ricardo da Silva Santos\n    ];\n\n    const ctx = document.getElementById(&#8216;chart&#8217;).getContext(&#8216;2d&#8217;);\n    new Chart(ctx, {\n      type: &#8216;bar&#8217;,\n      data: {\n        labels,\n        datasets: [{\n          label: &#8216;Defesas&#8217;,\n          data: values\n          \/\/ Sem cores definidas \u2014 o Chart.js usar\u00e1 as padr\u00f5es\n        }]\n      },\n      options: {\n        responsive: true,\n        maintainAspectRatio: false,\n        plugins: {\n          legend: { display: false },\n          title: {\n            display: false,\n            text: &#8216;Quantidade de defesas por orientador(a)&#8217;\n          },\n          tooltip: { enabled: true }\n        },\n        scales: {\n          x: {\n            ticks: { maxRotation: 60, minRotation: 45 }\n          },\n          y: {\n            beginAtZero: true,\n            title: { display: true, text: &#8216;Quantidade&#8217; },\n            ticks: { precision: 0 }\n          }\n        }\n      }\n    });\n  \n\n\n","protected":false},"excerpt":{"rendered":"<p>Especialista em Matem\u00e1tica N\u00famero da Defesa Nome do Orientador Mailine Martins Moraes Defesa n\u00ba 01 Profa. Aline Mota de Mesquita Assis Igor Maciel Resende de Oliveira Defesa n\u00ba 02 Profa. Aline Mota de Mesquita Assis Robson Medrado de Oliveira Defesa <a class=\"more-link\" href=\"https:\/\/eventos.ifg.edu.br\/eventosmatematica\/comat\/coordenacao-da-especializacao-em-matematica\/egressos\/\">Leia mais&#8230; &raquo;<\/a><\/p>\n","protected":false},"author":100,"featured_media":0,"parent":711,"menu_order":2,"comment_status":"closed","ping_status":"closed","template":"","meta":{"ngg_post_thumbnail":0,"footnotes":""},"class_list":["post-904","page","type-page","status-publish","hentry"],"_links":{"self":[{"href":"https:\/\/eventos.ifg.edu.br\/eventosmatematica\/wp-json\/wp\/v2\/pages\/904"}],"collection":[{"href":"https:\/\/eventos.ifg.edu.br\/eventosmatematica\/wp-json\/wp\/v2\/pages"}],"about":[{"href":"https:\/\/eventos.ifg.edu.br\/eventosmatematica\/wp-json\/wp\/v2\/types\/page"}],"author":[{"embeddable":true,"href":"https:\/\/eventos.ifg.edu.br\/eventosmatematica\/wp-json\/wp\/v2\/users\/100"}],"replies":[{"embeddable":true,"href":"https:\/\/eventos.ifg.edu.br\/eventosmatematica\/wp-json\/wp\/v2\/comments?post=904"}],"version-history":[{"count":7,"href":"https:\/\/eventos.ifg.edu.br\/eventosmatematica\/wp-json\/wp\/v2\/pages\/904\/revisions"}],"predecessor-version":[{"id":1063,"href":"https:\/\/eventos.ifg.edu.br\/eventosmatematica\/wp-json\/wp\/v2\/pages\/904\/revisions\/1063"}],"up":[{"embeddable":true,"href":"https:\/\/eventos.ifg.edu.br\/eventosmatematica\/wp-json\/wp\/v2\/pages\/711"}],"wp:attachment":[{"href":"https:\/\/eventos.ifg.edu.br\/eventosmatematica\/wp-json\/wp\/v2\/media?parent=904"}],"curies":[{"name":"wp","href":"https:\/\/api.w.org\/{rel}","templated":true}]}}