{"id":9,"date":"2020-02-14T16:47:09","date_gmt":"2020-02-14T19:47:09","guid":{"rendered":"http:\/\/eventos.ifg.edu.br\/eventosmatematica\/?page_id=9"},"modified":"2024-10-30T11:21:44","modified_gmt":"2024-10-30T14:21:44","slug":"semana-da-matematica","status":"publish","type":"page","link":"https:\/\/eventos.ifg.edu.br\/eventosmatematica\/semana-da-matematica\/","title":{"rendered":"Semana de Matem\u00e1tica"},"content":{"rendered":"<h3>&nbsp;<\/h3>\n<h3 style=\"text-align: center\"><strong>15\u00aa Semana da Licenciatura em Matem\u00e1tica<\/strong><\/h3>\n<h4 style=\"text-align: center\">De 26 a 28 de novembro de 2024<\/h4>\n\n<p style=\"text-align: justify\">O Instituto Federal de Goi\u00e1s (IFG) Campus Goi\u00e2nia realizar\u00e1, nos dias 26, 27 e 28 de novembro de 2024, a 15\u00aa Semana da Licenciatura em Matem\u00e1tica.&nbsp;&nbsp;<\/p>\n\n<p style=\"text-align: justify\">A 15\u00aa SEMAT debater\u00e1 quest\u00f5es acerca da utiliza\u00e7\u00e3o das tecnologias como ferramentas pedag\u00f3gicas, com vistas a contribuir para a forma\u00e7\u00e3o de pesquisadores e professores da Educa\u00e7\u00e3o B\u00e1sica e Superior, dos estudantes de cursos de Licenciatura em Matem\u00e1tica, dos bolsistas do Programa Institucional de Bolsas de Inicia\u00e7\u00e3o \u00e0 Doc\u00eancia (Pibid) e dos bolsistas da Resid\u00eancia Pedag\u00f3gica, por meio da participa\u00e7\u00e3o nas confer\u00eancias, mesas redondas, oficinas, apresenta\u00e7\u00e3o de trabalhos, entre outras atividades.<\/p>\n\n\n<figure class=\"wp-block-image size-full is-resized\" style=\"text-align: center\">\n    <img fetchpriority=\"high\" decoding=\"async\" width=\"540\" height=\"540\" src=\"http:\/\/eventos.ifg.edu.br\/eventosmatematica\/wp-content\/uploads\/sites\/46\/2024\/10\/15ASEMAT.png\" alt=\"\" class=\"wp-image-789\" style=\"width: 540px;height: auto\" srcset=\"https:\/\/eventos.ifg.edu.br\/eventosmatematica\/wp-content\/uploads\/sites\/46\/2024\/10\/15ASEMAT.png 540w, https:\/\/eventos.ifg.edu.br\/eventosmatematica\/wp-content\/uploads\/sites\/46\/2024\/10\/15ASEMAT-300x300.png 300w, https:\/\/eventos.ifg.edu.br\/eventosmatematica\/wp-content\/uploads\/sites\/46\/2024\/10\/15ASEMAT-150x150.png 150w, https:\/\/eventos.ifg.edu.br\/eventosmatematica\/wp-content\/uploads\/sites\/46\/2024\/10\/15ASEMAT-500x500.png 500w, https:\/\/eventos.ifg.edu.br\/eventosmatematica\/wp-content\/uploads\/sites\/46\/2024\/10\/15ASEMAT-400x400.png 400w\" sizes=\"(max-width: 540px) 100vw, 540px\" \/>\n<\/figure>\n\n","protected":false},"excerpt":{"rendered":"<p>&nbsp; 15\u00aa Semana da Licenciatura em Matem\u00e1tica De 26 a 28 de novembro de 2024 O Instituto Federal de Goi\u00e1s (IFG) Campus Goi\u00e2nia realizar\u00e1, nos dias 26, 27 e 28 de novembro de 2024, a 15\u00aa Semana da Licenciatura em <a class=\"more-link\" href=\"https:\/\/eventos.ifg.edu.br\/eventosmatematica\/semana-da-matematica\/\">Leia mais&#8230; &raquo;<\/a><\/p>\n","protected":false},"author":118,"featured_media":134,"parent":0,"menu_order":2,"comment_status":"closed","ping_status":"closed","template":"","meta":{"ngg_post_thumbnail":0,"footnotes":""},"class_list":["post-9","page","type-page","status-publish","has-post-thumbnail","hentry"],"_links":{"self":[{"href":"https:\/\/eventos.ifg.edu.br\/eventosmatematica\/wp-json\/wp\/v2\/pages\/9"}],"collection":[{"href":"https:\/\/eventos.ifg.edu.br\/eventosmatematica\/wp-json\/wp\/v2\/pages"}],"about":[{"href":"https:\/\/eventos.ifg.edu.br\/eventosmatematica\/wp-json\/wp\/v2\/types\/page"}],"author":[{"embeddable":true,"href":"https:\/\/eventos.ifg.edu.br\/eventosmatematica\/wp-json\/wp\/v2\/users\/118"}],"replies":[{"embeddable":true,"href":"https:\/\/eventos.ifg.edu.br\/eventosmatematica\/wp-json\/wp\/v2\/comments?post=9"}],"version-history":[{"count":80,"href":"https:\/\/eventos.ifg.edu.br\/eventosmatematica\/wp-json\/wp\/v2\/pages\/9\/revisions"}],"predecessor-version":[{"id":919,"href":"https:\/\/eventos.ifg.edu.br\/eventosmatematica\/wp-json\/wp\/v2\/pages\/9\/revisions\/919"}],"wp:featuredmedia":[{"embeddable":true,"href":"https:\/\/eventos.ifg.edu.br\/eventosmatematica\/wp-json\/wp\/v2\/media\/134"}],"wp:attachment":[{"href":"https:\/\/eventos.ifg.edu.br\/eventosmatematica\/wp-json\/wp\/v2\/media?parent=9"}],"curies":[{"name":"wp","href":"https:\/\/api.w.org\/{rel}","templated":true}]}}