{"id":731,"date":"2022-06-10T11:11:44","date_gmt":"2022-06-10T14:11:44","guid":{"rendered":"http:\/\/eventos.ifg.edu.br\/eventosmatematica\/?page_id=731"},"modified":"2023-01-10T17:13:04","modified_gmt":"2023-01-10T20:13:04","slug":"documentos","status":"publish","type":"page","link":"https:\/\/eventos.ifg.edu.br\/eventosmatematica\/comat\/documentos\/","title":{"rendered":"Documentos"},"content":{"rendered":"<p>Projeto Pedag\u00f3gico 2009 \u2013&nbsp;<a href=\"http:\/\/eventos.ifg.edu.br\/eventosmatematica\/wp-content\/uploads\/sites\/46\/2022\/06\/PPP-Licencitura-em-Matem%C3%A1tica_2009.pdf\">PPP Licenciatura em Matem\u00e1tica 2009<\/a><\/p>\n<p>Projeto Pedag\u00f3gico 2022 &#8211; <a href=\"http:\/\/eventos.ifg.edu.br\/eventosmatematica\/wp-content\/uploads\/sites\/46\/2023\/01\/PPCCLMAT-2022-2.pdf\">PPC&nbsp;Licenciatura em Matem\u00e1tica 2022<\/a>&nbsp;(Matriz vigente)<\/p>\n<p>Aproveitamento de Resid\u00eancia Pedag\u00f3gica como Est\u00e1gio Supervisionado \u2013&nbsp;<a href=\"http:\/\/eventos.ifg.edu.br\/eventosmatematica\/wp-content\/uploads\/sites\/46\/2022\/06\/REGIMENTO-1_2022-Aproveitamento-de-RP-como-ES.pdf\">REGIMENTO 1_2022 \u2013 Aproveitamento de RP como ES<\/a><\/p>\n<p>Equival\u00eancias de Pr\u00e1tica como componente curricular \u2013&nbsp;<a href=\"http:\/\/eventos.ifg.edu.br\/eventosmatematica\/wp-content\/uploads\/sites\/46\/2022\/09\/MEMORANDO-CIRCULAR-4_2022-GYN-CLMAT-GYN-DAAII-CP-GOIANIA-IFG.pdf\">MEMORANDO-CIRCULAR 4_2022 &#8211; GYN-CLMAT-GYN-DAAII-CP-GOIANIA-IFG<\/a><\/p>\n<p>Ement\u00e1rio CLMAT 2009 &#8211; Assinado &#8211;&nbsp;<a href=\"http:\/\/eventos.ifg.edu.br\/eventosmatematica\/wp-content\/uploads\/sites\/46\/2022\/06\/Ement\u00e1rio2009_Assinado.pdf\">Ement\u00e1rio2009_Assinado<\/a><\/p>\n<p>Matriz Curricular CLMAT 2009 &#8211;&nbsp;<a href=\"http:\/\/eventos.ifg.edu.br\/eventosmatematica\/wp-content\/uploads\/sites\/46\/2022\/06\/Matriz-CLMAT-2019.2-1.pdf\">Matriz CLMAT 2019.2<\/a><\/p>\n<p>Memorando Circular Prazos TCC 2022\/2 &#8211; <a href=\"http:\/\/eventos.ifg.edu.br\/eventosmatematica\/wp-content\/uploads\/sites\/46\/2022\/09\/MEMORANDO-CIRCULAR-3_2022-GYN-CLMAT-GYN-DAAII-CP-GOIANIA-IFG.pdf\">MEMORANDO-CIRCULAR 3_2022 &#8211; GYN-CLMAT-GYN-DAAII-CP-GOIANIA-IFG<\/a><\/p>\n<p>&nbsp;<\/p>\n","protected":false},"excerpt":{"rendered":"<p>Projeto Pedag\u00f3gico 2009 \u2013&nbsp;PPP Licenciatura em Matem\u00e1tica 2009 Projeto Pedag\u00f3gico 2022 &#8211; PPC&nbsp;Licenciatura em Matem\u00e1tica 2022&nbsp;(Matriz vigente) Aproveitamento de Resid\u00eancia Pedag\u00f3gica como Est\u00e1gio Supervisionado \u2013&nbsp;REGIMENTO 1_2022 \u2013 Aproveitamento de RP como ES Equival\u00eancias de Pr\u00e1tica como componente curricular \u2013&nbsp;MEMORANDO-CIRCULAR 4_2022 <a class=\"more-link\" href=\"https:\/\/eventos.ifg.edu.br\/eventosmatematica\/comat\/documentos\/\">Leia mais&#8230; &raquo;<\/a><\/p>\n","protected":false},"author":100,"featured_media":0,"parent":2,"menu_order":6,"comment_status":"closed","ping_status":"closed","template":"","meta":{"ngg_post_thumbnail":0,"footnotes":""},"class_list":["post-731","page","type-page","status-publish","hentry"],"_links":{"self":[{"href":"https:\/\/eventos.ifg.edu.br\/eventosmatematica\/wp-json\/wp\/v2\/pages\/731"}],"collection":[{"href":"https:\/\/eventos.ifg.edu.br\/eventosmatematica\/wp-json\/wp\/v2\/pages"}],"about":[{"href":"https:\/\/eventos.ifg.edu.br\/eventosmatematica\/wp-json\/wp\/v2\/types\/page"}],"author":[{"embeddable":true,"href":"https:\/\/eventos.ifg.edu.br\/eventosmatematica\/wp-json\/wp\/v2\/users\/100"}],"replies":[{"embeddable":true,"href":"https:\/\/eventos.ifg.edu.br\/eventosmatematica\/wp-json\/wp\/v2\/comments?post=731"}],"version-history":[{"count":8,"href":"https:\/\/eventos.ifg.edu.br\/eventosmatematica\/wp-json\/wp\/v2\/pages\/731\/revisions"}],"predecessor-version":[{"id":759,"href":"https:\/\/eventos.ifg.edu.br\/eventosmatematica\/wp-json\/wp\/v2\/pages\/731\/revisions\/759"}],"up":[{"embeddable":true,"href":"https:\/\/eventos.ifg.edu.br\/eventosmatematica\/wp-json\/wp\/v2\/pages\/2"}],"wp:attachment":[{"href":"https:\/\/eventos.ifg.edu.br\/eventosmatematica\/wp-json\/wp\/v2\/media?parent=731"}],"curies":[{"name":"wp","href":"https:\/\/api.w.org\/{rel}","templated":true}]}}