{"id":715,"date":"2021-05-07T11:27:25","date_gmt":"2021-05-07T14:27:25","guid":{"rendered":"http:\/\/eventos.ifg.edu.br\/eventosmatematica\/?page_id=715"},"modified":"2024-10-30T11:07:51","modified_gmt":"2024-10-30T14:07:51","slug":"oordenacao-da-licenciatura-em-matematica","status":"publish","type":"page","link":"https:\/\/eventos.ifg.edu.br\/eventosmatematica\/comat\/oordenacao-da-licenciatura-em-matematica\/","title":{"rendered":"Coordena\u00e7\u00e3o da Licenciatura em Matem\u00e1tica"},"content":{"rendered":"<p style=\"text-align: justify\">\nO curso de Licenciatura em Matem\u00e1tica ofertado pelo IFG desde o ano de 2010, visa a forma\u00e7\u00e3o de professores de matem\u00e1tica. Forma\u00e7\u00e3o essa centrada na qualidade do ensino ministrado e na diversifica\u00e7\u00e3o das atividades desenvolvidas pelo aluno ao longo do curso. Essa forma\u00e7\u00e3o deve permitir que os formados coloquem-se frente ao conhecimento matem\u00e1tico em permanente atitude de atualiza\u00e7\u00e3o.&nbsp;O Curso de Licenciatura em Matem\u00e1tica tem dura\u00e7\u00e3o m\u00ednima de 3 anos, m\u00e9dia de 4 anos e m\u00e1xima de 8 anos, com matriz semestral e turno vespertino. <\/p>\n<p>Acesse o <a href=\"http:\/\/eventos.ifg.edu.br\/eventosmatematica\/wp-content\/uploads\/sites\/46\/2021\/05\/Catalogo_CLMAT.pdf\">Cat\u00e1logo do Curso<\/a>.<\/p>\n<p>Coordenador:<br \/>\nProfessor Uender Barbosa de Souza<\/p>\n<p>Contato:<br \/>\nclmat.goiania@ifg.edu.br<\/p>\n","protected":false},"excerpt":{"rendered":"<p>O curso de Licenciatura em Matem\u00e1tica ofertado pelo IFG desde o ano de 2010, visa a forma\u00e7\u00e3o de professores de matem\u00e1tica. Forma\u00e7\u00e3o essa centrada na qualidade do ensino ministrado e na diversifica\u00e7\u00e3o das atividades desenvolvidas pelo aluno ao longo do <a class=\"more-link\" href=\"https:\/\/eventos.ifg.edu.br\/eventosmatematica\/comat\/oordenacao-da-licenciatura-em-matematica\/\">Leia mais&#8230; &raquo;<\/a><\/p>\n","protected":false},"author":81,"featured_media":0,"parent":2,"menu_order":1,"comment_status":"closed","ping_status":"closed","template":"","meta":{"ngg_post_thumbnail":0,"footnotes":""},"class_list":["post-715","page","type-page","status-publish","hentry"],"_links":{"self":[{"href":"https:\/\/eventos.ifg.edu.br\/eventosmatematica\/wp-json\/wp\/v2\/pages\/715"}],"collection":[{"href":"https:\/\/eventos.ifg.edu.br\/eventosmatematica\/wp-json\/wp\/v2\/pages"}],"about":[{"href":"https:\/\/eventos.ifg.edu.br\/eventosmatematica\/wp-json\/wp\/v2\/types\/page"}],"author":[{"embeddable":true,"href":"https:\/\/eventos.ifg.edu.br\/eventosmatematica\/wp-json\/wp\/v2\/users\/81"}],"replies":[{"embeddable":true,"href":"https:\/\/eventos.ifg.edu.br\/eventosmatematica\/wp-json\/wp\/v2\/comments?post=715"}],"version-history":[{"count":5,"href":"https:\/\/eventos.ifg.edu.br\/eventosmatematica\/wp-json\/wp\/v2\/pages\/715\/revisions"}],"predecessor-version":[{"id":912,"href":"https:\/\/eventos.ifg.edu.br\/eventosmatematica\/wp-json\/wp\/v2\/pages\/715\/revisions\/912"}],"up":[{"embeddable":true,"href":"https:\/\/eventos.ifg.edu.br\/eventosmatematica\/wp-json\/wp\/v2\/pages\/2"}],"wp:attachment":[{"href":"https:\/\/eventos.ifg.edu.br\/eventosmatematica\/wp-json\/wp\/v2\/media?parent=715"}],"curies":[{"name":"wp","href":"https:\/\/api.w.org\/{rel}","templated":true}]}}