{"id":711,"date":"2021-05-07T11:12:33","date_gmt":"2021-05-07T14:12:33","guid":{"rendered":"http:\/\/eventos.ifg.edu.br\/eventosmatematica\/?page_id=711"},"modified":"2024-10-30T11:05:03","modified_gmt":"2024-10-30T14:05:03","slug":"coordenacao-da-especializacao-em-matematica","status":"publish","type":"page","link":"https:\/\/eventos.ifg.edu.br\/eventosmatematica\/comat\/coordenacao-da-especializacao-em-matematica\/","title":{"rendered":"Coordena\u00e7\u00e3o da Especializa\u00e7\u00e3o em Matem\u00e1tica"},"content":{"rendered":"<p style=\"text-align: justify\">\nO curso de Especializa\u00e7\u00e3o em Matem\u00e1tica \u00e9 um curso gratuito e ofertado na modalidade lato sensu, com aulas presenciais. A especializa\u00e7\u00e3o tem dura\u00e7\u00e3o de 18 meses, totalizando 450 horas com aulas no turno vespertino. Para receber o t\u00edtulo de especialista, o aluno deve apresentar trabalho de conclus\u00e3o de curso (monografia). As aulas s\u00e3o ministradas por professores mestres e doutores de diversas \u00e1reas da Matem\u00e1tica que oferecem ensino de qualidade aliado ao est\u00edmulo \u00e0 investiga\u00e7\u00e3o cient\u00edfica, al\u00e9m disso buscam inserir o aluno no universo da Matem\u00e1tica atrav\u00e9s de semin\u00e1rios e ciclos de palestras. Para se matricular no curso \u00e9 preciso ter diploma de gradua\u00e7\u00e3o em Matem\u00e1tica ou \u00e1reas afins, como F\u00edsica, Qu\u00edmica, etc. S\u00e3o ofertadas 30 vagas anuais por edital pr\u00f3prio. Ser\u00e1 concedido pelo Instituto Federal de Goi\u00e1s o Certificado de ESPECIALISTA EM MATEM\u00c1TICA ao aluno que concluir todas as atividades previstas na matriz curricular do Curso, alcan\u00e7ar aprova\u00e7\u00e3o em todas as disciplinas e obtiver, pelo menos, 75% de frequ\u00eancia em cada disciplina que integra a estrutura curricular.&nbsp; <\/p>\n<p>Acesse o <a href=\"http:\/\/eventos.ifg.edu.br\/eventosmatematica\/wp-content\/uploads\/sites\/46\/2021\/05\/Catalogo_CEM.pdf\">Cat\u00e1logo&nbsp;do Curso<\/a>.<\/p>\n<p>Coordenador:<\/p>\n<p>Professor M\u00e1rcio Dias de Lima<\/p>\n<p>Contato:<\/p>\n<p>espmat@ifg.edu.br<\/p>\n","protected":false},"excerpt":{"rendered":"<p>O curso de Especializa\u00e7\u00e3o em Matem\u00e1tica \u00e9 um curso gratuito e ofertado na modalidade lato sensu, com aulas presenciais. A especializa\u00e7\u00e3o tem dura\u00e7\u00e3o de 18 meses, totalizando 450 horas com aulas no turno vespertino. Para receber o t\u00edtulo de especialista, <a class=\"more-link\" href=\"https:\/\/eventos.ifg.edu.br\/eventosmatematica\/comat\/coordenacao-da-especializacao-em-matematica\/\">Leia mais&#8230; &raquo;<\/a><\/p>\n","protected":false},"author":81,"featured_media":0,"parent":2,"menu_order":2,"comment_status":"closed","ping_status":"closed","template":"","meta":{"ngg_post_thumbnail":0,"footnotes":""},"class_list":["post-711","page","type-page","status-publish","hentry"],"_links":{"self":[{"href":"https:\/\/eventos.ifg.edu.br\/eventosmatematica\/wp-json\/wp\/v2\/pages\/711"}],"collection":[{"href":"https:\/\/eventos.ifg.edu.br\/eventosmatematica\/wp-json\/wp\/v2\/pages"}],"about":[{"href":"https:\/\/eventos.ifg.edu.br\/eventosmatematica\/wp-json\/wp\/v2\/types\/page"}],"author":[{"embeddable":true,"href":"https:\/\/eventos.ifg.edu.br\/eventosmatematica\/wp-json\/wp\/v2\/users\/81"}],"replies":[{"embeddable":true,"href":"https:\/\/eventos.ifg.edu.br\/eventosmatematica\/wp-json\/wp\/v2\/comments?post=711"}],"version-history":[{"count":5,"href":"https:\/\/eventos.ifg.edu.br\/eventosmatematica\/wp-json\/wp\/v2\/pages\/711\/revisions"}],"predecessor-version":[{"id":911,"href":"https:\/\/eventos.ifg.edu.br\/eventosmatematica\/wp-json\/wp\/v2\/pages\/711\/revisions\/911"}],"up":[{"embeddable":true,"href":"https:\/\/eventos.ifg.edu.br\/eventosmatematica\/wp-json\/wp\/v2\/pages\/2"}],"wp:attachment":[{"href":"https:\/\/eventos.ifg.edu.br\/eventosmatematica\/wp-json\/wp\/v2\/media?parent=711"}],"curies":[{"name":"wp","href":"https:\/\/api.w.org\/{rel}","templated":true}]}}